{"id":3607,"date":"2025-01-20T03:55:10","date_gmt":"2025-01-20T03:55:10","guid":{"rendered":"https:\/\/phucma.com.vn\/daily\/my-account\/"},"modified":"2025-02-06T15:47:28","modified_gmt":"2025-02-06T08:47:28","slug":"my-account","status":"publish","type":"page","link":"https:\/\/phucma.com.vn\/daily\/my-account\/","title":{"rendered":"T\u00e0i kho\u1ea3n"},"content":{"rendered":"<div class=\"woocommerce\"><\/div>","protected":false},"excerpt":{"rendered":"","protected":false},"author":1,"featured_media":0,"parent":0,"menu_order":0,"comment_status":"closed","ping_status":"closed","template":"","meta":{"footnotes":""},"class_list":["post-3607","page","type-page","status-publish"],"yoast_head":"<!-- This site is optimized with the Yoast SEO plugin v24.5 - https:\/\/yoast.com\/wordpress\/plugins\/seo\/ -->\n<title>T\u00e0i kho\u1ea3n - PH\u00daC M\u00c3<\/title>\n<meta name=\"robots\" content=\"index, follow, max-snippet:-1, max-image-preview:large, max-video-preview:-1\" \/>\n<link rel=\"canonical\" href=\"https:\/\/phucma.com.vn\/daily\/my-account\/\" \/>\n<meta property=\"og:locale\" content=\"en_US\" \/>\n<meta property=\"og:type\" content=\"article\" \/>\n<meta property=\"og:title\" content=\"T\u00e0i kho\u1ea3n - PH\u00daC M\u00c3\" \/>\n<meta property=\"og:url\" content=\"https:\/\/phucma.com.vn\/daily\/my-account\/\" \/>\n<meta property=\"og:site_name\" content=\"PH\u00daC M\u00c3\" \/>\n<meta property=\"article:modified_time\" content=\"2025-02-06T08:47:28+00:00\" \/>\n<meta name=\"twitter:card\" content=\"summary_large_image\" \/>\n<script type=\"application\/ld+json\" class=\"yoast-schema-graph\">{\"@context\":\"https:\/\/schema.org\",\"@graph\":[{\"@type\":\"WebPage\",\"@id\":\"https:\/\/phucma.com.vn\/daily\/my-account\/\",\"url\":\"https:\/\/phucma.com.vn\/daily\/my-account\/\",\"name\":\"T\u00e0i kho\u1ea3n - PH\u00daC M\u00c3\",\"isPartOf\":{\"@id\":\"https:\/\/phucma.com.vn\/daily\/#website\"},\"datePublished\":\"2025-01-20T03:55:10+00:00\",\"dateModified\":\"2025-02-06T08:47:28+00:00\",\"breadcrumb\":{\"@id\":\"https:\/\/phucma.com.vn\/daily\/my-account\/#breadcrumb\"},\"inLanguage\":\"en-US\",\"potentialAction\":[{\"@type\":\"ReadAction\",\"target\":[\"https:\/\/phucma.com.vn\/daily\/my-account\/\"]}]},{\"@type\":\"BreadcrumbList\",\"@id\":\"https:\/\/phucma.com.vn\/daily\/my-account\/#breadcrumb\",\"itemListElement\":[{\"@type\":\"ListItem\",\"position\":1,\"name\":\"Home\",\"item\":\"https:\/\/phucma.com.vn\/daily\/\"},{\"@type\":\"ListItem\",\"position\":2,\"name\":\"T\u00e0i kho\u1ea3n\"}]},{\"@type\":\"WebSite\",\"@id\":\"https:\/\/phucma.com.vn\/daily\/#website\",\"url\":\"https:\/\/phucma.com.vn\/daily\/\",\"name\":\"PH\u00daC M\u00c3\",\"description\":\"Trang \u0111\u1ea1i l\u00fd\",\"publisher\":{\"@id\":\"https:\/\/phucma.com.vn\/daily\/#organization\"},\"potentialAction\":[{\"@type\":\"SearchAction\",\"target\":{\"@type\":\"EntryPoint\",\"urlTemplate\":\"https:\/\/phucma.com.vn\/daily\/?s={search_term_string}\"},\"query-input\":{\"@type\":\"PropertyValueSpecification\",\"valueRequired\":true,\"valueName\":\"search_term_string\"}}],\"inLanguage\":\"en-US\"},{\"@type\":\"Organization\",\"@id\":\"https:\/\/phucma.com.vn\/daily\/#organization\",\"name\":\"PH\u00daC M\u00c3\",\"url\":\"https:\/\/phucma.com.vn\/daily\/\",\"logo\":{\"@type\":\"ImageObject\",\"inLanguage\":\"en-US\",\"@id\":\"https:\/\/phucma.com.vn\/daily\/#\/schema\/logo\/image\/\",\"url\":\"https:\/\/phucma.com.vn\/daily\/wp-content\/uploads\/2025\/01\/cropped-cropped-logo-cty-phuc-ma-11.png\",\"contentUrl\":\"https:\/\/phucma.com.vn\/daily\/wp-content\/uploads\/2025\/01\/cropped-cropped-logo-cty-phuc-ma-11.png\",\"width\":256,\"height\":191,\"caption\":\"PH\u00daC M\u00c3\"},\"image\":{\"@id\":\"https:\/\/phucma.com.vn\/daily\/#\/schema\/logo\/image\/\"}}]}<\/script>\n<!-- \/ Yoast SEO plugin. -->","yoast_head_json":{"title":"T\u00e0i kho\u1ea3n - PH\u00daC M\u00c3","robots":{"index":"index","follow":"follow","max-snippet":"max-snippet:-1","max-image-preview":"max-image-preview:large","max-video-preview":"max-video-preview:-1"},"canonical":"https:\/\/phucma.com.vn\/daily\/my-account\/","og_locale":"en_US","og_type":"article","og_title":"T\u00e0i kho\u1ea3n - PH\u00daC M\u00c3","og_url":"https:\/\/phucma.com.vn\/daily\/my-account\/","og_site_name":"PH\u00daC M\u00c3","article_modified_time":"2025-02-06T08:47:28+00:00","twitter_card":"summary_large_image","schema":{"@context":"https:\/\/schema.org","@graph":[{"@type":"WebPage","@id":"https:\/\/phucma.com.vn\/daily\/my-account\/","url":"https:\/\/phucma.com.vn\/daily\/my-account\/","name":"T\u00e0i kho\u1ea3n - PH\u00daC M\u00c3","isPartOf":{"@id":"https:\/\/phucma.com.vn\/daily\/#website"},"datePublished":"2025-01-20T03:55:10+00:00","dateModified":"2025-02-06T08:47:28+00:00","breadcrumb":{"@id":"https:\/\/phucma.com.vn\/daily\/my-account\/#breadcrumb"},"inLanguage":"en-US","potentialAction":[{"@type":"ReadAction","target":["https:\/\/phucma.com.vn\/daily\/my-account\/"]}]},{"@type":"BreadcrumbList","@id":"https:\/\/phucma.com.vn\/daily\/my-account\/#breadcrumb","itemListElement":[{"@type":"ListItem","position":1,"name":"Home","item":"https:\/\/phucma.com.vn\/daily\/"},{"@type":"ListItem","position":2,"name":"T\u00e0i kho\u1ea3n"}]},{"@type":"WebSite","@id":"https:\/\/phucma.com.vn\/daily\/#website","url":"https:\/\/phucma.com.vn\/daily\/","name":"PH\u00daC M\u00c3","description":"Trang \u0111\u1ea1i l\u00fd","publisher":{"@id":"https:\/\/phucma.com.vn\/daily\/#organization"},"potentialAction":[{"@type":"SearchAction","target":{"@type":"EntryPoint","urlTemplate":"https:\/\/phucma.com.vn\/daily\/?s={search_term_string}"},"query-input":{"@type":"PropertyValueSpecification","valueRequired":true,"valueName":"search_term_string"}}],"inLanguage":"en-US"},{"@type":"Organization","@id":"https:\/\/phucma.com.vn\/daily\/#organization","name":"PH\u00daC M\u00c3","url":"https:\/\/phucma.com.vn\/daily\/","logo":{"@type":"ImageObject","inLanguage":"en-US","@id":"https:\/\/phucma.com.vn\/daily\/#\/schema\/logo\/image\/","url":"https:\/\/phucma.com.vn\/daily\/wp-content\/uploads\/2025\/01\/cropped-cropped-logo-cty-phuc-ma-11.png","contentUrl":"https:\/\/phucma.com.vn\/daily\/wp-content\/uploads\/2025\/01\/cropped-cropped-logo-cty-phuc-ma-11.png","width":256,"height":191,"caption":"PH\u00daC M\u00c3"},"image":{"@id":"https:\/\/phucma.com.vn\/daily\/#\/schema\/logo\/image\/"}}]}},"_links":{"self":[{"href":"https:\/\/phucma.com.vn\/daily\/wp-json\/wp\/v2\/pages\/3607","targetHints":{"allow":["GET"]}}],"collection":[{"href":"https:\/\/phucma.com.vn\/daily\/wp-json\/wp\/v2\/pages"}],"about":[{"href":"https:\/\/phucma.com.vn\/daily\/wp-json\/wp\/v2\/types\/page"}],"author":[{"embeddable":true,"href":"https:\/\/phucma.com.vn\/daily\/wp-json\/wp\/v2\/users\/1"}],"replies":[{"embeddable":true,"href":"https:\/\/phucma.com.vn\/daily\/wp-json\/wp\/v2\/comments?post=3607"}],"version-history":[{"count":0,"href":"https:\/\/phucma.com.vn\/daily\/wp-json\/wp\/v2\/pages\/3607\/revisions"}],"wp:attachment":[{"href":"https:\/\/phucma.com.vn\/daily\/wp-json\/wp\/v2\/media?parent=3607"}],"curies":[{"name":"wp","href":"https:\/\/api.w.org\/{rel}","templated":true}]}}