
{"id":7660,"date":"2025-02-27T13:18:14","date_gmt":"2025-02-27T06:18:14","guid":{"rendered":"https:\/\/phucma.com.vn\/congnghiep\/?post_type=product&#038;p=7660"},"modified":"2025-11-09T14:51:05","modified_gmt":"2025-11-09T07:51:05","slug":"dau-xoay-nfd-gt","status":"publish","type":"product","link":"https:\/\/phucma.com.vn\/congnghiep\/product\/dau-xoay-nfd-gt\/","title":{"rendered":"D\u1ea5u \u0111\u00f3ng ng\u00e0y NFD"},"content":{"rendered":"<p>D\u1ea5u \u0111\u00f3ng ng\u00e0y th\u00e1ng n\u0103m chuy\u00ean d\u00f9ng \u0111\u00f3ng date s\u1ea3n ph\u1ea9m, qu\u00fd kh\u00e1ch t\u1ef1 xoay con d\u1ea5u ng\u00e0y th\u00e1ng n\u0103m theo \u00fd mu\u1ed1n \u0111\u1ec3 ph\u00f9 h\u1ee3p v\u00e0o t\u1eebng th\u1eddi \u0111i\u1ec3m s\u1ea3n xu\u1ea5t<\/p>\n<h3>S\u1ea3n ph\u1ea9m chung nh\u00f3m:<\/h3>\n<div class=\"woocommerce\"><\/div><table id=\"wcpt_6fe7c745ef3d84cf_1\" class=\"wc-product-table woocommerce sticky-header   multicart-enabled theme-default\" width=\"100%\" data-config=\"{&quot;pageLength&quot;:25,&quot;pagingType&quot;:&quot;numbers&quot;,&quot;serverSide&quot;:false,&quot;autoWidth&quot;:true,&quot;clickFilter&quot;:&quot;false&quot;,&quot;scrollOffset&quot;:15,&quot;resetButton&quot;:true,&quot;multiAddToCart&quot;:false,&quot;multiCartLocation&quot;:&quot;bottom&quot;,&quot;variations&quot;:&quot;dropdown&quot;,&quot;ajaxCart&quot;:true,&quot;numOrder&quot;:false,&quot;stickyHeader&quot;:true,&quot;lengthMenu&quot;:[[10,25,50,100,-1],[10,25,50,100,&quot;All&quot;]],&quot;columnDefs&quot;:[{&quot;className&quot;:&quot;col-image&quot;,&quot;targets&quot;:0,&quot;type&quot;:&quot;html&quot;},{&quot;className&quot;:&quot;col-name&quot;,&quot;targets&quot;:1,&quot;type&quot;:&quot;html&quot;},{&quot;className&quot;:&quot;col-sku&quot;,&quot;targets&quot;:2,&quot;type&quot;:&quot;html&quot;},{&quot;className&quot;:&quot;col-color&quot;,&quot;targets&quot;:3,&quot;type&quot;:&quot;html&quot;},{&quot;className&quot;:&quot;col-price&quot;,&quot;targets&quot;:4,&quot;type&quot;:&quot;html-num&quot;}],&quot;responsive&quot;:{&quot;details&quot;:{&quot;display&quot;:&quot;child_row_visible&quot;}},&quot;search&quot;:{&quot;search&quot;:&quot;&quot;},&quot;dom&quot;:&quot;&lt;\\&quot;wc-product-table-wrapper factory\\&quot;&lt;\\&quot;wc-product-table-controls wc-product-table-above\\&quot;f&gt;t&lt;\\&quot;wc-product-table-controls wc-product-table-below\\&quot;lip&gt;&gt;&quot;}\" data-filters=\"false\" data-order='[[4, \"asc\"]]'><thead><tr><th class=\"all\" data-name=\"image\" data-orderable=\"false\" data-searchable=\"false\" data-width=\"15%\" data-priority=\"4\">Image<\/th><th data-name=\"name\" data-orderable=\"true\" data-searchable=\"true\" data-priority=\"1\">Name<\/th><th data-name=\"sku\" data-orderable=\"true\" data-searchable=\"true\" data-width=\"10%\" data-priority=\"6\">SKU<\/th><th data-name=\"tax_pa_color\" data-orderable=\"true\" data-searchable=\"true\" data-width=\"15%\">Color<\/th><th data-name=\"price\" data-orderable=\"true\" data-searchable=\"true\" data-width=\"10%\" data-priority=\"3\">Price<\/th><\/tr><\/thead><tbody><tr id=\"product-row-7564\" class=\"product product-row product-7564 instock product-type-variable purchasable\"><td><div data-thumb=\"https:\/\/phucma.com.vn\/congnghiep\/wp-content\/uploads\/2025\/02\/00000511_1-100x100.webp\" class=\"product-thumbnail-wrapper\"><img decoding=\"async\" width=\"100\" height=\"100\" src=\"https:\/\/phucma.com.vn\/congnghiep\/wp-content\/uploads\/2025\/02\/00000511_1-100x100.webp\" class=\"product-thumbnail product-table-image\" alt=\"D\u1ea5u \u0111\u00f3ng ng\u00e0y NFD\" title=\"00000511_1\" data-caption=\"D\u1ea5u \u0111\u00f3ng ng\u00e0y NFD\" data-src=\"https:\/\/phucma.com.vn\/congnghiep\/wp-content\/uploads\/2025\/02\/00000511_1.webp\" data-large_image=\"https:\/\/phucma.com.vn\/congnghiep\/wp-content\/uploads\/2025\/02\/00000511_1.webp\" data-large_image_width=\"500\" data-large_image_height=\"500\" \/><\/div><\/td><td><a href=\"https:\/\/phucma.com.vn\/congnghiep\/product\/dau-xoay-nfd-g\/\" class=\"single-product-link\" data-product_id=\"7564\">D\u1ea5u \u0111\u00f3ng ng\u00e0y NFD<\/a><\/td><td><a href=\"https:\/\/phucma.com.vn\/congnghiep\/product\/dau-xoay-nfd-g\/\" class=\"single-product-link\" data-product_id=\"7564\">NFD-G<\/a><\/td><td><\/td><td data-sort=\"588500\"><span class=\"woocommerce-Price-amount amount\" aria-hidden=\"true\"><bdi>588.500&nbsp;<span class=\"woocommerce-Price-currencySymbol\">&#8363;<\/span><\/bdi><\/span> <span aria-hidden=\"true\">&ndash;<\/span> <span class=\"woocommerce-Price-amount amount\" aria-hidden=\"true\"><bdi>3.745.500&nbsp;<span class=\"woocommerce-Price-currencySymbol\">&#8363;<\/span><\/bdi><\/span><span class=\"screen-reader-text\">Kho\u1ea3ng gi\u00e1: t\u1eeb 588.500&nbsp;&#8363; \u0111\u1ebfn 3.745.500&nbsp;&#8363;<\/span><\/td><\/tr><tr id=\"product-row-7660\" class=\"product product-row product-7660 instock product-type-variable purchasable\"><td><div data-thumb=\"https:\/\/phucma.com.vn\/congnghiep\/wp-content\/uploads\/2025\/02\/00019901-001-100x100.webp\" class=\"product-thumbnail-wrapper\"><img decoding=\"async\" width=\"100\" height=\"100\" src=\"https:\/\/phucma.com.vn\/congnghiep\/wp-content\/uploads\/2025\/02\/00019901-001-100x100.webp\" class=\"product-thumbnail product-table-image\" alt=\"D\u1ea5u \u0111\u00f3ng ng\u00e0y NFD\" title=\"00019901-001\" data-caption=\"D\u1ea5u \u0111\u00f3ng ng\u00e0y NFD\" data-src=\"https:\/\/phucma.com.vn\/congnghiep\/wp-content\/uploads\/2025\/02\/00019901-001.webp\" data-large_image=\"https:\/\/phucma.com.vn\/congnghiep\/wp-content\/uploads\/2025\/02\/00019901-001.webp\" data-large_image_width=\"800\" data-large_image_height=\"800\" \/><\/div><\/td><td><a href=\"https:\/\/phucma.com.vn\/congnghiep\/product\/dau-xoay-nfd-gt\/\" class=\"single-product-link\" data-product_id=\"7660\">D\u1ea5u \u0111\u00f3ng ng\u00e0y NFD<\/a><\/td><td><a href=\"https:\/\/phucma.com.vn\/congnghiep\/product\/dau-xoay-nfd-gt\/\" class=\"single-product-link\" data-product_id=\"7660\">NFD-GT<\/a><\/td><td><\/td><td data-sort=\"682000\"><span class=\"woocommerce-Price-amount amount\" aria-hidden=\"true\"><bdi>682.000&nbsp;<span class=\"woocommerce-Price-currencySymbol\">&#8363;<\/span><\/bdi><\/span> <span aria-hidden=\"true\">&ndash;<\/span> <span class=\"woocommerce-Price-amount amount\" aria-hidden=\"true\"><bdi>903.000&nbsp;<span class=\"woocommerce-Price-currencySymbol\">&#8363;<\/span><\/bdi><\/span><span class=\"screen-reader-text\">Kho\u1ea3ng gi\u00e1: t\u1eeb 682.000&nbsp;&#8363; \u0111\u1ebfn 903.000&nbsp;&#8363;<\/span><\/td><\/tr><tr id=\"product-row-7665\" class=\"product product-row product-7665 instock product-type-variable purchasable\"><td><div data-thumb=\"https:\/\/phucma.com.vn\/congnghiep\/wp-content\/uploads\/2025\/02\/00017510_1-100x100.webp\" class=\"product-thumbnail-wrapper\"><img decoding=\"async\" width=\"100\" height=\"100\" src=\"https:\/\/phucma.com.vn\/congnghiep\/wp-content\/uploads\/2025\/02\/00017510_1-100x100.webp\" class=\"product-thumbnail product-table-image\" alt=\"D\u1ea5u \u0111\u00f3ng 6 s\u1ed1\" title=\"00017510_1\" data-caption=\"D\u1ea5u \u0111\u00f3ng 6 s\u1ed1\" data-src=\"https:\/\/phucma.com.vn\/congnghiep\/wp-content\/uploads\/2025\/02\/00017510_1.webp\" data-large_image=\"https:\/\/phucma.com.vn\/congnghiep\/wp-content\/uploads\/2025\/02\/00017510_1.webp\" data-large_image_width=\"500\" data-large_image_height=\"500\" \/><\/div><\/td><td><a href=\"https:\/\/phucma.com.vn\/congnghiep\/product\/dau-xoay-cf-6g\/\" class=\"single-product-link\" data-product_id=\"7665\">D\u1ea5u \u0111\u00f3ng 6 s\u1ed1<\/a><\/td><td><a href=\"https:\/\/phucma.com.vn\/congnghiep\/product\/dau-xoay-cf-6g\/\" class=\"single-product-link\" data-product_id=\"7665\">CF-6G<\/a><\/td><td><\/td><td data-sort=\"682000\"><span class=\"woocommerce-Price-amount amount\" aria-hidden=\"true\"><bdi>682.000&nbsp;<span class=\"woocommerce-Price-currencySymbol\">&#8363;<\/span><\/bdi><\/span> <span aria-hidden=\"true\">&ndash;<\/span> <span class=\"woocommerce-Price-amount amount\" aria-hidden=\"true\"><bdi>3.509.000&nbsp;<span class=\"woocommerce-Price-currencySymbol\">&#8363;<\/span><\/bdi><\/span><span class=\"screen-reader-text\">Kho\u1ea3ng gi\u00e1: t\u1eeb 682.000&nbsp;&#8363; \u0111\u1ebfn 3.509.000&nbsp;&#8363;<\/span><\/td><\/tr><tr id=\"product-row-7678\" class=\"product product-row product-7678 instock product-type-variable purchasable\"><td><div data-thumb=\"https:\/\/phucma.com.vn\/congnghiep\/wp-content\/uploads\/2025\/02\/00018310_1-100x100.webp\" class=\"product-thumbnail-wrapper\"><img decoding=\"async\" width=\"100\" height=\"100\" src=\"https:\/\/phucma.com.vn\/congnghiep\/wp-content\/uploads\/2025\/02\/00018310_1-100x100.webp\" class=\"product-thumbnail product-table-image\" alt=\"D\u1ea5u xoay 8 s\u1ed1\" title=\"00018310_1\" data-caption=\"D\u1ea5u xoay 8 s\u1ed1\" data-src=\"https:\/\/phucma.com.vn\/congnghiep\/wp-content\/uploads\/2025\/02\/00018310_1.webp\" data-large_image=\"https:\/\/phucma.com.vn\/congnghiep\/wp-content\/uploads\/2025\/02\/00018310_1.webp\" data-large_image_width=\"500\" data-large_image_height=\"500\" \/><\/div><\/td><td><a href=\"https:\/\/phucma.com.vn\/congnghiep\/product\/dau-xoay-cf-8g\/\" class=\"single-product-link\" data-product_id=\"7678\">D\u1ea5u xoay 8 s\u1ed1<\/a><\/td><td><a href=\"https:\/\/phucma.com.vn\/congnghiep\/product\/dau-xoay-cf-8g\/\" class=\"single-product-link\" data-product_id=\"7678\">CF-8G<\/a><\/td><td><\/td><td data-sort=\"753500\"><span class=\"woocommerce-Price-amount amount\" aria-hidden=\"true\"><bdi>753.500&nbsp;<span class=\"woocommerce-Price-currencySymbol\">&#8363;<\/span><\/bdi><\/span> <span aria-hidden=\"true\">&ndash;<\/span> <span class=\"woocommerce-Price-amount amount\" aria-hidden=\"true\"><bdi>3.839.000&nbsp;<span class=\"woocommerce-Price-currencySymbol\">&#8363;<\/span><\/bdi><\/span><span class=\"screen-reader-text\">Kho\u1ea3ng gi\u00e1: t\u1eeb 753.500&nbsp;&#8363; \u0111\u1ebfn 3.839.000&nbsp;&#8363;<\/span><\/td><\/tr><tr id=\"product-row-7674\" class=\"product product-row product-7674 instock product-type-variable purchasable\"><td><div data-thumb=\"https:\/\/phucma.com.vn\/congnghiep\/wp-content\/uploads\/2025\/02\/00020003_1-100x100.webp\" class=\"product-thumbnail-wrapper\"><img decoding=\"async\" width=\"100\" height=\"100\" src=\"https:\/\/phucma.com.vn\/congnghiep\/wp-content\/uploads\/2025\/02\/00020003_1-100x100.webp\" class=\"product-thumbnail product-table-image\" alt=\"D\u1ea5u \u0111\u00f3ng 6 s\u1ed1\" title=\"00020003_1\" data-caption=\"D\u1ea5u \u0111\u00f3ng 6 s\u1ed1\" data-src=\"https:\/\/phucma.com.vn\/congnghiep\/wp-content\/uploads\/2025\/02\/00020003_1.webp\" data-large_image=\"https:\/\/phucma.com.vn\/congnghiep\/wp-content\/uploads\/2025\/02\/00020003_1.webp\" data-large_image_width=\"500\" data-large_image_height=\"500\" \/><\/div><\/td><td><a href=\"https:\/\/phucma.com.vn\/congnghiep\/product\/dau-xoay-cf-6gt\/\" class=\"single-product-link\" data-product_id=\"7674\">D\u1ea5u \u0111\u00f3ng 6 s\u1ed1<\/a><\/td><td><a href=\"https:\/\/phucma.com.vn\/congnghiep\/product\/dau-xoay-cf-6gt\/\" class=\"single-product-link\" data-product_id=\"7674\">CF-6GT<\/a><\/td><td><\/td><td data-sort=\"836000\"><span class=\"woocommerce-Price-amount amount\" aria-hidden=\"true\"><bdi>836.000&nbsp;<span class=\"woocommerce-Price-currencySymbol\">&#8363;<\/span><\/bdi><\/span> <span aria-hidden=\"true\">&ndash;<\/span> <span class=\"woocommerce-Price-amount amount\" aria-hidden=\"true\"><bdi>896.000&nbsp;<span class=\"woocommerce-Price-currencySymbol\">&#8363;<\/span><\/bdi><\/span><span class=\"screen-reader-text\">Kho\u1ea3ng gi\u00e1: t\u1eeb 836.000&nbsp;&#8363; \u0111\u1ebfn 896.000&nbsp;&#8363;<\/span><\/td><\/tr><\/tbody><\/table>\n","protected":false},"excerpt":{"rendered":"<p>D\u1ea5u Xoay NFD-GT, Chuy\u00ean d\u00f9ng cho m\u1ef1c TAT, font ch\u1eef Gothic d\u1ec5 \u0111\u1ecdc, \u0111\u00f3ng d\u1ea5u ng\u00e0y th\u00e1ng l\u00ean c\u00e1c chi ti\u1ebft s\u1ea3n ph\u1ea9m. D\u00f2ng d\u1ea5u d\u00e0nh cho c\u01b0\u1eddng \u0111\u1ed9 s\u1eed d\u1ee5ng l\u1edbn<\/p>\n<ul>\n<li>K\u00edch th\u01b0\u1edbc font: T\u1eeb 13pt \u2013 19pt<\/li>\n<li>\u0110\u1ecbnh d\u1ea1ng: DD-MM-YY<\/li>\n<li>S\u1ea3n xu\u1ea5t: nh\u00e0 m\u00e1y Shachihata t\u1ea1i Nh\u1eadt B\u1ea3n<\/li>\n<\/ul>\n","protected":false},"featured_media":7966,"template":"","meta":{"_acf_changed":false},"product_brand":[215],"product_cat":[721,736,708,713,711,709,710,741,717],"product_tag":[783,778,781,782,780,779,763,590],"class_list":{"0":"post-7660","1":"product","2":"type-product","3":"status-publish","4":"has-post-thumbnail","6":"product_brand-xtensions","7":"product_cat-dau","8":"product_cat-dong-dau-dong","9":"product_cat-dong-san-pham-un-ink","10":"product_cat-dung-moi-vat-lieu","11":"product_cat-dung-tren-giay","12":"product_cat-dung-tren-kim-loai","13":"product_cat-dung-tren-nhua","14":"product_cat-dung-trong-nha-may","15":"product_cat-xtension","16":"product_tag-dau-ngay-thang","17":"product_tag-dau-ngay-thang-nam","18":"product_tag-dau-ngay-thang-nam-cong-nghiep","19":"product_tag-dau-ngay-thang-nam-dong-san-pham","20":"product_tag-dau-ngay-thang-san-xuat","21":"product_tag-dau-xoay-6-so","22":"product_tag-dau-dong-han-su-dung","23":"product_tag-nfd-gt","25":"first","26":"instock","27":"taxable","28":"shipping-taxable","29":"purchasable","30":"product-type-variable"},"acf":[],"yoast_head":"<!-- This site is optimized with the Yoast SEO Premium plugin v24.4 (Yoast SEO v26.4) - https:\/\/yoast.com\/wordpress\/plugins\/seo\/ -->\n<title>D\u1ea5u \u0111\u00f3ng ng\u00e0y NFD - C\u00f4ng Ty TNHH Th\u01b0\u01a1ng M\u1ea1i PH\u00daC M\u00c3<\/title>\n<meta name=\"description\" content=\"D\u1ea5u xoay DD-MM-YY thay \u0111\u1ed5i th\u00f4ng tin d\u1ec5 d\u00e0ng d\u00f9ng trong \u0111\u00e1nh d\u1ea5u gi\u00fap vi\u1ec7c qu\u1ea3n l\u00fd quy tr\u00ecnh v\u00e0 ch\u1ea5t l\u01b0\u1ee3ng s\u1ea3n ph\u1ea9m d\u1ec5 d\u00e0ng kh\u00e2u QC\/QR\" \/>\n<meta name=\"robots\" content=\"index, follow, max-snippet:-1, max-image-preview:large, max-video-preview:-1\" \/>\n<link rel=\"canonical\" href=\"https:\/\/phucma.com.vn\/congnghiep\/product\/dau-xoay-nfd-gt\/\" \/>\n<meta property=\"og:locale\" content=\"vi_VN\" \/>\n<meta property=\"og:type\" content=\"article\" \/>\n<meta property=\"og:title\" content=\"D\u1ea5u \u0111\u00f3ng ng\u00e0y NFD\" \/>\n<meta property=\"og:description\" content=\"D\u1ea5u xoay DD-MM-YY thay \u0111\u1ed5i th\u00f4ng tin d\u1ec5 d\u00e0ng d\u00f9ng trong \u0111\u00e1nh d\u1ea5u gi\u00fap vi\u1ec7c qu\u1ea3n l\u00fd quy tr\u00ecnh v\u00e0 ch\u1ea5t l\u01b0\u1ee3ng s\u1ea3n ph\u1ea9m d\u1ec5 d\u00e0ng kh\u00e2u QC\/QR\" \/>\n<meta property=\"og:url\" content=\"https:\/\/phucma.com.vn\/congnghiep\/product\/dau-xoay-nfd-gt\/\" \/>\n<meta property=\"og:site_name\" content=\"C\u00f4ng Ty TNHH Th\u01b0\u01a1ng M\u1ea1i PH\u00daC M\u00c3\" \/>\n<meta property=\"article:publisher\" content=\"https:\/\/www.facebook.com\/artline.vn\" \/>\n<meta property=\"article:modified_time\" content=\"2025-11-09T07:51:05+00:00\" \/>\n<meta property=\"og:image\" content=\"https:\/\/phucma.com.vn\/congnghiep\/wp-content\/uploads\/2025\/02\/00019901-001.webp\" \/>\n\t<meta property=\"og:image:width\" content=\"800\" \/>\n\t<meta property=\"og:image:height\" content=\"800\" \/>\n\t<meta property=\"og:image:type\" content=\"image\/webp\" \/>\n<meta name=\"twitter:card\" content=\"summary_large_image\" \/>\n<meta name=\"twitter:label1\" content=\"Kh\u1ea3 d\u1ee5ng\" \/>\n\t<meta name=\"twitter:data1\" content=\"Trong kho\" \/>\n<script type=\"application\/ld+json\" class=\"yoast-schema-graph\">{\"@context\":\"https:\/\/schema.org\",\"@graph\":[{\"@type\":\"WebPage\",\"@id\":\"https:\/\/phucma.com.vn\/congnghiep\/product\/dau-xoay-nfd-gt\/\",\"url\":\"https:\/\/phucma.com.vn\/congnghiep\/product\/dau-xoay-nfd-gt\/\",\"name\":\"D\u1ea5u \u0111\u00f3ng ng\u00e0y NFD - C\u00f4ng Ty TNHH Th\u01b0\u01a1ng M\u1ea1i PH\u00daC M\u00c3\",\"isPartOf\":{\"@id\":\"https:\/\/phucma.com.vn\/congnghiep\/#website\"},\"primaryImageOfPage\":{\"@id\":\"https:\/\/phucma.com.vn\/congnghiep\/product\/dau-xoay-nfd-gt\/#primaryimage\"},\"image\":{\"@id\":\"https:\/\/phucma.com.vn\/congnghiep\/product\/dau-xoay-nfd-gt\/#primaryimage\"},\"thumbnailUrl\":\"https:\/\/phucma.com.vn\/congnghiep\/wp-content\/uploads\/2025\/02\/00019901-001.webp\",\"datePublished\":\"2025-02-27T06:18:14+00:00\",\"dateModified\":\"2025-11-09T07:51:05+00:00\",\"description\":\"D\u1ea5u xoay DD-MM-YY thay \u0111\u1ed5i th\u00f4ng tin d\u1ec5 d\u00e0ng d\u00f9ng trong \u0111\u00e1nh d\u1ea5u gi\u00fap vi\u1ec7c qu\u1ea3n l\u00fd quy tr\u00ecnh v\u00e0 ch\u1ea5t l\u01b0\u1ee3ng s\u1ea3n ph\u1ea9m d\u1ec5 d\u00e0ng kh\u00e2u QC\/QR\",\"breadcrumb\":{\"@id\":\"https:\/\/phucma.com.vn\/congnghiep\/product\/dau-xoay-nfd-gt\/#breadcrumb\"},\"inLanguage\":\"vi\",\"potentialAction\":[{\"@type\":\"ReadAction\",\"target\":[\"https:\/\/phucma.com.vn\/congnghiep\/product\/dau-xoay-nfd-gt\/\"]}]},{\"@type\":\"ImageObject\",\"inLanguage\":\"vi\",\"@id\":\"https:\/\/phucma.com.vn\/congnghiep\/product\/dau-xoay-nfd-gt\/#primaryimage\",\"url\":\"https:\/\/phucma.com.vn\/congnghiep\/wp-content\/uploads\/2025\/02\/00019901-001.webp\",\"contentUrl\":\"https:\/\/phucma.com.vn\/congnghiep\/wp-content\/uploads\/2025\/02\/00019901-001.webp\",\"width\":800,\"height\":800},{\"@type\":\"BreadcrumbList\",\"@id\":\"https:\/\/phucma.com.vn\/congnghiep\/product\/dau-xoay-nfd-gt\/#breadcrumb\",\"itemListElement\":[{\"@type\":\"ListItem\",\"position\":1,\"name\":\"Home\",\"item\":\"https:\/\/phucma.com.vn\/congnghiep\/\"},{\"@type\":\"ListItem\",\"position\":2,\"name\":\"C\u1eeda h\u00e0ng\",\"item\":\"https:\/\/phucma.com.vn\/congnghiep\/shop\/\"},{\"@type\":\"ListItem\",\"position\":3,\"name\":\"D\u1ea5u \u0111\u00f3ng ng\u00e0y NFD\"}]},{\"@type\":\"WebSite\",\"@id\":\"https:\/\/phucma.com.vn\/congnghiep\/#website\",\"url\":\"https:\/\/phucma.com.vn\/congnghiep\/\",\"name\":\"C\u00f4ng ty Ph\u00fac M\u00e3\",\"description\":\"S\u1ea3n ph\u1ea9m c\u00f4ng nghi\u1ec7p d\u00e0nh cho nh\u00e0 m\u00e1y\",\"publisher\":{\"@id\":\"https:\/\/phucma.com.vn\/congnghiep\/#organization\"},\"alternateName\":\"CTy Ph\u00fac M\u00e3\",\"potentialAction\":[{\"@type\":\"SearchAction\",\"target\":{\"@type\":\"EntryPoint\",\"urlTemplate\":\"https:\/\/phucma.com.vn\/congnghiep\/?s={search_term_string}\"},\"query-input\":{\"@type\":\"PropertyValueSpecification\",\"valueRequired\":true,\"valueName\":\"search_term_string\"}}],\"inLanguage\":\"vi\"},{\"@type\":\"Organization\",\"@id\":\"https:\/\/phucma.com.vn\/congnghiep\/#organization\",\"name\":\"CTY PH\u00daC M\u00c3\",\"alternateName\":\"C\u00f4ng ty TNHH TM Ph\u00fac M\u00e3\",\"url\":\"https:\/\/phucma.com.vn\/congnghiep\/\",\"logo\":{\"@type\":\"ImageObject\",\"inLanguage\":\"vi\",\"@id\":\"https:\/\/phucma.com.vn\/congnghiep\/#\/schema\/logo\/image\/\",\"url\":\"https:\/\/phucma.com.vn\/congnghiep\/wp-content\/uploads\/2025\/01\/cropped-cropped-logo-cty-phuc-ma-11.png\",\"contentUrl\":\"https:\/\/phucma.com.vn\/congnghiep\/wp-content\/uploads\/2025\/01\/cropped-cropped-logo-cty-phuc-ma-11.png\",\"width\":256,\"height\":191,\"caption\":\"CTY PH\u00daC M\u00c3\"},\"image\":{\"@id\":\"https:\/\/phucma.com.vn\/congnghiep\/#\/schema\/logo\/image\/\"},\"sameAs\":[\"https:\/\/www.facebook.com\/artline.vn\"],\"description\":\"CTY PHUC MA - 20 n\u0103m chuy\u00ean cung c\u1ea5p c\u00e1c s\u1ea3n ph\u1ea9m b\u00fat, m\u1ef1c, d\u1ea5u c\u00f4ng nghi\u1ec7p cho h\u01a1n 1000 nh\u00e0 m\u00e1y kh\u1eafp c\u00e1c khu c\u00f4ng nghi\u1ec7p tr\u00ean c\u1ea3 n\u01b0\u1edbc\",\"email\":\"info@phucma.com.vn\",\"telephone\":\"02835140805\",\"legalName\":\"C\u00f4ng ty TNHH Th\u01b0\u01a1ng M\u1ea1i Ph\u00fac M\u00e3\",\"vatID\":\"0303490755\",\"numberOfEmployees\":{\"@type\":\"QuantitativeValue\",\"minValue\":\"51\",\"maxValue\":\"200\"}}]}<\/script>\n<meta property=\"product:brand\" content=\"Xtensions\" \/>\n<meta property=\"og:availability\" content=\"instock\" \/>\n<meta property=\"product:availability\" content=\"instock\" \/>\n<meta property=\"product:retailer_item_id\" content=\"NFD-GT\" \/>\n<meta property=\"product:condition\" content=\"new\" \/>\n<!-- \/ Yoast SEO Premium plugin. -->","yoast_head_json":{"title":"D\u1ea5u \u0111\u00f3ng ng\u00e0y NFD - C\u00f4ng Ty TNHH Th\u01b0\u01a1ng M\u1ea1i PH\u00daC M\u00c3","description":"D\u1ea5u xoay DD-MM-YY thay \u0111\u1ed5i th\u00f4ng tin d\u1ec5 d\u00e0ng d\u00f9ng trong \u0111\u00e1nh d\u1ea5u gi\u00fap vi\u1ec7c qu\u1ea3n l\u00fd quy tr\u00ecnh v\u00e0 ch\u1ea5t l\u01b0\u1ee3ng s\u1ea3n ph\u1ea9m d\u1ec5 d\u00e0ng kh\u00e2u QC\/QR","robots":{"index":"index","follow":"follow","max-snippet":"max-snippet:-1","max-image-preview":"max-image-preview:large","max-video-preview":"max-video-preview:-1"},"canonical":"https:\/\/phucma.com.vn\/congnghiep\/product\/dau-xoay-nfd-gt\/","og_locale":"vi_VN","og_type":"article","og_title":"D\u1ea5u \u0111\u00f3ng ng\u00e0y NFD","og_description":"D\u1ea5u xoay DD-MM-YY thay \u0111\u1ed5i th\u00f4ng tin d\u1ec5 d\u00e0ng d\u00f9ng trong \u0111\u00e1nh d\u1ea5u gi\u00fap vi\u1ec7c qu\u1ea3n l\u00fd quy tr\u00ecnh v\u00e0 ch\u1ea5t l\u01b0\u1ee3ng s\u1ea3n ph\u1ea9m d\u1ec5 d\u00e0ng kh\u00e2u QC\/QR","og_url":"https:\/\/phucma.com.vn\/congnghiep\/product\/dau-xoay-nfd-gt\/","og_site_name":"C\u00f4ng Ty TNHH Th\u01b0\u01a1ng M\u1ea1i PH\u00daC M\u00c3","article_publisher":"https:\/\/www.facebook.com\/artline.vn","article_modified_time":"2025-11-09T07:51:05+00:00","og_image":[{"width":800,"height":800,"url":"https:\/\/phucma.com.vn\/congnghiep\/wp-content\/uploads\/2025\/02\/00019901-001.webp","type":"image\/webp"}],"twitter_card":"summary_large_image","twitter_misc":{"Kh\u1ea3 d\u1ee5ng":"Trong kho"},"schema":{"@context":"https:\/\/schema.org","@graph":[{"@type":"WebPage","@id":"https:\/\/phucma.com.vn\/congnghiep\/product\/dau-xoay-nfd-gt\/","url":"https:\/\/phucma.com.vn\/congnghiep\/product\/dau-xoay-nfd-gt\/","name":"D\u1ea5u \u0111\u00f3ng ng\u00e0y NFD - C\u00f4ng Ty TNHH Th\u01b0\u01a1ng M\u1ea1i PH\u00daC M\u00c3","isPartOf":{"@id":"https:\/\/phucma.com.vn\/congnghiep\/#website"},"primaryImageOfPage":{"@id":"https:\/\/phucma.com.vn\/congnghiep\/product\/dau-xoay-nfd-gt\/#primaryimage"},"image":{"@id":"https:\/\/phucma.com.vn\/congnghiep\/product\/dau-xoay-nfd-gt\/#primaryimage"},"thumbnailUrl":"https:\/\/phucma.com.vn\/congnghiep\/wp-content\/uploads\/2025\/02\/00019901-001.webp","datePublished":"2025-02-27T06:18:14+00:00","dateModified":"2025-11-09T07:51:05+00:00","description":"D\u1ea5u xoay DD-MM-YY thay \u0111\u1ed5i th\u00f4ng tin d\u1ec5 d\u00e0ng d\u00f9ng trong \u0111\u00e1nh d\u1ea5u gi\u00fap vi\u1ec7c qu\u1ea3n l\u00fd quy tr\u00ecnh v\u00e0 ch\u1ea5t l\u01b0\u1ee3ng s\u1ea3n ph\u1ea9m d\u1ec5 d\u00e0ng kh\u00e2u QC\/QR","breadcrumb":{"@id":"https:\/\/phucma.com.vn\/congnghiep\/product\/dau-xoay-nfd-gt\/#breadcrumb"},"inLanguage":"vi","potentialAction":[{"@type":"ReadAction","target":["https:\/\/phucma.com.vn\/congnghiep\/product\/dau-xoay-nfd-gt\/"]}]},{"@type":"ImageObject","inLanguage":"vi","@id":"https:\/\/phucma.com.vn\/congnghiep\/product\/dau-xoay-nfd-gt\/#primaryimage","url":"https:\/\/phucma.com.vn\/congnghiep\/wp-content\/uploads\/2025\/02\/00019901-001.webp","contentUrl":"https:\/\/phucma.com.vn\/congnghiep\/wp-content\/uploads\/2025\/02\/00019901-001.webp","width":800,"height":800},{"@type":"BreadcrumbList","@id":"https:\/\/phucma.com.vn\/congnghiep\/product\/dau-xoay-nfd-gt\/#breadcrumb","itemListElement":[{"@type":"ListItem","position":1,"name":"Home","item":"https:\/\/phucma.com.vn\/congnghiep\/"},{"@type":"ListItem","position":2,"name":"C\u1eeda h\u00e0ng","item":"https:\/\/phucma.com.vn\/congnghiep\/shop\/"},{"@type":"ListItem","position":3,"name":"D\u1ea5u \u0111\u00f3ng ng\u00e0y NFD"}]},{"@type":"WebSite","@id":"https:\/\/phucma.com.vn\/congnghiep\/#website","url":"https:\/\/phucma.com.vn\/congnghiep\/","name":"C\u00f4ng ty Ph\u00fac M\u00e3","description":"S\u1ea3n ph\u1ea9m c\u00f4ng nghi\u1ec7p d\u00e0nh cho nh\u00e0 m\u00e1y","publisher":{"@id":"https:\/\/phucma.com.vn\/congnghiep\/#organization"},"alternateName":"CTy Ph\u00fac M\u00e3","potentialAction":[{"@type":"SearchAction","target":{"@type":"EntryPoint","urlTemplate":"https:\/\/phucma.com.vn\/congnghiep\/?s={search_term_string}"},"query-input":{"@type":"PropertyValueSpecification","valueRequired":true,"valueName":"search_term_string"}}],"inLanguage":"vi"},{"@type":"Organization","@id":"https:\/\/phucma.com.vn\/congnghiep\/#organization","name":"CTY PH\u00daC M\u00c3","alternateName":"C\u00f4ng ty TNHH TM Ph\u00fac M\u00e3","url":"https:\/\/phucma.com.vn\/congnghiep\/","logo":{"@type":"ImageObject","inLanguage":"vi","@id":"https:\/\/phucma.com.vn\/congnghiep\/#\/schema\/logo\/image\/","url":"https:\/\/phucma.com.vn\/congnghiep\/wp-content\/uploads\/2025\/01\/cropped-cropped-logo-cty-phuc-ma-11.png","contentUrl":"https:\/\/phucma.com.vn\/congnghiep\/wp-content\/uploads\/2025\/01\/cropped-cropped-logo-cty-phuc-ma-11.png","width":256,"height":191,"caption":"CTY PH\u00daC M\u00c3"},"image":{"@id":"https:\/\/phucma.com.vn\/congnghiep\/#\/schema\/logo\/image\/"},"sameAs":["https:\/\/www.facebook.com\/artline.vn"],"description":"CTY PHUC MA - 20 n\u0103m chuy\u00ean cung c\u1ea5p c\u00e1c s\u1ea3n ph\u1ea9m b\u00fat, m\u1ef1c, d\u1ea5u c\u00f4ng nghi\u1ec7p cho h\u01a1n 1000 nh\u00e0 m\u00e1y kh\u1eafp c\u00e1c khu c\u00f4ng nghi\u1ec7p tr\u00ean c\u1ea3 n\u01b0\u1edbc","email":"info@phucma.com.vn","telephone":"02835140805","legalName":"C\u00f4ng ty TNHH Th\u01b0\u01a1ng M\u1ea1i Ph\u00fac M\u00e3","vatID":"0303490755","numberOfEmployees":{"@type":"QuantitativeValue","minValue":"51","maxValue":"200"}}]},"product_brand":"Xtensions","og_availability":"instock","product_availability":"instock","product_retailer_item_id":"NFD-GT","product_condition":"new"},"_links":{"self":[{"href":"https:\/\/phucma.com.vn\/congnghiep\/wp-json\/wp\/v2\/product\/7660","targetHints":{"allow":["GET"]}}],"collection":[{"href":"https:\/\/phucma.com.vn\/congnghiep\/wp-json\/wp\/v2\/product"}],"about":[{"href":"https:\/\/phucma.com.vn\/congnghiep\/wp-json\/wp\/v2\/types\/product"}],"wp:featuredmedia":[{"embeddable":true,"href":"https:\/\/phucma.com.vn\/congnghiep\/wp-json\/wp\/v2\/media\/7966"}],"wp:attachment":[{"href":"https:\/\/phucma.com.vn\/congnghiep\/wp-json\/wp\/v2\/media?parent=7660"}],"wp:term":[{"taxonomy":"product_brand","embeddable":true,"href":"https:\/\/phucma.com.vn\/congnghiep\/wp-json\/wp\/v2\/product_brand?post=7660"},{"taxonomy":"product_cat","embeddable":true,"href":"https:\/\/phucma.com.vn\/congnghiep\/wp-json\/wp\/v2\/product_cat?post=7660"},{"taxonomy":"product_tag","embeddable":true,"href":"https:\/\/phucma.com.vn\/congnghiep\/wp-json\/wp\/v2\/product_tag?post=7660"}],"curies":[{"name":"wp","href":"https:\/\/api.w.org\/{rel}","templated":true}]}}