
{"id":7578,"date":"2025-02-26T13:19:39","date_gmt":"2025-02-26T06:19:39","guid":{"rendered":"https:\/\/phucma.com.vn\/congnghiep\/?post_type=product&#038;p=7578"},"modified":"2025-11-06T11:26:42","modified_gmt":"2025-11-06T04:26:42","slug":"con-dau-kanji-xl8","status":"publish","type":"product","link":"https:\/\/phucma.com.vn\/congnghiep\/product\/con-dau-kanji-xl8\/","title":{"rendered":"D\u1ea5u \u0111\u00f3ng c\u00f3 m\u1ef1c s\u1eb5n XL-8"},"content":{"rendered":"<p>Khi qu\u00fd kh\u00e1ch ti\u1ebfn h\u00e0nh \u0111\u1eb7t d\u1ea5u, ch\u00fang t\u00f4i s\u1ebd li\u00ean h\u1ec7 \u0111\u1ec3 x\u00e1c nh\u1eadn n\u1ed9i dung c\u1ea7n kh\u1eafc v\u00e0 g\u1eedi qua Nh\u1eadt B\u1ea3n. Con d\u1ea5u n\u00e0y kh\u1eafc t\u1ea1i Nh\u1eadt v\u00e0 ship theo y\u00eau c\u1ea7u n\u00ean th\u1eddi gian kh\u00e1 l\u00e2u (kho\u1ea3ng 1 th\u00e1ng)<\/p>\n<p>M\u1ef1c <a href=\"https:\/\/phucma.com.vn\/congnghiep\/product\/muc-dau-xstamper-kanji-xlr-9\/\">XLR-9<\/a> d\u00f9ng b\u01a1m cho d\u1ea5u n\u00e0y<\/p>\n<h3>S\u1ea3n ph\u1ea9m chung nh\u00f3m:<\/h3>\n<div class=\"woocommerce\"><\/div><table id=\"wcpt_379ad637775ad516_1\" class=\"wc-product-table woocommerce sticky-header   multicart-enabled theme-default\" width=\"100%\" data-config=\"{&quot;pageLength&quot;:25,&quot;pagingType&quot;:&quot;numbers&quot;,&quot;serverSide&quot;:false,&quot;autoWidth&quot;:true,&quot;clickFilter&quot;:&quot;false&quot;,&quot;scrollOffset&quot;:15,&quot;resetButton&quot;:true,&quot;multiAddToCart&quot;:false,&quot;multiCartLocation&quot;:&quot;bottom&quot;,&quot;variations&quot;:&quot;dropdown&quot;,&quot;ajaxCart&quot;:true,&quot;numOrder&quot;:false,&quot;stickyHeader&quot;:true,&quot;lengthMenu&quot;:[[10,25,50,100,-1],[10,25,50,100,&quot;All&quot;]],&quot;columnDefs&quot;:[{&quot;className&quot;:&quot;col-image&quot;,&quot;targets&quot;:0,&quot;type&quot;:&quot;html&quot;},{&quot;className&quot;:&quot;col-sku&quot;,&quot;targets&quot;:1,&quot;type&quot;:&quot;html&quot;},{&quot;className&quot;:&quot;col-color&quot;,&quot;targets&quot;:2,&quot;type&quot;:&quot;html&quot;},{&quot;className&quot;:&quot;col-summary col-short-description&quot;,&quot;targets&quot;:3,&quot;type&quot;:&quot;html&quot;},{&quot;className&quot;:&quot;col-price&quot;,&quot;targets&quot;:4,&quot;type&quot;:&quot;html-num&quot;}],&quot;responsive&quot;:{&quot;details&quot;:{&quot;display&quot;:&quot;child_row_visible&quot;}},&quot;search&quot;:{&quot;search&quot;:&quot;&quot;},&quot;dom&quot;:&quot;&lt;\\&quot;wc-product-table-wrapper factory\\&quot;&lt;\\&quot;wc-product-table-controls wc-product-table-above\\&quot;f&gt;t&lt;\\&quot;wc-product-table-controls wc-product-table-below\\&quot;lip&gt;&gt;&quot;}\" data-filters=\"false\" data-order='[[4, \"asc\"]]'><thead><tr><th class=\"all\" data-name=\"image\" data-orderable=\"false\" data-searchable=\"false\" data-width=\"15%\" data-priority=\"4\">Image<\/th><th data-name=\"sku\" data-orderable=\"true\" data-searchable=\"true\" data-width=\"10%\" data-priority=\"6\">SKU<\/th><th data-name=\"tax_pa_color\" data-orderable=\"true\" data-searchable=\"true\" data-width=\"15%\">Color<\/th><th data-name=\"summary\" data-orderable=\"true\" data-searchable=\"true\" data-width=\"50%\" data-priority=\"11\">Summary<\/th><th data-name=\"price\" data-orderable=\"true\" data-searchable=\"true\" data-width=\"10%\" data-priority=\"3\">Price<\/th><\/tr><\/thead><tbody><tr id=\"product-row-7569\" class=\"product product-row product-7569 instock product-type-variable purchasable\"><td><div data-thumb=\"https:\/\/phucma.com.vn\/congnghiep\/wp-content\/uploads\/2025\/02\/d39279dcd527d581438a3e0e731e04cc-150x150.webp\" class=\"product-thumbnail-wrapper woocommerce-product-gallery__image\"><a href=\"https:\/\/phucma.com.vn\/congnghiep\/wp-content\/uploads\/2025\/02\/d39279dcd527d581438a3e0e731e04cc.webp\"><img decoding=\"async\" width=\"150\" height=\"150\" src=\"https:\/\/phucma.com.vn\/congnghiep\/wp-content\/uploads\/2025\/02\/d39279dcd527d581438a3e0e731e04cc-150x150.webp\" class=\"product-thumbnail product-table-image\" alt=\"D\u1ea5u \u0111\u00f3ng c\u00f3 m\u1ef1c s\u1eb5n XL-6\" title=\"d39279dcd527d581438a3e0e731e04cc\" data-caption=\"D\u1ea5u \u0111\u00f3ng c\u00f3 m\u1ef1c s\u1eb5n XL-6\" data-src=\"https:\/\/phucma.com.vn\/congnghiep\/wp-content\/uploads\/2025\/02\/d39279dcd527d581438a3e0e731e04cc.webp\" data-large_image=\"https:\/\/phucma.com.vn\/congnghiep\/wp-content\/uploads\/2025\/02\/d39279dcd527d581438a3e0e731e04cc.webp\" data-large_image_width=\"736\" data-large_image_height=\"736\" \/><\/a><\/div><\/td><td><a href=\"https:\/\/phucma.com.vn\/congnghiep\/product\/con-dau-kanji-xl6\/\" class=\"single-product-link\" data-product_id=\"7569\">XL6<\/a><\/td><td><span data-slug=\"black\">Black<\/span>, <span data-slug=\"blue\">Blue<\/span>, <span data-slug=\"green\">Green<\/span>, <span data-slug=\"orange\">Orange<\/span>, <span data-slug=\"purple\">Purple<\/span>, <span data-slug=\"red\">Red<\/span><\/td><td><p>D\u1ea5u \u0111\u00f3ng th\u1ea9m th\u1ea5u Xstamper XL chuy\u00ean d\u00f9ng c\u1ee7a ng\u01b0\u1eddi Nh\u1eadt B\u1ea3n. D\u1ea5u th\u01b0\u1eddng \u0111\u01b0\u1ee3c \u0111\u00f3ng t\u00ean ch\u1eef Kanji ho\u1eb7c k\u00fd hi\u1ec7u<\/p>\n<ul>\n<li>K\u00edch th\u01b0\u1edbc kh\u1eafc: tr\u00f2n 6mm<\/li>\n<li>N\u1ed9i dung kh\u1eafc: ch\u1eef Kanji, Logo&#8230;<\/li>\n<li>S\u1ea3n xu\u1ea5t: nh\u00e0 m\u00e1y Shachihata t\u1ea1i Nh\u1eadt B\u1ea3n<\/li>\n<li>Kh\u1eafc d\u1ea5u: t\u1ea1i Nh\u1eadt B\u1ea3n<\/li>\n<\/ul>\n<\/td><td data-sort=\"705000\"><span class=\"woocommerce-Price-amount amount\"><bdi>705.000&nbsp;<span class=\"woocommerce-Price-currencySymbol\">&#8363;<\/span><\/bdi><\/span><\/td><\/tr><tr id=\"product-row-7578\" class=\"product product-row product-7578 instock product-type-variable purchasable\"><td><div data-thumb=\"https:\/\/phucma.com.vn\/congnghiep\/wp-content\/uploads\/2025\/02\/dbdb0c8b554c70038283782bc2a0af42-150x150.webp\" class=\"product-thumbnail-wrapper woocommerce-product-gallery__image\"><a href=\"https:\/\/phucma.com.vn\/congnghiep\/wp-content\/uploads\/2025\/02\/dbdb0c8b554c70038283782bc2a0af42.webp\"><img decoding=\"async\" width=\"150\" height=\"150\" src=\"https:\/\/phucma.com.vn\/congnghiep\/wp-content\/uploads\/2025\/02\/dbdb0c8b554c70038283782bc2a0af42-150x150.webp\" class=\"product-thumbnail product-table-image\" alt=\"D\u1ea5u \u0111\u00f3ng c\u00f3 m\u1ef1c s\u1eb5n XL-8\" title=\"dbdb0c8b554c70038283782bc2a0af42\" data-caption=\"D\u1ea5u \u0111\u00f3ng c\u00f3 m\u1ef1c s\u1eb5n XL-8\" data-src=\"https:\/\/phucma.com.vn\/congnghiep\/wp-content\/uploads\/2025\/02\/dbdb0c8b554c70038283782bc2a0af42.webp\" data-large_image=\"https:\/\/phucma.com.vn\/congnghiep\/wp-content\/uploads\/2025\/02\/dbdb0c8b554c70038283782bc2a0af42.webp\" data-large_image_width=\"736\" data-large_image_height=\"736\" \/><\/a><\/div><\/td><td><a href=\"https:\/\/phucma.com.vn\/congnghiep\/product\/con-dau-kanji-xl8\/\" class=\"single-product-link\" data-product_id=\"7578\">XL8<\/a><\/td><td><span data-slug=\"black\">Black<\/span>, <span data-slug=\"blue\">Blue<\/span>, <span data-slug=\"green\">Green<\/span>, <span data-slug=\"orange\">Orange<\/span>, <span data-slug=\"purple\">Purple<\/span>, <span data-slug=\"red\">Red<\/span><\/td><td><p>D\u1ea5u \u0111\u00f3ng th\u1ea9m th\u1ea5u Xstamper XL chuy\u00ean d\u00f9ng c\u1ee7a ng\u01b0\u1eddi Nh\u1eadt B\u1ea3n. D\u1ea5u th\u01b0\u1eddng \u0111\u01b0\u1ee3c \u0111\u00f3ng t\u00ean ch\u1eef Kanji ho\u1eb7c k\u00fd hi\u1ec7u<\/p>\n<ul>\n<li>K\u00edch th\u01b0\u1edbc kh\u1eafc: tr\u00f2n 8mm<\/li>\n<li>N\u1ed9i dung kh\u1eafc: ch\u1eef Kanji, Logo&#8230;<\/li>\n<li>S\u1ea3n xu\u1ea5t: nh\u00e0 m\u00e1y Shachihata t\u1ea1i Nh\u1eadt B\u1ea3n<\/li>\n<li>Kh\u1eafc d\u1ea5u: t\u1ea1i Nh\u1eadt B\u1ea3n<\/li>\n<\/ul>\n<\/td><td data-sort=\"830000\"><span class=\"woocommerce-Price-amount amount\"><bdi>830.000&nbsp;<span class=\"woocommerce-Price-currencySymbol\">&#8363;<\/span><\/bdi><\/span><\/td><\/tr><tr id=\"product-row-7585\" class=\"product product-row product-7585 instock product-type-variable purchasable\"><td><div data-thumb=\"https:\/\/phucma.com.vn\/congnghiep\/wp-content\/uploads\/2025\/02\/0fea8089fec3fc634e8755d2ef3cba1d-150x150.webp\" class=\"product-thumbnail-wrapper woocommerce-product-gallery__image\"><a href=\"https:\/\/phucma.com.vn\/congnghiep\/wp-content\/uploads\/2025\/02\/0fea8089fec3fc634e8755d2ef3cba1d.webp\"><img decoding=\"async\" width=\"150\" height=\"150\" src=\"https:\/\/phucma.com.vn\/congnghiep\/wp-content\/uploads\/2025\/02\/0fea8089fec3fc634e8755d2ef3cba1d-150x150.webp\" class=\"product-thumbnail product-table-image\" alt=\"D\u1ea5u \u0111\u00f3ng c\u00f3 m\u1ef1c s\u1eb5n XL-9\" title=\"0fea8089fec3fc634e8755d2ef3cba1d\" data-caption=\"D\u1ea5u \u0111\u00f3ng c\u00f3 m\u1ef1c s\u1eb5n XL-9\" data-src=\"https:\/\/phucma.com.vn\/congnghiep\/wp-content\/uploads\/2025\/02\/0fea8089fec3fc634e8755d2ef3cba1d.webp\" data-large_image=\"https:\/\/phucma.com.vn\/congnghiep\/wp-content\/uploads\/2025\/02\/0fea8089fec3fc634e8755d2ef3cba1d.webp\" data-large_image_width=\"736\" data-large_image_height=\"736\" \/><\/a><\/div><\/td><td><a href=\"https:\/\/phucma.com.vn\/congnghiep\/product\/con-dau-kanji-xl9\/\" class=\"single-product-link\" data-product_id=\"7585\">XL9<\/a><\/td><td><span data-slug=\"black\">Black<\/span>, <span data-slug=\"blue\">Blue<\/span>, <span data-slug=\"green\">Green<\/span>, <span data-slug=\"orange\">Orange<\/span>, <span data-slug=\"purple\">Purple<\/span>, <span data-slug=\"red\">Red<\/span><\/td><td><p>D\u1ea5u \u0111\u00f3ng th\u1ea9m th\u1ea5u Xstamper XL chuy\u00ean d\u00f9ng c\u1ee7a ng\u01b0\u1eddi Nh\u1eadt B\u1ea3n. D\u1ea5u th\u01b0\u1eddng \u0111\u01b0\u1ee3c \u0111\u00f3ng t\u00ean ch\u1eef Kanji ho\u1eb7c k\u00fd hi\u1ec7u<\/p>\n<ul>\n<li>K\u00edch th\u01b0\u1edbc kh\u1eafc: tr\u00f2n 9mm<\/li>\n<li>N\u1ed9i dung kh\u1eafc: ch\u1eef Kanji, Logo&#8230;<\/li>\n<li>S\u1ea3n xu\u1ea5t: nh\u00e0 m\u00e1y Shachihata t\u1ea1i Nh\u1eadt B\u1ea3n<\/li>\n<li>Kh\u1eafc d\u1ea5u: t\u1ea1i Nh\u1eadt B\u1ea3n<\/li>\n<\/ul>\n<\/td><td data-sort=\"915000\"><span class=\"woocommerce-Price-amount amount\"><bdi>915.000&nbsp;<span class=\"woocommerce-Price-currencySymbol\">&#8363;<\/span><\/bdi><\/span><\/td><\/tr><\/tbody><\/table>\n","protected":false},"excerpt":{"rendered":"<p>D\u1ea5u \u0111\u00f3ng th\u1ea9m th\u1ea5u Xstamper XL chuy\u00ean d\u00f9ng c\u1ee7a ng\u01b0\u1eddi Nh\u1eadt B\u1ea3n. D\u1ea5u th\u01b0\u1eddng \u0111\u01b0\u1ee3c \u0111\u00f3ng t\u00ean ch\u1eef Kanji ho\u1eb7c k\u00fd hi\u1ec7u<\/p>\n<ul>\n<li>K\u00edch th\u01b0\u1edbc kh\u1eafc: tr\u00f2n 8mm<\/li>\n<li>N\u1ed9i dung kh\u1eafc: ch\u1eef Kanji, Logo&#8230;<\/li>\n<li>S\u1ea3n xu\u1ea5t: nh\u00e0 m\u00e1y Shachihata t\u1ea1i Nh\u1eadt B\u1ea3n<\/li>\n<li>Kh\u1eafc d\u1ea5u: t\u1ea1i Nh\u1eadt B\u1ea3n<\/li>\n<\/ul>\n","protected":false},"featured_media":7592,"template":"","meta":{"_acf_changed":false},"product_brand":[214],"product_cat":[727,712,721,736,701,699,703,711,737,729,715],"product_tag":[809,805,791,790,808,807,798,799,806,797,792,793,812,811,801,800,810,804,803,813,588],"class_list":{"0":"post-7578","1":"product","2":"type-product","3":"status-publish","4":"has-post-thumbnail","6":"product_brand-xstamper","7":"product_cat-bom-them-muc-duoc","8":"product_cat-chong-lem-nuoc","9":"product_cat-dau","10":"product_cat-dong-dau-dong","11":"product_cat-dong-muc-dye-stuff","12":"product_cat-dong-muc-goc-dau","13":"product_cat-dong-muc-xstamper-xlr","14":"product_cat-dung-tren-giay","15":"product_cat-dung-trong-van-phong","16":"product_cat-hien-ro-tren-nen-sang","17":"product_cat-xstamper-xl-xlr","18":"product_tag-con-dau-ten-nguoi-nhat-xl8","19":"product_tag-dau-shachihata-xl-8","20":"product_tag-dau-ten-kanji","21":"product_tag-dau-ten-nhat-ban","22":"product_tag-dau-ten-shachihata-xl-8","23":"product_tag-dau-xl-8-shachihata-japan","24":"product_tag-dau-dong-chat-luong-nhat-ban","25":"product_tag-dau-dong-khong-phai","26":"product_tag-dau-dong-ma-so-xl-8","27":"product_tag-dau-dong-nhat-ban","28":"product_tag-dau-dong-ten","29":"product_tag-dau-dong-ten-nhat-ban","30":"product_tag-dau-dong-ten-nhat-ban-xl8","31":"product_tag-gia-dau-shachihata-xl-8","32":"product_tag-khac-dau-nhat","33":"product_tag-khac-dau-ten","34":"product_tag-mua-dau-shachihata-xl-8","35":"product_tag-muc-con-dau-kanji","36":"product_tag-muc-con-dau-nhat","37":"product_tag-muc-dau-xstamper-kanji-xlr-8","38":"product_tag-xl8","40":"first","41":"instock","42":"taxable","43":"shipping-taxable","44":"purchasable","45":"product-type-variable"},"acf":[],"yoast_head":"<!-- This site is optimized with the Yoast SEO Premium plugin v24.4 (Yoast SEO v26.4) - https:\/\/yoast.com\/wordpress\/plugins\/seo\/ -->\n<title>D\u1ea5u \u0111\u00f3ng c\u00f3 m\u1ef1c s\u1eb5n XL-8 - C\u00f4ng Ty TNHH Th\u01b0\u01a1ng M\u1ea1i PH\u00daC M\u00c3<\/title>\n<meta name=\"robots\" content=\"index, follow, max-snippet:-1, max-image-preview:large, max-video-preview:-1\" \/>\n<link rel=\"canonical\" href=\"https:\/\/phucma.com.vn\/congnghiep\/product\/con-dau-kanji-xl8\/\" \/>\n<meta property=\"og:locale\" content=\"vi_VN\" \/>\n<meta property=\"og:type\" content=\"article\" \/>\n<meta property=\"og:title\" content=\"D\u1ea5u \u0111\u00f3ng c\u00f3 m\u1ef1c s\u1eb5n XL-8\" \/>\n<meta property=\"og:description\" content=\"D\u1ea5u \u0111\u00f3ng th\u1ea9m th\u1ea5u Xstamper XL chuy\u00ean d\u00f9ng c\u1ee7a ng\u01b0\u1eddi Nh\u1eadt B\u1ea3n. D\u1ea5u th\u01b0\u1eddng \u0111\u01b0\u1ee3c \u0111\u00f3ng t\u00ean ch\u1eef Kanji ho\u1eb7c k\u00fd hi\u1ec7u   K\u00edch th\u01b0\u1edbc kh\u1eafc: tr\u00f2n 8mm  N\u1ed9i dung kh\u1eafc: ch\u1eef Kanji, Logo...  S\u1ea3n xu\u1ea5t: nh\u00e0 m\u00e1y Shachihata t\u1ea1i Nh\u1eadt B\u1ea3n  Kh\u1eafc d\u1ea5u: t\u1ea1i Nh\u1eadt B\u1ea3n\" \/>\n<meta property=\"og:url\" content=\"https:\/\/phucma.com.vn\/congnghiep\/product\/con-dau-kanji-xl8\/\" \/>\n<meta property=\"og:site_name\" content=\"C\u00f4ng Ty TNHH Th\u01b0\u01a1ng M\u1ea1i PH\u00daC M\u00c3\" \/>\n<meta property=\"article:publisher\" content=\"https:\/\/www.facebook.com\/artline.vn\" \/>\n<meta property=\"article:modified_time\" content=\"2025-11-06T04:26:42+00:00\" \/>\n<meta property=\"og:image\" content=\"https:\/\/phucma.com.vn\/congnghiep\/wp-content\/uploads\/2025\/02\/dbdb0c8b554c70038283782bc2a0af42.webp\" \/>\n\t<meta property=\"og:image:width\" content=\"736\" \/>\n\t<meta property=\"og:image:height\" content=\"736\" \/>\n\t<meta property=\"og:image:type\" content=\"image\/webp\" \/>\n<meta name=\"twitter:card\" content=\"summary_large_image\" \/>\n<meta name=\"twitter:label1\" content=\"Kh\u1ea3 d\u1ee5ng\" \/>\n\t<meta name=\"twitter:data1\" content=\"Trong kho\" \/>\n<script type=\"application\/ld+json\" class=\"yoast-schema-graph\">{\"@context\":\"https:\/\/schema.org\",\"@graph\":[{\"@type\":\"WebPage\",\"@id\":\"https:\/\/phucma.com.vn\/congnghiep\/product\/con-dau-kanji-xl8\/\",\"url\":\"https:\/\/phucma.com.vn\/congnghiep\/product\/con-dau-kanji-xl8\/\",\"name\":\"D\u1ea5u \u0111\u00f3ng c\u00f3 m\u1ef1c s\u1eb5n XL-8 - C\u00f4ng Ty TNHH Th\u01b0\u01a1ng M\u1ea1i PH\u00daC M\u00c3\",\"isPartOf\":{\"@id\":\"https:\/\/phucma.com.vn\/congnghiep\/#website\"},\"primaryImageOfPage\":{\"@id\":\"https:\/\/phucma.com.vn\/congnghiep\/product\/con-dau-kanji-xl8\/#primaryimage\"},\"image\":{\"@id\":\"https:\/\/phucma.com.vn\/congnghiep\/product\/con-dau-kanji-xl8\/#primaryimage\"},\"thumbnailUrl\":\"https:\/\/phucma.com.vn\/congnghiep\/wp-content\/uploads\/2025\/02\/dbdb0c8b554c70038283782bc2a0af42.webp\",\"datePublished\":\"2025-02-26T06:19:39+00:00\",\"dateModified\":\"2025-11-06T04:26:42+00:00\",\"breadcrumb\":{\"@id\":\"https:\/\/phucma.com.vn\/congnghiep\/product\/con-dau-kanji-xl8\/#breadcrumb\"},\"inLanguage\":\"vi\",\"potentialAction\":[{\"@type\":\"ReadAction\",\"target\":[\"https:\/\/phucma.com.vn\/congnghiep\/product\/con-dau-kanji-xl8\/\"]}]},{\"@type\":\"ImageObject\",\"inLanguage\":\"vi\",\"@id\":\"https:\/\/phucma.com.vn\/congnghiep\/product\/con-dau-kanji-xl8\/#primaryimage\",\"url\":\"https:\/\/phucma.com.vn\/congnghiep\/wp-content\/uploads\/2025\/02\/dbdb0c8b554c70038283782bc2a0af42.webp\",\"contentUrl\":\"https:\/\/phucma.com.vn\/congnghiep\/wp-content\/uploads\/2025\/02\/dbdb0c8b554c70038283782bc2a0af42.webp\",\"width\":736,\"height\":736},{\"@type\":\"BreadcrumbList\",\"@id\":\"https:\/\/phucma.com.vn\/congnghiep\/product\/con-dau-kanji-xl8\/#breadcrumb\",\"itemListElement\":[{\"@type\":\"ListItem\",\"position\":1,\"name\":\"Home\",\"item\":\"https:\/\/phucma.com.vn\/congnghiep\/\"},{\"@type\":\"ListItem\",\"position\":2,\"name\":\"C\u1eeda h\u00e0ng\",\"item\":\"https:\/\/phucma.com.vn\/congnghiep\/shop\/\"},{\"@type\":\"ListItem\",\"position\":3,\"name\":\"D\u1ea5u \u0111\u00f3ng c\u00f3 m\u1ef1c s\u1eb5n XL-8\"}]},{\"@type\":\"WebSite\",\"@id\":\"https:\/\/phucma.com.vn\/congnghiep\/#website\",\"url\":\"https:\/\/phucma.com.vn\/congnghiep\/\",\"name\":\"C\u00f4ng ty Ph\u00fac M\u00e3\",\"description\":\"S\u1ea3n ph\u1ea9m c\u00f4ng nghi\u1ec7p d\u00e0nh cho nh\u00e0 m\u00e1y\",\"publisher\":{\"@id\":\"https:\/\/phucma.com.vn\/congnghiep\/#organization\"},\"alternateName\":\"CTy Ph\u00fac M\u00e3\",\"potentialAction\":[{\"@type\":\"SearchAction\",\"target\":{\"@type\":\"EntryPoint\",\"urlTemplate\":\"https:\/\/phucma.com.vn\/congnghiep\/?s={search_term_string}\"},\"query-input\":{\"@type\":\"PropertyValueSpecification\",\"valueRequired\":true,\"valueName\":\"search_term_string\"}}],\"inLanguage\":\"vi\"},{\"@type\":\"Organization\",\"@id\":\"https:\/\/phucma.com.vn\/congnghiep\/#organization\",\"name\":\"CTY PH\u00daC M\u00c3\",\"alternateName\":\"C\u00f4ng ty TNHH TM Ph\u00fac M\u00e3\",\"url\":\"https:\/\/phucma.com.vn\/congnghiep\/\",\"logo\":{\"@type\":\"ImageObject\",\"inLanguage\":\"vi\",\"@id\":\"https:\/\/phucma.com.vn\/congnghiep\/#\/schema\/logo\/image\/\",\"url\":\"https:\/\/phucma.com.vn\/congnghiep\/wp-content\/uploads\/2025\/01\/cropped-cropped-logo-cty-phuc-ma-11.png\",\"contentUrl\":\"https:\/\/phucma.com.vn\/congnghiep\/wp-content\/uploads\/2025\/01\/cropped-cropped-logo-cty-phuc-ma-11.png\",\"width\":256,\"height\":191,\"caption\":\"CTY PH\u00daC M\u00c3\"},\"image\":{\"@id\":\"https:\/\/phucma.com.vn\/congnghiep\/#\/schema\/logo\/image\/\"},\"sameAs\":[\"https:\/\/www.facebook.com\/artline.vn\"],\"description\":\"CTY PHUC MA - 20 n\u0103m chuy\u00ean cung c\u1ea5p c\u00e1c s\u1ea3n ph\u1ea9m b\u00fat, m\u1ef1c, d\u1ea5u c\u00f4ng nghi\u1ec7p cho h\u01a1n 1000 nh\u00e0 m\u00e1y kh\u1eafp c\u00e1c khu c\u00f4ng nghi\u1ec7p tr\u00ean c\u1ea3 n\u01b0\u1edbc\",\"email\":\"info@phucma.com.vn\",\"telephone\":\"02835140805\",\"legalName\":\"C\u00f4ng ty TNHH Th\u01b0\u01a1ng M\u1ea1i Ph\u00fac M\u00e3\",\"vatID\":\"0303490755\",\"numberOfEmployees\":{\"@type\":\"QuantitativeValue\",\"minValue\":\"51\",\"maxValue\":\"200\"}}]}<\/script>\n<meta property=\"product:brand\" content=\"Xstamper\" \/>\n<meta property=\"og:availability\" content=\"instock\" \/>\n<meta property=\"product:availability\" content=\"instock\" \/>\n<meta property=\"product:retailer_item_id\" content=\"XL8\" \/>\n<meta property=\"product:condition\" content=\"new\" \/>\n<!-- \/ Yoast SEO Premium plugin. -->","yoast_head_json":{"title":"D\u1ea5u \u0111\u00f3ng c\u00f3 m\u1ef1c s\u1eb5n XL-8 - C\u00f4ng Ty TNHH Th\u01b0\u01a1ng M\u1ea1i PH\u00daC M\u00c3","robots":{"index":"index","follow":"follow","max-snippet":"max-snippet:-1","max-image-preview":"max-image-preview:large","max-video-preview":"max-video-preview:-1"},"canonical":"https:\/\/phucma.com.vn\/congnghiep\/product\/con-dau-kanji-xl8\/","og_locale":"vi_VN","og_type":"article","og_title":"D\u1ea5u \u0111\u00f3ng c\u00f3 m\u1ef1c s\u1eb5n XL-8","og_description":"D\u1ea5u \u0111\u00f3ng th\u1ea9m th\u1ea5u Xstamper XL chuy\u00ean d\u00f9ng c\u1ee7a ng\u01b0\u1eddi Nh\u1eadt B\u1ea3n. D\u1ea5u th\u01b0\u1eddng \u0111\u01b0\u1ee3c \u0111\u00f3ng t\u00ean ch\u1eef Kanji ho\u1eb7c k\u00fd hi\u1ec7u   K\u00edch th\u01b0\u1edbc kh\u1eafc: tr\u00f2n 8mm  N\u1ed9i dung kh\u1eafc: ch\u1eef Kanji, Logo...  S\u1ea3n xu\u1ea5t: nh\u00e0 m\u00e1y Shachihata t\u1ea1i Nh\u1eadt B\u1ea3n  Kh\u1eafc d\u1ea5u: t\u1ea1i Nh\u1eadt B\u1ea3n","og_url":"https:\/\/phucma.com.vn\/congnghiep\/product\/con-dau-kanji-xl8\/","og_site_name":"C\u00f4ng Ty TNHH Th\u01b0\u01a1ng M\u1ea1i PH\u00daC M\u00c3","article_publisher":"https:\/\/www.facebook.com\/artline.vn","article_modified_time":"2025-11-06T04:26:42+00:00","og_image":[{"width":736,"height":736,"url":"https:\/\/phucma.com.vn\/congnghiep\/wp-content\/uploads\/2025\/02\/dbdb0c8b554c70038283782bc2a0af42.webp","type":"image\/webp"}],"twitter_card":"summary_large_image","twitter_misc":{"Kh\u1ea3 d\u1ee5ng":"Trong kho"},"schema":{"@context":"https:\/\/schema.org","@graph":[{"@type":"WebPage","@id":"https:\/\/phucma.com.vn\/congnghiep\/product\/con-dau-kanji-xl8\/","url":"https:\/\/phucma.com.vn\/congnghiep\/product\/con-dau-kanji-xl8\/","name":"D\u1ea5u \u0111\u00f3ng c\u00f3 m\u1ef1c s\u1eb5n XL-8 - C\u00f4ng Ty TNHH Th\u01b0\u01a1ng M\u1ea1i PH\u00daC M\u00c3","isPartOf":{"@id":"https:\/\/phucma.com.vn\/congnghiep\/#website"},"primaryImageOfPage":{"@id":"https:\/\/phucma.com.vn\/congnghiep\/product\/con-dau-kanji-xl8\/#primaryimage"},"image":{"@id":"https:\/\/phucma.com.vn\/congnghiep\/product\/con-dau-kanji-xl8\/#primaryimage"},"thumbnailUrl":"https:\/\/phucma.com.vn\/congnghiep\/wp-content\/uploads\/2025\/02\/dbdb0c8b554c70038283782bc2a0af42.webp","datePublished":"2025-02-26T06:19:39+00:00","dateModified":"2025-11-06T04:26:42+00:00","breadcrumb":{"@id":"https:\/\/phucma.com.vn\/congnghiep\/product\/con-dau-kanji-xl8\/#breadcrumb"},"inLanguage":"vi","potentialAction":[{"@type":"ReadAction","target":["https:\/\/phucma.com.vn\/congnghiep\/product\/con-dau-kanji-xl8\/"]}]},{"@type":"ImageObject","inLanguage":"vi","@id":"https:\/\/phucma.com.vn\/congnghiep\/product\/con-dau-kanji-xl8\/#primaryimage","url":"https:\/\/phucma.com.vn\/congnghiep\/wp-content\/uploads\/2025\/02\/dbdb0c8b554c70038283782bc2a0af42.webp","contentUrl":"https:\/\/phucma.com.vn\/congnghiep\/wp-content\/uploads\/2025\/02\/dbdb0c8b554c70038283782bc2a0af42.webp","width":736,"height":736},{"@type":"BreadcrumbList","@id":"https:\/\/phucma.com.vn\/congnghiep\/product\/con-dau-kanji-xl8\/#breadcrumb","itemListElement":[{"@type":"ListItem","position":1,"name":"Home","item":"https:\/\/phucma.com.vn\/congnghiep\/"},{"@type":"ListItem","position":2,"name":"C\u1eeda h\u00e0ng","item":"https:\/\/phucma.com.vn\/congnghiep\/shop\/"},{"@type":"ListItem","position":3,"name":"D\u1ea5u \u0111\u00f3ng c\u00f3 m\u1ef1c s\u1eb5n XL-8"}]},{"@type":"WebSite","@id":"https:\/\/phucma.com.vn\/congnghiep\/#website","url":"https:\/\/phucma.com.vn\/congnghiep\/","name":"C\u00f4ng ty Ph\u00fac M\u00e3","description":"S\u1ea3n ph\u1ea9m c\u00f4ng nghi\u1ec7p d\u00e0nh cho nh\u00e0 m\u00e1y","publisher":{"@id":"https:\/\/phucma.com.vn\/congnghiep\/#organization"},"alternateName":"CTy Ph\u00fac M\u00e3","potentialAction":[{"@type":"SearchAction","target":{"@type":"EntryPoint","urlTemplate":"https:\/\/phucma.com.vn\/congnghiep\/?s={search_term_string}"},"query-input":{"@type":"PropertyValueSpecification","valueRequired":true,"valueName":"search_term_string"}}],"inLanguage":"vi"},{"@type":"Organization","@id":"https:\/\/phucma.com.vn\/congnghiep\/#organization","name":"CTY PH\u00daC M\u00c3","alternateName":"C\u00f4ng ty TNHH TM Ph\u00fac M\u00e3","url":"https:\/\/phucma.com.vn\/congnghiep\/","logo":{"@type":"ImageObject","inLanguage":"vi","@id":"https:\/\/phucma.com.vn\/congnghiep\/#\/schema\/logo\/image\/","url":"https:\/\/phucma.com.vn\/congnghiep\/wp-content\/uploads\/2025\/01\/cropped-cropped-logo-cty-phuc-ma-11.png","contentUrl":"https:\/\/phucma.com.vn\/congnghiep\/wp-content\/uploads\/2025\/01\/cropped-cropped-logo-cty-phuc-ma-11.png","width":256,"height":191,"caption":"CTY PH\u00daC M\u00c3"},"image":{"@id":"https:\/\/phucma.com.vn\/congnghiep\/#\/schema\/logo\/image\/"},"sameAs":["https:\/\/www.facebook.com\/artline.vn"],"description":"CTY PHUC MA - 20 n\u0103m chuy\u00ean cung c\u1ea5p c\u00e1c s\u1ea3n ph\u1ea9m b\u00fat, m\u1ef1c, d\u1ea5u c\u00f4ng nghi\u1ec7p cho h\u01a1n 1000 nh\u00e0 m\u00e1y kh\u1eafp c\u00e1c khu c\u00f4ng nghi\u1ec7p tr\u00ean c\u1ea3 n\u01b0\u1edbc","email":"info@phucma.com.vn","telephone":"02835140805","legalName":"C\u00f4ng ty TNHH Th\u01b0\u01a1ng M\u1ea1i Ph\u00fac M\u00e3","vatID":"0303490755","numberOfEmployees":{"@type":"QuantitativeValue","minValue":"51","maxValue":"200"}}]},"product_brand":"Xstamper","og_availability":"instock","product_availability":"instock","product_retailer_item_id":"XL8","product_condition":"new"},"_links":{"self":[{"href":"https:\/\/phucma.com.vn\/congnghiep\/wp-json\/wp\/v2\/product\/7578","targetHints":{"allow":["GET"]}}],"collection":[{"href":"https:\/\/phucma.com.vn\/congnghiep\/wp-json\/wp\/v2\/product"}],"about":[{"href":"https:\/\/phucma.com.vn\/congnghiep\/wp-json\/wp\/v2\/types\/product"}],"wp:featuredmedia":[{"embeddable":true,"href":"https:\/\/phucma.com.vn\/congnghiep\/wp-json\/wp\/v2\/media\/7592"}],"wp:attachment":[{"href":"https:\/\/phucma.com.vn\/congnghiep\/wp-json\/wp\/v2\/media?parent=7578"}],"wp:term":[{"taxonomy":"product_brand","embeddable":true,"href":"https:\/\/phucma.com.vn\/congnghiep\/wp-json\/wp\/v2\/product_brand?post=7578"},{"taxonomy":"product_cat","embeddable":true,"href":"https:\/\/phucma.com.vn\/congnghiep\/wp-json\/wp\/v2\/product_cat?post=7578"},{"taxonomy":"product_tag","embeddable":true,"href":"https:\/\/phucma.com.vn\/congnghiep\/wp-json\/wp\/v2\/product_tag?post=7578"}],"curies":[{"name":"wp","href":"https:\/\/api.w.org\/{rel}","templated":true}]}}