
{"id":7524,"date":"2025-02-25T14:20:50","date_gmt":"2025-02-25T07:20:50","guid":{"rendered":"https:\/\/phucma.com.vn\/congnghiep\/?post_type=product&#038;p=7524"},"modified":"2026-04-11T14:36:53","modified_gmt":"2026-04-11T07:36:53","slug":"bo-dau-ghep-so-xtensions-egrn","status":"publish","type":"product","link":"https:\/\/phucma.com.vn\/congnghiep\/product\/bo-dau-ghep-so-xtensions-egrn\/","title":{"rendered":"B\u1ed9 d\u1ea5u gh\u00e9p s\u1ed1 Xtensions EGRN"},"content":{"rendered":"<h3>S\u1ea3n ph\u1ea9m c\u00f9ng ch\u1ee7ng lo\u1ea1i:<\/h3>\n<div class=\"woocommerce\"><\/div><table id=\"wcpt_3a83bce8dc83a935_1\" class=\"wc-product-table woocommerce sticky-header   multicart-enabled theme-default\" width=\"100%\" data-config=\"{&quot;pageLength&quot;:25,&quot;pagingType&quot;:&quot;numbers&quot;,&quot;serverSide&quot;:false,&quot;autoWidth&quot;:true,&quot;clickFilter&quot;:&quot;false&quot;,&quot;scrollOffset&quot;:15,&quot;resetButton&quot;:true,&quot;multiAddToCart&quot;:false,&quot;multiCartLocation&quot;:&quot;bottom&quot;,&quot;variations&quot;:&quot;dropdown&quot;,&quot;ajaxCart&quot;:true,&quot;numOrder&quot;:false,&quot;stickyHeader&quot;:true,&quot;lengthMenu&quot;:[[10,25,50,100,-1],[10,25,50,100,&quot;All&quot;]],&quot;columnDefs&quot;:[{&quot;className&quot;:&quot;col-image&quot;,&quot;targets&quot;:0,&quot;type&quot;:&quot;html&quot;},{&quot;className&quot;:&quot;col-name&quot;,&quot;targets&quot;:1,&quot;type&quot;:&quot;html&quot;},{&quot;className&quot;:&quot;col-sku&quot;,&quot;targets&quot;:2,&quot;type&quot;:&quot;html&quot;},{&quot;className&quot;:&quot;col-color&quot;,&quot;targets&quot;:3,&quot;type&quot;:&quot;html&quot;},{&quot;className&quot;:&quot;col-price&quot;,&quot;targets&quot;:4,&quot;type&quot;:&quot;html-num&quot;}],&quot;responsive&quot;:{&quot;details&quot;:{&quot;display&quot;:&quot;child_row_visible&quot;}},&quot;search&quot;:{&quot;search&quot;:&quot;&quot;},&quot;dom&quot;:&quot;&lt;\\&quot;wc-product-table-wrapper factory\\&quot;&lt;\\&quot;wc-product-table-controls wc-product-table-above\\&quot;f&gt;t&lt;\\&quot;wc-product-table-controls wc-product-table-below\\&quot;lip&gt;&gt;&quot;}\" data-filters=\"false\" data-order='[[4, \"asc\"]]'><thead><tr><th class=\"all\" data-name=\"image\" data-orderable=\"false\" data-searchable=\"false\" data-width=\"15%\" data-priority=\"4\">Image<\/th><th data-name=\"name\" data-orderable=\"true\" data-searchable=\"true\" data-priority=\"1\">Name<\/th><th data-name=\"sku\" data-orderable=\"true\" data-searchable=\"true\" data-width=\"10%\" data-priority=\"6\">SKU<\/th><th data-name=\"tax_pa_color\" data-orderable=\"true\" data-searchable=\"true\" data-width=\"15%\">Color<\/th><th data-name=\"price\" data-orderable=\"true\" data-searchable=\"true\" data-width=\"10%\" data-priority=\"3\">Price<\/th><\/tr><\/thead><tbody><tr id=\"product-row-7518\" class=\"product product-row product-7518 outofstock product-type-variable not-purchasable\"><td><div data-thumb=\"https:\/\/phucma.com.vn\/congnghiep\/wp-content\/uploads\/2025\/02\/467d3ac15427d908fd57b880eccbf042-1-100x100.webp\" class=\"product-thumbnail-wrapper\"><img decoding=\"async\" width=\"100\" height=\"100\" src=\"https:\/\/phucma.com.vn\/congnghiep\/wp-content\/uploads\/2025\/02\/467d3ac15427d908fd57b880eccbf042-1-100x100.webp\" class=\"product-thumbnail product-table-image\" alt=\"B\u1ed9 d\u1ea5u gh\u00e9p ch\u1eef r\u1eddi Xtensions EGRAS\" title=\"467d3ac15427d908fd57b880eccbf042 (1)\" data-caption=\"B\u1ed9 d\u1ea5u gh\u00e9p ch\u1eef r\u1eddi Xtensions EGRAS\" data-src=\"https:\/\/phucma.com.vn\/congnghiep\/wp-content\/uploads\/2025\/02\/467d3ac15427d908fd57b880eccbf042-1.webp\" data-large_image=\"https:\/\/phucma.com.vn\/congnghiep\/wp-content\/uploads\/2025\/02\/467d3ac15427d908fd57b880eccbf042-1.webp\" data-large_image_width=\"736\" data-large_image_height=\"736\" \/><\/div><\/td><td><a href=\"https:\/\/phucma.com.vn\/congnghiep\/product\/bo-dau-ghep-chu-roi-xtensions-egras\/\" class=\"single-product-link\" data-product_id=\"7518\">B\u1ed9 d\u1ea5u gh\u00e9p ch\u1eef r\u1eddi Xtensions EGRAS<\/a><\/td><td><a href=\"https:\/\/phucma.com.vn\/congnghiep\/product\/bo-dau-ghep-chu-roi-xtensions-egras\/\" class=\"single-product-link\" data-product_id=\"7518\">EGRAS<\/a><\/td><td><\/td><td data-sort=\"78000\"><span class=\"woocommerce-Price-amount amount\" aria-hidden=\"true\"><bdi>78.000&nbsp;<span class=\"woocommerce-Price-currencySymbol\">&#8363;<\/span><\/bdi><\/span> <span aria-hidden=\"true\">&ndash;<\/span> <span class=\"woocommerce-Price-amount amount\" aria-hidden=\"true\"><bdi>145.000&nbsp;<span class=\"woocommerce-Price-currencySymbol\">&#8363;<\/span><\/bdi><\/span><span class=\"screen-reader-text\">Kho\u1ea3ng gi\u00e1: t\u1eeb 78.000&nbsp;&#8363; \u0111\u1ebfn 145.000&nbsp;&#8363;<\/span><\/td><\/tr><tr id=\"product-row-7532\" class=\"product product-row product-7532 outofstock product-type-variable not-purchasable\"><td><div data-thumb=\"https:\/\/phucma.com.vn\/congnghiep\/wp-content\/uploads\/2025\/02\/1ea45de4d1cd71de01c5909ecb72cea2-100x100.webp\" class=\"product-thumbnail-wrapper\"><img decoding=\"async\" width=\"100\" height=\"100\" src=\"https:\/\/phucma.com.vn\/congnghiep\/wp-content\/uploads\/2025\/02\/1ea45de4d1cd71de01c5909ecb72cea2-100x100.webp\" class=\"product-thumbnail product-table-image\" alt=\"B\u1ed9 d\u1ea5u gh\u00e9p s\u1ed1 r\u1eddi Xtensions EGRNS\" title=\"1ea45de4d1cd71de01c5909ecb72cea2\" data-caption=\"B\u1ed9 d\u1ea5u gh\u00e9p s\u1ed1 r\u1eddi Xtensions EGRNS\" data-src=\"https:\/\/phucma.com.vn\/congnghiep\/wp-content\/uploads\/2025\/02\/1ea45de4d1cd71de01c5909ecb72cea2.webp\" data-large_image=\"https:\/\/phucma.com.vn\/congnghiep\/wp-content\/uploads\/2025\/02\/1ea45de4d1cd71de01c5909ecb72cea2.webp\" data-large_image_width=\"736\" data-large_image_height=\"736\" \/><\/div><\/td><td><a href=\"https:\/\/phucma.com.vn\/congnghiep\/product\/bo-dau-ghep-so-roi-xtensions-egrns\/\" class=\"single-product-link\" data-product_id=\"7532\">B\u1ed9 d\u1ea5u gh\u00e9p s\u1ed1 r\u1eddi Xtensions EGRNS<\/a><\/td><td><a href=\"https:\/\/phucma.com.vn\/congnghiep\/product\/bo-dau-ghep-so-roi-xtensions-egrns\/\" class=\"single-product-link\" data-product_id=\"7532\">EGRNS<\/a><\/td><td><\/td><td data-sort=\"78000\"><span class=\"woocommerce-Price-amount amount\" aria-hidden=\"true\"><bdi>78.000&nbsp;<span class=\"woocommerce-Price-currencySymbol\">&#8363;<\/span><\/bdi><\/span> <span aria-hidden=\"true\">&ndash;<\/span> <span class=\"woocommerce-Price-amount amount\" aria-hidden=\"true\"><bdi>209.000&nbsp;<span class=\"woocommerce-Price-currencySymbol\">&#8363;<\/span><\/bdi><\/span><span class=\"screen-reader-text\">Kho\u1ea3ng gi\u00e1: t\u1eeb 78.000&nbsp;&#8363; \u0111\u1ebfn 209.000&nbsp;&#8363;<\/span><\/td><\/tr><tr id=\"product-row-7524\" class=\"product product-row product-7524 outofstock product-type-variable not-purchasable\"><td><div data-thumb=\"https:\/\/phucma.com.vn\/congnghiep\/wp-content\/uploads\/2025\/02\/87b65f5e24f4e2b7134ea8d311204b94-100x100.webp\" class=\"product-thumbnail-wrapper\"><img decoding=\"async\" width=\"100\" height=\"100\" src=\"https:\/\/phucma.com.vn\/congnghiep\/wp-content\/uploads\/2025\/02\/87b65f5e24f4e2b7134ea8d311204b94-100x100.webp\" class=\"product-thumbnail product-table-image\" alt=\"B\u1ed9 d\u1ea5u gh\u00e9p s\u1ed1 Xtensions EGRN\" title=\"87b65f5e24f4e2b7134ea8d311204b94\" data-caption=\"B\u1ed9 d\u1ea5u gh\u00e9p s\u1ed1 Xtensions EGRN\" data-src=\"https:\/\/phucma.com.vn\/congnghiep\/wp-content\/uploads\/2025\/02\/87b65f5e24f4e2b7134ea8d311204b94.webp\" data-large_image=\"https:\/\/phucma.com.vn\/congnghiep\/wp-content\/uploads\/2025\/02\/87b65f5e24f4e2b7134ea8d311204b94.webp\" data-large_image_width=\"736\" data-large_image_height=\"736\" \/><\/div><\/td><td><a href=\"https:\/\/phucma.com.vn\/congnghiep\/product\/bo-dau-ghep-so-xtensions-egrn\/\" class=\"single-product-link\" data-product_id=\"7524\">B\u1ed9 d\u1ea5u gh\u00e9p s\u1ed1 Xtensions EGRN<\/a><\/td><td><a href=\"https:\/\/phucma.com.vn\/congnghiep\/product\/bo-dau-ghep-so-xtensions-egrn\/\" class=\"single-product-link\" data-product_id=\"7524\">EGRN<\/a><\/td><td><\/td><td data-sort=\"385000\"><span class=\"woocommerce-Price-amount amount\" aria-hidden=\"true\"><bdi>385.000&nbsp;<span class=\"woocommerce-Price-currencySymbol\">&#8363;<\/span><\/bdi><\/span> <span aria-hidden=\"true\">&ndash;<\/span> <span class=\"woocommerce-Price-amount amount\" aria-hidden=\"true\"><bdi>1.034.000&nbsp;<span class=\"woocommerce-Price-currencySymbol\">&#8363;<\/span><\/bdi><\/span><span class=\"screen-reader-text\">Kho\u1ea3ng gi\u00e1: t\u1eeb 385.000&nbsp;&#8363; \u0111\u1ebfn 1.034.000&nbsp;&#8363;<\/span><\/td><\/tr><tr id=\"product-row-7512\" class=\"product product-row product-7512 outofstock product-type-variable not-purchasable\"><td><div data-thumb=\"https:\/\/phucma.com.vn\/congnghiep\/wp-content\/uploads\/2025\/02\/27efddde4ece7b8898eae7af228a4707-100x100.webp\" class=\"product-thumbnail-wrapper\"><img decoding=\"async\" width=\"100\" height=\"100\" src=\"https:\/\/phucma.com.vn\/congnghiep\/wp-content\/uploads\/2025\/02\/27efddde4ece7b8898eae7af228a4707-100x100.webp\" class=\"product-thumbnail product-table-image\" alt=\"B\u1ed9 d\u1ea5u gh\u00e9p ch\u1eef Xtensions EGRA\" title=\"27efddde4ece7b8898eae7af228a4707\" data-caption=\"B\u1ed9 d\u1ea5u gh\u00e9p ch\u1eef Xtensions EGRA\" data-src=\"https:\/\/phucma.com.vn\/congnghiep\/wp-content\/uploads\/2025\/02\/27efddde4ece7b8898eae7af228a4707.webp\" data-large_image=\"https:\/\/phucma.com.vn\/congnghiep\/wp-content\/uploads\/2025\/02\/27efddde4ece7b8898eae7af228a4707.webp\" data-large_image_width=\"736\" data-large_image_height=\"736\" \/><\/div><\/td><td><a href=\"https:\/\/phucma.com.vn\/congnghiep\/product\/bo-dau-ghep-chu-xtensions-egra\/\" class=\"single-product-link\" data-product_id=\"7512\">B\u1ed9 d\u1ea5u gh\u00e9p ch\u1eef Xtensions EGRA<\/a><\/td><td><a href=\"https:\/\/phucma.com.vn\/congnghiep\/product\/bo-dau-ghep-chu-xtensions-egra\/\" class=\"single-product-link\" data-product_id=\"7512\">EGRA<\/a><\/td><td><\/td><td data-sort=\"770000\"><span class=\"woocommerce-Price-amount amount\" aria-hidden=\"true\"><bdi>770.000&nbsp;<span class=\"woocommerce-Price-currencySymbol\">&#8363;<\/span><\/bdi><\/span> <span aria-hidden=\"true\">&ndash;<\/span> <span class=\"woocommerce-Price-amount amount\" aria-hidden=\"true\"><bdi>1.090.000&nbsp;<span class=\"woocommerce-Price-currencySymbol\">&#8363;<\/span><\/bdi><\/span><span class=\"screen-reader-text\">Kho\u1ea3ng gi\u00e1: t\u1eeb 770.000&nbsp;&#8363; \u0111\u1ebfn 1.090.000&nbsp;&#8363;<\/span><\/td><\/tr><\/tbody><\/table>\n","protected":false},"excerpt":{"rendered":"<p>B\u1ed9 d\u1ea5u gh\u00e9p S\u1ed1 Xtensions EGRN th\u01b0\u1eddng d\u00f9ng \u0111\u1ec3 \u0111\u00f3ng h\u1ea1ng ng\u00e0y s\u1ea3n xu\u1ea5t l\u00ean bao b\u00ec s\u1ea3n ph\u1ea9m, th\u00f9ng carton,\u2026. D\u1ea5u gh\u00e9p thanh c\u00f3 th\u1ec3 gh\u00e9p c\u00e1c thanh k\u00fd t\u1ef1, k\u00fd s\u1ed1 theo c\u00e1c chi\u1ec1u d\u1ecdc l\u1eabn chi\u1ec1u ngang. \u0110\u00f3ng g\u00f3i: 17 k\u00fd t\u1ef1\/h\u1ed9p (g\u1ed3m T\u1eeb 0 \u0111\u1ebfn 9 v\u00e0 c\u00e1c k\u00fd t\u1ef1 kh\u00e1c nh\u01b0 \u201c.\u201d, 1\/2, $, -, \u201c,\u201d,\u2026<\/p>\n","protected":false},"featured_media":7563,"template":"","meta":{"_acf_changed":false},"product_brand":[215],"product_cat":[721,736,708,713,711,709,710,741,717],"product_tag":[846,841,840,847,839,838,837,836,835,583],"class_list":{"0":"post-7524","1":"product","2":"type-product","3":"status-publish","4":"has-post-thumbnail","6":"product_brand-xtensions","7":"product_cat-dau","8":"product_cat-dong-dau-dong","9":"product_cat-dong-san-pham-un-ink","10":"product_cat-dung-moi-vat-lieu","11":"product_cat-dung-tren-giay","12":"product_cat-dung-tren-kim-loai","13":"product_cat-dung-tren-nhua","14":"product_cat-dung-trong-nha-may","15":"product_cat-xtension","16":"product_tag-dau-ghep-thanh","17":"product_tag-dau-ghep-thanh-xtensions-egrn","18":"product_tag-dau-so-ghep-thanh","19":"product_tag-dau-thay-doi-noi-dung","20":"product_tag-dau-dong-ma-so-ghep-thanh","21":"product_tag-dau-dong-ma-so-thu-cong","22":"product_tag-dau-dong-so-bang-tay","23":"product_tag-dau-dong-so-ghep-thanh","24":"product_tag-dau-dong-so-thu-cong","25":"product_tag-egrn","27":"first","28":"outofstock","29":"taxable","30":"shipping-taxable","31":"purchasable","32":"product-type-variable"},"acf":[],"yoast_head":"<!-- This site is optimized with the Yoast SEO Premium plugin v24.4 (Yoast SEO v26.4) - https:\/\/yoast.com\/wordpress\/plugins\/seo\/ -->\n<title>B\u1ed9 d\u1ea5u gh\u00e9p s\u1ed1 Xtensions EGRN - C\u00f4ng Ty TNHH Th\u01b0\u01a1ng M\u1ea1i PH\u00daC M\u00c3<\/title>\n<meta name=\"description\" content=\"D\u1ea5u gh\u00e9p thay \u0111\u1ed5i th\u00f4ng tin d\u1ec5 d\u00e0ng d\u00f9ng trong \u0111\u00e1nh d\u1ea5u gi\u00fap vi\u1ec7c qu\u1ea3n l\u00fd quy tr\u00ecnh v\u00e0 ch\u1ea5t l\u01b0\u1ee3ng s\u1ea3n ph\u1ea9m d\u1ec5 d\u00e0ng kh\u00e2u QC\/QR\" \/>\n<meta name=\"robots\" content=\"index, follow, max-snippet:-1, max-image-preview:large, max-video-preview:-1\" \/>\n<link rel=\"canonical\" href=\"https:\/\/phucma.com.vn\/congnghiep\/product\/bo-dau-ghep-so-xtensions-egrn\/\" \/>\n<meta property=\"og:locale\" content=\"vi_VN\" \/>\n<meta property=\"og:type\" content=\"article\" \/>\n<meta property=\"og:title\" content=\"B\u1ed9 d\u1ea5u gh\u00e9p s\u1ed1 Xtensions EGRN\" \/>\n<meta property=\"og:description\" content=\"D\u1ea5u gh\u00e9p thay \u0111\u1ed5i th\u00f4ng tin d\u1ec5 d\u00e0ng d\u00f9ng trong \u0111\u00e1nh d\u1ea5u gi\u00fap vi\u1ec7c qu\u1ea3n l\u00fd quy tr\u00ecnh v\u00e0 ch\u1ea5t l\u01b0\u1ee3ng s\u1ea3n ph\u1ea9m d\u1ec5 d\u00e0ng kh\u00e2u QC\/QR\" \/>\n<meta property=\"og:url\" content=\"https:\/\/phucma.com.vn\/congnghiep\/product\/bo-dau-ghep-so-xtensions-egrn\/\" \/>\n<meta property=\"og:site_name\" content=\"C\u00f4ng Ty TNHH Th\u01b0\u01a1ng M\u1ea1i PH\u00daC M\u00c3\" \/>\n<meta property=\"article:publisher\" content=\"https:\/\/www.facebook.com\/artline.vn\" \/>\n<meta property=\"article:modified_time\" content=\"2026-04-11T07:36:53+00:00\" \/>\n<meta property=\"og:image\" content=\"https:\/\/phucma.com.vn\/congnghiep\/wp-content\/uploads\/2025\/02\/87b65f5e24f4e2b7134ea8d311204b94.webp\" \/>\n\t<meta property=\"og:image:width\" content=\"736\" \/>\n\t<meta property=\"og:image:height\" content=\"736\" \/>\n\t<meta property=\"og:image:type\" content=\"image\/webp\" \/>\n<meta name=\"twitter:card\" content=\"summary_large_image\" \/>\n<meta name=\"twitter:label1\" content=\"Kh\u1ea3 d\u1ee5ng\" \/>\n\t<meta name=\"twitter:data1\" content=\"H\u1ebft h\u00e0ng\" \/>\n<script type=\"application\/ld+json\" class=\"yoast-schema-graph\">{\"@context\":\"https:\/\/schema.org\",\"@graph\":[{\"@type\":\"WebPage\",\"@id\":\"https:\/\/phucma.com.vn\/congnghiep\/product\/bo-dau-ghep-so-xtensions-egrn\/\",\"url\":\"https:\/\/phucma.com.vn\/congnghiep\/product\/bo-dau-ghep-so-xtensions-egrn\/\",\"name\":\"B\u1ed9 d\u1ea5u gh\u00e9p s\u1ed1 Xtensions EGRN - C\u00f4ng Ty TNHH Th\u01b0\u01a1ng M\u1ea1i PH\u00daC M\u00c3\",\"isPartOf\":{\"@id\":\"https:\/\/phucma.com.vn\/congnghiep\/#website\"},\"primaryImageOfPage\":{\"@id\":\"https:\/\/phucma.com.vn\/congnghiep\/product\/bo-dau-ghep-so-xtensions-egrn\/#primaryimage\"},\"image\":{\"@id\":\"https:\/\/phucma.com.vn\/congnghiep\/product\/bo-dau-ghep-so-xtensions-egrn\/#primaryimage\"},\"thumbnailUrl\":\"https:\/\/phucma.com.vn\/congnghiep\/wp-content\/uploads\/2025\/02\/87b65f5e24f4e2b7134ea8d311204b94.webp\",\"datePublished\":\"2025-02-25T07:20:50+00:00\",\"dateModified\":\"2026-04-11T07:36:53+00:00\",\"description\":\"D\u1ea5u gh\u00e9p thay \u0111\u1ed5i th\u00f4ng tin d\u1ec5 d\u00e0ng d\u00f9ng trong \u0111\u00e1nh d\u1ea5u gi\u00fap vi\u1ec7c qu\u1ea3n l\u00fd quy tr\u00ecnh v\u00e0 ch\u1ea5t l\u01b0\u1ee3ng s\u1ea3n ph\u1ea9m d\u1ec5 d\u00e0ng kh\u00e2u QC\/QR\",\"breadcrumb\":{\"@id\":\"https:\/\/phucma.com.vn\/congnghiep\/product\/bo-dau-ghep-so-xtensions-egrn\/#breadcrumb\"},\"inLanguage\":\"vi\",\"potentialAction\":[{\"@type\":\"ReadAction\",\"target\":[\"https:\/\/phucma.com.vn\/congnghiep\/product\/bo-dau-ghep-so-xtensions-egrn\/\"]}]},{\"@type\":\"ImageObject\",\"inLanguage\":\"vi\",\"@id\":\"https:\/\/phucma.com.vn\/congnghiep\/product\/bo-dau-ghep-so-xtensions-egrn\/#primaryimage\",\"url\":\"https:\/\/phucma.com.vn\/congnghiep\/wp-content\/uploads\/2025\/02\/87b65f5e24f4e2b7134ea8d311204b94.webp\",\"contentUrl\":\"https:\/\/phucma.com.vn\/congnghiep\/wp-content\/uploads\/2025\/02\/87b65f5e24f4e2b7134ea8d311204b94.webp\",\"width\":736,\"height\":736},{\"@type\":\"BreadcrumbList\",\"@id\":\"https:\/\/phucma.com.vn\/congnghiep\/product\/bo-dau-ghep-so-xtensions-egrn\/#breadcrumb\",\"itemListElement\":[{\"@type\":\"ListItem\",\"position\":1,\"name\":\"Home\",\"item\":\"https:\/\/phucma.com.vn\/congnghiep\/\"},{\"@type\":\"ListItem\",\"position\":2,\"name\":\"C\u1eeda h\u00e0ng\",\"item\":\"https:\/\/phucma.com.vn\/congnghiep\/shop\/\"},{\"@type\":\"ListItem\",\"position\":3,\"name\":\"B\u1ed9 d\u1ea5u gh\u00e9p s\u1ed1 Xtensions EGRN\"}]},{\"@type\":\"WebSite\",\"@id\":\"https:\/\/phucma.com.vn\/congnghiep\/#website\",\"url\":\"https:\/\/phucma.com.vn\/congnghiep\/\",\"name\":\"C\u00f4ng ty Ph\u00fac M\u00e3\",\"description\":\"S\u1ea3n ph\u1ea9m c\u00f4ng nghi\u1ec7p d\u00e0nh cho nh\u00e0 m\u00e1y\",\"publisher\":{\"@id\":\"https:\/\/phucma.com.vn\/congnghiep\/#organization\"},\"alternateName\":\"CTy Ph\u00fac M\u00e3\",\"potentialAction\":[{\"@type\":\"SearchAction\",\"target\":{\"@type\":\"EntryPoint\",\"urlTemplate\":\"https:\/\/phucma.com.vn\/congnghiep\/?s={search_term_string}\"},\"query-input\":{\"@type\":\"PropertyValueSpecification\",\"valueRequired\":true,\"valueName\":\"search_term_string\"}}],\"inLanguage\":\"vi\"},{\"@type\":\"Organization\",\"@id\":\"https:\/\/phucma.com.vn\/congnghiep\/#organization\",\"name\":\"CTY PH\u00daC M\u00c3\",\"alternateName\":\"C\u00f4ng ty TNHH TM Ph\u00fac M\u00e3\",\"url\":\"https:\/\/phucma.com.vn\/congnghiep\/\",\"logo\":{\"@type\":\"ImageObject\",\"inLanguage\":\"vi\",\"@id\":\"https:\/\/phucma.com.vn\/congnghiep\/#\/schema\/logo\/image\/\",\"url\":\"https:\/\/phucma.com.vn\/congnghiep\/wp-content\/uploads\/2025\/01\/cropped-cropped-logo-cty-phuc-ma-11.png\",\"contentUrl\":\"https:\/\/phucma.com.vn\/congnghiep\/wp-content\/uploads\/2025\/01\/cropped-cropped-logo-cty-phuc-ma-11.png\",\"width\":256,\"height\":191,\"caption\":\"CTY PH\u00daC M\u00c3\"},\"image\":{\"@id\":\"https:\/\/phucma.com.vn\/congnghiep\/#\/schema\/logo\/image\/\"},\"sameAs\":[\"https:\/\/www.facebook.com\/artline.vn\"],\"description\":\"CTY PHUC MA - 20 n\u0103m chuy\u00ean cung c\u1ea5p c\u00e1c s\u1ea3n ph\u1ea9m b\u00fat, m\u1ef1c, d\u1ea5u c\u00f4ng nghi\u1ec7p cho h\u01a1n 1000 nh\u00e0 m\u00e1y kh\u1eafp c\u00e1c khu c\u00f4ng nghi\u1ec7p tr\u00ean c\u1ea3 n\u01b0\u1edbc\",\"email\":\"info@phucma.com.vn\",\"telephone\":\"02835140805\",\"legalName\":\"C\u00f4ng ty TNHH Th\u01b0\u01a1ng M\u1ea1i Ph\u00fac M\u00e3\",\"vatID\":\"0303490755\",\"numberOfEmployees\":{\"@type\":\"QuantitativeValue\",\"minValue\":\"51\",\"maxValue\":\"200\"}}]}<\/script>\n<meta property=\"product:brand\" content=\"Xtensions\" \/>\n<meta property=\"og:availability\" content=\"out of stock\" \/>\n<meta property=\"product:availability\" content=\"out of stock\" \/>\n<meta property=\"product:retailer_item_id\" content=\"EGRN\" \/>\n<meta property=\"product:condition\" content=\"new\" \/>\n<!-- \/ Yoast SEO Premium plugin. -->","yoast_head_json":{"title":"B\u1ed9 d\u1ea5u gh\u00e9p s\u1ed1 Xtensions EGRN - C\u00f4ng Ty TNHH Th\u01b0\u01a1ng M\u1ea1i PH\u00daC M\u00c3","description":"D\u1ea5u gh\u00e9p thay \u0111\u1ed5i th\u00f4ng tin d\u1ec5 d\u00e0ng d\u00f9ng trong \u0111\u00e1nh d\u1ea5u gi\u00fap vi\u1ec7c qu\u1ea3n l\u00fd quy tr\u00ecnh v\u00e0 ch\u1ea5t l\u01b0\u1ee3ng s\u1ea3n ph\u1ea9m d\u1ec5 d\u00e0ng kh\u00e2u QC\/QR","robots":{"index":"index","follow":"follow","max-snippet":"max-snippet:-1","max-image-preview":"max-image-preview:large","max-video-preview":"max-video-preview:-1"},"canonical":"https:\/\/phucma.com.vn\/congnghiep\/product\/bo-dau-ghep-so-xtensions-egrn\/","og_locale":"vi_VN","og_type":"article","og_title":"B\u1ed9 d\u1ea5u gh\u00e9p s\u1ed1 Xtensions EGRN","og_description":"D\u1ea5u gh\u00e9p thay \u0111\u1ed5i th\u00f4ng tin d\u1ec5 d\u00e0ng d\u00f9ng trong \u0111\u00e1nh d\u1ea5u gi\u00fap vi\u1ec7c qu\u1ea3n l\u00fd quy tr\u00ecnh v\u00e0 ch\u1ea5t l\u01b0\u1ee3ng s\u1ea3n ph\u1ea9m d\u1ec5 d\u00e0ng kh\u00e2u QC\/QR","og_url":"https:\/\/phucma.com.vn\/congnghiep\/product\/bo-dau-ghep-so-xtensions-egrn\/","og_site_name":"C\u00f4ng Ty TNHH Th\u01b0\u01a1ng M\u1ea1i PH\u00daC M\u00c3","article_publisher":"https:\/\/www.facebook.com\/artline.vn","article_modified_time":"2026-04-11T07:36:53+00:00","og_image":[{"width":736,"height":736,"url":"https:\/\/phucma.com.vn\/congnghiep\/wp-content\/uploads\/2025\/02\/87b65f5e24f4e2b7134ea8d311204b94.webp","type":"image\/webp"}],"twitter_card":"summary_large_image","twitter_misc":{"Kh\u1ea3 d\u1ee5ng":"H\u1ebft h\u00e0ng"},"schema":{"@context":"https:\/\/schema.org","@graph":[{"@type":"WebPage","@id":"https:\/\/phucma.com.vn\/congnghiep\/product\/bo-dau-ghep-so-xtensions-egrn\/","url":"https:\/\/phucma.com.vn\/congnghiep\/product\/bo-dau-ghep-so-xtensions-egrn\/","name":"B\u1ed9 d\u1ea5u gh\u00e9p s\u1ed1 Xtensions EGRN - C\u00f4ng Ty TNHH Th\u01b0\u01a1ng M\u1ea1i PH\u00daC M\u00c3","isPartOf":{"@id":"https:\/\/phucma.com.vn\/congnghiep\/#website"},"primaryImageOfPage":{"@id":"https:\/\/phucma.com.vn\/congnghiep\/product\/bo-dau-ghep-so-xtensions-egrn\/#primaryimage"},"image":{"@id":"https:\/\/phucma.com.vn\/congnghiep\/product\/bo-dau-ghep-so-xtensions-egrn\/#primaryimage"},"thumbnailUrl":"https:\/\/phucma.com.vn\/congnghiep\/wp-content\/uploads\/2025\/02\/87b65f5e24f4e2b7134ea8d311204b94.webp","datePublished":"2025-02-25T07:20:50+00:00","dateModified":"2026-04-11T07:36:53+00:00","description":"D\u1ea5u gh\u00e9p thay \u0111\u1ed5i th\u00f4ng tin d\u1ec5 d\u00e0ng d\u00f9ng trong \u0111\u00e1nh d\u1ea5u gi\u00fap vi\u1ec7c qu\u1ea3n l\u00fd quy tr\u00ecnh v\u00e0 ch\u1ea5t l\u01b0\u1ee3ng s\u1ea3n ph\u1ea9m d\u1ec5 d\u00e0ng kh\u00e2u QC\/QR","breadcrumb":{"@id":"https:\/\/phucma.com.vn\/congnghiep\/product\/bo-dau-ghep-so-xtensions-egrn\/#breadcrumb"},"inLanguage":"vi","potentialAction":[{"@type":"ReadAction","target":["https:\/\/phucma.com.vn\/congnghiep\/product\/bo-dau-ghep-so-xtensions-egrn\/"]}]},{"@type":"ImageObject","inLanguage":"vi","@id":"https:\/\/phucma.com.vn\/congnghiep\/product\/bo-dau-ghep-so-xtensions-egrn\/#primaryimage","url":"https:\/\/phucma.com.vn\/congnghiep\/wp-content\/uploads\/2025\/02\/87b65f5e24f4e2b7134ea8d311204b94.webp","contentUrl":"https:\/\/phucma.com.vn\/congnghiep\/wp-content\/uploads\/2025\/02\/87b65f5e24f4e2b7134ea8d311204b94.webp","width":736,"height":736},{"@type":"BreadcrumbList","@id":"https:\/\/phucma.com.vn\/congnghiep\/product\/bo-dau-ghep-so-xtensions-egrn\/#breadcrumb","itemListElement":[{"@type":"ListItem","position":1,"name":"Home","item":"https:\/\/phucma.com.vn\/congnghiep\/"},{"@type":"ListItem","position":2,"name":"C\u1eeda h\u00e0ng","item":"https:\/\/phucma.com.vn\/congnghiep\/shop\/"},{"@type":"ListItem","position":3,"name":"B\u1ed9 d\u1ea5u gh\u00e9p s\u1ed1 Xtensions EGRN"}]},{"@type":"WebSite","@id":"https:\/\/phucma.com.vn\/congnghiep\/#website","url":"https:\/\/phucma.com.vn\/congnghiep\/","name":"C\u00f4ng ty Ph\u00fac M\u00e3","description":"S\u1ea3n ph\u1ea9m c\u00f4ng nghi\u1ec7p d\u00e0nh cho nh\u00e0 m\u00e1y","publisher":{"@id":"https:\/\/phucma.com.vn\/congnghiep\/#organization"},"alternateName":"CTy Ph\u00fac M\u00e3","potentialAction":[{"@type":"SearchAction","target":{"@type":"EntryPoint","urlTemplate":"https:\/\/phucma.com.vn\/congnghiep\/?s={search_term_string}"},"query-input":{"@type":"PropertyValueSpecification","valueRequired":true,"valueName":"search_term_string"}}],"inLanguage":"vi"},{"@type":"Organization","@id":"https:\/\/phucma.com.vn\/congnghiep\/#organization","name":"CTY PH\u00daC M\u00c3","alternateName":"C\u00f4ng ty TNHH TM Ph\u00fac M\u00e3","url":"https:\/\/phucma.com.vn\/congnghiep\/","logo":{"@type":"ImageObject","inLanguage":"vi","@id":"https:\/\/phucma.com.vn\/congnghiep\/#\/schema\/logo\/image\/","url":"https:\/\/phucma.com.vn\/congnghiep\/wp-content\/uploads\/2025\/01\/cropped-cropped-logo-cty-phuc-ma-11.png","contentUrl":"https:\/\/phucma.com.vn\/congnghiep\/wp-content\/uploads\/2025\/01\/cropped-cropped-logo-cty-phuc-ma-11.png","width":256,"height":191,"caption":"CTY PH\u00daC M\u00c3"},"image":{"@id":"https:\/\/phucma.com.vn\/congnghiep\/#\/schema\/logo\/image\/"},"sameAs":["https:\/\/www.facebook.com\/artline.vn"],"description":"CTY PHUC MA - 20 n\u0103m chuy\u00ean cung c\u1ea5p c\u00e1c s\u1ea3n ph\u1ea9m b\u00fat, m\u1ef1c, d\u1ea5u c\u00f4ng nghi\u1ec7p cho h\u01a1n 1000 nh\u00e0 m\u00e1y kh\u1eafp c\u00e1c khu c\u00f4ng nghi\u1ec7p tr\u00ean c\u1ea3 n\u01b0\u1edbc","email":"info@phucma.com.vn","telephone":"02835140805","legalName":"C\u00f4ng ty TNHH Th\u01b0\u01a1ng M\u1ea1i Ph\u00fac M\u00e3","vatID":"0303490755","numberOfEmployees":{"@type":"QuantitativeValue","minValue":"51","maxValue":"200"}}]},"product_brand":"Xtensions","og_availability":"out of stock","product_availability":"out of stock","product_retailer_item_id":"EGRN","product_condition":"new"},"_links":{"self":[{"href":"https:\/\/phucma.com.vn\/congnghiep\/wp-json\/wp\/v2\/product\/7524","targetHints":{"allow":["GET"]}}],"collection":[{"href":"https:\/\/phucma.com.vn\/congnghiep\/wp-json\/wp\/v2\/product"}],"about":[{"href":"https:\/\/phucma.com.vn\/congnghiep\/wp-json\/wp\/v2\/types\/product"}],"wp:featuredmedia":[{"embeddable":true,"href":"https:\/\/phucma.com.vn\/congnghiep\/wp-json\/wp\/v2\/media\/7563"}],"wp:attachment":[{"href":"https:\/\/phucma.com.vn\/congnghiep\/wp-json\/wp\/v2\/media?parent=7524"}],"wp:term":[{"taxonomy":"product_brand","embeddable":true,"href":"https:\/\/phucma.com.vn\/congnghiep\/wp-json\/wp\/v2\/product_brand?post=7524"},{"taxonomy":"product_cat","embeddable":true,"href":"https:\/\/phucma.com.vn\/congnghiep\/wp-json\/wp\/v2\/product_cat?post=7524"},{"taxonomy":"product_tag","embeddable":true,"href":"https:\/\/phucma.com.vn\/congnghiep\/wp-json\/wp\/v2\/product_tag?post=7524"}],"curies":[{"name":"wp","href":"https:\/\/api.w.org\/{rel}","templated":true}]}}