
{"id":74235,"date":"2025-11-06T15:14:07","date_gmt":"2025-11-06T08:14:07","guid":{"rendered":"https:\/\/phucma.com.vn\/congnghiep\/?post_type=product&#038;p=74235"},"modified":"2025-11-11T14:10:32","modified_gmt":"2025-11-11T07:10:32","slug":"but-gel-artline-j-pop-egb-s260-mau-co-ban","status":"publish","type":"product","link":"https:\/\/phucma.com.vn\/congnghiep\/product\/but-gel-artline-j-pop-egb-s260-mau-co-ban\/","title":{"rendered":"B\u00fat gel Artline J-POP EGB-S260 m\u00e0u c\u01a1 b\u1ea3n"},"content":{"rendered":"<p>B\u00fat Gel Artline J-POP &#8211; N\u00e9t ch\u1eef r\u1ef1c r\u1ee1, th\u1ecfa s\u1ee9c s\u00e1ng t\u1ea1o<br \/>\nArtline J-POP &#8211; D\u00f2ng b\u00fat Gel d\u00e0nh cho nh\u1eefng t\u00e2m h\u1ed3n y\u00eau s\u00e1ng t\u1ea1o<br \/>\nL\u1ea5y c\u1ea3m h\u1ee9ng t\u1eeb J-POP &#8211; d\u00f2ng nh\u1ea1c s\u00f4i \u0111\u1ed9ng, tr\u1ebb trung, Artline d\u00e0nh t\u1eb7ng d\u00f2ng b\u00fat n\u00e0y cho c\u00e1c b\u1ea1n tr\u1ebb n\u0103ng \u0111\u1ed9ng, y\u00eau th\u00edch th\u1ec3 hi\u1ec7n c\u00e1 t\u00ednh b\u1ea3n th\u00e2n qua t\u1eebng n\u00e9t ch\u1eef tr\u00ean trang v\u1edf, hay trong nh\u1eefng b\u1ee9c tranh \u0111\u1ea7y m\u00e0u s\u1eafc.<br \/>\nNh\u00f3m m\u00e0u kinh \u0111i\u1ec3n: Black, Brown, Orange, Red, Yellow, Purple, Blue, Green<\/p>\n","protected":false},"excerpt":{"rendered":"<p>M\u00e3 H\u00e0ng :    EGB-S260<br \/>\nNg\u00f2i b\u00fat: 0.5mm<br \/>\nD\u00f2ng m\u1ef1c: s\u1eed d\u1ee5ng m\u1ef1c GEL<br \/>\n\u0110\u00f3ng g\u00f3i: h\u1ed9p 12 c\u00e2y<br \/>\nM\u00e0u s\u1eafc: 24 m\u00e0u<br \/>\nXu\u1ea5t x\u1ee9: Nh\u1eadt B\u1ea3n<br \/>\nS\u1ea3n xu\u1ea5t: Nh\u00e0 m\u00e1y Shachihata Japan t\u1ea1i China<\/p>\n","protected":false},"featured_media":74247,"template":"","meta":{"_acf_changed":false},"product_brand":[212],"product_cat":[714,731,689,693,733,701,698,711,738,737,729,723],"product_tag":[1648,1022,1645,1646,1647,486,485],"class_list":{"0":"post-74235","1":"product","2":"type-product","3":"status-publish","4":"has-post-thumbnail","6":"product_brand-artline","7":"product_cat-dong-san-pham-artline-japan","8":"product_cat-dong-but-bi","9":"product_cat-dong-but-gel","10":"product_cat-dong-but-long-kim","11":"product_cat-dong-but-mau-ve","12":"product_cat-dong-muc-dye-stuff","13":"product_cat-dong-muc-goc-nuoc","14":"product_cat-dung-tren-giay","15":"product_cat-dung-trong-truong-hoc","16":"product_cat-dung-trong-van-phong","17":"product_cat-hien-ro-tren-nen-sang","18":"product_cat-ngoi-bi","19":"product_tag-but-egb-s260","20":"product_tag-but-gel","21":"product_tag-but-gel-artline-j-pop","22":"product_tag-but-gel-artline-j-pop-egb-s260","23":"product_tag-but-gel-j-pop-egb-s260","24":"product_tag-egb-s260","25":"product_tag-egbs260","27":"first","28":"instock","29":"taxable","30":"shipping-taxable","31":"purchasable","32":"product-type-variable"},"acf":[],"yoast_head":"<!-- This site is optimized with the Yoast SEO Premium plugin v24.4 (Yoast SEO v26.4) - https:\/\/yoast.com\/wordpress\/plugins\/seo\/ -->\n<title>B\u00fat gel Artline J-POP EGB-S260 m\u00e0u c\u01a1 b\u1ea3n - C\u00f4ng Ty TNHH Th\u01b0\u01a1ng M\u1ea1i PH\u00daC M\u00c3<\/title>\n<meta name=\"robots\" content=\"index, follow, max-snippet:-1, max-image-preview:large, max-video-preview:-1\" \/>\n<link rel=\"canonical\" href=\"https:\/\/phucma.com.vn\/congnghiep\/product\/but-gel-artline-j-pop-egb-s260-mau-co-ban\/\" \/>\n<meta property=\"og:locale\" content=\"vi_VN\" \/>\n<meta property=\"og:type\" content=\"article\" \/>\n<meta property=\"og:title\" content=\"B\u00fat gel Artline J-POP EGB-S260 m\u00e0u c\u01a1 b\u1ea3n\" \/>\n<meta property=\"og:description\" content=\"M\u00e3 H\u00e0ng :  EGB-S260 Ng\u00f2i b\u00fat: 0.5mm D\u00f2ng m\u1ef1c: s\u1eed d\u1ee5ng m\u1ef1c GEL \u0110\u00f3ng g\u00f3i: h\u1ed9p 12 c\u00e2y M\u00e0u s\u1eafc: 24 m\u00e0u Xu\u1ea5t x\u1ee9: Nh\u1eadt B\u1ea3n S\u1ea3n xu\u1ea5t: Nh\u00e0 m\u00e1y Shachihata Japan t\u1ea1i China\" \/>\n<meta property=\"og:url\" content=\"https:\/\/phucma.com.vn\/congnghiep\/product\/but-gel-artline-j-pop-egb-s260-mau-co-ban\/\" \/>\n<meta property=\"og:site_name\" content=\"C\u00f4ng Ty TNHH Th\u01b0\u01a1ng M\u1ea1i PH\u00daC M\u00c3\" \/>\n<meta property=\"article:publisher\" content=\"https:\/\/www.facebook.com\/artline.vn\" \/>\n<meta property=\"article:modified_time\" content=\"2025-11-11T07:10:32+00:00\" \/>\n<meta property=\"og:image\" content=\"https:\/\/phucma.com.vn\/congnghiep\/wp-content\/uploads\/2025\/11\/EGB-S260.jpg\" \/>\n\t<meta property=\"og:image:width\" content=\"599\" \/>\n\t<meta property=\"og:image:height\" content=\"600\" \/>\n\t<meta property=\"og:image:type\" content=\"image\/jpeg\" \/>\n<meta name=\"twitter:card\" content=\"summary_large_image\" \/>\n<meta name=\"twitter:label1\" content=\"Kh\u1ea3 d\u1ee5ng\" \/>\n\t<meta name=\"twitter:data1\" content=\"Trong kho\" \/>\n<script type=\"application\/ld+json\" class=\"yoast-schema-graph\">{\"@context\":\"https:\/\/schema.org\",\"@graph\":[{\"@type\":\"WebPage\",\"@id\":\"https:\/\/phucma.com.vn\/congnghiep\/product\/but-gel-artline-j-pop-egb-s260-mau-co-ban\/\",\"url\":\"https:\/\/phucma.com.vn\/congnghiep\/product\/but-gel-artline-j-pop-egb-s260-mau-co-ban\/\",\"name\":\"B\u00fat gel Artline J-POP EGB-S260 m\u00e0u c\u01a1 b\u1ea3n - C\u00f4ng Ty TNHH Th\u01b0\u01a1ng M\u1ea1i PH\u00daC M\u00c3\",\"isPartOf\":{\"@id\":\"https:\/\/phucma.com.vn\/congnghiep\/#website\"},\"primaryImageOfPage\":{\"@id\":\"https:\/\/phucma.com.vn\/congnghiep\/product\/but-gel-artline-j-pop-egb-s260-mau-co-ban\/#primaryimage\"},\"image\":{\"@id\":\"https:\/\/phucma.com.vn\/congnghiep\/product\/but-gel-artline-j-pop-egb-s260-mau-co-ban\/#primaryimage\"},\"thumbnailUrl\":\"https:\/\/phucma.com.vn\/congnghiep\/wp-content\/uploads\/2025\/11\/EGB-S260.jpg\",\"datePublished\":\"2025-11-06T08:14:07+00:00\",\"dateModified\":\"2025-11-11T07:10:32+00:00\",\"breadcrumb\":{\"@id\":\"https:\/\/phucma.com.vn\/congnghiep\/product\/but-gel-artline-j-pop-egb-s260-mau-co-ban\/#breadcrumb\"},\"inLanguage\":\"vi\",\"potentialAction\":[{\"@type\":\"ReadAction\",\"target\":[\"https:\/\/phucma.com.vn\/congnghiep\/product\/but-gel-artline-j-pop-egb-s260-mau-co-ban\/\"]}]},{\"@type\":\"ImageObject\",\"inLanguage\":\"vi\",\"@id\":\"https:\/\/phucma.com.vn\/congnghiep\/product\/but-gel-artline-j-pop-egb-s260-mau-co-ban\/#primaryimage\",\"url\":\"https:\/\/phucma.com.vn\/congnghiep\/wp-content\/uploads\/2025\/11\/EGB-S260.jpg\",\"contentUrl\":\"https:\/\/phucma.com.vn\/congnghiep\/wp-content\/uploads\/2025\/11\/EGB-S260.jpg\",\"width\":599,\"height\":600},{\"@type\":\"BreadcrumbList\",\"@id\":\"https:\/\/phucma.com.vn\/congnghiep\/product\/but-gel-artline-j-pop-egb-s260-mau-co-ban\/#breadcrumb\",\"itemListElement\":[{\"@type\":\"ListItem\",\"position\":1,\"name\":\"Home\",\"item\":\"https:\/\/phucma.com.vn\/congnghiep\/\"},{\"@type\":\"ListItem\",\"position\":2,\"name\":\"C\u1eeda h\u00e0ng\",\"item\":\"https:\/\/phucma.com.vn\/congnghiep\/shop\/\"},{\"@type\":\"ListItem\",\"position\":3,\"name\":\"B\u00fat gel Artline J-POP EGB-S260 m\u00e0u c\u01a1 b\u1ea3n\"}]},{\"@type\":\"WebSite\",\"@id\":\"https:\/\/phucma.com.vn\/congnghiep\/#website\",\"url\":\"https:\/\/phucma.com.vn\/congnghiep\/\",\"name\":\"C\u00f4ng ty Ph\u00fac M\u00e3\",\"description\":\"S\u1ea3n ph\u1ea9m c\u00f4ng nghi\u1ec7p d\u00e0nh cho nh\u00e0 m\u00e1y\",\"publisher\":{\"@id\":\"https:\/\/phucma.com.vn\/congnghiep\/#organization\"},\"alternateName\":\"CTy Ph\u00fac M\u00e3\",\"potentialAction\":[{\"@type\":\"SearchAction\",\"target\":{\"@type\":\"EntryPoint\",\"urlTemplate\":\"https:\/\/phucma.com.vn\/congnghiep\/?s={search_term_string}\"},\"query-input\":{\"@type\":\"PropertyValueSpecification\",\"valueRequired\":true,\"valueName\":\"search_term_string\"}}],\"inLanguage\":\"vi\"},{\"@type\":\"Organization\",\"@id\":\"https:\/\/phucma.com.vn\/congnghiep\/#organization\",\"name\":\"CTY PH\u00daC M\u00c3\",\"alternateName\":\"C\u00f4ng ty TNHH TM Ph\u00fac M\u00e3\",\"url\":\"https:\/\/phucma.com.vn\/congnghiep\/\",\"logo\":{\"@type\":\"ImageObject\",\"inLanguage\":\"vi\",\"@id\":\"https:\/\/phucma.com.vn\/congnghiep\/#\/schema\/logo\/image\/\",\"url\":\"https:\/\/phucma.com.vn\/congnghiep\/wp-content\/uploads\/2025\/01\/cropped-cropped-logo-cty-phuc-ma-11.png\",\"contentUrl\":\"https:\/\/phucma.com.vn\/congnghiep\/wp-content\/uploads\/2025\/01\/cropped-cropped-logo-cty-phuc-ma-11.png\",\"width\":256,\"height\":191,\"caption\":\"CTY PH\u00daC M\u00c3\"},\"image\":{\"@id\":\"https:\/\/phucma.com.vn\/congnghiep\/#\/schema\/logo\/image\/\"},\"sameAs\":[\"https:\/\/www.facebook.com\/artline.vn\"],\"description\":\"CTY PHUC MA - 20 n\u0103m chuy\u00ean cung c\u1ea5p c\u00e1c s\u1ea3n ph\u1ea9m b\u00fat, m\u1ef1c, d\u1ea5u c\u00f4ng nghi\u1ec7p cho h\u01a1n 1000 nh\u00e0 m\u00e1y kh\u1eafp c\u00e1c khu c\u00f4ng nghi\u1ec7p tr\u00ean c\u1ea3 n\u01b0\u1edbc\",\"email\":\"info@phucma.com.vn\",\"telephone\":\"02835140805\",\"legalName\":\"C\u00f4ng ty TNHH Th\u01b0\u01a1ng M\u1ea1i Ph\u00fac M\u00e3\",\"vatID\":\"0303490755\",\"numberOfEmployees\":{\"@type\":\"QuantitativeValue\",\"minValue\":\"51\",\"maxValue\":\"200\"}}]}<\/script>\n<meta property=\"product:brand\" content=\"Artline\" \/>\n<meta property=\"og:availability\" content=\"instock\" \/>\n<meta property=\"product:availability\" content=\"instock\" \/>\n<meta property=\"product:retailer_item_id\" content=\"EGB-S260\" \/>\n<meta property=\"product:condition\" content=\"new\" \/>\n<!-- \/ Yoast SEO Premium plugin. -->","yoast_head_json":{"title":"B\u00fat gel Artline J-POP EGB-S260 m\u00e0u c\u01a1 b\u1ea3n - C\u00f4ng Ty TNHH Th\u01b0\u01a1ng M\u1ea1i PH\u00daC M\u00c3","robots":{"index":"index","follow":"follow","max-snippet":"max-snippet:-1","max-image-preview":"max-image-preview:large","max-video-preview":"max-video-preview:-1"},"canonical":"https:\/\/phucma.com.vn\/congnghiep\/product\/but-gel-artline-j-pop-egb-s260-mau-co-ban\/","og_locale":"vi_VN","og_type":"article","og_title":"B\u00fat gel Artline J-POP EGB-S260 m\u00e0u c\u01a1 b\u1ea3n","og_description":"M\u00e3 H\u00e0ng :  EGB-S260 Ng\u00f2i b\u00fat: 0.5mm D\u00f2ng m\u1ef1c: s\u1eed d\u1ee5ng m\u1ef1c GEL \u0110\u00f3ng g\u00f3i: h\u1ed9p 12 c\u00e2y M\u00e0u s\u1eafc: 24 m\u00e0u Xu\u1ea5t x\u1ee9: Nh\u1eadt B\u1ea3n S\u1ea3n xu\u1ea5t: Nh\u00e0 m\u00e1y Shachihata Japan t\u1ea1i China","og_url":"https:\/\/phucma.com.vn\/congnghiep\/product\/but-gel-artline-j-pop-egb-s260-mau-co-ban\/","og_site_name":"C\u00f4ng Ty TNHH Th\u01b0\u01a1ng M\u1ea1i PH\u00daC M\u00c3","article_publisher":"https:\/\/www.facebook.com\/artline.vn","article_modified_time":"2025-11-11T07:10:32+00:00","og_image":[{"width":599,"height":600,"url":"https:\/\/phucma.com.vn\/congnghiep\/wp-content\/uploads\/2025\/11\/EGB-S260.jpg","type":"image\/jpeg"}],"twitter_card":"summary_large_image","twitter_misc":{"Kh\u1ea3 d\u1ee5ng":"Trong kho"},"schema":{"@context":"https:\/\/schema.org","@graph":[{"@type":"WebPage","@id":"https:\/\/phucma.com.vn\/congnghiep\/product\/but-gel-artline-j-pop-egb-s260-mau-co-ban\/","url":"https:\/\/phucma.com.vn\/congnghiep\/product\/but-gel-artline-j-pop-egb-s260-mau-co-ban\/","name":"B\u00fat gel Artline J-POP EGB-S260 m\u00e0u c\u01a1 b\u1ea3n - C\u00f4ng Ty TNHH Th\u01b0\u01a1ng M\u1ea1i PH\u00daC M\u00c3","isPartOf":{"@id":"https:\/\/phucma.com.vn\/congnghiep\/#website"},"primaryImageOfPage":{"@id":"https:\/\/phucma.com.vn\/congnghiep\/product\/but-gel-artline-j-pop-egb-s260-mau-co-ban\/#primaryimage"},"image":{"@id":"https:\/\/phucma.com.vn\/congnghiep\/product\/but-gel-artline-j-pop-egb-s260-mau-co-ban\/#primaryimage"},"thumbnailUrl":"https:\/\/phucma.com.vn\/congnghiep\/wp-content\/uploads\/2025\/11\/EGB-S260.jpg","datePublished":"2025-11-06T08:14:07+00:00","dateModified":"2025-11-11T07:10:32+00:00","breadcrumb":{"@id":"https:\/\/phucma.com.vn\/congnghiep\/product\/but-gel-artline-j-pop-egb-s260-mau-co-ban\/#breadcrumb"},"inLanguage":"vi","potentialAction":[{"@type":"ReadAction","target":["https:\/\/phucma.com.vn\/congnghiep\/product\/but-gel-artline-j-pop-egb-s260-mau-co-ban\/"]}]},{"@type":"ImageObject","inLanguage":"vi","@id":"https:\/\/phucma.com.vn\/congnghiep\/product\/but-gel-artline-j-pop-egb-s260-mau-co-ban\/#primaryimage","url":"https:\/\/phucma.com.vn\/congnghiep\/wp-content\/uploads\/2025\/11\/EGB-S260.jpg","contentUrl":"https:\/\/phucma.com.vn\/congnghiep\/wp-content\/uploads\/2025\/11\/EGB-S260.jpg","width":599,"height":600},{"@type":"BreadcrumbList","@id":"https:\/\/phucma.com.vn\/congnghiep\/product\/but-gel-artline-j-pop-egb-s260-mau-co-ban\/#breadcrumb","itemListElement":[{"@type":"ListItem","position":1,"name":"Home","item":"https:\/\/phucma.com.vn\/congnghiep\/"},{"@type":"ListItem","position":2,"name":"C\u1eeda h\u00e0ng","item":"https:\/\/phucma.com.vn\/congnghiep\/shop\/"},{"@type":"ListItem","position":3,"name":"B\u00fat gel Artline J-POP EGB-S260 m\u00e0u c\u01a1 b\u1ea3n"}]},{"@type":"WebSite","@id":"https:\/\/phucma.com.vn\/congnghiep\/#website","url":"https:\/\/phucma.com.vn\/congnghiep\/","name":"C\u00f4ng ty Ph\u00fac M\u00e3","description":"S\u1ea3n ph\u1ea9m c\u00f4ng nghi\u1ec7p d\u00e0nh cho nh\u00e0 m\u00e1y","publisher":{"@id":"https:\/\/phucma.com.vn\/congnghiep\/#organization"},"alternateName":"CTy Ph\u00fac M\u00e3","potentialAction":[{"@type":"SearchAction","target":{"@type":"EntryPoint","urlTemplate":"https:\/\/phucma.com.vn\/congnghiep\/?s={search_term_string}"},"query-input":{"@type":"PropertyValueSpecification","valueRequired":true,"valueName":"search_term_string"}}],"inLanguage":"vi"},{"@type":"Organization","@id":"https:\/\/phucma.com.vn\/congnghiep\/#organization","name":"CTY PH\u00daC M\u00c3","alternateName":"C\u00f4ng ty TNHH TM Ph\u00fac M\u00e3","url":"https:\/\/phucma.com.vn\/congnghiep\/","logo":{"@type":"ImageObject","inLanguage":"vi","@id":"https:\/\/phucma.com.vn\/congnghiep\/#\/schema\/logo\/image\/","url":"https:\/\/phucma.com.vn\/congnghiep\/wp-content\/uploads\/2025\/01\/cropped-cropped-logo-cty-phuc-ma-11.png","contentUrl":"https:\/\/phucma.com.vn\/congnghiep\/wp-content\/uploads\/2025\/01\/cropped-cropped-logo-cty-phuc-ma-11.png","width":256,"height":191,"caption":"CTY PH\u00daC M\u00c3"},"image":{"@id":"https:\/\/phucma.com.vn\/congnghiep\/#\/schema\/logo\/image\/"},"sameAs":["https:\/\/www.facebook.com\/artline.vn"],"description":"CTY PHUC MA - 20 n\u0103m chuy\u00ean cung c\u1ea5p c\u00e1c s\u1ea3n ph\u1ea9m b\u00fat, m\u1ef1c, d\u1ea5u c\u00f4ng nghi\u1ec7p cho h\u01a1n 1000 nh\u00e0 m\u00e1y kh\u1eafp c\u00e1c khu c\u00f4ng nghi\u1ec7p tr\u00ean c\u1ea3 n\u01b0\u1edbc","email":"info@phucma.com.vn","telephone":"02835140805","legalName":"C\u00f4ng ty TNHH Th\u01b0\u01a1ng M\u1ea1i Ph\u00fac M\u00e3","vatID":"0303490755","numberOfEmployees":{"@type":"QuantitativeValue","minValue":"51","maxValue":"200"}}]},"product_brand":"Artline","og_availability":"instock","product_availability":"instock","product_retailer_item_id":"EGB-S260","product_condition":"new"},"_links":{"self":[{"href":"https:\/\/phucma.com.vn\/congnghiep\/wp-json\/wp\/v2\/product\/74235","targetHints":{"allow":["GET"]}}],"collection":[{"href":"https:\/\/phucma.com.vn\/congnghiep\/wp-json\/wp\/v2\/product"}],"about":[{"href":"https:\/\/phucma.com.vn\/congnghiep\/wp-json\/wp\/v2\/types\/product"}],"wp:featuredmedia":[{"embeddable":true,"href":"https:\/\/phucma.com.vn\/congnghiep\/wp-json\/wp\/v2\/media\/74247"}],"wp:attachment":[{"href":"https:\/\/phucma.com.vn\/congnghiep\/wp-json\/wp\/v2\/media?parent=74235"}],"wp:term":[{"taxonomy":"product_brand","embeddable":true,"href":"https:\/\/phucma.com.vn\/congnghiep\/wp-json\/wp\/v2\/product_brand?post=74235"},{"taxonomy":"product_cat","embeddable":true,"href":"https:\/\/phucma.com.vn\/congnghiep\/wp-json\/wp\/v2\/product_cat?post=74235"},{"taxonomy":"product_tag","embeddable":true,"href":"https:\/\/phucma.com.vn\/congnghiep\/wp-json\/wp\/v2\/product_tag?post=74235"}],"curies":[{"name":"wp","href":"https:\/\/api.w.org\/{rel}","templated":true}]}}