
{"id":74166,"date":"2025-10-29T10:27:50","date_gmt":"2025-10-29T03:27:50","guid":{"rendered":"https:\/\/phucma.com.vn\/congnghiep\/?post_type=product&#038;p=74166"},"modified":"2025-11-11T15:03:02","modified_gmt":"2025-11-11T08:03:02","slug":"khay-muc-dau-hac-1","status":"publish","type":"product","link":"https:\/\/phucma.com.vn\/congnghiep\/product\/khay-muc-dau-hac-1\/","title":{"rendered":"Khay m\u1ef1c d\u1ea5u m\u00e0u m\u1ef9 thu\u1eadt HAC"},"content":{"rendered":"<p>Kh\u00e1m ph\u00e1 s\u1ef1 s\u00e1ng t\u1ea1o v\u1edbi khay m\u1ef1c \u201cchill-craft\u201d d\u00e0nh cho journaling, scrapbooking v\u00e0 hand-made: khay m\u1ef1c IROMOYO HAC-1. V\u1edbi thi\u1ebft k\u1ebf tinh t\u1ebf, m\u00e0u s\u1eafc l\u1ea5y c\u1ea3m h\u1ee9ng t\u1eeb truy\u1ec1n th\u1ed1ng Nh\u1eadt B\u1ea3n v\u00e0 ch\u1ea5t l\u01b0\u1ee3ng m\u1ef1c v\u01b0\u1ee3t tr\u1ed9i \u2014 t\u1ea5t c\u1ea3 \u0111\u1ec3 bi\u1ebfn m\u1ed7i trang gi\u1ea5y c\u1ee7a b\u1ea1n th\u00e0nh m\u1ed9t kho\u1ea3nh kh\u1eafc c\u00e1 nh\u00e2n, \u0111\u1ea7y phong c\u00e1ch.<\/p>\n<p>C\u00f4ng ngh\u1ec7 \u0111\u1ed9c quy\u1ec1n t\u1eeb Shachihata: v\u1edbi b\u1ec1 d\u00e0y l\u1ecbch s\u1eed 100 n\u0103m c\u00f9ng c\u00f4n ngh\u1ec7 pha tr\u1ed9n hi\u1ec7n \u0111\u1ea1i, h\u00e3ng \u00e1p d\u1ee5ng c\u00f4ng ngh\u1ec7 nano gi\u00fap th\u1eddi gian kh\u00f4 nhanh, h\u00ecnh d\u1ea5u s\u1eafc n\u00e9t t\u1eeb n\u00e9t nh\u1ecf \u0111\u1ebfn m\u1eb7t l\u1edbn.<\/p>\n<p>B\u1ec1 m\u1eb7t \u0111\u1ec7m s\u1eed d\u1ee5ng s\u1ee3i c\u1ef1c m\u1ecbn (ultra-fine fibre surface) gi\u00fap d\u1ea5u r\u00f5 n\u00e9t, \u0111\u1ed3ng th\u1eddi h\u1ed9p c\u00f3 th\u1ec3 x\u1ebfp ch\u1ed3ng b\u1ea3o qu\u1ea3n g\u1ecdn g\u00e0ng.<\/p>\n<p>B\u1ea3ng m\u00e0u \u0111a d\u1ea1ng: m\u00e0u l\u1ea5y c\u1ea3m h\u1ee9ng t\u1eeb c\u00e1c m\u00e0u truy\u1ec1n th\u1ed1ng Nh\u1eadt B\u1ea3n nh\u01b0 \u7d05\u8272 (beni-iro), \u7460\u7483\u8272 (ruri-iro), \u9280\u9f20\u8272 (gin-nezumi-iro)\u2026<\/p>\n<p>Tr\u1ea3i nghi\u1ec7m ngay<\/p>\n<p>N\u1ebfu b\u1ea1n y\u00eau th\u00edch DIY, journaling ho\u1eb7c scrapbooking \u2014 th\u00ec chi\u1ebfc khay m\u1ef1c n\u00e0y l\u00e0 \u201cv\u0169 kh\u00ed m\u00e0u\u201d gi\u00fap b\u1ea1n th\u1ec3 hi\u1ec7n d\u1ea5u \u1ea5n ri\u00eang.<br \/>\nM\u00e0u s\u1eafc \u0111\u1eb9p, tinh t\u1ebf, c\u00f3 th\u1ec3 mix nhi\u1ec1u t\u00f4ng \u0111\u1ec3 t\u1ea1o layout theo mood c\u1ee7a b\u1ea1n: t\u1eeb pastel nh\u1eb9 nh\u00e0ng, vintage s\u00e2u \u0111\u1ebfn bold quy\u1ec1n l\u1ef1c.<br \/>\nM\u1ef1c kh\u00f4 nhanh \u2192 b\u1ea1n \u0111\u00f3ng d\u1ea5u r\u1ed3i vi\u1ebft, v\u1ebd ti\u1ebfp m\u00e0 kh\u00f4ng s\u1ee3 lem ho\u1eb7c m\u1ef1c ch\u01b0a k\u1ecbp kh\u00f4.<br \/>\nH\u1ed9p g\u1ecdn, x\u1ebfp ch\u1ed3ng \u0111\u01b0\u1ee3c \u2192 h\u1ee3p \u0111\u1ec3 s\u01b0u t\u1ea7m nhi\u1ec1u m\u00e0u, h\u1ee3p kh\u00f4ng gian l\u00e0m craft nh\u1ecf g\u1ecdn.<br \/>\nL\u00e0 c\u00f4ng c\u1ee5 gi\u00fap b\u1ea1n bi\u1ebfn \u201ctrang tr\u1eafng\u201d th\u00e0nh \u201ctrang phong c\u00e1ch\u201d \u2014 kh\u00f4ng ch\u1ec9 l\u00e0 \u0111\u00f3ng d\u1ea5u, m\u00e0 l\u00e0 t\u1ea1o n\u00ean d\u1ea5u \u1ea5n c\u00e1 nh\u00e2n c\u1ee7a m\u00ecnh.<\/p>\n<p>G\u1ee3i \u00fd s\u1eed d\u1ee5ng \u0111\u1ec3 \u0111\u1ea1t hi\u1ec7u qu\u1ea3 t\u1ed1i \u0111a<\/p>\n<p>Tr\u01b0\u1edbc khi \u0111\u00f3ng d\u1ea5u tr\u00ean trang ch\u00ednh, h\u00e3y th\u1eed tr\u00ean m\u1ed9t trang th\u1eeba \u0111\u1ec3 ch\u1ecdn m\u00e0u v\u00e0 l\u1ef1c d\u1eadp ph\u00f9 h\u1ee3p.<br \/>\nD\u1eadp nh\u1eb9 v\u00e0 nhanh r\u1ed3i n\u00e2ng l\u00ean, tr\u00e1nh nh\u1ea5n l\u00e2u \u0111\u1ec3 m\u1ef1c kh\u00f4ng th\u1ea5m s\u00e2u g\u00e2y ghosting (in b\u00f3ng) tr\u00ean gi\u1ea5y m\u1ecfng.<br \/>\nSau khi d\u1eadp, ch\u1edd v\u00e0i gi\u00e2y r\u1ed3i m\u1edbi vi\u1ebft ho\u1eb7c v\u1ebd ti\u1ebfp \u0111\u1ec3 m\u1ef1c \u1ed5n \u0111\u1ecbnh.<br \/>\nKhi mu\u1ed1n d\u00f9ng con d\u1ea5u kh\u00e1c m\u00e0u, b\u1ea1n c\u00f3 th\u1ec3 lau nh\u1eb9 m\u1eb7t con d\u1ea5u b\u1eb1ng kh\u0103n gi\u1ea5y \u1ea9m \u0111\u1ec3 lo\u1ea1i b\u1ecf m\u1ef1c c\u00f2n l\u1ea1i.<\/p>\n<p>H\u00e3y \u0111\u1ec3 chi\u1ebfc khay m\u1ef1c IROMOYO HAC-1 tr\u1edf th\u00e0nh \u201cng\u01b0\u1eddi b\u1ea1n\u201d \u0111\u1ed3ng h\u00e0nh s\u00e1ng t\u1ea1o c\u1ee7a b\u1ea1n. Cho m\u1ed7i trang s\u1ed5, m\u1ed7i g\u00f3c craft, m\u1ed7i d\u1ea5u \u1ea5n b\u1ea1n mu\u1ed1n l\u01b0u l\u1ea1i \u2014 ch\u1ec9 m\u1ed9t c\u00fa d\u1eadp nh\u1ecf th\u00f4i, v\u00e0 th\u1ebf gi\u1edbi c\u1ee7a b\u1ea1n s\u1ebd kh\u00e1c \u0111i. Tr\u1ea3i nghi\u1ec7m ngay h\u00f4m nay v\u00e0 t\u1ea1o n\u00ean phong c\u00e1ch ri\u00eang gi\u1eefa v\u00f4 v\u00e0n m\u00e0u s\u1eafc \u0111\u1eb9p m\u1eaft.<\/p>\n","protected":false},"excerpt":{"rendered":"<p>Khay M\u1ef1c D\u1ea5u M\u1ef9 Thu\u1eadt Shachihata Iromoyo HAC-1<\/p>\n<p>Th\u00f4ng s\u1ed1<\/p>\n<p>M\u1eb7t \u0111\u1ec7m m\u1ef1c k\u00edch th\u01b0\u1edbc: 63 \u00d7 40 mm.<\/p>\n<p>M\u1ef1c d\u1ea1ng d\u1ea7u-pigment (oil-based pigment ink), kh\u00f4ng ch\u1ee9a axit (acid-free), c\u00f3 kh\u1ea3 n\u0103ng ch\u1ed1ng n\u01b0\u1edbc v\u00e0 b\u1ec1n m\u00e0u.<\/p>\n","protected":false},"featured_media":74167,"template":"","meta":{"_acf_changed":false},"product_brand":[1653],"product_cat":[712,721,736,735,701,699,734,711,741,740,738,737,729,719,720],"product_tag":[1632,1633,1634,1185,1635,1636,1637,1638],"class_list":{"0":"post-74166","1":"product","2":"type-product","3":"status-publish","4":"has-post-thumbnail","6":"product_brand-shachihata","7":"product_cat-chong-lem-nuoc","8":"product_cat-dau","9":"product_cat-dong-dau-dong","10":"product_cat-dong-muc","11":"product_cat-dong-muc-dye-stuff","12":"product_cat-dong-muc-goc-dau","13":"product_cat-dong-tam-bong","14":"product_cat-dung-tren-giay","15":"product_cat-dung-trong-nha-may","16":"product_cat-dung-trong-nha-xuong","17":"product_cat-dung-trong-truong-hoc","18":"product_cat-dung-trong-van-phong","19":"product_cat-hien-ro-tren-nen-sang","20":"product_cat-muc","21":"product_cat-tam-bong","22":"product_tag-hac-1","23":"product_tag-hac1","24":"product_tag-khay-muc","25":"product_tag-khay-muc-dau","26":"product_tag-khay-muc-dau-hac-1","27":"product_tag-khay-muc-hac-1","28":"product_tag-tam-bong","29":"product_tag-tam-bong-hac-1","31":"first","32":"instock","33":"taxable","34":"shipping-taxable","35":"purchasable","36":"product-type-variable"},"acf":[],"yoast_head":"<!-- This site is optimized with the Yoast SEO Premium plugin v24.4 (Yoast SEO v26.4) - https:\/\/yoast.com\/wordpress\/plugins\/seo\/ -->\n<title>Khay m\u1ef1c d\u1ea5u m\u00e0u m\u1ef9 thu\u1eadt HAC - C\u00f4ng Ty TNHH Th\u01b0\u01a1ng M\u1ea1i PH\u00daC M\u00c3<\/title>\n<meta name=\"robots\" content=\"index, follow, max-snippet:-1, max-image-preview:large, max-video-preview:-1\" \/>\n<link rel=\"canonical\" href=\"https:\/\/phucma.com.vn\/congnghiep\/product\/khay-muc-dau-hac-1\/\" \/>\n<meta property=\"og:locale\" content=\"vi_VN\" \/>\n<meta property=\"og:type\" content=\"article\" \/>\n<meta property=\"og:title\" content=\"Khay m\u1ef1c d\u1ea5u m\u00e0u m\u1ef9 thu\u1eadt HAC\" \/>\n<meta property=\"og:description\" content=\"Khay M\u1ef1c D\u1ea5u M\u1ef9 Thu\u1eadt Shachihata Iromoyo HAC-1  Th\u00f4ng s\u1ed1  M\u1eb7t \u0111\u1ec7m m\u1ef1c k\u00edch th\u01b0\u1edbc: 63 \u00d7 40 mm.  M\u1ef1c d\u1ea1ng d\u1ea7u-pigment (oil-based pigment ink), kh\u00f4ng ch\u1ee9a axit (acid-free), c\u00f3 kh\u1ea3 n\u0103ng ch\u1ed1ng n\u01b0\u1edbc v\u00e0 b\u1ec1n m\u00e0u.\" \/>\n<meta property=\"og:url\" content=\"https:\/\/phucma.com.vn\/congnghiep\/product\/khay-muc-dau-hac-1\/\" \/>\n<meta property=\"og:site_name\" content=\"C\u00f4ng Ty TNHH Th\u01b0\u01a1ng M\u1ea1i PH\u00daC M\u00c3\" \/>\n<meta property=\"article:publisher\" content=\"https:\/\/www.facebook.com\/artline.vn\" \/>\n<meta property=\"article:modified_time\" content=\"2025-11-11T08:03:02+00:00\" \/>\n<meta property=\"og:image\" content=\"https:\/\/phucma.com.vn\/congnghiep\/wp-content\/uploads\/2025\/10\/Khay-Muc-Dau-My-Thuat-Shachihata-Iromoyo-HAC_1-43.jpg\" \/>\n\t<meta property=\"og:image:width\" content=\"600\" \/>\n\t<meta property=\"og:image:height\" content=\"600\" \/>\n\t<meta property=\"og:image:type\" content=\"image\/jpeg\" \/>\n<meta name=\"twitter:card\" content=\"summary_large_image\" \/>\n<meta name=\"twitter:label1\" content=\"Kh\u1ea3 d\u1ee5ng\" \/>\n\t<meta name=\"twitter:data1\" content=\"Trong kho\" \/>\n<script type=\"application\/ld+json\" class=\"yoast-schema-graph\">{\"@context\":\"https:\/\/schema.org\",\"@graph\":[{\"@type\":\"WebPage\",\"@id\":\"https:\/\/phucma.com.vn\/congnghiep\/product\/khay-muc-dau-hac-1\/\",\"url\":\"https:\/\/phucma.com.vn\/congnghiep\/product\/khay-muc-dau-hac-1\/\",\"name\":\"Khay m\u1ef1c d\u1ea5u m\u00e0u m\u1ef9 thu\u1eadt HAC - C\u00f4ng Ty TNHH Th\u01b0\u01a1ng M\u1ea1i PH\u00daC M\u00c3\",\"isPartOf\":{\"@id\":\"https:\/\/phucma.com.vn\/congnghiep\/#website\"},\"primaryImageOfPage\":{\"@id\":\"https:\/\/phucma.com.vn\/congnghiep\/product\/khay-muc-dau-hac-1\/#primaryimage\"},\"image\":{\"@id\":\"https:\/\/phucma.com.vn\/congnghiep\/product\/khay-muc-dau-hac-1\/#primaryimage\"},\"thumbnailUrl\":\"https:\/\/phucma.com.vn\/congnghiep\/wp-content\/uploads\/2025\/10\/Khay-Muc-Dau-My-Thuat-Shachihata-Iromoyo-HAC_1-43.jpg\",\"datePublished\":\"2025-10-29T03:27:50+00:00\",\"dateModified\":\"2025-11-11T08:03:02+00:00\",\"breadcrumb\":{\"@id\":\"https:\/\/phucma.com.vn\/congnghiep\/product\/khay-muc-dau-hac-1\/#breadcrumb\"},\"inLanguage\":\"vi\",\"potentialAction\":[{\"@type\":\"ReadAction\",\"target\":[\"https:\/\/phucma.com.vn\/congnghiep\/product\/khay-muc-dau-hac-1\/\"]}]},{\"@type\":\"ImageObject\",\"inLanguage\":\"vi\",\"@id\":\"https:\/\/phucma.com.vn\/congnghiep\/product\/khay-muc-dau-hac-1\/#primaryimage\",\"url\":\"https:\/\/phucma.com.vn\/congnghiep\/wp-content\/uploads\/2025\/10\/Khay-Muc-Dau-My-Thuat-Shachihata-Iromoyo-HAC_1-43.jpg\",\"contentUrl\":\"https:\/\/phucma.com.vn\/congnghiep\/wp-content\/uploads\/2025\/10\/Khay-Muc-Dau-My-Thuat-Shachihata-Iromoyo-HAC_1-43.jpg\",\"width\":600,\"height\":600},{\"@type\":\"BreadcrumbList\",\"@id\":\"https:\/\/phucma.com.vn\/congnghiep\/product\/khay-muc-dau-hac-1\/#breadcrumb\",\"itemListElement\":[{\"@type\":\"ListItem\",\"position\":1,\"name\":\"Home\",\"item\":\"https:\/\/phucma.com.vn\/congnghiep\/\"},{\"@type\":\"ListItem\",\"position\":2,\"name\":\"C\u1eeda h\u00e0ng\",\"item\":\"https:\/\/phucma.com.vn\/congnghiep\/shop\/\"},{\"@type\":\"ListItem\",\"position\":3,\"name\":\"Khay m\u1ef1c d\u1ea5u m\u00e0u m\u1ef9 thu\u1eadt HAC\"}]},{\"@type\":\"WebSite\",\"@id\":\"https:\/\/phucma.com.vn\/congnghiep\/#website\",\"url\":\"https:\/\/phucma.com.vn\/congnghiep\/\",\"name\":\"C\u00f4ng ty Ph\u00fac M\u00e3\",\"description\":\"S\u1ea3n ph\u1ea9m c\u00f4ng nghi\u1ec7p d\u00e0nh cho nh\u00e0 m\u00e1y\",\"publisher\":{\"@id\":\"https:\/\/phucma.com.vn\/congnghiep\/#organization\"},\"alternateName\":\"CTy Ph\u00fac M\u00e3\",\"potentialAction\":[{\"@type\":\"SearchAction\",\"target\":{\"@type\":\"EntryPoint\",\"urlTemplate\":\"https:\/\/phucma.com.vn\/congnghiep\/?s={search_term_string}\"},\"query-input\":{\"@type\":\"PropertyValueSpecification\",\"valueRequired\":true,\"valueName\":\"search_term_string\"}}],\"inLanguage\":\"vi\"},{\"@type\":\"Organization\",\"@id\":\"https:\/\/phucma.com.vn\/congnghiep\/#organization\",\"name\":\"CTY PH\u00daC M\u00c3\",\"alternateName\":\"C\u00f4ng ty TNHH TM Ph\u00fac M\u00e3\",\"url\":\"https:\/\/phucma.com.vn\/congnghiep\/\",\"logo\":{\"@type\":\"ImageObject\",\"inLanguage\":\"vi\",\"@id\":\"https:\/\/phucma.com.vn\/congnghiep\/#\/schema\/logo\/image\/\",\"url\":\"https:\/\/phucma.com.vn\/congnghiep\/wp-content\/uploads\/2025\/01\/cropped-cropped-logo-cty-phuc-ma-11.png\",\"contentUrl\":\"https:\/\/phucma.com.vn\/congnghiep\/wp-content\/uploads\/2025\/01\/cropped-cropped-logo-cty-phuc-ma-11.png\",\"width\":256,\"height\":191,\"caption\":\"CTY PH\u00daC M\u00c3\"},\"image\":{\"@id\":\"https:\/\/phucma.com.vn\/congnghiep\/#\/schema\/logo\/image\/\"},\"sameAs\":[\"https:\/\/www.facebook.com\/artline.vn\"],\"description\":\"CTY PHUC MA - 20 n\u0103m chuy\u00ean cung c\u1ea5p c\u00e1c s\u1ea3n ph\u1ea9m b\u00fat, m\u1ef1c, d\u1ea5u c\u00f4ng nghi\u1ec7p cho h\u01a1n 1000 nh\u00e0 m\u00e1y kh\u1eafp c\u00e1c khu c\u00f4ng nghi\u1ec7p tr\u00ean c\u1ea3 n\u01b0\u1edbc\",\"email\":\"info@phucma.com.vn\",\"telephone\":\"02835140805\",\"legalName\":\"C\u00f4ng ty TNHH Th\u01b0\u01a1ng M\u1ea1i Ph\u00fac M\u00e3\",\"vatID\":\"0303490755\",\"numberOfEmployees\":{\"@type\":\"QuantitativeValue\",\"minValue\":\"51\",\"maxValue\":\"200\"}}]}<\/script>\n<meta property=\"product:brand\" content=\"Shachihata\" \/>\n<meta property=\"og:availability\" content=\"instock\" \/>\n<meta property=\"product:availability\" content=\"instock\" \/>\n<meta property=\"product:retailer_item_id\" content=\"HAC-1\" \/>\n<meta property=\"product:condition\" content=\"new\" \/>\n<!-- \/ Yoast SEO Premium plugin. -->","yoast_head_json":{"title":"Khay m\u1ef1c d\u1ea5u m\u00e0u m\u1ef9 thu\u1eadt HAC - C\u00f4ng Ty TNHH Th\u01b0\u01a1ng M\u1ea1i PH\u00daC M\u00c3","robots":{"index":"index","follow":"follow","max-snippet":"max-snippet:-1","max-image-preview":"max-image-preview:large","max-video-preview":"max-video-preview:-1"},"canonical":"https:\/\/phucma.com.vn\/congnghiep\/product\/khay-muc-dau-hac-1\/","og_locale":"vi_VN","og_type":"article","og_title":"Khay m\u1ef1c d\u1ea5u m\u00e0u m\u1ef9 thu\u1eadt HAC","og_description":"Khay M\u1ef1c D\u1ea5u M\u1ef9 Thu\u1eadt Shachihata Iromoyo HAC-1  Th\u00f4ng s\u1ed1  M\u1eb7t \u0111\u1ec7m m\u1ef1c k\u00edch th\u01b0\u1edbc: 63 \u00d7 40 mm.  M\u1ef1c d\u1ea1ng d\u1ea7u-pigment (oil-based pigment ink), kh\u00f4ng ch\u1ee9a axit (acid-free), c\u00f3 kh\u1ea3 n\u0103ng ch\u1ed1ng n\u01b0\u1edbc v\u00e0 b\u1ec1n m\u00e0u.","og_url":"https:\/\/phucma.com.vn\/congnghiep\/product\/khay-muc-dau-hac-1\/","og_site_name":"C\u00f4ng Ty TNHH Th\u01b0\u01a1ng M\u1ea1i PH\u00daC M\u00c3","article_publisher":"https:\/\/www.facebook.com\/artline.vn","article_modified_time":"2025-11-11T08:03:02+00:00","og_image":[{"width":600,"height":600,"url":"https:\/\/phucma.com.vn\/congnghiep\/wp-content\/uploads\/2025\/10\/Khay-Muc-Dau-My-Thuat-Shachihata-Iromoyo-HAC_1-43.jpg","type":"image\/jpeg"}],"twitter_card":"summary_large_image","twitter_misc":{"Kh\u1ea3 d\u1ee5ng":"Trong kho"},"schema":{"@context":"https:\/\/schema.org","@graph":[{"@type":"WebPage","@id":"https:\/\/phucma.com.vn\/congnghiep\/product\/khay-muc-dau-hac-1\/","url":"https:\/\/phucma.com.vn\/congnghiep\/product\/khay-muc-dau-hac-1\/","name":"Khay m\u1ef1c d\u1ea5u m\u00e0u m\u1ef9 thu\u1eadt HAC - C\u00f4ng Ty TNHH Th\u01b0\u01a1ng M\u1ea1i PH\u00daC M\u00c3","isPartOf":{"@id":"https:\/\/phucma.com.vn\/congnghiep\/#website"},"primaryImageOfPage":{"@id":"https:\/\/phucma.com.vn\/congnghiep\/product\/khay-muc-dau-hac-1\/#primaryimage"},"image":{"@id":"https:\/\/phucma.com.vn\/congnghiep\/product\/khay-muc-dau-hac-1\/#primaryimage"},"thumbnailUrl":"https:\/\/phucma.com.vn\/congnghiep\/wp-content\/uploads\/2025\/10\/Khay-Muc-Dau-My-Thuat-Shachihata-Iromoyo-HAC_1-43.jpg","datePublished":"2025-10-29T03:27:50+00:00","dateModified":"2025-11-11T08:03:02+00:00","breadcrumb":{"@id":"https:\/\/phucma.com.vn\/congnghiep\/product\/khay-muc-dau-hac-1\/#breadcrumb"},"inLanguage":"vi","potentialAction":[{"@type":"ReadAction","target":["https:\/\/phucma.com.vn\/congnghiep\/product\/khay-muc-dau-hac-1\/"]}]},{"@type":"ImageObject","inLanguage":"vi","@id":"https:\/\/phucma.com.vn\/congnghiep\/product\/khay-muc-dau-hac-1\/#primaryimage","url":"https:\/\/phucma.com.vn\/congnghiep\/wp-content\/uploads\/2025\/10\/Khay-Muc-Dau-My-Thuat-Shachihata-Iromoyo-HAC_1-43.jpg","contentUrl":"https:\/\/phucma.com.vn\/congnghiep\/wp-content\/uploads\/2025\/10\/Khay-Muc-Dau-My-Thuat-Shachihata-Iromoyo-HAC_1-43.jpg","width":600,"height":600},{"@type":"BreadcrumbList","@id":"https:\/\/phucma.com.vn\/congnghiep\/product\/khay-muc-dau-hac-1\/#breadcrumb","itemListElement":[{"@type":"ListItem","position":1,"name":"Home","item":"https:\/\/phucma.com.vn\/congnghiep\/"},{"@type":"ListItem","position":2,"name":"C\u1eeda h\u00e0ng","item":"https:\/\/phucma.com.vn\/congnghiep\/shop\/"},{"@type":"ListItem","position":3,"name":"Khay m\u1ef1c d\u1ea5u m\u00e0u m\u1ef9 thu\u1eadt HAC"}]},{"@type":"WebSite","@id":"https:\/\/phucma.com.vn\/congnghiep\/#website","url":"https:\/\/phucma.com.vn\/congnghiep\/","name":"C\u00f4ng ty Ph\u00fac M\u00e3","description":"S\u1ea3n ph\u1ea9m c\u00f4ng nghi\u1ec7p d\u00e0nh cho nh\u00e0 m\u00e1y","publisher":{"@id":"https:\/\/phucma.com.vn\/congnghiep\/#organization"},"alternateName":"CTy Ph\u00fac M\u00e3","potentialAction":[{"@type":"SearchAction","target":{"@type":"EntryPoint","urlTemplate":"https:\/\/phucma.com.vn\/congnghiep\/?s={search_term_string}"},"query-input":{"@type":"PropertyValueSpecification","valueRequired":true,"valueName":"search_term_string"}}],"inLanguage":"vi"},{"@type":"Organization","@id":"https:\/\/phucma.com.vn\/congnghiep\/#organization","name":"CTY PH\u00daC M\u00c3","alternateName":"C\u00f4ng ty TNHH TM Ph\u00fac M\u00e3","url":"https:\/\/phucma.com.vn\/congnghiep\/","logo":{"@type":"ImageObject","inLanguage":"vi","@id":"https:\/\/phucma.com.vn\/congnghiep\/#\/schema\/logo\/image\/","url":"https:\/\/phucma.com.vn\/congnghiep\/wp-content\/uploads\/2025\/01\/cropped-cropped-logo-cty-phuc-ma-11.png","contentUrl":"https:\/\/phucma.com.vn\/congnghiep\/wp-content\/uploads\/2025\/01\/cropped-cropped-logo-cty-phuc-ma-11.png","width":256,"height":191,"caption":"CTY PH\u00daC M\u00c3"},"image":{"@id":"https:\/\/phucma.com.vn\/congnghiep\/#\/schema\/logo\/image\/"},"sameAs":["https:\/\/www.facebook.com\/artline.vn"],"description":"CTY PHUC MA - 20 n\u0103m chuy\u00ean cung c\u1ea5p c\u00e1c s\u1ea3n ph\u1ea9m b\u00fat, m\u1ef1c, d\u1ea5u c\u00f4ng nghi\u1ec7p cho h\u01a1n 1000 nh\u00e0 m\u00e1y kh\u1eafp c\u00e1c khu c\u00f4ng nghi\u1ec7p tr\u00ean c\u1ea3 n\u01b0\u1edbc","email":"info@phucma.com.vn","telephone":"02835140805","legalName":"C\u00f4ng ty TNHH Th\u01b0\u01a1ng M\u1ea1i Ph\u00fac M\u00e3","vatID":"0303490755","numberOfEmployees":{"@type":"QuantitativeValue","minValue":"51","maxValue":"200"}}]},"product_brand":"Shachihata","og_availability":"instock","product_availability":"instock","product_retailer_item_id":"HAC-1","product_condition":"new"},"_links":{"self":[{"href":"https:\/\/phucma.com.vn\/congnghiep\/wp-json\/wp\/v2\/product\/74166","targetHints":{"allow":["GET"]}}],"collection":[{"href":"https:\/\/phucma.com.vn\/congnghiep\/wp-json\/wp\/v2\/product"}],"about":[{"href":"https:\/\/phucma.com.vn\/congnghiep\/wp-json\/wp\/v2\/types\/product"}],"wp:featuredmedia":[{"embeddable":true,"href":"https:\/\/phucma.com.vn\/congnghiep\/wp-json\/wp\/v2\/media\/74167"}],"wp:attachment":[{"href":"https:\/\/phucma.com.vn\/congnghiep\/wp-json\/wp\/v2\/media?parent=74166"}],"wp:term":[{"taxonomy":"product_brand","embeddable":true,"href":"https:\/\/phucma.com.vn\/congnghiep\/wp-json\/wp\/v2\/product_brand?post=74166"},{"taxonomy":"product_cat","embeddable":true,"href":"https:\/\/phucma.com.vn\/congnghiep\/wp-json\/wp\/v2\/product_cat?post=74166"},{"taxonomy":"product_tag","embeddable":true,"href":"https:\/\/phucma.com.vn\/congnghiep\/wp-json\/wp\/v2\/product_tag?post=74166"}],"curies":[{"name":"wp","href":"https:\/\/api.w.org\/{rel}","templated":true}]}}