
{"id":74150,"date":"2025-10-29T08:28:17","date_gmt":"2025-10-29T01:28:17","guid":{"rendered":"https:\/\/phucma.com.vn\/congnghiep\/?post_type=product&#038;p=74150"},"modified":"2025-11-11T15:03:37","modified_gmt":"2025-11-11T08:03:37","slug":"dau-dong-xoay-hoa-tiet-nrd-15a","status":"publish","type":"product","link":"https:\/\/phucma.com.vn\/congnghiep\/product\/dau-dong-xoay-hoa-tiet-nrd-15a\/","title":{"rendered":"D\u1ea5u \u0111\u00f3ng xoay h\u1ecda ti\u1ebft NRD-15A"},"content":{"rendered":"<p>M\u00f4 t\u1ea3<\/p>\n<p>S\u00e1ng T\u1ea1o Tinh T\u1ebf Trong T\u1eebng \u00d4 Nh\u1ecf<br \/>\nN\u1ebfu b\u1ea1n l\u00e0 ng\u01b0\u1eddi y\u00eau th\u00edch s\u1ef1 s\u1eafp x\u1ebfp g\u1ecdn g\u00e0ng, \u0111\u1eb7c bi\u1ec7t l\u00e0 trong c\u00e1c \u00f4 l\u1ecbch th\u00e1ng (monthly planner) ho\u1eb7c c\u00e1c g\u00f3c nh\u1ecf c\u1ee7a Bullet Journal, d\u00f2ng d\u1ea5u Shachihata Rotating Stamp NRD-15A (Mini) ch\u00ednh l\u00e0 l\u1ef1a ch\u1ecdn ho\u00e0n h\u1ea3o. V\u1edbi k\u00edch th\u01b0\u1edbc tinh g\u1ecdn, con d\u1ea5u n\u00e0y bi\u1ebfn vi\u1ec7c trang tr\u00ed tr\u1edf n\u00ean d\u1ec5 d\u00e0ng v\u00e0 c\u1ef1c k\u1ef3 &#8220;chill&#8221;.<\/p>\n<p>\u0110\u1eb7c \u0110i\u1ec3m T\u1ea1o N\u00ean S\u1ef1 &#8220;Chill&#8221; Tuy\u1ec7t \u0110\u1ed1i:<br \/>\n10 H\u1ecda Ti\u1ebft Thay \u0110\u1ed5i Nhanh Ch\u00f3ng: D\u00f2ng Mini n\u00e0y t\u00edch h\u1ee3p 10 m\u1eabu h\u1ecda ti\u1ebft kh\u00e1c nhau tr\u00ean c\u00f9ng m\u1ed9t con l\u0103n. C\u00e1c h\u1ecda ti\u1ebft th\u01b0\u1eddng l\u00e0 c\u00e1c ch\u1ee7 \u0111\u1ec1 \u0111\u00e1ng y\u00eau, g\u1ea7n g\u0169i nh\u01b0 Flower (Hoa), Leaf (L\u00e1), Home (Nh\u00e0 c\u1eeda), hay Today&#8217;s Mood (T\u00e2m tr\u1ea1ng h\u00f4m nay). Ch\u1ec9 c\u1ea7n xoay nh\u1eb9 b\u00e1nh r\u0103ng l\u00e0 b\u1ea1n \u0111\u00e3 c\u00f3 ngay m\u1ed9t h\u1ecda ti\u1ebft m\u1edbi.<\/p>\n<p>K\u00edch Th\u01b0\u1edbc Mini Cho Chi Ti\u1ebft: K\u00edch th\u01b0\u1edbc c\u1ee7a m\u1eb7t d\u1ea5u l\u00e0 4.5 mm x 20 mm. Chi\u1ec1u d\u00e0i 20mm l\u00fd t\u01b0\u1edfng \u0111\u1ec3 \u0111\u00f3ng d\u1ea5u v\u00e0o c\u00e1c \u00f4 vu\u00f4ng nh\u1ecf trong l\u1ecbch, s\u1ed5 k\u1ebf ho\u1ea1ch ho\u1eb7c ghi ch\u00fa h\u00e0ng ng\u00e0y, t\u1ea1o \u0111i\u1ec3m nh\u1ea5n g\u1ecdn g\u00e0ng m\u00e0 kh\u00f4ng l\u00e0m r\u1ed1i m\u1eaft.<\/p>\n<p>T\u1ef1 Do L\u1ef1a Ch\u1ecdn M\u00e0u M\u1ef1c: T\u01b0\u01a1ng t\u1ef1 nh\u01b0 d\u00f2ng l\u1edbn, NRD-15A kh\u00f4ng c\u00f3 m\u1ef1c s\u1eb5n, mang l\u1ea1i s\u1ef1 t\u1ef1 do t\u1ed1i \u0111a cho ng\u01b0\u1eddi l\u00e0m hobby:<\/p>\n<p>B\u1ea1n c\u00f3 th\u1ec3 ch\u1ea5m con d\u1ea5u v\u00e0o b\u1ea5t c\u1ee9 khay m\u1ef1c m\u00e0u n\u00e0o b\u1ea1n th\u00edch \u0111\u1ec3 thay \u0111\u1ed5i &#8220;vibe&#8221; (c\u1ea3m x\u00fac) trang tr\u00ed m\u1ed7i ng\u00e0y.<\/p>\n<p>K\u1ebft h\u1ee3p v\u1edbi Khay M\u1ef1c M\u1ef9 Thu\u1eadt Shachihata Iromoyo l\u00e0 s\u1ef1 l\u1ef1a ch\u1ecdn ho\u00e0n h\u1ea3o. B\u1ed9 m\u1ef1c Iromoyo s\u1ebd mang \u0111\u1ebfn nh\u1eefng m\u00e0u s\u1eafc s\u00e2u l\u1eafng, ch\u1ea5t l\u01b0\u1ee3ng cao, gi\u00fap c\u00e1c h\u1ecda ti\u1ebft nh\u1ecf c\u1ee7a b\u1ea1n tr\u1edf n\u00ean s\u1eafc n\u00e9t, n\u1ed5i b\u1eadt v\u00e0 c\u00f3 t\u00ednh ngh\u1ec7 thu\u1eadt cao h\u01a1n.<\/p>\n<p>Tr\u1ea3i Nghi\u1ec7m &#8220;Chill&#8221; v\u00e0 Th\u01b0 Gi\u00e3n:<br \/>\nS\u1ef1 nh\u1ecf g\u1ecdn v\u00e0 ti\u1ec7n l\u1ee3i c\u1ee7a NRD-15A gi\u00fap b\u1ea1n c\u00f3 th\u1ec3 trang tr\u00ed m\u1ecdi l\u00fac, m\u1ecdi n\u01a1i. Vi\u1ec7c xoay v\u00e0 ch\u1ea5m m\u1ef1c, sau \u0111\u00f3 t\u1ea1o ra m\u1ed9t chu k\u1ef3.<\/p>\n","protected":false},"excerpt":{"rendered":"<p>D\u1ea5u \u0111\u00f3ng xoay h\u1ecda ti\u1ebft Shachihata Rotating Stamp NRD-15A (Mini)<br \/>\n\u0110\u00f3ng g\u00f3i: V\u1ec9 treo con d\u1ea5u<br \/>\nK\u00edch th\u01b0\u1edbc con d\u1ea5u: \t37.6\u00d728.5\u00d782.4 mm<br \/>\nn\u1eb7ng: 38g<\/p>\n<p>t\u1ed5ng c\u1ed9ng 10 h\u1ecda ti\u1ebft tr\u00ean m\u1ed7i con d\u1ea5u<br \/>\nK\u00edch th\u01b0\u1edbc h\u1ecda ti\u1ebft 4.5x20mm<\/p>\n","protected":false},"featured_media":74152,"template":"","meta":{"_acf_changed":false},"product_brand":[1653],"product_cat":[727,712,721,701,699,698,711,738,737,729,719,717],"product_tag":[1608,1622,1619,1195,1620,1598,1599,1618,1621,1616,1617],"class_list":{"0":"post-74150","1":"product","2":"type-product","3":"status-publish","4":"has-post-thumbnail","6":"product_brand-shachihata","7":"product_cat-bom-them-muc-duoc","8":"product_cat-chong-lem-nuoc","9":"product_cat-dau","10":"product_cat-dong-muc-dye-stuff","11":"product_cat-dong-muc-goc-dau","12":"product_cat-dong-muc-goc-nuoc","13":"product_cat-dung-tren-giay","14":"product_cat-dung-trong-truong-hoc","15":"product_cat-dung-trong-van-phong","16":"product_cat-hien-ro-tren-nen-sang","17":"product_cat-muc","18":"product_cat-xtension","19":"product_tag-dau","20":"product_tag-dau-hoa-tiet-nrd-15a","21":"product_tag-dau-nrd-15a","22":"product_tag-dau-dong","23":"product_tag-dau-dong-nrd-15a","24":"product_tag-dau-dong-xoay","25":"product_tag-dau-dong-xoay-hoa-tiet","26":"product_tag-dau-dong-xoay-hoa-tiet-nrd-15a","27":"product_tag-dau-dong-xoay-nrd-15a","28":"product_tag-nrd-15a","29":"product_tag-nrd15a","31":"first","32":"instock","33":"taxable","34":"shipping-taxable","35":"purchasable","36":"product-type-variable"},"acf":[],"yoast_head":"<!-- This site is optimized with the Yoast SEO Premium plugin v24.4 (Yoast SEO v26.4) - https:\/\/yoast.com\/wordpress\/plugins\/seo\/ -->\n<title>D\u1ea5u \u0111\u00f3ng xoay h\u1ecda ti\u1ebft NRD-15A - C\u00f4ng Ty TNHH Th\u01b0\u01a1ng M\u1ea1i PH\u00daC M\u00c3<\/title>\n<meta name=\"robots\" content=\"index, follow, max-snippet:-1, max-image-preview:large, max-video-preview:-1\" \/>\n<link rel=\"canonical\" href=\"https:\/\/phucma.com.vn\/congnghiep\/product\/dau-dong-xoay-hoa-tiet-nrd-15a\/\" \/>\n<meta property=\"og:locale\" content=\"vi_VN\" \/>\n<meta property=\"og:type\" content=\"article\" \/>\n<meta property=\"og:title\" content=\"D\u1ea5u \u0111\u00f3ng xoay h\u1ecda ti\u1ebft NRD-15A\" \/>\n<meta property=\"og:description\" content=\"D\u1ea5u \u0111\u00f3ng xoay h\u1ecda ti\u1ebft Shachihata Rotating Stamp NRD-15A (Mini) \u0110\u00f3ng g\u00f3i: V\u1ec9 treo con d\u1ea5u K\u00edch th\u01b0\u1edbc con d\u1ea5u: 37.6\u00d728.5\u00d782.4 mm n\u1eb7ng: 38g  t\u1ed5ng c\u1ed9ng 10 h\u1ecda ti\u1ebft tr\u00ean m\u1ed7i con d\u1ea5u K\u00edch th\u01b0\u1edbc h\u1ecda ti\u1ebft 4.5x20mm\" \/>\n<meta property=\"og:url\" content=\"https:\/\/phucma.com.vn\/congnghiep\/product\/dau-dong-xoay-hoa-tiet-nrd-15a\/\" \/>\n<meta property=\"og:site_name\" content=\"C\u00f4ng Ty TNHH Th\u01b0\u01a1ng M\u1ea1i PH\u00daC M\u00c3\" \/>\n<meta property=\"article:publisher\" content=\"https:\/\/www.facebook.com\/artline.vn\" \/>\n<meta property=\"article:modified_time\" content=\"2025-11-11T08:03:37+00:00\" \/>\n<meta property=\"og:image\" content=\"https:\/\/phucma.com.vn\/congnghiep\/wp-content\/uploads\/2025\/10\/Dau-xoay-hoa-tiet-my-thuat-Shachihata-Rotating-NRD-15A-hinh-dai-dien-1-001.jpg\" \/>\n\t<meta property=\"og:image:width\" content=\"600\" \/>\n\t<meta property=\"og:image:height\" content=\"600\" \/>\n\t<meta property=\"og:image:type\" content=\"image\/jpeg\" \/>\n<meta name=\"twitter:card\" content=\"summary_large_image\" \/>\n<meta name=\"twitter:label1\" content=\"Kh\u1ea3 d\u1ee5ng\" \/>\n\t<meta name=\"twitter:data1\" content=\"Trong kho\" \/>\n<script type=\"application\/ld+json\" class=\"yoast-schema-graph\">{\"@context\":\"https:\/\/schema.org\",\"@graph\":[{\"@type\":\"WebPage\",\"@id\":\"https:\/\/phucma.com.vn\/congnghiep\/product\/dau-dong-xoay-hoa-tiet-nrd-15a\/\",\"url\":\"https:\/\/phucma.com.vn\/congnghiep\/product\/dau-dong-xoay-hoa-tiet-nrd-15a\/\",\"name\":\"D\u1ea5u \u0111\u00f3ng xoay h\u1ecda ti\u1ebft NRD-15A - C\u00f4ng Ty TNHH Th\u01b0\u01a1ng M\u1ea1i PH\u00daC M\u00c3\",\"isPartOf\":{\"@id\":\"https:\/\/phucma.com.vn\/congnghiep\/#website\"},\"primaryImageOfPage\":{\"@id\":\"https:\/\/phucma.com.vn\/congnghiep\/product\/dau-dong-xoay-hoa-tiet-nrd-15a\/#primaryimage\"},\"image\":{\"@id\":\"https:\/\/phucma.com.vn\/congnghiep\/product\/dau-dong-xoay-hoa-tiet-nrd-15a\/#primaryimage\"},\"thumbnailUrl\":\"https:\/\/phucma.com.vn\/congnghiep\/wp-content\/uploads\/2025\/10\/Dau-xoay-hoa-tiet-my-thuat-Shachihata-Rotating-NRD-15A-hinh-dai-dien-1-001.jpg\",\"datePublished\":\"2025-10-29T01:28:17+00:00\",\"dateModified\":\"2025-11-11T08:03:37+00:00\",\"breadcrumb\":{\"@id\":\"https:\/\/phucma.com.vn\/congnghiep\/product\/dau-dong-xoay-hoa-tiet-nrd-15a\/#breadcrumb\"},\"inLanguage\":\"vi\",\"potentialAction\":[{\"@type\":\"ReadAction\",\"target\":[\"https:\/\/phucma.com.vn\/congnghiep\/product\/dau-dong-xoay-hoa-tiet-nrd-15a\/\"]}]},{\"@type\":\"ImageObject\",\"inLanguage\":\"vi\",\"@id\":\"https:\/\/phucma.com.vn\/congnghiep\/product\/dau-dong-xoay-hoa-tiet-nrd-15a\/#primaryimage\",\"url\":\"https:\/\/phucma.com.vn\/congnghiep\/wp-content\/uploads\/2025\/10\/Dau-xoay-hoa-tiet-my-thuat-Shachihata-Rotating-NRD-15A-hinh-dai-dien-1-001.jpg\",\"contentUrl\":\"https:\/\/phucma.com.vn\/congnghiep\/wp-content\/uploads\/2025\/10\/Dau-xoay-hoa-tiet-my-thuat-Shachihata-Rotating-NRD-15A-hinh-dai-dien-1-001.jpg\",\"width\":600,\"height\":600},{\"@type\":\"BreadcrumbList\",\"@id\":\"https:\/\/phucma.com.vn\/congnghiep\/product\/dau-dong-xoay-hoa-tiet-nrd-15a\/#breadcrumb\",\"itemListElement\":[{\"@type\":\"ListItem\",\"position\":1,\"name\":\"Home\",\"item\":\"https:\/\/phucma.com.vn\/congnghiep\/\"},{\"@type\":\"ListItem\",\"position\":2,\"name\":\"C\u1eeda h\u00e0ng\",\"item\":\"https:\/\/phucma.com.vn\/congnghiep\/shop\/\"},{\"@type\":\"ListItem\",\"position\":3,\"name\":\"D\u1ea5u \u0111\u00f3ng xoay h\u1ecda ti\u1ebft NRD-15A\"}]},{\"@type\":\"WebSite\",\"@id\":\"https:\/\/phucma.com.vn\/congnghiep\/#website\",\"url\":\"https:\/\/phucma.com.vn\/congnghiep\/\",\"name\":\"C\u00f4ng ty Ph\u00fac M\u00e3\",\"description\":\"S\u1ea3n ph\u1ea9m c\u00f4ng nghi\u1ec7p d\u00e0nh cho nh\u00e0 m\u00e1y\",\"publisher\":{\"@id\":\"https:\/\/phucma.com.vn\/congnghiep\/#organization\"},\"alternateName\":\"CTy Ph\u00fac M\u00e3\",\"potentialAction\":[{\"@type\":\"SearchAction\",\"target\":{\"@type\":\"EntryPoint\",\"urlTemplate\":\"https:\/\/phucma.com.vn\/congnghiep\/?s={search_term_string}\"},\"query-input\":{\"@type\":\"PropertyValueSpecification\",\"valueRequired\":true,\"valueName\":\"search_term_string\"}}],\"inLanguage\":\"vi\"},{\"@type\":\"Organization\",\"@id\":\"https:\/\/phucma.com.vn\/congnghiep\/#organization\",\"name\":\"CTY PH\u00daC M\u00c3\",\"alternateName\":\"C\u00f4ng ty TNHH TM Ph\u00fac M\u00e3\",\"url\":\"https:\/\/phucma.com.vn\/congnghiep\/\",\"logo\":{\"@type\":\"ImageObject\",\"inLanguage\":\"vi\",\"@id\":\"https:\/\/phucma.com.vn\/congnghiep\/#\/schema\/logo\/image\/\",\"url\":\"https:\/\/phucma.com.vn\/congnghiep\/wp-content\/uploads\/2025\/01\/cropped-cropped-logo-cty-phuc-ma-11.png\",\"contentUrl\":\"https:\/\/phucma.com.vn\/congnghiep\/wp-content\/uploads\/2025\/01\/cropped-cropped-logo-cty-phuc-ma-11.png\",\"width\":256,\"height\":191,\"caption\":\"CTY PH\u00daC M\u00c3\"},\"image\":{\"@id\":\"https:\/\/phucma.com.vn\/congnghiep\/#\/schema\/logo\/image\/\"},\"sameAs\":[\"https:\/\/www.facebook.com\/artline.vn\"],\"description\":\"CTY PHUC MA - 20 n\u0103m chuy\u00ean cung c\u1ea5p c\u00e1c s\u1ea3n ph\u1ea9m b\u00fat, m\u1ef1c, d\u1ea5u c\u00f4ng nghi\u1ec7p cho h\u01a1n 1000 nh\u00e0 m\u00e1y kh\u1eafp c\u00e1c khu c\u00f4ng nghi\u1ec7p tr\u00ean c\u1ea3 n\u01b0\u1edbc\",\"email\":\"info@phucma.com.vn\",\"telephone\":\"02835140805\",\"legalName\":\"C\u00f4ng ty TNHH Th\u01b0\u01a1ng M\u1ea1i Ph\u00fac M\u00e3\",\"vatID\":\"0303490755\",\"numberOfEmployees\":{\"@type\":\"QuantitativeValue\",\"minValue\":\"51\",\"maxValue\":\"200\"}}]}<\/script>\n<meta property=\"product:brand\" content=\"Shachihata\" \/>\n<meta property=\"og:availability\" content=\"instock\" \/>\n<meta property=\"product:availability\" content=\"instock\" \/>\n<meta property=\"product:retailer_item_id\" content=\"NRD-15A\" \/>\n<meta property=\"product:condition\" content=\"new\" \/>\n<!-- \/ Yoast SEO Premium plugin. -->","yoast_head_json":{"title":"D\u1ea5u \u0111\u00f3ng xoay h\u1ecda ti\u1ebft NRD-15A - C\u00f4ng Ty TNHH Th\u01b0\u01a1ng M\u1ea1i PH\u00daC M\u00c3","robots":{"index":"index","follow":"follow","max-snippet":"max-snippet:-1","max-image-preview":"max-image-preview:large","max-video-preview":"max-video-preview:-1"},"canonical":"https:\/\/phucma.com.vn\/congnghiep\/product\/dau-dong-xoay-hoa-tiet-nrd-15a\/","og_locale":"vi_VN","og_type":"article","og_title":"D\u1ea5u \u0111\u00f3ng xoay h\u1ecda ti\u1ebft NRD-15A","og_description":"D\u1ea5u \u0111\u00f3ng xoay h\u1ecda ti\u1ebft Shachihata Rotating Stamp NRD-15A (Mini) \u0110\u00f3ng g\u00f3i: V\u1ec9 treo con d\u1ea5u K\u00edch th\u01b0\u1edbc con d\u1ea5u: 37.6\u00d728.5\u00d782.4 mm n\u1eb7ng: 38g  t\u1ed5ng c\u1ed9ng 10 h\u1ecda ti\u1ebft tr\u00ean m\u1ed7i con d\u1ea5u K\u00edch th\u01b0\u1edbc h\u1ecda ti\u1ebft 4.5x20mm","og_url":"https:\/\/phucma.com.vn\/congnghiep\/product\/dau-dong-xoay-hoa-tiet-nrd-15a\/","og_site_name":"C\u00f4ng Ty TNHH Th\u01b0\u01a1ng M\u1ea1i PH\u00daC M\u00c3","article_publisher":"https:\/\/www.facebook.com\/artline.vn","article_modified_time":"2025-11-11T08:03:37+00:00","og_image":[{"width":600,"height":600,"url":"https:\/\/phucma.com.vn\/congnghiep\/wp-content\/uploads\/2025\/10\/Dau-xoay-hoa-tiet-my-thuat-Shachihata-Rotating-NRD-15A-hinh-dai-dien-1-001.jpg","type":"image\/jpeg"}],"twitter_card":"summary_large_image","twitter_misc":{"Kh\u1ea3 d\u1ee5ng":"Trong kho"},"schema":{"@context":"https:\/\/schema.org","@graph":[{"@type":"WebPage","@id":"https:\/\/phucma.com.vn\/congnghiep\/product\/dau-dong-xoay-hoa-tiet-nrd-15a\/","url":"https:\/\/phucma.com.vn\/congnghiep\/product\/dau-dong-xoay-hoa-tiet-nrd-15a\/","name":"D\u1ea5u \u0111\u00f3ng xoay h\u1ecda ti\u1ebft NRD-15A - C\u00f4ng Ty TNHH Th\u01b0\u01a1ng M\u1ea1i PH\u00daC M\u00c3","isPartOf":{"@id":"https:\/\/phucma.com.vn\/congnghiep\/#website"},"primaryImageOfPage":{"@id":"https:\/\/phucma.com.vn\/congnghiep\/product\/dau-dong-xoay-hoa-tiet-nrd-15a\/#primaryimage"},"image":{"@id":"https:\/\/phucma.com.vn\/congnghiep\/product\/dau-dong-xoay-hoa-tiet-nrd-15a\/#primaryimage"},"thumbnailUrl":"https:\/\/phucma.com.vn\/congnghiep\/wp-content\/uploads\/2025\/10\/Dau-xoay-hoa-tiet-my-thuat-Shachihata-Rotating-NRD-15A-hinh-dai-dien-1-001.jpg","datePublished":"2025-10-29T01:28:17+00:00","dateModified":"2025-11-11T08:03:37+00:00","breadcrumb":{"@id":"https:\/\/phucma.com.vn\/congnghiep\/product\/dau-dong-xoay-hoa-tiet-nrd-15a\/#breadcrumb"},"inLanguage":"vi","potentialAction":[{"@type":"ReadAction","target":["https:\/\/phucma.com.vn\/congnghiep\/product\/dau-dong-xoay-hoa-tiet-nrd-15a\/"]}]},{"@type":"ImageObject","inLanguage":"vi","@id":"https:\/\/phucma.com.vn\/congnghiep\/product\/dau-dong-xoay-hoa-tiet-nrd-15a\/#primaryimage","url":"https:\/\/phucma.com.vn\/congnghiep\/wp-content\/uploads\/2025\/10\/Dau-xoay-hoa-tiet-my-thuat-Shachihata-Rotating-NRD-15A-hinh-dai-dien-1-001.jpg","contentUrl":"https:\/\/phucma.com.vn\/congnghiep\/wp-content\/uploads\/2025\/10\/Dau-xoay-hoa-tiet-my-thuat-Shachihata-Rotating-NRD-15A-hinh-dai-dien-1-001.jpg","width":600,"height":600},{"@type":"BreadcrumbList","@id":"https:\/\/phucma.com.vn\/congnghiep\/product\/dau-dong-xoay-hoa-tiet-nrd-15a\/#breadcrumb","itemListElement":[{"@type":"ListItem","position":1,"name":"Home","item":"https:\/\/phucma.com.vn\/congnghiep\/"},{"@type":"ListItem","position":2,"name":"C\u1eeda h\u00e0ng","item":"https:\/\/phucma.com.vn\/congnghiep\/shop\/"},{"@type":"ListItem","position":3,"name":"D\u1ea5u \u0111\u00f3ng xoay h\u1ecda ti\u1ebft NRD-15A"}]},{"@type":"WebSite","@id":"https:\/\/phucma.com.vn\/congnghiep\/#website","url":"https:\/\/phucma.com.vn\/congnghiep\/","name":"C\u00f4ng ty Ph\u00fac M\u00e3","description":"S\u1ea3n ph\u1ea9m c\u00f4ng nghi\u1ec7p d\u00e0nh cho nh\u00e0 m\u00e1y","publisher":{"@id":"https:\/\/phucma.com.vn\/congnghiep\/#organization"},"alternateName":"CTy Ph\u00fac M\u00e3","potentialAction":[{"@type":"SearchAction","target":{"@type":"EntryPoint","urlTemplate":"https:\/\/phucma.com.vn\/congnghiep\/?s={search_term_string}"},"query-input":{"@type":"PropertyValueSpecification","valueRequired":true,"valueName":"search_term_string"}}],"inLanguage":"vi"},{"@type":"Organization","@id":"https:\/\/phucma.com.vn\/congnghiep\/#organization","name":"CTY PH\u00daC M\u00c3","alternateName":"C\u00f4ng ty TNHH TM Ph\u00fac M\u00e3","url":"https:\/\/phucma.com.vn\/congnghiep\/","logo":{"@type":"ImageObject","inLanguage":"vi","@id":"https:\/\/phucma.com.vn\/congnghiep\/#\/schema\/logo\/image\/","url":"https:\/\/phucma.com.vn\/congnghiep\/wp-content\/uploads\/2025\/01\/cropped-cropped-logo-cty-phuc-ma-11.png","contentUrl":"https:\/\/phucma.com.vn\/congnghiep\/wp-content\/uploads\/2025\/01\/cropped-cropped-logo-cty-phuc-ma-11.png","width":256,"height":191,"caption":"CTY PH\u00daC M\u00c3"},"image":{"@id":"https:\/\/phucma.com.vn\/congnghiep\/#\/schema\/logo\/image\/"},"sameAs":["https:\/\/www.facebook.com\/artline.vn"],"description":"CTY PHUC MA - 20 n\u0103m chuy\u00ean cung c\u1ea5p c\u00e1c s\u1ea3n ph\u1ea9m b\u00fat, m\u1ef1c, d\u1ea5u c\u00f4ng nghi\u1ec7p cho h\u01a1n 1000 nh\u00e0 m\u00e1y kh\u1eafp c\u00e1c khu c\u00f4ng nghi\u1ec7p tr\u00ean c\u1ea3 n\u01b0\u1edbc","email":"info@phucma.com.vn","telephone":"02835140805","legalName":"C\u00f4ng ty TNHH Th\u01b0\u01a1ng M\u1ea1i Ph\u00fac M\u00e3","vatID":"0303490755","numberOfEmployees":{"@type":"QuantitativeValue","minValue":"51","maxValue":"200"}}]},"product_brand":"Shachihata","og_availability":"instock","product_availability":"instock","product_retailer_item_id":"NRD-15A","product_condition":"new"},"_links":{"self":[{"href":"https:\/\/phucma.com.vn\/congnghiep\/wp-json\/wp\/v2\/product\/74150","targetHints":{"allow":["GET"]}}],"collection":[{"href":"https:\/\/phucma.com.vn\/congnghiep\/wp-json\/wp\/v2\/product"}],"about":[{"href":"https:\/\/phucma.com.vn\/congnghiep\/wp-json\/wp\/v2\/types\/product"}],"wp:featuredmedia":[{"embeddable":true,"href":"https:\/\/phucma.com.vn\/congnghiep\/wp-json\/wp\/v2\/media\/74152"}],"wp:attachment":[{"href":"https:\/\/phucma.com.vn\/congnghiep\/wp-json\/wp\/v2\/media?parent=74150"}],"wp:term":[{"taxonomy":"product_brand","embeddable":true,"href":"https:\/\/phucma.com.vn\/congnghiep\/wp-json\/wp\/v2\/product_brand?post=74150"},{"taxonomy":"product_cat","embeddable":true,"href":"https:\/\/phucma.com.vn\/congnghiep\/wp-json\/wp\/v2\/product_cat?post=74150"},{"taxonomy":"product_tag","embeddable":true,"href":"https:\/\/phucma.com.vn\/congnghiep\/wp-json\/wp\/v2\/product_tag?post=74150"}],"curies":[{"name":"wp","href":"https:\/\/api.w.org\/{rel}","templated":true}]}}