
{"id":74129,"date":"2025-10-28T14:32:03","date_gmt":"2025-10-28T07:32:03","guid":{"rendered":"https:\/\/phucma.com.vn\/congnghiep\/?post_type=product&#038;p=74129"},"modified":"2025-11-12T13:55:16","modified_gmt":"2025-11-12T06:55:16","slug":"dau-dong-xoay-hoa-tiet-nrd-13a","status":"publish","type":"product","link":"https:\/\/phucma.com.vn\/congnghiep\/product\/dau-dong-xoay-hoa-tiet-nrd-13a\/","title":{"rendered":"D\u1ea5u \u0111\u00f3ng xoay h\u1ecda ti\u1ebft NRD-13A"},"content":{"rendered":"<p>M\u00f4 t\u1ea3<\/p>\n<p>N\u1ebfu b\u1ea1n l\u00e0 ng\u01b0\u1eddi \u0111am m\u00ea ngh\u1ec7 thu\u1eadt s\u1eafp \u0111\u1eb7t, trang tr\u00ed s\u1ed5 tay (journal) hay l\u00e0m thi\u1ec7p handmade v\u00e0 mu\u1ed1n m\u1ed9t c\u00f4ng c\u1ee5 linh ho\u1ea1t, Shachihata Rotating Stamp NRD-13A ch\u00ednh l\u00e0 l\u1ef1a ch\u1ecdn ho\u00e0n h\u1ea3o. \u0110\u00e2y l\u00e0 con d\u1ea5u &#8220;bi\u1ebfn h\u00ecnh&#8221; cho ph\u00e9p b\u1ea1n th\u1ecfa s\u1ee9c s\u00e1ng t\u1ea1o kh\u00f4ng gi\u1edbi h\u1ea1n.<\/p>\n<p>\u0110\u1eb7c \u0110i\u1ec3m &#8220;Chill&#8221; v\u00e0 K\u00edch Th\u01b0\u1edbc Ho\u00e0n H\u1ea3o:<br \/>\n13 H\u1ecda Ti\u1ebft Trong 1: Thay v\u00ec mang theo nhi\u1ec1u con d\u1ea5u, NRD-13A t\u00edch h\u1ee3p 13 m\u1eabu h\u1ecda ti\u1ebft trang tr\u00ed kh\u00e1c nhau tr\u00ean c\u00f9ng m\u1ed9t con l\u0103n. B\u1ea1n ch\u1ec9 c\u1ea7n xoay nh\u1eb9 b\u00e1nh r\u0103ng l\u00e0 c\u00f3 th\u1ec3 chuy\u1ec3n \u0111\u1ed5i ngay l\u1eadp t\u1ee9c gi\u1eefa c\u00e1c m\u1eabu nh\u01b0 c\u00e2y c\u1ecf (Plants), th\u00fa c\u01b0ng (Cats), \u0111\u1ed3 \u0103n (Food), hay c\u00e1c h\u00ecnh trang tr\u00ed \u0111\u1ed9c \u0111\u00e1o (Ornament\/Decoration).<\/p>\n<p>K\u00edch Th\u01b0\u1edbc L\u00fd T\u01b0\u1edfng cho Chi Ti\u1ebft: K\u00edch th\u01b0\u1edbc c\u1ee7a m\u1eb7t d\u1ea5u l\u00e0 4.5 mm x 32 mm. Chi\u1ec1u cao 4.5mm v\u1eeba v\u1eb7n \u0111\u1ec3 l\u00e0m c\u00e1c \u0111\u01b0\u1eddng vi\u1ec1n tinh t\u1ebf, \u0111\u00f3ng d\u1ea5u trong c\u00e1c \u00f4 nh\u1ecf c\u1ee7a s\u1ed5 k\u1ebf ho\u1ea1ch (planner) ho\u1eb7c t\u1ea1o \u0111i\u1ec3m nh\u1ea5n m\u00e0 kh\u00f4ng chi\u1ebfm qu\u00e1 nhi\u1ec1u kh\u00f4ng gian.<\/p>\n<p>S\u00e1ng T\u1ea1o M\u1ef1c Kh\u00f4ng Gi\u1edbi H\u1ea1n: \u0110i\u1ec3m \u0111\u1eb7c bi\u1ec7t nh\u1ea5t l\u00e0 con d\u1ea5u n\u00e0y kh\u00f4ng c\u00f3 m\u1ef1c s\u1eb5n. \u0110\u00e2y l\u00e0 m\u1ed9t l\u1ee3i th\u1ebf l\u1edbn cho hobby:<\/p>\n<p>B\u1ea1n c\u00f3 th\u1ec3 d\u00f9ng con d\u1ea5u n\u00e0y \u0111\u1ec3 ch\u1ea5m v\u00e0o b\u1ea5t k\u1ef3 lo\u1ea1i m\u1ef1c d\u1ea5u n\u00e0o b\u1ea1n c\u00f3, t\u1eeb m\u1ef1c m\u00e0u neon r\u1ef1c r\u1ee1 \u0111\u1ebfn m\u1ef1c kim tuy\u1ebfn l\u1ea5p l\u00e1nh, gi\u00fap trang tr\u00ed theo \u0111\u00fang &#8220;mood&#8221; v\u00e0 phong c\u00e1ch c\u00e1 nh\u00e2n.<\/p>\n<p>\u0110\u1ec3 tr\u1ea3i nghi\u1ec7m th\u01b0 gi\u00e3n v\u00e0 ngh\u1ec7 thu\u1eadt h\u01a1n, h\u00e3y k\u1ebft h\u1ee3p v\u1edbi Khay M\u1ef1c M\u1ef9 Thu\u1eadt Shachihata Iromoyo. B\u1ed9 m\u1ef1c Iromoyo n\u1ed5i ti\u1ebfng v\u1edbi m\u00e0u s\u1eafc truy\u1ec1n th\u1ed1ng Nh\u1eadt B\u1ea3n phong ph\u00fa v\u00e0 ch\u1ea5t l\u01b0\u1ee3ng m\u1ef1c tuy\u1ec7t v\u1eddi, gi\u00fap c\u00e1c h\u1ecda ti\u1ebft trang tr\u00ed c\u1ee7a b\u1ea1n tr\u1edf n\u00ean ho\u00e0n h\u1ea3o, s\u1eafc n\u00e9t v\u00e0 c\u00f3 chi\u1ec1u s\u00e2u h\u01a1n.<\/p>\n<p>Th\u01b0 Gi\u00e3n C\u00f9ng NRD-13A:<br \/>\nCh\u1ec9 v\u1edbi m\u1ed9t \u0111\u1ed9ng t\u00e1c xoay v\u00e0 ch\u1ea5m m\u1ef1c, b\u1ea1n \u0111\u00e3 c\u00f3 th\u1ec3 t\u1ea1o ra nh\u1eefng \u0111\u01b0\u1eddng vi\u1ec1n tinh x\u1ea3o, nh\u1eefng \u0111i\u1ec3m nh\u1ea5n \u0111\u00e1ng y\u00eau cho nh\u1eadt k\u00fd, s\u1ed5 k\u1ebf ho\u1ea1ch hay b\u1ea5t c\u1ee9 d\u1ef1 \u00e1n DIY n\u00e0o. S\u1ef1 k\u1ebft h\u1ee3p gi\u1eefa s\u1ef1 ti\u1ec7n l\u1ee3i c\u1ee7a con d\u1ea5u xoay v\u00e0 kh\u1ea3 n\u0103ng t\u00f9y bi\u1ebfn m\u00e0u s\u1eafc kh\u00f4ng gi\u1edbi h\u1ea1n c\u1ee7a m\u1ef1c d\u1ea5u s\u1ebd mang \u0111\u1ebfn nh\u1eefng gi\u1edd ph\u00fat s\u00e1ng t\u1ea1o th\u1ef1c s\u1ef1 &#8220;chill&#8221; v\u00e0 \u0111\u1ea7y c\u1ea3m h\u1ee9ng.<\/p>\n","protected":false},"excerpt":{"rendered":"<p>D\u1ea5u \u0111\u00f3ng xoay h\u1ecda ti\u1ebft Shachihata Rotating Stamp NRD-13A<\/p>\n<p>\u0110\u00f3ng g\u00f3i: V\u1ec9 treo con d\u1ea5u<br \/>\nK\u00edch th\u01b0\u1edbc con d\u1ea5u: \t49.4\u00d728.5\u00d798.1mm<br \/>\nn\u1eb7ng: 51g<\/p>\n<p>t\u1ed5ng c\u1ed9ng 13 h\u1ecda ti\u1ebft tr\u00ean m\u1ed7i con d\u1ea5u<br \/>\nK\u00edch th\u01b0\u1edbc h\u1ecda ti\u1ebft 4.5x32mm<\/p>\n","protected":false},"featured_media":74132,"template":"","meta":{"_acf_changed":false},"product_brand":[1653],"product_cat":[727,712,721,736,735,701,699,698,711,738,737,729],"product_tag":[1608,1613,1612,1195,1609,1611,1598,1599,1610,1614,1615],"class_list":{"0":"post-74129","1":"product","2":"type-product","3":"status-publish","4":"has-post-thumbnail","6":"product_brand-shachihata","7":"product_cat-bom-them-muc-duoc","8":"product_cat-chong-lem-nuoc","9":"product_cat-dau","10":"product_cat-dong-dau-dong","11":"product_cat-dong-muc","12":"product_cat-dong-muc-dye-stuff","13":"product_cat-dong-muc-goc-dau","14":"product_cat-dong-muc-goc-nuoc","15":"product_cat-dung-tren-giay","16":"product_cat-dung-trong-truong-hoc","17":"product_cat-dung-trong-van-phong","18":"product_cat-hien-ro-tren-nen-sang","19":"product_tag-dau","20":"product_tag-dau-my-thuat","21":"product_tag-dau-xoay-hoa-tiet-my-thuat","22":"product_tag-dau-dong","23":"product_tag-dau-dong-hoa-tiet","24":"product_tag-dau-dong-rnd-13a","25":"product_tag-dau-dong-xoay","26":"product_tag-dau-dong-xoay-hoa-tiet","27":"product_tag-dau-dong-xoay-hoa-tiet-nrd-13a","28":"product_tag-nrd-13a","29":"product_tag-nrd13a","31":"first","32":"instock","33":"taxable","34":"shipping-taxable","35":"purchasable","36":"product-type-variable"},"acf":[],"yoast_head":"<!-- This site is optimized with the Yoast SEO Premium plugin v24.4 (Yoast SEO v26.4) - https:\/\/yoast.com\/wordpress\/plugins\/seo\/ -->\n<title>D\u1ea5u \u0111\u00f3ng xoay h\u1ecda ti\u1ebft NRD-13A - C\u00f4ng Ty TNHH Th\u01b0\u01a1ng M\u1ea1i PH\u00daC M\u00c3<\/title>\n<meta name=\"robots\" content=\"index, follow, max-snippet:-1, max-image-preview:large, max-video-preview:-1\" \/>\n<link rel=\"canonical\" href=\"https:\/\/phucma.com.vn\/congnghiep\/product\/dau-dong-xoay-hoa-tiet-nrd-13a\/\" \/>\n<meta property=\"og:locale\" content=\"vi_VN\" \/>\n<meta property=\"og:type\" content=\"article\" \/>\n<meta property=\"og:title\" content=\"D\u1ea5u \u0111\u00f3ng xoay h\u1ecda ti\u1ebft NRD-13A\" \/>\n<meta property=\"og:description\" content=\"D\u1ea5u \u0111\u00f3ng xoay h\u1ecda ti\u1ebft Shachihata Rotating Stamp NRD-13A  \u0110\u00f3ng g\u00f3i: V\u1ec9 treo con d\u1ea5u K\u00edch th\u01b0\u1edbc con d\u1ea5u: 49.4\u00d728.5\u00d798.1mm n\u1eb7ng: 51g  t\u1ed5ng c\u1ed9ng 13 h\u1ecda ti\u1ebft tr\u00ean m\u1ed7i con d\u1ea5u K\u00edch th\u01b0\u1edbc h\u1ecda ti\u1ebft 4.5x32mm\" \/>\n<meta property=\"og:url\" content=\"https:\/\/phucma.com.vn\/congnghiep\/product\/dau-dong-xoay-hoa-tiet-nrd-13a\/\" \/>\n<meta property=\"og:site_name\" content=\"C\u00f4ng Ty TNHH Th\u01b0\u01a1ng M\u1ea1i PH\u00daC M\u00c3\" \/>\n<meta property=\"article:publisher\" content=\"https:\/\/www.facebook.com\/artline.vn\" \/>\n<meta property=\"article:modified_time\" content=\"2025-11-12T06:55:16+00:00\" \/>\n<meta property=\"og:image\" content=\"https:\/\/phucma.com.vn\/congnghiep\/wp-content\/uploads\/2025\/10\/Dau-xoay-hoa-tiet-my-thuat-Shachihata-Rotating-NRD-13A-hinh-dai-dien-3.jpg\" \/>\n\t<meta property=\"og:image:width\" content=\"600\" \/>\n\t<meta property=\"og:image:height\" content=\"600\" \/>\n\t<meta property=\"og:image:type\" content=\"image\/jpeg\" \/>\n<meta name=\"twitter:card\" content=\"summary_large_image\" \/>\n<meta name=\"twitter:label1\" content=\"Kh\u1ea3 d\u1ee5ng\" \/>\n\t<meta name=\"twitter:data1\" content=\"Trong kho\" \/>\n<script type=\"application\/ld+json\" class=\"yoast-schema-graph\">{\"@context\":\"https:\/\/schema.org\",\"@graph\":[{\"@type\":\"WebPage\",\"@id\":\"https:\/\/phucma.com.vn\/congnghiep\/product\/dau-dong-xoay-hoa-tiet-nrd-13a\/\",\"url\":\"https:\/\/phucma.com.vn\/congnghiep\/product\/dau-dong-xoay-hoa-tiet-nrd-13a\/\",\"name\":\"D\u1ea5u \u0111\u00f3ng xoay h\u1ecda ti\u1ebft NRD-13A - C\u00f4ng Ty TNHH Th\u01b0\u01a1ng M\u1ea1i PH\u00daC M\u00c3\",\"isPartOf\":{\"@id\":\"https:\/\/phucma.com.vn\/congnghiep\/#website\"},\"primaryImageOfPage\":{\"@id\":\"https:\/\/phucma.com.vn\/congnghiep\/product\/dau-dong-xoay-hoa-tiet-nrd-13a\/#primaryimage\"},\"image\":{\"@id\":\"https:\/\/phucma.com.vn\/congnghiep\/product\/dau-dong-xoay-hoa-tiet-nrd-13a\/#primaryimage\"},\"thumbnailUrl\":\"https:\/\/phucma.com.vn\/congnghiep\/wp-content\/uploads\/2025\/10\/Dau-xoay-hoa-tiet-my-thuat-Shachihata-Rotating-NRD-13A-hinh-dai-dien-3.jpg\",\"datePublished\":\"2025-10-28T07:32:03+00:00\",\"dateModified\":\"2025-11-12T06:55:16+00:00\",\"breadcrumb\":{\"@id\":\"https:\/\/phucma.com.vn\/congnghiep\/product\/dau-dong-xoay-hoa-tiet-nrd-13a\/#breadcrumb\"},\"inLanguage\":\"vi\",\"potentialAction\":[{\"@type\":\"ReadAction\",\"target\":[\"https:\/\/phucma.com.vn\/congnghiep\/product\/dau-dong-xoay-hoa-tiet-nrd-13a\/\"]}]},{\"@type\":\"ImageObject\",\"inLanguage\":\"vi\",\"@id\":\"https:\/\/phucma.com.vn\/congnghiep\/product\/dau-dong-xoay-hoa-tiet-nrd-13a\/#primaryimage\",\"url\":\"https:\/\/phucma.com.vn\/congnghiep\/wp-content\/uploads\/2025\/10\/Dau-xoay-hoa-tiet-my-thuat-Shachihata-Rotating-NRD-13A-hinh-dai-dien-3.jpg\",\"contentUrl\":\"https:\/\/phucma.com.vn\/congnghiep\/wp-content\/uploads\/2025\/10\/Dau-xoay-hoa-tiet-my-thuat-Shachihata-Rotating-NRD-13A-hinh-dai-dien-3.jpg\",\"width\":600,\"height\":600},{\"@type\":\"BreadcrumbList\",\"@id\":\"https:\/\/phucma.com.vn\/congnghiep\/product\/dau-dong-xoay-hoa-tiet-nrd-13a\/#breadcrumb\",\"itemListElement\":[{\"@type\":\"ListItem\",\"position\":1,\"name\":\"Home\",\"item\":\"https:\/\/phucma.com.vn\/congnghiep\/\"},{\"@type\":\"ListItem\",\"position\":2,\"name\":\"C\u1eeda h\u00e0ng\",\"item\":\"https:\/\/phucma.com.vn\/congnghiep\/shop\/\"},{\"@type\":\"ListItem\",\"position\":3,\"name\":\"D\u1ea5u \u0111\u00f3ng xoay h\u1ecda ti\u1ebft NRD-13A\"}]},{\"@type\":\"WebSite\",\"@id\":\"https:\/\/phucma.com.vn\/congnghiep\/#website\",\"url\":\"https:\/\/phucma.com.vn\/congnghiep\/\",\"name\":\"C\u00f4ng ty Ph\u00fac M\u00e3\",\"description\":\"S\u1ea3n ph\u1ea9m c\u00f4ng nghi\u1ec7p d\u00e0nh cho nh\u00e0 m\u00e1y\",\"publisher\":{\"@id\":\"https:\/\/phucma.com.vn\/congnghiep\/#organization\"},\"alternateName\":\"CTy Ph\u00fac M\u00e3\",\"potentialAction\":[{\"@type\":\"SearchAction\",\"target\":{\"@type\":\"EntryPoint\",\"urlTemplate\":\"https:\/\/phucma.com.vn\/congnghiep\/?s={search_term_string}\"},\"query-input\":{\"@type\":\"PropertyValueSpecification\",\"valueRequired\":true,\"valueName\":\"search_term_string\"}}],\"inLanguage\":\"vi\"},{\"@type\":\"Organization\",\"@id\":\"https:\/\/phucma.com.vn\/congnghiep\/#organization\",\"name\":\"CTY PH\u00daC M\u00c3\",\"alternateName\":\"C\u00f4ng ty TNHH TM Ph\u00fac M\u00e3\",\"url\":\"https:\/\/phucma.com.vn\/congnghiep\/\",\"logo\":{\"@type\":\"ImageObject\",\"inLanguage\":\"vi\",\"@id\":\"https:\/\/phucma.com.vn\/congnghiep\/#\/schema\/logo\/image\/\",\"url\":\"https:\/\/phucma.com.vn\/congnghiep\/wp-content\/uploads\/2025\/01\/cropped-cropped-logo-cty-phuc-ma-11.png\",\"contentUrl\":\"https:\/\/phucma.com.vn\/congnghiep\/wp-content\/uploads\/2025\/01\/cropped-cropped-logo-cty-phuc-ma-11.png\",\"width\":256,\"height\":191,\"caption\":\"CTY PH\u00daC M\u00c3\"},\"image\":{\"@id\":\"https:\/\/phucma.com.vn\/congnghiep\/#\/schema\/logo\/image\/\"},\"sameAs\":[\"https:\/\/www.facebook.com\/artline.vn\"],\"description\":\"CTY PHUC MA - 20 n\u0103m chuy\u00ean cung c\u1ea5p c\u00e1c s\u1ea3n ph\u1ea9m b\u00fat, m\u1ef1c, d\u1ea5u c\u00f4ng nghi\u1ec7p cho h\u01a1n 1000 nh\u00e0 m\u00e1y kh\u1eafp c\u00e1c khu c\u00f4ng nghi\u1ec7p tr\u00ean c\u1ea3 n\u01b0\u1edbc\",\"email\":\"info@phucma.com.vn\",\"telephone\":\"02835140805\",\"legalName\":\"C\u00f4ng ty TNHH Th\u01b0\u01a1ng M\u1ea1i Ph\u00fac M\u00e3\",\"vatID\":\"0303490755\",\"numberOfEmployees\":{\"@type\":\"QuantitativeValue\",\"minValue\":\"51\",\"maxValue\":\"200\"}}]}<\/script>\n<meta property=\"product:brand\" content=\"Shachihata\" \/>\n<meta property=\"og:availability\" content=\"instock\" \/>\n<meta property=\"product:availability\" content=\"instock\" \/>\n<meta property=\"product:condition\" content=\"new\" \/>\n<!-- \/ Yoast SEO Premium plugin. -->","yoast_head_json":{"title":"D\u1ea5u \u0111\u00f3ng xoay h\u1ecda ti\u1ebft NRD-13A - C\u00f4ng Ty TNHH Th\u01b0\u01a1ng M\u1ea1i PH\u00daC M\u00c3","robots":{"index":"index","follow":"follow","max-snippet":"max-snippet:-1","max-image-preview":"max-image-preview:large","max-video-preview":"max-video-preview:-1"},"canonical":"https:\/\/phucma.com.vn\/congnghiep\/product\/dau-dong-xoay-hoa-tiet-nrd-13a\/","og_locale":"vi_VN","og_type":"article","og_title":"D\u1ea5u \u0111\u00f3ng xoay h\u1ecda ti\u1ebft NRD-13A","og_description":"D\u1ea5u \u0111\u00f3ng xoay h\u1ecda ti\u1ebft Shachihata Rotating Stamp NRD-13A  \u0110\u00f3ng g\u00f3i: V\u1ec9 treo con d\u1ea5u K\u00edch th\u01b0\u1edbc con d\u1ea5u: 49.4\u00d728.5\u00d798.1mm n\u1eb7ng: 51g  t\u1ed5ng c\u1ed9ng 13 h\u1ecda ti\u1ebft tr\u00ean m\u1ed7i con d\u1ea5u K\u00edch th\u01b0\u1edbc h\u1ecda ti\u1ebft 4.5x32mm","og_url":"https:\/\/phucma.com.vn\/congnghiep\/product\/dau-dong-xoay-hoa-tiet-nrd-13a\/","og_site_name":"C\u00f4ng Ty TNHH Th\u01b0\u01a1ng M\u1ea1i PH\u00daC M\u00c3","article_publisher":"https:\/\/www.facebook.com\/artline.vn","article_modified_time":"2025-11-12T06:55:16+00:00","og_image":[{"width":600,"height":600,"url":"https:\/\/phucma.com.vn\/congnghiep\/wp-content\/uploads\/2025\/10\/Dau-xoay-hoa-tiet-my-thuat-Shachihata-Rotating-NRD-13A-hinh-dai-dien-3.jpg","type":"image\/jpeg"}],"twitter_card":"summary_large_image","twitter_misc":{"Kh\u1ea3 d\u1ee5ng":"Trong kho"},"schema":{"@context":"https:\/\/schema.org","@graph":[{"@type":"WebPage","@id":"https:\/\/phucma.com.vn\/congnghiep\/product\/dau-dong-xoay-hoa-tiet-nrd-13a\/","url":"https:\/\/phucma.com.vn\/congnghiep\/product\/dau-dong-xoay-hoa-tiet-nrd-13a\/","name":"D\u1ea5u \u0111\u00f3ng xoay h\u1ecda ti\u1ebft NRD-13A - C\u00f4ng Ty TNHH Th\u01b0\u01a1ng M\u1ea1i PH\u00daC M\u00c3","isPartOf":{"@id":"https:\/\/phucma.com.vn\/congnghiep\/#website"},"primaryImageOfPage":{"@id":"https:\/\/phucma.com.vn\/congnghiep\/product\/dau-dong-xoay-hoa-tiet-nrd-13a\/#primaryimage"},"image":{"@id":"https:\/\/phucma.com.vn\/congnghiep\/product\/dau-dong-xoay-hoa-tiet-nrd-13a\/#primaryimage"},"thumbnailUrl":"https:\/\/phucma.com.vn\/congnghiep\/wp-content\/uploads\/2025\/10\/Dau-xoay-hoa-tiet-my-thuat-Shachihata-Rotating-NRD-13A-hinh-dai-dien-3.jpg","datePublished":"2025-10-28T07:32:03+00:00","dateModified":"2025-11-12T06:55:16+00:00","breadcrumb":{"@id":"https:\/\/phucma.com.vn\/congnghiep\/product\/dau-dong-xoay-hoa-tiet-nrd-13a\/#breadcrumb"},"inLanguage":"vi","potentialAction":[{"@type":"ReadAction","target":["https:\/\/phucma.com.vn\/congnghiep\/product\/dau-dong-xoay-hoa-tiet-nrd-13a\/"]}]},{"@type":"ImageObject","inLanguage":"vi","@id":"https:\/\/phucma.com.vn\/congnghiep\/product\/dau-dong-xoay-hoa-tiet-nrd-13a\/#primaryimage","url":"https:\/\/phucma.com.vn\/congnghiep\/wp-content\/uploads\/2025\/10\/Dau-xoay-hoa-tiet-my-thuat-Shachihata-Rotating-NRD-13A-hinh-dai-dien-3.jpg","contentUrl":"https:\/\/phucma.com.vn\/congnghiep\/wp-content\/uploads\/2025\/10\/Dau-xoay-hoa-tiet-my-thuat-Shachihata-Rotating-NRD-13A-hinh-dai-dien-3.jpg","width":600,"height":600},{"@type":"BreadcrumbList","@id":"https:\/\/phucma.com.vn\/congnghiep\/product\/dau-dong-xoay-hoa-tiet-nrd-13a\/#breadcrumb","itemListElement":[{"@type":"ListItem","position":1,"name":"Home","item":"https:\/\/phucma.com.vn\/congnghiep\/"},{"@type":"ListItem","position":2,"name":"C\u1eeda h\u00e0ng","item":"https:\/\/phucma.com.vn\/congnghiep\/shop\/"},{"@type":"ListItem","position":3,"name":"D\u1ea5u \u0111\u00f3ng xoay h\u1ecda ti\u1ebft NRD-13A"}]},{"@type":"WebSite","@id":"https:\/\/phucma.com.vn\/congnghiep\/#website","url":"https:\/\/phucma.com.vn\/congnghiep\/","name":"C\u00f4ng ty Ph\u00fac M\u00e3","description":"S\u1ea3n ph\u1ea9m c\u00f4ng nghi\u1ec7p d\u00e0nh cho nh\u00e0 m\u00e1y","publisher":{"@id":"https:\/\/phucma.com.vn\/congnghiep\/#organization"},"alternateName":"CTy Ph\u00fac M\u00e3","potentialAction":[{"@type":"SearchAction","target":{"@type":"EntryPoint","urlTemplate":"https:\/\/phucma.com.vn\/congnghiep\/?s={search_term_string}"},"query-input":{"@type":"PropertyValueSpecification","valueRequired":true,"valueName":"search_term_string"}}],"inLanguage":"vi"},{"@type":"Organization","@id":"https:\/\/phucma.com.vn\/congnghiep\/#organization","name":"CTY PH\u00daC M\u00c3","alternateName":"C\u00f4ng ty TNHH TM Ph\u00fac M\u00e3","url":"https:\/\/phucma.com.vn\/congnghiep\/","logo":{"@type":"ImageObject","inLanguage":"vi","@id":"https:\/\/phucma.com.vn\/congnghiep\/#\/schema\/logo\/image\/","url":"https:\/\/phucma.com.vn\/congnghiep\/wp-content\/uploads\/2025\/01\/cropped-cropped-logo-cty-phuc-ma-11.png","contentUrl":"https:\/\/phucma.com.vn\/congnghiep\/wp-content\/uploads\/2025\/01\/cropped-cropped-logo-cty-phuc-ma-11.png","width":256,"height":191,"caption":"CTY PH\u00daC M\u00c3"},"image":{"@id":"https:\/\/phucma.com.vn\/congnghiep\/#\/schema\/logo\/image\/"},"sameAs":["https:\/\/www.facebook.com\/artline.vn"],"description":"CTY PHUC MA - 20 n\u0103m chuy\u00ean cung c\u1ea5p c\u00e1c s\u1ea3n ph\u1ea9m b\u00fat, m\u1ef1c, d\u1ea5u c\u00f4ng nghi\u1ec7p cho h\u01a1n 1000 nh\u00e0 m\u00e1y kh\u1eafp c\u00e1c khu c\u00f4ng nghi\u1ec7p tr\u00ean c\u1ea3 n\u01b0\u1edbc","email":"info@phucma.com.vn","telephone":"02835140805","legalName":"C\u00f4ng ty TNHH Th\u01b0\u01a1ng M\u1ea1i Ph\u00fac M\u00e3","vatID":"0303490755","numberOfEmployees":{"@type":"QuantitativeValue","minValue":"51","maxValue":"200"}}]},"product_brand":"Shachihata","og_availability":"instock","product_availability":"instock","product_condition":"new"},"_links":{"self":[{"href":"https:\/\/phucma.com.vn\/congnghiep\/wp-json\/wp\/v2\/product\/74129","targetHints":{"allow":["GET"]}}],"collection":[{"href":"https:\/\/phucma.com.vn\/congnghiep\/wp-json\/wp\/v2\/product"}],"about":[{"href":"https:\/\/phucma.com.vn\/congnghiep\/wp-json\/wp\/v2\/types\/product"}],"wp:featuredmedia":[{"embeddable":true,"href":"https:\/\/phucma.com.vn\/congnghiep\/wp-json\/wp\/v2\/media\/74132"}],"wp:attachment":[{"href":"https:\/\/phucma.com.vn\/congnghiep\/wp-json\/wp\/v2\/media?parent=74129"}],"wp:term":[{"taxonomy":"product_brand","embeddable":true,"href":"https:\/\/phucma.com.vn\/congnghiep\/wp-json\/wp\/v2\/product_brand?post=74129"},{"taxonomy":"product_cat","embeddable":true,"href":"https:\/\/phucma.com.vn\/congnghiep\/wp-json\/wp\/v2\/product_cat?post=74129"},{"taxonomy":"product_tag","embeddable":true,"href":"https:\/\/phucma.com.vn\/congnghiep\/wp-json\/wp\/v2\/product_tag?post=74129"}],"curies":[{"name":"wp","href":"https:\/\/api.w.org\/{rel}","templated":true}]}}