
{"id":74056,"date":"2025-10-27T15:28:08","date_gmt":"2025-10-27T08:28:08","guid":{"rendered":"https:\/\/phucma.com.vn\/congnghiep\/?post_type=product&#038;p=74056"},"modified":"2026-02-19T11:35:20","modified_gmt":"2026-02-19T04:35:20","slug":"but-son-khong-nhan-artline-ek-437a","status":"publish","type":"product","link":"https:\/\/phucma.com.vn\/congnghiep\/product\/but-son-khong-nhan-artline-ek-437a\/","title":{"rendered":"B\u00fat s\u01a1n kh\u00f4ng nh\u1ea5n Artline EK-437A"},"content":{"rendered":"<p>B\u00fat S\u01a1n kh\u00f4ng nh\u1ea5n Artline EK-437A<br \/>\nM\u1edf n\u1eafp d\u00f9ng ngay kh\u00f4ng c\u1ea7n nh\u1ea5n.: \u0110i\u1ec3m \u0111\u1eb7c bi\u1ec7t nh\u1ea5t c\u1ee7a c\u00e2y b\u00fat n\u00e0y ch\u00ednh l\u00e0 c\u00f4ng ngh\u1ec7 van m\u1ef1c ti\u00ean ti\u1ebfn, cho ph\u00e9p b\u1ea1n s\u1eed d\u1ee5ng ngay l\u1eadp t\u1ee9c m\u00e0 kh\u00f4ng c\u1ea7n b\u1ea5t k\u1ef3 thao t\u00e1c chu\u1ea9n b\u1ecb n\u00e0o.<br \/>\nNh\u1edd c\u01a1 ch\u1ebf d\u00f2ng ch\u1ea3y \u1ed5n \u0111\u1ecbnh, m\u1ef1c lu\u00f4n ra \u0111\u1ec1u \u0111\u1eb7n, cho n\u00e9t vi\u1ebft m\u01b0\u1ee3t m\u00e0, r\u00f5 r\u00e0ng v\u00e0 kh\u00f4ng b\u1ecb \u0111\u1ee9t qu\u00e3ng hay v\u00f3n c\u1ee5c.<br \/>\nM\u00e0u \u0111\u1eadm, \u0111\u1ed9 ph\u1ee7 cao: M\u1ef1c s\u01a1n ch\u1ea5t l\u01b0\u1ee3ng cao t\u1eeb Artline (Nh\u1eadt B\u1ea3n) cho m\u00e0u s\u1eafc t\u01b0\u01a1i s\u00e1ng, che ph\u1ee7 t\u1ed1t ngay c\u1ea3 tr\u00ean c\u00e1c b\u1ec1 m\u1eb7t t\u1ed1i m\u00e0u.<br \/>\nCh\u1ed1ng n\u01b0\u1edbc, kh\u00f4ng phai: M\u1ef1c kh\u00f4 nhanh, b\u00e1m d\u00ednh ch\u1eafc ch\u1eafn, ch\u1ed1ng tr\u00f4i khi g\u1eb7p n\u01b0\u1edbc v\u00e0 b\u1ec1n m\u00e0u theo th\u1eddi gian.<br \/>\nVi\u1ebft tr\u00ean m\u1ecdi b\u1ec1 m\u1eb7t v\u1eadt li\u1ec7u : Nh\u1ef1a, Nilon, Kim lo\u1ea1i, S\u1eaft, Th\u00e9p, G\u1ed7, Th\u1ee7y tinh, G\u1ed1m s\u1ee9, Cao su (nh\u01b0 l\u1ed1p xe), Da, V\u1ea3i, Gi\u1ea5y&#8230;<br \/>\nM\u1ef1c kh\u00f4ng ch\u1ee9a Xylene (Xylene-free), gi\u1ea3m m\u00f9i h\u1eafc kh\u00f3 ch\u1ecbu v\u00e0 an to\u00e0n h\u01a1n cho s\u1ee9c kh\u1ecfe ng\u01b0\u1eddi d\u00f9ng c\u0169ng nh\u01b0 th\u00e2n thi\u1ec7n v\u1edbi m\u00f4i tr\u01b0\u1eddng.<\/p>\n","protected":false},"excerpt":{"rendered":"<p>M\u00e3 h\u00e0ng EK-437A<br \/>\nNg\u00f2i b\u00fat 2.3mm<br \/>\nH\u1ed9p c\u00f3 12 c\u00e2y<br \/>\nM\u00e0u s\u1eafc b\u1ea1n tham kh\u1ea3o ph\u00eda b\u00ean d\u01b0\u1edbi b\u00e0i vi\u1ebft.<br \/>\nXu\u1ea5t x\u1ee9: Nh\u1eadt B\u1ea3n<br \/>\nS\u1ea3n xu\u1ea5t: Nh\u00e0 m\u00e1y Shachihata Japan t\u1ea1i Malaysia<\/p>\n","protected":false},"featured_media":74091,"template":"","meta":{"_acf_changed":false},"product_brand":[212],"product_cat":[714,727,712,688,700,713,711,1228,709,710,1042,741,740,729,728,725],"product_tag":[1551,1550,1552,1548,1549],"class_list":{"0":"post-74056","1":"product","2":"type-product","3":"status-publish","4":"has-post-thumbnail","6":"product_brand-artline","7":"product_cat-dong-san-pham-artline-japan","8":"product_cat-bom-them-muc-duoc","9":"product_cat-chong-lem-nuoc","10":"product_cat-dong-but-son","11":"product_cat-dong-muc-pigment","12":"product_cat-dung-moi-vat-lieu","13":"product_cat-dung-tren-giay","14":"product_cat-dung-tren-go","15":"product_cat-dung-tren-kim-loai","16":"product_cat-dung-tren-nhua","17":"product_cat-dung-tren-vai","18":"product_cat-dung-trong-nha-may","19":"product_cat-dung-trong-nha-xuong","20":"product_cat-hien-ro-tren-nen-sang","21":"product_cat-hien-ro-tren-nen-toi","22":"product_cat-ngoi-tron","23":"product_tag-but-son-ek-437a","24":"product_tag-but-son-khong-nhan-artline-ek-437a","25":"product_tag-but-son-khong-nhan-ek-437a","26":"product_tag-ek-437a","27":"product_tag-ek437a","29":"first","30":"instock","31":"taxable","32":"shipping-taxable","33":"purchasable","34":"product-type-variable"},"acf":[],"yoast_head":"<!-- This site is optimized with the Yoast SEO Premium plugin v24.4 (Yoast SEO v26.4) - https:\/\/yoast.com\/wordpress\/plugins\/seo\/ -->\n<title>B\u00fat s\u01a1n kh\u00f4ng nh\u1ea5n Artline EK-437A - C\u00f4ng Ty TNHH Th\u01b0\u01a1ng M\u1ea1i PH\u00daC M\u00c3<\/title>\n<meta name=\"robots\" content=\"index, follow, max-snippet:-1, max-image-preview:large, max-video-preview:-1\" \/>\n<link rel=\"canonical\" href=\"https:\/\/phucma.com.vn\/congnghiep\/product\/but-son-khong-nhan-artline-ek-437a\/\" \/>\n<meta property=\"og:locale\" content=\"vi_VN\" \/>\n<meta property=\"og:type\" content=\"article\" \/>\n<meta property=\"og:title\" content=\"B\u00fat s\u01a1n kh\u00f4ng nh\u1ea5n Artline EK-437A\" \/>\n<meta property=\"og:description\" content=\"M\u00e3 h\u00e0ng EK-437A Ng\u00f2i b\u00fat 2.3mm H\u1ed9p c\u00f3 12 c\u00e2y M\u00e0u s\u1eafc b\u1ea1n tham kh\u1ea3o ph\u00eda b\u00ean d\u01b0\u1edbi b\u00e0i vi\u1ebft. Xu\u1ea5t x\u1ee9: Nh\u1eadt B\u1ea3n S\u1ea3n xu\u1ea5t: Nh\u00e0 m\u00e1y Shachihata Japan t\u1ea1i Malaysia\" \/>\n<meta property=\"og:url\" content=\"https:\/\/phucma.com.vn\/congnghiep\/product\/but-son-khong-nhan-artline-ek-437a\/\" \/>\n<meta property=\"og:site_name\" content=\"C\u00f4ng Ty TNHH Th\u01b0\u01a1ng M\u1ea1i PH\u00daC M\u00c3\" \/>\n<meta property=\"article:publisher\" content=\"https:\/\/www.facebook.com\/artline.vn\" \/>\n<meta property=\"article:modified_time\" content=\"2026-02-19T04:35:20+00:00\" \/>\n<meta property=\"og:image\" content=\"https:\/\/phucma.com.vn\/congnghiep\/wp-content\/uploads\/2025\/10\/But-son-khong-nhan-Artline-EK-437A-2.jpg\" \/>\n\t<meta property=\"og:image:width\" content=\"600\" \/>\n\t<meta property=\"og:image:height\" content=\"600\" \/>\n\t<meta property=\"og:image:type\" content=\"image\/jpeg\" \/>\n<meta name=\"twitter:card\" content=\"summary_large_image\" \/>\n<meta name=\"twitter:label1\" content=\"Kh\u1ea3 d\u1ee5ng\" \/>\n\t<meta name=\"twitter:data1\" content=\"Trong kho\" \/>\n<script type=\"application\/ld+json\" class=\"yoast-schema-graph\">{\"@context\":\"https:\/\/schema.org\",\"@graph\":[{\"@type\":\"WebPage\",\"@id\":\"https:\/\/phucma.com.vn\/congnghiep\/product\/but-son-khong-nhan-artline-ek-437a\/\",\"url\":\"https:\/\/phucma.com.vn\/congnghiep\/product\/but-son-khong-nhan-artline-ek-437a\/\",\"name\":\"B\u00fat s\u01a1n kh\u00f4ng nh\u1ea5n Artline EK-437A - C\u00f4ng Ty TNHH Th\u01b0\u01a1ng M\u1ea1i PH\u00daC M\u00c3\",\"isPartOf\":{\"@id\":\"https:\/\/phucma.com.vn\/congnghiep\/#website\"},\"primaryImageOfPage\":{\"@id\":\"https:\/\/phucma.com.vn\/congnghiep\/product\/but-son-khong-nhan-artline-ek-437a\/#primaryimage\"},\"image\":{\"@id\":\"https:\/\/phucma.com.vn\/congnghiep\/product\/but-son-khong-nhan-artline-ek-437a\/#primaryimage\"},\"thumbnailUrl\":\"https:\/\/phucma.com.vn\/congnghiep\/wp-content\/uploads\/2025\/10\/But-son-khong-nhan-Artline-EK-437A-2.jpg\",\"datePublished\":\"2025-10-27T08:28:08+00:00\",\"dateModified\":\"2026-02-19T04:35:20+00:00\",\"breadcrumb\":{\"@id\":\"https:\/\/phucma.com.vn\/congnghiep\/product\/but-son-khong-nhan-artline-ek-437a\/#breadcrumb\"},\"inLanguage\":\"vi\",\"potentialAction\":[{\"@type\":\"ReadAction\",\"target\":[\"https:\/\/phucma.com.vn\/congnghiep\/product\/but-son-khong-nhan-artline-ek-437a\/\"]}]},{\"@type\":\"ImageObject\",\"inLanguage\":\"vi\",\"@id\":\"https:\/\/phucma.com.vn\/congnghiep\/product\/but-son-khong-nhan-artline-ek-437a\/#primaryimage\",\"url\":\"https:\/\/phucma.com.vn\/congnghiep\/wp-content\/uploads\/2025\/10\/But-son-khong-nhan-Artline-EK-437A-2.jpg\",\"contentUrl\":\"https:\/\/phucma.com.vn\/congnghiep\/wp-content\/uploads\/2025\/10\/But-son-khong-nhan-Artline-EK-437A-2.jpg\",\"width\":600,\"height\":600},{\"@type\":\"BreadcrumbList\",\"@id\":\"https:\/\/phucma.com.vn\/congnghiep\/product\/but-son-khong-nhan-artline-ek-437a\/#breadcrumb\",\"itemListElement\":[{\"@type\":\"ListItem\",\"position\":1,\"name\":\"Home\",\"item\":\"https:\/\/phucma.com.vn\/congnghiep\/\"},{\"@type\":\"ListItem\",\"position\":2,\"name\":\"C\u1eeda h\u00e0ng\",\"item\":\"https:\/\/phucma.com.vn\/congnghiep\/shop\/\"},{\"@type\":\"ListItem\",\"position\":3,\"name\":\"B\u00fat s\u01a1n kh\u00f4ng nh\u1ea5n Artline EK-437A\"}]},{\"@type\":\"WebSite\",\"@id\":\"https:\/\/phucma.com.vn\/congnghiep\/#website\",\"url\":\"https:\/\/phucma.com.vn\/congnghiep\/\",\"name\":\"C\u00f4ng ty Ph\u00fac M\u00e3\",\"description\":\"S\u1ea3n ph\u1ea9m c\u00f4ng nghi\u1ec7p d\u00e0nh cho nh\u00e0 m\u00e1y\",\"publisher\":{\"@id\":\"https:\/\/phucma.com.vn\/congnghiep\/#organization\"},\"alternateName\":\"CTy Ph\u00fac M\u00e3\",\"potentialAction\":[{\"@type\":\"SearchAction\",\"target\":{\"@type\":\"EntryPoint\",\"urlTemplate\":\"https:\/\/phucma.com.vn\/congnghiep\/?s={search_term_string}\"},\"query-input\":{\"@type\":\"PropertyValueSpecification\",\"valueRequired\":true,\"valueName\":\"search_term_string\"}}],\"inLanguage\":\"vi\"},{\"@type\":\"Organization\",\"@id\":\"https:\/\/phucma.com.vn\/congnghiep\/#organization\",\"name\":\"CTY PH\u00daC M\u00c3\",\"alternateName\":\"C\u00f4ng ty TNHH TM Ph\u00fac M\u00e3\",\"url\":\"https:\/\/phucma.com.vn\/congnghiep\/\",\"logo\":{\"@type\":\"ImageObject\",\"inLanguage\":\"vi\",\"@id\":\"https:\/\/phucma.com.vn\/congnghiep\/#\/schema\/logo\/image\/\",\"url\":\"https:\/\/phucma.com.vn\/congnghiep\/wp-content\/uploads\/2025\/01\/cropped-cropped-logo-cty-phuc-ma-11.png\",\"contentUrl\":\"https:\/\/phucma.com.vn\/congnghiep\/wp-content\/uploads\/2025\/01\/cropped-cropped-logo-cty-phuc-ma-11.png\",\"width\":256,\"height\":191,\"caption\":\"CTY PH\u00daC M\u00c3\"},\"image\":{\"@id\":\"https:\/\/phucma.com.vn\/congnghiep\/#\/schema\/logo\/image\/\"},\"sameAs\":[\"https:\/\/www.facebook.com\/artline.vn\"],\"description\":\"CTY PHUC MA - 20 n\u0103m chuy\u00ean cung c\u1ea5p c\u00e1c s\u1ea3n ph\u1ea9m b\u00fat, m\u1ef1c, d\u1ea5u c\u00f4ng nghi\u1ec7p cho h\u01a1n 1000 nh\u00e0 m\u00e1y kh\u1eafp c\u00e1c khu c\u00f4ng nghi\u1ec7p tr\u00ean c\u1ea3 n\u01b0\u1edbc\",\"email\":\"info@phucma.com.vn\",\"telephone\":\"02835140805\",\"legalName\":\"C\u00f4ng ty TNHH Th\u01b0\u01a1ng M\u1ea1i Ph\u00fac M\u00e3\",\"vatID\":\"0303490755\",\"numberOfEmployees\":{\"@type\":\"QuantitativeValue\",\"minValue\":\"51\",\"maxValue\":\"200\"}}]}<\/script>\n<meta property=\"product:brand\" content=\"Artline\" \/>\n<meta property=\"og:availability\" content=\"instock\" \/>\n<meta property=\"product:availability\" content=\"instock\" \/>\n<meta property=\"product:retailer_item_id\" content=\"EK-437A\" \/>\n<meta property=\"product:condition\" content=\"new\" \/>\n<!-- \/ Yoast SEO Premium plugin. -->","yoast_head_json":{"title":"B\u00fat s\u01a1n kh\u00f4ng nh\u1ea5n Artline EK-437A - C\u00f4ng Ty TNHH Th\u01b0\u01a1ng M\u1ea1i PH\u00daC M\u00c3","robots":{"index":"index","follow":"follow","max-snippet":"max-snippet:-1","max-image-preview":"max-image-preview:large","max-video-preview":"max-video-preview:-1"},"canonical":"https:\/\/phucma.com.vn\/congnghiep\/product\/but-son-khong-nhan-artline-ek-437a\/","og_locale":"vi_VN","og_type":"article","og_title":"B\u00fat s\u01a1n kh\u00f4ng nh\u1ea5n Artline EK-437A","og_description":"M\u00e3 h\u00e0ng EK-437A Ng\u00f2i b\u00fat 2.3mm H\u1ed9p c\u00f3 12 c\u00e2y M\u00e0u s\u1eafc b\u1ea1n tham kh\u1ea3o ph\u00eda b\u00ean d\u01b0\u1edbi b\u00e0i vi\u1ebft. Xu\u1ea5t x\u1ee9: Nh\u1eadt B\u1ea3n S\u1ea3n xu\u1ea5t: Nh\u00e0 m\u00e1y Shachihata Japan t\u1ea1i Malaysia","og_url":"https:\/\/phucma.com.vn\/congnghiep\/product\/but-son-khong-nhan-artline-ek-437a\/","og_site_name":"C\u00f4ng Ty TNHH Th\u01b0\u01a1ng M\u1ea1i PH\u00daC M\u00c3","article_publisher":"https:\/\/www.facebook.com\/artline.vn","article_modified_time":"2026-02-19T04:35:20+00:00","og_image":[{"width":600,"height":600,"url":"https:\/\/phucma.com.vn\/congnghiep\/wp-content\/uploads\/2025\/10\/But-son-khong-nhan-Artline-EK-437A-2.jpg","type":"image\/jpeg"}],"twitter_card":"summary_large_image","twitter_misc":{"Kh\u1ea3 d\u1ee5ng":"Trong kho"},"schema":{"@context":"https:\/\/schema.org","@graph":[{"@type":"WebPage","@id":"https:\/\/phucma.com.vn\/congnghiep\/product\/but-son-khong-nhan-artline-ek-437a\/","url":"https:\/\/phucma.com.vn\/congnghiep\/product\/but-son-khong-nhan-artline-ek-437a\/","name":"B\u00fat s\u01a1n kh\u00f4ng nh\u1ea5n Artline EK-437A - C\u00f4ng Ty TNHH Th\u01b0\u01a1ng M\u1ea1i PH\u00daC M\u00c3","isPartOf":{"@id":"https:\/\/phucma.com.vn\/congnghiep\/#website"},"primaryImageOfPage":{"@id":"https:\/\/phucma.com.vn\/congnghiep\/product\/but-son-khong-nhan-artline-ek-437a\/#primaryimage"},"image":{"@id":"https:\/\/phucma.com.vn\/congnghiep\/product\/but-son-khong-nhan-artline-ek-437a\/#primaryimage"},"thumbnailUrl":"https:\/\/phucma.com.vn\/congnghiep\/wp-content\/uploads\/2025\/10\/But-son-khong-nhan-Artline-EK-437A-2.jpg","datePublished":"2025-10-27T08:28:08+00:00","dateModified":"2026-02-19T04:35:20+00:00","breadcrumb":{"@id":"https:\/\/phucma.com.vn\/congnghiep\/product\/but-son-khong-nhan-artline-ek-437a\/#breadcrumb"},"inLanguage":"vi","potentialAction":[{"@type":"ReadAction","target":["https:\/\/phucma.com.vn\/congnghiep\/product\/but-son-khong-nhan-artline-ek-437a\/"]}]},{"@type":"ImageObject","inLanguage":"vi","@id":"https:\/\/phucma.com.vn\/congnghiep\/product\/but-son-khong-nhan-artline-ek-437a\/#primaryimage","url":"https:\/\/phucma.com.vn\/congnghiep\/wp-content\/uploads\/2025\/10\/But-son-khong-nhan-Artline-EK-437A-2.jpg","contentUrl":"https:\/\/phucma.com.vn\/congnghiep\/wp-content\/uploads\/2025\/10\/But-son-khong-nhan-Artline-EK-437A-2.jpg","width":600,"height":600},{"@type":"BreadcrumbList","@id":"https:\/\/phucma.com.vn\/congnghiep\/product\/but-son-khong-nhan-artline-ek-437a\/#breadcrumb","itemListElement":[{"@type":"ListItem","position":1,"name":"Home","item":"https:\/\/phucma.com.vn\/congnghiep\/"},{"@type":"ListItem","position":2,"name":"C\u1eeda h\u00e0ng","item":"https:\/\/phucma.com.vn\/congnghiep\/shop\/"},{"@type":"ListItem","position":3,"name":"B\u00fat s\u01a1n kh\u00f4ng nh\u1ea5n Artline EK-437A"}]},{"@type":"WebSite","@id":"https:\/\/phucma.com.vn\/congnghiep\/#website","url":"https:\/\/phucma.com.vn\/congnghiep\/","name":"C\u00f4ng ty Ph\u00fac M\u00e3","description":"S\u1ea3n ph\u1ea9m c\u00f4ng nghi\u1ec7p d\u00e0nh cho nh\u00e0 m\u00e1y","publisher":{"@id":"https:\/\/phucma.com.vn\/congnghiep\/#organization"},"alternateName":"CTy Ph\u00fac M\u00e3","potentialAction":[{"@type":"SearchAction","target":{"@type":"EntryPoint","urlTemplate":"https:\/\/phucma.com.vn\/congnghiep\/?s={search_term_string}"},"query-input":{"@type":"PropertyValueSpecification","valueRequired":true,"valueName":"search_term_string"}}],"inLanguage":"vi"},{"@type":"Organization","@id":"https:\/\/phucma.com.vn\/congnghiep\/#organization","name":"CTY PH\u00daC M\u00c3","alternateName":"C\u00f4ng ty TNHH TM Ph\u00fac M\u00e3","url":"https:\/\/phucma.com.vn\/congnghiep\/","logo":{"@type":"ImageObject","inLanguage":"vi","@id":"https:\/\/phucma.com.vn\/congnghiep\/#\/schema\/logo\/image\/","url":"https:\/\/phucma.com.vn\/congnghiep\/wp-content\/uploads\/2025\/01\/cropped-cropped-logo-cty-phuc-ma-11.png","contentUrl":"https:\/\/phucma.com.vn\/congnghiep\/wp-content\/uploads\/2025\/01\/cropped-cropped-logo-cty-phuc-ma-11.png","width":256,"height":191,"caption":"CTY PH\u00daC M\u00c3"},"image":{"@id":"https:\/\/phucma.com.vn\/congnghiep\/#\/schema\/logo\/image\/"},"sameAs":["https:\/\/www.facebook.com\/artline.vn"],"description":"CTY PHUC MA - 20 n\u0103m chuy\u00ean cung c\u1ea5p c\u00e1c s\u1ea3n ph\u1ea9m b\u00fat, m\u1ef1c, d\u1ea5u c\u00f4ng nghi\u1ec7p cho h\u01a1n 1000 nh\u00e0 m\u00e1y kh\u1eafp c\u00e1c khu c\u00f4ng nghi\u1ec7p tr\u00ean c\u1ea3 n\u01b0\u1edbc","email":"info@phucma.com.vn","telephone":"02835140805","legalName":"C\u00f4ng ty TNHH Th\u01b0\u01a1ng M\u1ea1i Ph\u00fac M\u00e3","vatID":"0303490755","numberOfEmployees":{"@type":"QuantitativeValue","minValue":"51","maxValue":"200"}}]},"product_brand":"Artline","og_availability":"instock","product_availability":"instock","product_retailer_item_id":"EK-437A","product_condition":"new"},"_links":{"self":[{"href":"https:\/\/phucma.com.vn\/congnghiep\/wp-json\/wp\/v2\/product\/74056","targetHints":{"allow":["GET"]}}],"collection":[{"href":"https:\/\/phucma.com.vn\/congnghiep\/wp-json\/wp\/v2\/product"}],"about":[{"href":"https:\/\/phucma.com.vn\/congnghiep\/wp-json\/wp\/v2\/types\/product"}],"wp:featuredmedia":[{"embeddable":true,"href":"https:\/\/phucma.com.vn\/congnghiep\/wp-json\/wp\/v2\/media\/74091"}],"wp:attachment":[{"href":"https:\/\/phucma.com.vn\/congnghiep\/wp-json\/wp\/v2\/media?parent=74056"}],"wp:term":[{"taxonomy":"product_brand","embeddable":true,"href":"https:\/\/phucma.com.vn\/congnghiep\/wp-json\/wp\/v2\/product_brand?post=74056"},{"taxonomy":"product_cat","embeddable":true,"href":"https:\/\/phucma.com.vn\/congnghiep\/wp-json\/wp\/v2\/product_cat?post=74056"},{"taxonomy":"product_tag","embeddable":true,"href":"https:\/\/phucma.com.vn\/congnghiep\/wp-json\/wp\/v2\/product_tag?post=74056"}],"curies":[{"name":"wp","href":"https:\/\/api.w.org\/{rel}","templated":true}]}}