
{"id":7230,"date":"2025-02-20T08:12:00","date_gmt":"2025-02-20T01:12:00","guid":{"rendered":"https:\/\/phucma.com.vn\/congnghiep\/?post_type=product&#038;p=7230"},"modified":"2025-11-09T14:51:05","modified_gmt":"2025-11-09T07:51:05","slug":"bo-4-cay-but-ve-mat-hoa-trang-kff-f-4b","status":"publish","type":"product","link":"https:\/\/phucma.com.vn\/congnghiep\/product\/bo-4-cay-but-ve-mat-hoa-trang-kff-f-4b\/","title":{"rendered":"B\u00fat v\u1ebd m\u1eb7t h\u00f3a trang Artline KFF-F\/4B"},"content":{"rendered":"<p>Bu\u0301t co\u0301 ma\u0300u r\u00e2\u0301t \u0111e\u0323p, ma\u0300u sa\u0301ng n\u00f4\u0309i b\u00e2\u0323t l\u00ean tr\u00ean mo\u0323i ma\u0300u da kha\u0301c nhau<br \/>\nB\u00fat v\u1ebd h\u00f3a trang Artline KFF-F \u0111\u01b0\u1ee3c ch\u1ebf t\u1ea1o t\u1eeb c\u00e1c ch\u1ea5t li\u1ec7u an to\u00e0n cho da, \u0111\u1ea3m b\u1ea3o kh\u00f4ng g\u00e2y k\u00edch \u1ee9ng hay g\u00e2y h\u1ea1i cho da m\u1eb7t. Ngo\u0300i bu\u0301t m\u00ea\u0300m ma\u0323i giu\u0301p ve\u0303 nhe\u0323 nha\u0300ng tr\u00ean la\u0300n da<\/p>\n<p>B\u1ea1n mu\u1ed1n bi\u1ebfn h\u00f3a th\u00e0nh nh\u1eefng nh\u00e2n v\u1eadt y\u00eau th\u00edch c\u1ee7a m\u00ecnh?<br \/>\nB\u1ea1n mu\u1ed1n c\u00f3 m\u1ed9t khu\u00f4n m\u1eb7t \u0111\u1ea7y s\u1eafc m\u00e0u, n\u00f4\u0309i b\u00e2\u0323t v\u00e0 c\u00e1 t\u00ednh?<br \/>\nB\u1ea1n mu\u1ed1n t\u1ecfa s\u00e1ng trong m\u1ecdi b\u1eefa ti\u1ec7c v\u00e0 s\u1ef1 ki\u1ec7n?<br \/>\nB\u1ea1n s\u1ebd tr\u1edf th\u00e0nh trung t\u00e2m c\u1ee7a m\u1ecdi \u00e1nh nh\u00ecn v\u00e0 g\u00e2y \u1ea5n t\u01b0\u1ee3ng v\u1edbi m\u1ecdi ng\u01b0\u1eddi.<br \/>\n&gt;&gt;&gt;H\u00e3y th\u1eed ngay b\u00fat v\u1ebd h\u00f3a trang Artline KFF-F &#8211; s\u1ea3n ph\u1ea9m \u0111\u1ed9c \u0111\u00e1o v\u00e0 ti\u1ec7n l\u1ee3i cho b\u1ea1n! C\u00e2y bu\u0301t mang \u0111\u00ea\u0301n b\u00e2\u0300u kh\u00f4ng khi\u0301 vui nh\u00f4\u0323n, s\u00f4\u0301ng \u0111\u00f4\u0323ng \u0111\u00e2\u0300y ma\u0300u s\u0103\u0301c cho mo\u0323i bu\u00f4\u0309i ti\u00ea\u0323c<\/p>\n","protected":false},"excerpt":{"rendered":"<p>B\u00fat v\u1ebd m\u1eb7t h\u00f3a trang Artline KFF-F \u0111\u01b0\u1ee3c thi\u1ebft k\u1ebf \u0111\u1eb7c tr\u01b0ng \u0111\u1ec3 v\u1ebd l\u00ean m\u1eb7t v\u00e0 kh\u00f4ng phai \u0111i khi ti\u1ebfp x\u00fac v\u1edbi m\u1ed3 h\u00f4i nh\u01b0ng la\u0323i d\u00ea\u0303 da\u0300ng xo\u0301a sa\u0323ch b\u0103\u0300ng kh\u0103n \u01b0\u01a1\u0301t.<\/p>\n<ul>\n<li>B\u00fat b\u00e1n theo set: 1 set 4 c\u00e2y<\/li>\n<li>Ng\u00f2i b\u00fat : ng\u00f2i brush<\/li>\n<li>S\u1ea3n xu\u1ea5t: Nh\u00e0 m\u00e1y Shachihata Japan t\u1ea1i Malaysia<\/li>\n<\/ul>\n","protected":false},"featured_media":7369,"template":"","meta":{"_acf_changed":false},"product_brand":[212],"product_cat":[714,696,733,698,738,726],"product_tag":[748,743,1428,1427,1426,757,759,745,755,744,742,754,758,746,756,749,500,499,747,752,753,750,751],"class_list":{"0":"post-7230","1":"product","2":"type-product","3":"status-publish","4":"has-post-thumbnail","6":"product_brand-artline","7":"product_cat-dong-san-pham-artline-japan","8":"product_cat-dong-but-co-ve","9":"product_cat-dong-but-mau-ve","10":"product_cat-dong-muc-goc-nuoc","11":"product_cat-dung-trong-truong-hoc","12":"product_cat-ngoi-co","13":"product_tag-bo-ve-mat","14":"product_tag-but-co-ve-mat","15":"product_tag-but-hoa-trang","16":"product_tag-but-mau-hoa-trang","17":"product_tag-but-ve-hoa-trang","18":"product_tag-but-ve-mat-an-toan-cho-da","19":"product_tag-but-ve-mat-cho-be","20":"product_tag-but-ve-mat-cho-tre-em","21":"product_tag-but-ve-mat-de-tay-rua","22":"product_tag-but-ve-mat-halloween","23":"product_tag-but-ve-mat-hoa-trang","24":"product_tag-but-ve-mat-khong-gay-di-ung","25":"product_tag-but-ve-mat-lau-troi","26":"product_tag-but-ve-mat-nghe-thuat","27":"product_tag-but-ve-mat-nhieu-mau-sac","28":"product_tag-dung-cu-ve-mat","29":"product_tag-kff-f-4b","30":"product_tag-kfff-4b","31":"product_tag-mau-ve-mat","32":"product_tag-ve-mat-hoa-trang-cho-le-hoi","33":"product_tag-ve-mat-hoa-trang-cho-su-kien","34":"product_tag-ve-mat-hoa-trang-halloween","35":"product_tag-ve-mat-hoa-trang-tiec-tung","37":"first","38":"instock","39":"taxable","40":"shipping-taxable","41":"purchasable","42":"product-type-variable"},"acf":[],"yoast_head":"<!-- This site is optimized with the Yoast SEO Premium plugin v24.4 (Yoast SEO v26.4) - https:\/\/yoast.com\/wordpress\/plugins\/seo\/ -->\n<title>B\u00fat v\u1ebd m\u1eb7t h\u00f3a trang Artline KFF-F\/4B - C\u00f4ng Ty TNHH Th\u01b0\u01a1ng M\u1ea1i PH\u00daC M\u00c3<\/title>\n<meta name=\"description\" content=\"B\u00fat v\u1ebd m\u1eb7t h\u00f3a trang Artline Japan, m\u00e0u t\u01b0\u01a1i \u0111\u1eb9p, an to\u00e0n kh\u00f4ng g\u00e2y k\u00edch \u1ee9ng da, kh\u00f4ng lem m\u1ed3 h\u00f4i, d\u1ec5 d\u00e0ng x\u00f3a s\u1ea1ch b\u1eb1ng kh\u0103n \u01b0\u1edbt.\" \/>\n<meta name=\"robots\" content=\"index, follow, max-snippet:-1, max-image-preview:large, max-video-preview:-1\" \/>\n<link rel=\"canonical\" href=\"https:\/\/phucma.com.vn\/congnghiep\/product\/bo-4-cay-but-ve-mat-hoa-trang-kff-f-4b\/\" \/>\n<meta property=\"og:locale\" content=\"vi_VN\" \/>\n<meta property=\"og:type\" content=\"article\" \/>\n<meta property=\"og:title\" content=\"B\u00fat v\u1ebd m\u1eb7t h\u00f3a trang Artline KFF-F\/4B\" \/>\n<meta property=\"og:description\" content=\"B\u00fat v\u1ebd m\u1eb7t h\u00f3a trang Artline Japan, m\u00e0u t\u01b0\u01a1i \u0111\u1eb9p, an to\u00e0n kh\u00f4ng g\u00e2y k\u00edch \u1ee9ng da, kh\u00f4ng lem m\u1ed3 h\u00f4i, d\u1ec5 d\u00e0ng x\u00f3a s\u1ea1ch b\u1eb1ng kh\u0103n \u01b0\u1edbt.\" \/>\n<meta property=\"og:url\" content=\"https:\/\/phucma.com.vn\/congnghiep\/product\/bo-4-cay-but-ve-mat-hoa-trang-kff-f-4b\/\" \/>\n<meta property=\"og:site_name\" content=\"C\u00f4ng Ty TNHH Th\u01b0\u01a1ng M\u1ea1i PH\u00daC M\u00c3\" \/>\n<meta property=\"article:publisher\" content=\"https:\/\/www.facebook.com\/artline.vn\" \/>\n<meta property=\"article:modified_time\" content=\"2025-11-09T07:51:05+00:00\" \/>\n<meta property=\"og:image\" content=\"https:\/\/phucma.com.vn\/congnghiep\/wp-content\/uploads\/2025\/02\/d2288fdfc51fb14d7f1587bfb3397b05.webp\" \/>\n\t<meta property=\"og:image:width\" content=\"735\" \/>\n\t<meta property=\"og:image:height\" content=\"736\" \/>\n\t<meta property=\"og:image:type\" content=\"image\/webp\" \/>\n<meta name=\"twitter:card\" content=\"summary_large_image\" \/>\n<meta name=\"twitter:label1\" content=\"Kh\u1ea3 d\u1ee5ng\" \/>\n\t<meta name=\"twitter:data1\" content=\"Trong kho\" \/>\n<script type=\"application\/ld+json\" class=\"yoast-schema-graph\">{\"@context\":\"https:\/\/schema.org\",\"@graph\":[{\"@type\":\"WebPage\",\"@id\":\"https:\/\/phucma.com.vn\/congnghiep\/product\/bo-4-cay-but-ve-mat-hoa-trang-kff-f-4b\/\",\"url\":\"https:\/\/phucma.com.vn\/congnghiep\/product\/bo-4-cay-but-ve-mat-hoa-trang-kff-f-4b\/\",\"name\":\"B\u00fat v\u1ebd m\u1eb7t h\u00f3a trang Artline KFF-F\/4B - C\u00f4ng Ty TNHH Th\u01b0\u01a1ng M\u1ea1i PH\u00daC M\u00c3\",\"isPartOf\":{\"@id\":\"https:\/\/phucma.com.vn\/congnghiep\/#website\"},\"primaryImageOfPage\":{\"@id\":\"https:\/\/phucma.com.vn\/congnghiep\/product\/bo-4-cay-but-ve-mat-hoa-trang-kff-f-4b\/#primaryimage\"},\"image\":{\"@id\":\"https:\/\/phucma.com.vn\/congnghiep\/product\/bo-4-cay-but-ve-mat-hoa-trang-kff-f-4b\/#primaryimage\"},\"thumbnailUrl\":\"https:\/\/phucma.com.vn\/congnghiep\/wp-content\/uploads\/2025\/02\/d2288fdfc51fb14d7f1587bfb3397b05.webp\",\"datePublished\":\"2025-02-20T01:12:00+00:00\",\"dateModified\":\"2025-11-09T07:51:05+00:00\",\"description\":\"B\u00fat v\u1ebd m\u1eb7t h\u00f3a trang Artline Japan, m\u00e0u t\u01b0\u01a1i \u0111\u1eb9p, an to\u00e0n kh\u00f4ng g\u00e2y k\u00edch \u1ee9ng da, kh\u00f4ng lem m\u1ed3 h\u00f4i, d\u1ec5 d\u00e0ng x\u00f3a s\u1ea1ch b\u1eb1ng kh\u0103n \u01b0\u1edbt.\",\"breadcrumb\":{\"@id\":\"https:\/\/phucma.com.vn\/congnghiep\/product\/bo-4-cay-but-ve-mat-hoa-trang-kff-f-4b\/#breadcrumb\"},\"inLanguage\":\"vi\",\"potentialAction\":[{\"@type\":\"ReadAction\",\"target\":[\"https:\/\/phucma.com.vn\/congnghiep\/product\/bo-4-cay-but-ve-mat-hoa-trang-kff-f-4b\/\"]}]},{\"@type\":\"ImageObject\",\"inLanguage\":\"vi\",\"@id\":\"https:\/\/phucma.com.vn\/congnghiep\/product\/bo-4-cay-but-ve-mat-hoa-trang-kff-f-4b\/#primaryimage\",\"url\":\"https:\/\/phucma.com.vn\/congnghiep\/wp-content\/uploads\/2025\/02\/d2288fdfc51fb14d7f1587bfb3397b05.webp\",\"contentUrl\":\"https:\/\/phucma.com.vn\/congnghiep\/wp-content\/uploads\/2025\/02\/d2288fdfc51fb14d7f1587bfb3397b05.webp\",\"width\":735,\"height\":736},{\"@type\":\"BreadcrumbList\",\"@id\":\"https:\/\/phucma.com.vn\/congnghiep\/product\/bo-4-cay-but-ve-mat-hoa-trang-kff-f-4b\/#breadcrumb\",\"itemListElement\":[{\"@type\":\"ListItem\",\"position\":1,\"name\":\"Home\",\"item\":\"https:\/\/phucma.com.vn\/congnghiep\/\"},{\"@type\":\"ListItem\",\"position\":2,\"name\":\"C\u1eeda h\u00e0ng\",\"item\":\"https:\/\/phucma.com.vn\/congnghiep\/shop\/\"},{\"@type\":\"ListItem\",\"position\":3,\"name\":\"B\u00fat v\u1ebd m\u1eb7t h\u00f3a trang Artline KFF-F\/4B\"}]},{\"@type\":\"WebSite\",\"@id\":\"https:\/\/phucma.com.vn\/congnghiep\/#website\",\"url\":\"https:\/\/phucma.com.vn\/congnghiep\/\",\"name\":\"C\u00f4ng ty Ph\u00fac M\u00e3\",\"description\":\"S\u1ea3n ph\u1ea9m c\u00f4ng nghi\u1ec7p d\u00e0nh cho nh\u00e0 m\u00e1y\",\"publisher\":{\"@id\":\"https:\/\/phucma.com.vn\/congnghiep\/#organization\"},\"alternateName\":\"CTy Ph\u00fac M\u00e3\",\"potentialAction\":[{\"@type\":\"SearchAction\",\"target\":{\"@type\":\"EntryPoint\",\"urlTemplate\":\"https:\/\/phucma.com.vn\/congnghiep\/?s={search_term_string}\"},\"query-input\":{\"@type\":\"PropertyValueSpecification\",\"valueRequired\":true,\"valueName\":\"search_term_string\"}}],\"inLanguage\":\"vi\"},{\"@type\":\"Organization\",\"@id\":\"https:\/\/phucma.com.vn\/congnghiep\/#organization\",\"name\":\"CTY PH\u00daC M\u00c3\",\"alternateName\":\"C\u00f4ng ty TNHH TM Ph\u00fac M\u00e3\",\"url\":\"https:\/\/phucma.com.vn\/congnghiep\/\",\"logo\":{\"@type\":\"ImageObject\",\"inLanguage\":\"vi\",\"@id\":\"https:\/\/phucma.com.vn\/congnghiep\/#\/schema\/logo\/image\/\",\"url\":\"https:\/\/phucma.com.vn\/congnghiep\/wp-content\/uploads\/2025\/01\/cropped-cropped-logo-cty-phuc-ma-11.png\",\"contentUrl\":\"https:\/\/phucma.com.vn\/congnghiep\/wp-content\/uploads\/2025\/01\/cropped-cropped-logo-cty-phuc-ma-11.png\",\"width\":256,\"height\":191,\"caption\":\"CTY PH\u00daC M\u00c3\"},\"image\":{\"@id\":\"https:\/\/phucma.com.vn\/congnghiep\/#\/schema\/logo\/image\/\"},\"sameAs\":[\"https:\/\/www.facebook.com\/artline.vn\"],\"description\":\"CTY PHUC MA - 20 n\u0103m chuy\u00ean cung c\u1ea5p c\u00e1c s\u1ea3n ph\u1ea9m b\u00fat, m\u1ef1c, d\u1ea5u c\u00f4ng nghi\u1ec7p cho h\u01a1n 1000 nh\u00e0 m\u00e1y kh\u1eafp c\u00e1c khu c\u00f4ng nghi\u1ec7p tr\u00ean c\u1ea3 n\u01b0\u1edbc\",\"email\":\"info@phucma.com.vn\",\"telephone\":\"02835140805\",\"legalName\":\"C\u00f4ng ty TNHH Th\u01b0\u01a1ng M\u1ea1i Ph\u00fac M\u00e3\",\"vatID\":\"0303490755\",\"numberOfEmployees\":{\"@type\":\"QuantitativeValue\",\"minValue\":\"51\",\"maxValue\":\"200\"}}]}<\/script>\n<meta property=\"product:brand\" content=\"Artline\" \/>\n<meta property=\"og:availability\" content=\"instock\" \/>\n<meta property=\"product:availability\" content=\"instock\" \/>\n<meta property=\"product:retailer_item_id\" content=\"KFF-F\/4B\" \/>\n<meta property=\"product:condition\" content=\"new\" \/>\n<!-- \/ Yoast SEO Premium plugin. -->","yoast_head_json":{"title":"B\u00fat v\u1ebd m\u1eb7t h\u00f3a trang Artline KFF-F\/4B - C\u00f4ng Ty TNHH Th\u01b0\u01a1ng M\u1ea1i PH\u00daC M\u00c3","description":"B\u00fat v\u1ebd m\u1eb7t h\u00f3a trang Artline Japan, m\u00e0u t\u01b0\u01a1i \u0111\u1eb9p, an to\u00e0n kh\u00f4ng g\u00e2y k\u00edch \u1ee9ng da, kh\u00f4ng lem m\u1ed3 h\u00f4i, d\u1ec5 d\u00e0ng x\u00f3a s\u1ea1ch b\u1eb1ng kh\u0103n \u01b0\u1edbt.","robots":{"index":"index","follow":"follow","max-snippet":"max-snippet:-1","max-image-preview":"max-image-preview:large","max-video-preview":"max-video-preview:-1"},"canonical":"https:\/\/phucma.com.vn\/congnghiep\/product\/bo-4-cay-but-ve-mat-hoa-trang-kff-f-4b\/","og_locale":"vi_VN","og_type":"article","og_title":"B\u00fat v\u1ebd m\u1eb7t h\u00f3a trang Artline KFF-F\/4B","og_description":"B\u00fat v\u1ebd m\u1eb7t h\u00f3a trang Artline Japan, m\u00e0u t\u01b0\u01a1i \u0111\u1eb9p, an to\u00e0n kh\u00f4ng g\u00e2y k\u00edch \u1ee9ng da, kh\u00f4ng lem m\u1ed3 h\u00f4i, d\u1ec5 d\u00e0ng x\u00f3a s\u1ea1ch b\u1eb1ng kh\u0103n \u01b0\u1edbt.","og_url":"https:\/\/phucma.com.vn\/congnghiep\/product\/bo-4-cay-but-ve-mat-hoa-trang-kff-f-4b\/","og_site_name":"C\u00f4ng Ty TNHH Th\u01b0\u01a1ng M\u1ea1i PH\u00daC M\u00c3","article_publisher":"https:\/\/www.facebook.com\/artline.vn","article_modified_time":"2025-11-09T07:51:05+00:00","og_image":[{"width":735,"height":736,"url":"https:\/\/phucma.com.vn\/congnghiep\/wp-content\/uploads\/2025\/02\/d2288fdfc51fb14d7f1587bfb3397b05.webp","type":"image\/webp"}],"twitter_card":"summary_large_image","twitter_misc":{"Kh\u1ea3 d\u1ee5ng":"Trong kho"},"schema":{"@context":"https:\/\/schema.org","@graph":[{"@type":"WebPage","@id":"https:\/\/phucma.com.vn\/congnghiep\/product\/bo-4-cay-but-ve-mat-hoa-trang-kff-f-4b\/","url":"https:\/\/phucma.com.vn\/congnghiep\/product\/bo-4-cay-but-ve-mat-hoa-trang-kff-f-4b\/","name":"B\u00fat v\u1ebd m\u1eb7t h\u00f3a trang Artline KFF-F\/4B - C\u00f4ng Ty TNHH Th\u01b0\u01a1ng M\u1ea1i PH\u00daC M\u00c3","isPartOf":{"@id":"https:\/\/phucma.com.vn\/congnghiep\/#website"},"primaryImageOfPage":{"@id":"https:\/\/phucma.com.vn\/congnghiep\/product\/bo-4-cay-but-ve-mat-hoa-trang-kff-f-4b\/#primaryimage"},"image":{"@id":"https:\/\/phucma.com.vn\/congnghiep\/product\/bo-4-cay-but-ve-mat-hoa-trang-kff-f-4b\/#primaryimage"},"thumbnailUrl":"https:\/\/phucma.com.vn\/congnghiep\/wp-content\/uploads\/2025\/02\/d2288fdfc51fb14d7f1587bfb3397b05.webp","datePublished":"2025-02-20T01:12:00+00:00","dateModified":"2025-11-09T07:51:05+00:00","description":"B\u00fat v\u1ebd m\u1eb7t h\u00f3a trang Artline Japan, m\u00e0u t\u01b0\u01a1i \u0111\u1eb9p, an to\u00e0n kh\u00f4ng g\u00e2y k\u00edch \u1ee9ng da, kh\u00f4ng lem m\u1ed3 h\u00f4i, d\u1ec5 d\u00e0ng x\u00f3a s\u1ea1ch b\u1eb1ng kh\u0103n \u01b0\u1edbt.","breadcrumb":{"@id":"https:\/\/phucma.com.vn\/congnghiep\/product\/bo-4-cay-but-ve-mat-hoa-trang-kff-f-4b\/#breadcrumb"},"inLanguage":"vi","potentialAction":[{"@type":"ReadAction","target":["https:\/\/phucma.com.vn\/congnghiep\/product\/bo-4-cay-but-ve-mat-hoa-trang-kff-f-4b\/"]}]},{"@type":"ImageObject","inLanguage":"vi","@id":"https:\/\/phucma.com.vn\/congnghiep\/product\/bo-4-cay-but-ve-mat-hoa-trang-kff-f-4b\/#primaryimage","url":"https:\/\/phucma.com.vn\/congnghiep\/wp-content\/uploads\/2025\/02\/d2288fdfc51fb14d7f1587bfb3397b05.webp","contentUrl":"https:\/\/phucma.com.vn\/congnghiep\/wp-content\/uploads\/2025\/02\/d2288fdfc51fb14d7f1587bfb3397b05.webp","width":735,"height":736},{"@type":"BreadcrumbList","@id":"https:\/\/phucma.com.vn\/congnghiep\/product\/bo-4-cay-but-ve-mat-hoa-trang-kff-f-4b\/#breadcrumb","itemListElement":[{"@type":"ListItem","position":1,"name":"Home","item":"https:\/\/phucma.com.vn\/congnghiep\/"},{"@type":"ListItem","position":2,"name":"C\u1eeda h\u00e0ng","item":"https:\/\/phucma.com.vn\/congnghiep\/shop\/"},{"@type":"ListItem","position":3,"name":"B\u00fat v\u1ebd m\u1eb7t h\u00f3a trang Artline KFF-F\/4B"}]},{"@type":"WebSite","@id":"https:\/\/phucma.com.vn\/congnghiep\/#website","url":"https:\/\/phucma.com.vn\/congnghiep\/","name":"C\u00f4ng ty Ph\u00fac M\u00e3","description":"S\u1ea3n ph\u1ea9m c\u00f4ng nghi\u1ec7p d\u00e0nh cho nh\u00e0 m\u00e1y","publisher":{"@id":"https:\/\/phucma.com.vn\/congnghiep\/#organization"},"alternateName":"CTy Ph\u00fac M\u00e3","potentialAction":[{"@type":"SearchAction","target":{"@type":"EntryPoint","urlTemplate":"https:\/\/phucma.com.vn\/congnghiep\/?s={search_term_string}"},"query-input":{"@type":"PropertyValueSpecification","valueRequired":true,"valueName":"search_term_string"}}],"inLanguage":"vi"},{"@type":"Organization","@id":"https:\/\/phucma.com.vn\/congnghiep\/#organization","name":"CTY PH\u00daC M\u00c3","alternateName":"C\u00f4ng ty TNHH TM Ph\u00fac M\u00e3","url":"https:\/\/phucma.com.vn\/congnghiep\/","logo":{"@type":"ImageObject","inLanguage":"vi","@id":"https:\/\/phucma.com.vn\/congnghiep\/#\/schema\/logo\/image\/","url":"https:\/\/phucma.com.vn\/congnghiep\/wp-content\/uploads\/2025\/01\/cropped-cropped-logo-cty-phuc-ma-11.png","contentUrl":"https:\/\/phucma.com.vn\/congnghiep\/wp-content\/uploads\/2025\/01\/cropped-cropped-logo-cty-phuc-ma-11.png","width":256,"height":191,"caption":"CTY PH\u00daC M\u00c3"},"image":{"@id":"https:\/\/phucma.com.vn\/congnghiep\/#\/schema\/logo\/image\/"},"sameAs":["https:\/\/www.facebook.com\/artline.vn"],"description":"CTY PHUC MA - 20 n\u0103m chuy\u00ean cung c\u1ea5p c\u00e1c s\u1ea3n ph\u1ea9m b\u00fat, m\u1ef1c, d\u1ea5u c\u00f4ng nghi\u1ec7p cho h\u01a1n 1000 nh\u00e0 m\u00e1y kh\u1eafp c\u00e1c khu c\u00f4ng nghi\u1ec7p tr\u00ean c\u1ea3 n\u01b0\u1edbc","email":"info@phucma.com.vn","telephone":"02835140805","legalName":"C\u00f4ng ty TNHH Th\u01b0\u01a1ng M\u1ea1i Ph\u00fac M\u00e3","vatID":"0303490755","numberOfEmployees":{"@type":"QuantitativeValue","minValue":"51","maxValue":"200"}}]},"product_brand":"Artline","og_availability":"instock","product_availability":"instock","product_retailer_item_id":"KFF-F\/4B","product_condition":"new"},"_links":{"self":[{"href":"https:\/\/phucma.com.vn\/congnghiep\/wp-json\/wp\/v2\/product\/7230","targetHints":{"allow":["GET"]}}],"collection":[{"href":"https:\/\/phucma.com.vn\/congnghiep\/wp-json\/wp\/v2\/product"}],"about":[{"href":"https:\/\/phucma.com.vn\/congnghiep\/wp-json\/wp\/v2\/types\/product"}],"wp:featuredmedia":[{"embeddable":true,"href":"https:\/\/phucma.com.vn\/congnghiep\/wp-json\/wp\/v2\/media\/7369"}],"wp:attachment":[{"href":"https:\/\/phucma.com.vn\/congnghiep\/wp-json\/wp\/v2\/media?parent=7230"}],"wp:term":[{"taxonomy":"product_brand","embeddable":true,"href":"https:\/\/phucma.com.vn\/congnghiep\/wp-json\/wp\/v2\/product_brand?post=7230"},{"taxonomy":"product_cat","embeddable":true,"href":"https:\/\/phucma.com.vn\/congnghiep\/wp-json\/wp\/v2\/product_cat?post=7230"},{"taxonomy":"product_tag","embeddable":true,"href":"https:\/\/phucma.com.vn\/congnghiep\/wp-json\/wp\/v2\/product_tag?post=7230"}],"curies":[{"name":"wp","href":"https:\/\/api.w.org\/{rel}","templated":true}]}}