
{"id":72131,"date":"2025-03-29T14:09:56","date_gmt":"2025-03-29T07:09:56","guid":{"rendered":"https:\/\/phucma.com.vn\/congnghiep\/?post_type=product&#038;p=72131"},"modified":"2025-11-06T15:23:41","modified_gmt":"2025-11-06T08:23:41","slug":"muc-dong-dau-khong-phai-tat-chuyen-dung-cho-dau-xstamper-tat-xqtr-20-sma-20ml","status":"publish","type":"product","link":"https:\/\/phucma.com.vn\/congnghiep\/product\/muc-dong-dau-khong-phai-tat-chuyen-dung-cho-dau-xstamper-tat-xqtr-20-sma-20ml\/","title":{"rendered":"M\u1ef1c TAT cho Xstamper XQTR-20-SMA"},"content":{"rendered":"","protected":false},"excerpt":{"rendered":"<p>M\u01b0c chuy\u00ean d\u00f9ng \u0111\u1ec3 b\u01a1m th\u00eam cho c\u00e1c con d\u1ea5u m\u1ef1c TAT \u0111\u00f3ng d\u1ea5u kh\u00f4ng phai l\u00ean kim lo\u1ea1i<\/p>\n<p>B\u00ecnh m\u1ef1c c\u00f3 dung t\u00edch 20ml<\/p>\n<p>M\u1ef1c c\u00f3 \u0111\u1ea7y \u0111\u1ee7 c\u00e1c ch\u1ee9ng ch\u1ec9 m\u00f4i tr\u01b0\u1eddng ROHS, MSDS, ChemSHERPA, Japia, Reach<\/p>\n","protected":false},"featured_media":72134,"template":"","meta":{"_acf_changed":false},"product_brand":[213],"product_cat":[721,735,699,702,709,741,729,719,718],"product_tag":[1235,1236,1237,669,668],"class_list":{"0":"post-72131","1":"product","2":"type-product","3":"status-publish","4":"has-post-thumbnail","6":"product_brand-tat","7":"product_cat-dau","8":"product_cat-dong-muc","9":"product_cat-dong-muc-goc-dau","10":"product_cat-dong-muc-tat","11":"product_cat-dung-tren-kim-loai","12":"product_cat-dung-trong-nha-may","13":"product_cat-hien-ro-tren-nen-sang","14":"product_cat-muc","15":"product_cat-tat","16":"product_tag-muc-dong-dau-khong-phai-tat","17":"product_tag-muc-dong-dau-tat","18":"product_tag-muc-dong-dau-tat-xqtr-20-sma","19":"product_tag-xqtr-20-sma","20":"product_tag-xqtr20sma","22":"first","23":"instock","24":"taxable","25":"shipping-taxable","26":"purchasable","27":"product-type-variable"},"acf":[],"yoast_head":"<!-- This site is optimized with the Yoast SEO Premium plugin v24.4 (Yoast SEO v26.4) - https:\/\/yoast.com\/wordpress\/plugins\/seo\/ -->\n<title>M\u1ef1c TAT cho Xstamper XQTR-20-SMA - C\u00f4ng Ty TNHH Th\u01b0\u01a1ng M\u1ea1i PH\u00daC M\u00c3<\/title>\n<meta name=\"robots\" content=\"index, follow, max-snippet:-1, max-image-preview:large, max-video-preview:-1\" \/>\n<link rel=\"canonical\" href=\"https:\/\/phucma.com.vn\/congnghiep\/product\/muc-dong-dau-khong-phai-tat-chuyen-dung-cho-dau-xstamper-tat-xqtr-20-sma-20ml\/\" \/>\n<meta property=\"og:locale\" content=\"vi_VN\" \/>\n<meta property=\"og:type\" content=\"article\" \/>\n<meta property=\"og:title\" content=\"M\u1ef1c TAT cho Xstamper XQTR-20-SMA\" \/>\n<meta property=\"og:description\" content=\"M\u01b0c chuy\u00ean d\u00f9ng \u0111\u1ec3 b\u01a1m th\u00eam cho c\u00e1c con d\u1ea5u m\u1ef1c TAT \u0111\u00f3ng d\u1ea5u kh\u00f4ng phai l\u00ean kim lo\u1ea1i  B\u00ecnh m\u1ef1c c\u00f3 dung t\u00edch 20ml  M\u1ef1c c\u00f3 \u0111\u1ea7y \u0111\u1ee7 c\u00e1c ch\u1ee9ng ch\u1ec9 m\u00f4i tr\u01b0\u1eddng ROHS, MSDS, ChemSHERPA, Japia, Reach\" \/>\n<meta property=\"og:url\" content=\"https:\/\/phucma.com.vn\/congnghiep\/product\/muc-dong-dau-khong-phai-tat-chuyen-dung-cho-dau-xstamper-tat-xqtr-20-sma-20ml\/\" \/>\n<meta property=\"og:site_name\" content=\"C\u00f4ng Ty TNHH Th\u01b0\u01a1ng M\u1ea1i PH\u00daC M\u00c3\" \/>\n<meta property=\"article:publisher\" content=\"https:\/\/www.facebook.com\/artline.vn\" \/>\n<meta property=\"article:modified_time\" content=\"2025-11-06T08:23:41+00:00\" \/>\n<meta property=\"og:image\" content=\"https:\/\/phucma.com.vn\/congnghiep\/wp-content\/uploads\/2025\/03\/XQTR-20-SMA.jpg\" \/>\n\t<meta property=\"og:image:width\" content=\"600\" \/>\n\t<meta property=\"og:image:height\" content=\"600\" \/>\n\t<meta property=\"og:image:type\" content=\"image\/jpeg\" \/>\n<meta name=\"twitter:card\" content=\"summary_large_image\" \/>\n<meta name=\"twitter:label1\" content=\"Kh\u1ea3 d\u1ee5ng\" \/>\n\t<meta name=\"twitter:data1\" content=\"Trong kho\" \/>\n<script type=\"application\/ld+json\" class=\"yoast-schema-graph\">{\"@context\":\"https:\/\/schema.org\",\"@graph\":[{\"@type\":\"WebPage\",\"@id\":\"https:\/\/phucma.com.vn\/congnghiep\/product\/muc-dong-dau-khong-phai-tat-chuyen-dung-cho-dau-xstamper-tat-xqtr-20-sma-20ml\/\",\"url\":\"https:\/\/phucma.com.vn\/congnghiep\/product\/muc-dong-dau-khong-phai-tat-chuyen-dung-cho-dau-xstamper-tat-xqtr-20-sma-20ml\/\",\"name\":\"M\u1ef1c TAT cho Xstamper XQTR-20-SMA - C\u00f4ng Ty TNHH Th\u01b0\u01a1ng M\u1ea1i PH\u00daC M\u00c3\",\"isPartOf\":{\"@id\":\"https:\/\/phucma.com.vn\/congnghiep\/#website\"},\"primaryImageOfPage\":{\"@id\":\"https:\/\/phucma.com.vn\/congnghiep\/product\/muc-dong-dau-khong-phai-tat-chuyen-dung-cho-dau-xstamper-tat-xqtr-20-sma-20ml\/#primaryimage\"},\"image\":{\"@id\":\"https:\/\/phucma.com.vn\/congnghiep\/product\/muc-dong-dau-khong-phai-tat-chuyen-dung-cho-dau-xstamper-tat-xqtr-20-sma-20ml\/#primaryimage\"},\"thumbnailUrl\":\"https:\/\/phucma.com.vn\/congnghiep\/wp-content\/uploads\/2025\/03\/XQTR-20-SMA.jpg\",\"datePublished\":\"2025-03-29T07:09:56+00:00\",\"dateModified\":\"2025-11-06T08:23:41+00:00\",\"breadcrumb\":{\"@id\":\"https:\/\/phucma.com.vn\/congnghiep\/product\/muc-dong-dau-khong-phai-tat-chuyen-dung-cho-dau-xstamper-tat-xqtr-20-sma-20ml\/#breadcrumb\"},\"inLanguage\":\"vi\",\"potentialAction\":[{\"@type\":\"ReadAction\",\"target\":[\"https:\/\/phucma.com.vn\/congnghiep\/product\/muc-dong-dau-khong-phai-tat-chuyen-dung-cho-dau-xstamper-tat-xqtr-20-sma-20ml\/\"]}]},{\"@type\":\"ImageObject\",\"inLanguage\":\"vi\",\"@id\":\"https:\/\/phucma.com.vn\/congnghiep\/product\/muc-dong-dau-khong-phai-tat-chuyen-dung-cho-dau-xstamper-tat-xqtr-20-sma-20ml\/#primaryimage\",\"url\":\"https:\/\/phucma.com.vn\/congnghiep\/wp-content\/uploads\/2025\/03\/XQTR-20-SMA.jpg\",\"contentUrl\":\"https:\/\/phucma.com.vn\/congnghiep\/wp-content\/uploads\/2025\/03\/XQTR-20-SMA.jpg\",\"width\":600,\"height\":600},{\"@type\":\"BreadcrumbList\",\"@id\":\"https:\/\/phucma.com.vn\/congnghiep\/product\/muc-dong-dau-khong-phai-tat-chuyen-dung-cho-dau-xstamper-tat-xqtr-20-sma-20ml\/#breadcrumb\",\"itemListElement\":[{\"@type\":\"ListItem\",\"position\":1,\"name\":\"Home\",\"item\":\"https:\/\/phucma.com.vn\/congnghiep\/\"},{\"@type\":\"ListItem\",\"position\":2,\"name\":\"C\u1eeda h\u00e0ng\",\"item\":\"https:\/\/phucma.com.vn\/congnghiep\/shop\/\"},{\"@type\":\"ListItem\",\"position\":3,\"name\":\"M\u1ef1c TAT cho Xstamper XQTR-20-SMA\"}]},{\"@type\":\"WebSite\",\"@id\":\"https:\/\/phucma.com.vn\/congnghiep\/#website\",\"url\":\"https:\/\/phucma.com.vn\/congnghiep\/\",\"name\":\"C\u00f4ng ty Ph\u00fac M\u00e3\",\"description\":\"S\u1ea3n ph\u1ea9m c\u00f4ng nghi\u1ec7p d\u00e0nh cho nh\u00e0 m\u00e1y\",\"publisher\":{\"@id\":\"https:\/\/phucma.com.vn\/congnghiep\/#organization\"},\"alternateName\":\"CTy Ph\u00fac M\u00e3\",\"potentialAction\":[{\"@type\":\"SearchAction\",\"target\":{\"@type\":\"EntryPoint\",\"urlTemplate\":\"https:\/\/phucma.com.vn\/congnghiep\/?s={search_term_string}\"},\"query-input\":{\"@type\":\"PropertyValueSpecification\",\"valueRequired\":true,\"valueName\":\"search_term_string\"}}],\"inLanguage\":\"vi\"},{\"@type\":\"Organization\",\"@id\":\"https:\/\/phucma.com.vn\/congnghiep\/#organization\",\"name\":\"CTY PH\u00daC M\u00c3\",\"alternateName\":\"C\u00f4ng ty TNHH TM Ph\u00fac M\u00e3\",\"url\":\"https:\/\/phucma.com.vn\/congnghiep\/\",\"logo\":{\"@type\":\"ImageObject\",\"inLanguage\":\"vi\",\"@id\":\"https:\/\/phucma.com.vn\/congnghiep\/#\/schema\/logo\/image\/\",\"url\":\"https:\/\/phucma.com.vn\/congnghiep\/wp-content\/uploads\/2025\/01\/cropped-cropped-logo-cty-phuc-ma-11.png\",\"contentUrl\":\"https:\/\/phucma.com.vn\/congnghiep\/wp-content\/uploads\/2025\/01\/cropped-cropped-logo-cty-phuc-ma-11.png\",\"width\":256,\"height\":191,\"caption\":\"CTY PH\u00daC M\u00c3\"},\"image\":{\"@id\":\"https:\/\/phucma.com.vn\/congnghiep\/#\/schema\/logo\/image\/\"},\"sameAs\":[\"https:\/\/www.facebook.com\/artline.vn\"],\"description\":\"CTY PHUC MA - 20 n\u0103m chuy\u00ean cung c\u1ea5p c\u00e1c s\u1ea3n ph\u1ea9m b\u00fat, m\u1ef1c, d\u1ea5u c\u00f4ng nghi\u1ec7p cho h\u01a1n 1000 nh\u00e0 m\u00e1y kh\u1eafp c\u00e1c khu c\u00f4ng nghi\u1ec7p tr\u00ean c\u1ea3 n\u01b0\u1edbc\",\"email\":\"info@phucma.com.vn\",\"telephone\":\"02835140805\",\"legalName\":\"C\u00f4ng ty TNHH Th\u01b0\u01a1ng M\u1ea1i Ph\u00fac M\u00e3\",\"vatID\":\"0303490755\",\"numberOfEmployees\":{\"@type\":\"QuantitativeValue\",\"minValue\":\"51\",\"maxValue\":\"200\"}}]}<\/script>\n<meta property=\"product:brand\" content=\"TAT\" \/>\n<meta property=\"og:availability\" content=\"instock\" \/>\n<meta property=\"product:availability\" content=\"instock\" \/>\n<meta property=\"product:retailer_item_id\" content=\"XQTR-20-SMA\" \/>\n<meta property=\"product:condition\" content=\"new\" \/>\n<!-- \/ Yoast SEO Premium plugin. -->","yoast_head_json":{"title":"M\u1ef1c TAT cho Xstamper XQTR-20-SMA - C\u00f4ng Ty TNHH Th\u01b0\u01a1ng M\u1ea1i PH\u00daC M\u00c3","robots":{"index":"index","follow":"follow","max-snippet":"max-snippet:-1","max-image-preview":"max-image-preview:large","max-video-preview":"max-video-preview:-1"},"canonical":"https:\/\/phucma.com.vn\/congnghiep\/product\/muc-dong-dau-khong-phai-tat-chuyen-dung-cho-dau-xstamper-tat-xqtr-20-sma-20ml\/","og_locale":"vi_VN","og_type":"article","og_title":"M\u1ef1c TAT cho Xstamper XQTR-20-SMA","og_description":"M\u01b0c chuy\u00ean d\u00f9ng \u0111\u1ec3 b\u01a1m th\u00eam cho c\u00e1c con d\u1ea5u m\u1ef1c TAT \u0111\u00f3ng d\u1ea5u kh\u00f4ng phai l\u00ean kim lo\u1ea1i  B\u00ecnh m\u1ef1c c\u00f3 dung t\u00edch 20ml  M\u1ef1c c\u00f3 \u0111\u1ea7y \u0111\u1ee7 c\u00e1c ch\u1ee9ng ch\u1ec9 m\u00f4i tr\u01b0\u1eddng ROHS, MSDS, ChemSHERPA, Japia, Reach","og_url":"https:\/\/phucma.com.vn\/congnghiep\/product\/muc-dong-dau-khong-phai-tat-chuyen-dung-cho-dau-xstamper-tat-xqtr-20-sma-20ml\/","og_site_name":"C\u00f4ng Ty TNHH Th\u01b0\u01a1ng M\u1ea1i PH\u00daC M\u00c3","article_publisher":"https:\/\/www.facebook.com\/artline.vn","article_modified_time":"2025-11-06T08:23:41+00:00","og_image":[{"width":600,"height":600,"url":"https:\/\/phucma.com.vn\/congnghiep\/wp-content\/uploads\/2025\/03\/XQTR-20-SMA.jpg","type":"image\/jpeg"}],"twitter_card":"summary_large_image","twitter_misc":{"Kh\u1ea3 d\u1ee5ng":"Trong kho"},"schema":{"@context":"https:\/\/schema.org","@graph":[{"@type":"WebPage","@id":"https:\/\/phucma.com.vn\/congnghiep\/product\/muc-dong-dau-khong-phai-tat-chuyen-dung-cho-dau-xstamper-tat-xqtr-20-sma-20ml\/","url":"https:\/\/phucma.com.vn\/congnghiep\/product\/muc-dong-dau-khong-phai-tat-chuyen-dung-cho-dau-xstamper-tat-xqtr-20-sma-20ml\/","name":"M\u1ef1c TAT cho Xstamper XQTR-20-SMA - C\u00f4ng Ty TNHH Th\u01b0\u01a1ng M\u1ea1i PH\u00daC M\u00c3","isPartOf":{"@id":"https:\/\/phucma.com.vn\/congnghiep\/#website"},"primaryImageOfPage":{"@id":"https:\/\/phucma.com.vn\/congnghiep\/product\/muc-dong-dau-khong-phai-tat-chuyen-dung-cho-dau-xstamper-tat-xqtr-20-sma-20ml\/#primaryimage"},"image":{"@id":"https:\/\/phucma.com.vn\/congnghiep\/product\/muc-dong-dau-khong-phai-tat-chuyen-dung-cho-dau-xstamper-tat-xqtr-20-sma-20ml\/#primaryimage"},"thumbnailUrl":"https:\/\/phucma.com.vn\/congnghiep\/wp-content\/uploads\/2025\/03\/XQTR-20-SMA.jpg","datePublished":"2025-03-29T07:09:56+00:00","dateModified":"2025-11-06T08:23:41+00:00","breadcrumb":{"@id":"https:\/\/phucma.com.vn\/congnghiep\/product\/muc-dong-dau-khong-phai-tat-chuyen-dung-cho-dau-xstamper-tat-xqtr-20-sma-20ml\/#breadcrumb"},"inLanguage":"vi","potentialAction":[{"@type":"ReadAction","target":["https:\/\/phucma.com.vn\/congnghiep\/product\/muc-dong-dau-khong-phai-tat-chuyen-dung-cho-dau-xstamper-tat-xqtr-20-sma-20ml\/"]}]},{"@type":"ImageObject","inLanguage":"vi","@id":"https:\/\/phucma.com.vn\/congnghiep\/product\/muc-dong-dau-khong-phai-tat-chuyen-dung-cho-dau-xstamper-tat-xqtr-20-sma-20ml\/#primaryimage","url":"https:\/\/phucma.com.vn\/congnghiep\/wp-content\/uploads\/2025\/03\/XQTR-20-SMA.jpg","contentUrl":"https:\/\/phucma.com.vn\/congnghiep\/wp-content\/uploads\/2025\/03\/XQTR-20-SMA.jpg","width":600,"height":600},{"@type":"BreadcrumbList","@id":"https:\/\/phucma.com.vn\/congnghiep\/product\/muc-dong-dau-khong-phai-tat-chuyen-dung-cho-dau-xstamper-tat-xqtr-20-sma-20ml\/#breadcrumb","itemListElement":[{"@type":"ListItem","position":1,"name":"Home","item":"https:\/\/phucma.com.vn\/congnghiep\/"},{"@type":"ListItem","position":2,"name":"C\u1eeda h\u00e0ng","item":"https:\/\/phucma.com.vn\/congnghiep\/shop\/"},{"@type":"ListItem","position":3,"name":"M\u1ef1c TAT cho Xstamper XQTR-20-SMA"}]},{"@type":"WebSite","@id":"https:\/\/phucma.com.vn\/congnghiep\/#website","url":"https:\/\/phucma.com.vn\/congnghiep\/","name":"C\u00f4ng ty Ph\u00fac M\u00e3","description":"S\u1ea3n ph\u1ea9m c\u00f4ng nghi\u1ec7p d\u00e0nh cho nh\u00e0 m\u00e1y","publisher":{"@id":"https:\/\/phucma.com.vn\/congnghiep\/#organization"},"alternateName":"CTy Ph\u00fac M\u00e3","potentialAction":[{"@type":"SearchAction","target":{"@type":"EntryPoint","urlTemplate":"https:\/\/phucma.com.vn\/congnghiep\/?s={search_term_string}"},"query-input":{"@type":"PropertyValueSpecification","valueRequired":true,"valueName":"search_term_string"}}],"inLanguage":"vi"},{"@type":"Organization","@id":"https:\/\/phucma.com.vn\/congnghiep\/#organization","name":"CTY PH\u00daC M\u00c3","alternateName":"C\u00f4ng ty TNHH TM Ph\u00fac M\u00e3","url":"https:\/\/phucma.com.vn\/congnghiep\/","logo":{"@type":"ImageObject","inLanguage":"vi","@id":"https:\/\/phucma.com.vn\/congnghiep\/#\/schema\/logo\/image\/","url":"https:\/\/phucma.com.vn\/congnghiep\/wp-content\/uploads\/2025\/01\/cropped-cropped-logo-cty-phuc-ma-11.png","contentUrl":"https:\/\/phucma.com.vn\/congnghiep\/wp-content\/uploads\/2025\/01\/cropped-cropped-logo-cty-phuc-ma-11.png","width":256,"height":191,"caption":"CTY PH\u00daC M\u00c3"},"image":{"@id":"https:\/\/phucma.com.vn\/congnghiep\/#\/schema\/logo\/image\/"},"sameAs":["https:\/\/www.facebook.com\/artline.vn"],"description":"CTY PHUC MA - 20 n\u0103m chuy\u00ean cung c\u1ea5p c\u00e1c s\u1ea3n ph\u1ea9m b\u00fat, m\u1ef1c, d\u1ea5u c\u00f4ng nghi\u1ec7p cho h\u01a1n 1000 nh\u00e0 m\u00e1y kh\u1eafp c\u00e1c khu c\u00f4ng nghi\u1ec7p tr\u00ean c\u1ea3 n\u01b0\u1edbc","email":"info@phucma.com.vn","telephone":"02835140805","legalName":"C\u00f4ng ty TNHH Th\u01b0\u01a1ng M\u1ea1i Ph\u00fac M\u00e3","vatID":"0303490755","numberOfEmployees":{"@type":"QuantitativeValue","minValue":"51","maxValue":"200"}}]},"product_brand":"TAT","og_availability":"instock","product_availability":"instock","product_retailer_item_id":"XQTR-20-SMA","product_condition":"new"},"_links":{"self":[{"href":"https:\/\/phucma.com.vn\/congnghiep\/wp-json\/wp\/v2\/product\/72131","targetHints":{"allow":["GET"]}}],"collection":[{"href":"https:\/\/phucma.com.vn\/congnghiep\/wp-json\/wp\/v2\/product"}],"about":[{"href":"https:\/\/phucma.com.vn\/congnghiep\/wp-json\/wp\/v2\/types\/product"}],"wp:featuredmedia":[{"embeddable":true,"href":"https:\/\/phucma.com.vn\/congnghiep\/wp-json\/wp\/v2\/media\/72134"}],"wp:attachment":[{"href":"https:\/\/phucma.com.vn\/congnghiep\/wp-json\/wp\/v2\/media?parent=72131"}],"wp:term":[{"taxonomy":"product_brand","embeddable":true,"href":"https:\/\/phucma.com.vn\/congnghiep\/wp-json\/wp\/v2\/product_brand?post=72131"},{"taxonomy":"product_cat","embeddable":true,"href":"https:\/\/phucma.com.vn\/congnghiep\/wp-json\/wp\/v2\/product_cat?post=72131"},{"taxonomy":"product_tag","embeddable":true,"href":"https:\/\/phucma.com.vn\/congnghiep\/wp-json\/wp\/v2\/product_tag?post=72131"}],"curies":[{"name":"wp","href":"https:\/\/api.w.org\/{rel}","templated":true}]}}