
{"id":71436,"date":"2025-03-25T08:47:58","date_gmt":"2025-03-25T01:47:58","guid":{"rendered":"https:\/\/phucma.com.vn\/congnghiep\/?post_type=product&#038;p=71436"},"modified":"2025-11-10T15:31:46","modified_gmt":"2025-11-10T08:31:46","slug":"but-gel-artline-j-pop-egb-s260-fo","status":"publish","type":"product","link":"https:\/\/phucma.com.vn\/congnghiep\/product\/but-gel-artline-j-pop-egb-s260-fo\/","title":{"rendered":"B\u00fat gel Artline J-POP EGB-S260 m\u00e0u nh\u1ea1t"},"content":{"rendered":"<p>B\u00fat Gel Artline J-POP &#8211; N\u00e9t ch\u1eef r\u1ef1c r\u1ee1, th\u1ecfa s\u1ee9c s\u00e1ng t\u1ea1o<br \/>\nArtline J-POP &#8211; D\u00f2ng b\u00fat Gel d\u00e0nh cho nh\u1eefng t\u00e2m h\u1ed3n y\u00eau s\u00e1ng t\u1ea1o<\/p>\n<p>B\u1ea1n \u0111\u00e3 qu\u00e1 quen thu\u1ed9c v\u1edbi nh\u1eefng chi\u1ebfc b\u00fat l\u00f4ng kim nhi\u1ec1u m\u00e0u s\u1eafc, nh\u01b0ng tr\u00ean th\u1ecb tr\u01b0\u1eddng l\u1ea1i hi\u1ebfm hoi t\u00ecm th\u1ea5y d\u00f2ng b\u00fat Gel \u0111a d\u1ea1ng m\u00e0u s\u1eafc? \u0110a s\u1ed1 c\u00e1c lo\u1ea1i b\u00fat Gel hi\u1ec7n nay ch\u1ec9 c\u00f3 nh\u1eefng m\u00e0u c\u01a1 b\u1ea3n, b\u1edfi vi\u1ec7c ch\u1ebf t\u1ea1o m\u1ef1c Gel nhi\u1ec1u m\u00e0u ph\u1ee9c t\u1ea1p h\u01a1n nhi\u1ec1u so v\u1edbi c\u00e1c lo\u1ea1i m\u1ef1c kh\u00e1c.<\/p>\n<p>V\u1edbi kinh nghi\u1ec7m h\u01a1n 100 n\u0103m trong l\u0129nh v\u1ef1c m\u1ef1c, Artline t\u1ef1 h\u00e0o gi\u1edbi thi\u1ec7u d\u00f2ng b\u00fat Gel J-POP &#8211; Si\u00eau m\u01b0\u1ee3t, Si\u00eau \u0111\u1eb9p. M\u1eb7c d\u00f9 kh\u00f4ng ph\u1ea3i l\u00e0 nh\u00e0 ti\u00ean phong trong l\u0129nh v\u1ef1c n\u00e0y, nh\u01b0ng Artline \u0111\u00e3 kh\u1eb3ng \u0111\u1ecbnh \u0111\u1eb3ng c\u1ea5p c\u1ee7a m\u00ecnh qua ch\u1ea5t l\u01b0\u1ee3ng m\u1ef1c v\u00e0 b\u00fat Gel c\u1ef1c k\u1ef3 xu\u1ea5t s\u1eafc, mang \u0111\u1ebfn tr\u1ea3i nghi\u1ec7m vi\u1ebft m\u01b0\u1ee3t m\u00e0 v\u00f4 c\u00f9ng.<\/p>\n<p>J-POP &#8211; Th\u1ec3 hi\u1ec7n c\u00e1 t\u00ednh qua t\u1eebng n\u00e9t ch\u1eef<\/p>\n<p>L\u1ea5y c\u1ea3m h\u1ee9ng t\u1eeb J-POP &#8211; d\u00f2ng nh\u1ea1c s\u00f4i \u0111\u1ed9ng, tr\u1ebb trung, Artline d\u00e0nh t\u1eb7ng d\u00f2ng b\u00fat n\u00e0y cho c\u00e1c b\u1ea1n tr\u1ebb n\u0103ng \u0111\u1ed9ng, y\u00eau th\u00edch th\u1ec3 hi\u1ec7n c\u00e1 t\u00ednh b\u1ea3n th\u00e2n qua t\u1eebng n\u00e9t ch\u1eef tr\u00ean trang v\u1edf, hay trong nh\u1eefng b\u1ee9c tranh \u0111\u1ea7y m\u00e0u s\u1eafc.<\/p>\n<p>\u0110a d\u1ea1ng m\u00e0u s\u1eafc, \u0111\u00e1p \u1ee9ng m\u1ecdi nhu c\u1ea7u<\/p>\n<p>B\u00fat Gel J-POP \u0111\u01b0\u1ee3c chia th\u00e0nh 4 nh\u00f3m m\u00e0u:<\/p>\n<p>Nh\u00f3m m\u00e0u kinh \u0111i\u1ec3n: Black, Brown, Orange, Red, Yellow, Purple, Blue, Green<\/p>\n<p>Nh\u00f3m m\u00e0u s\u1eefa: Milky White, Milky Green, Milky Pink, Milky Purple<\/p>\n<p>Nh\u00f3m m\u00e0u si\u00eau s\u00e1ng: Fluoro Blue, Fluoro Green, Fluoro Yellow, Fluoro Orange, Fluoro Pink, Fluoro Purple<\/p>\n<p>Nh\u00f3m m\u00e0u kim tuy\u1ebfn: Gold, Silver, Metallic Blue, Metallic Orange, Metallic Purple<\/p>\n<p>\u0110\u1eb7c bi\u1ec7t, nh\u00f3m m\u00e0u kim tuy\u1ebfn v\u1edbi hi\u1ec7u \u1ee9ng l\u1ea5p l\u00e1nh n\u1ed5i b\u1eadt tr\u00ean n\u1ec1n gi\u1ea5y t\u1ed1i, l\u00e0 l\u1ef1a ch\u1ecdn ho\u00e0n h\u1ea3o cho vi\u1ec7c vi\u1ebft thi\u1ec7p m\u1eddi, trang tr\u00ed s\u1ed5 tay, scrapbook,&#8230;<\/p>\n<p>Artline J-POP &#8211; N\u00e2ng t\u1ea7m s\u00e1ng t\u1ea1o, kh\u01a1i ngu\u1ed3n c\u1ea3m h\u1ee9ng<\/p>\n<p>H\u00e3y s\u1edf h\u1eefu ngay Artline J-POP v\u00e0 th\u1ecfa s\u1ee9c s\u00e1ng t\u1ea1o v\u1edbi nh\u1eefng gam m\u00e0u r\u1ef1c r\u1ee1, bi\u1ebfn h\u00f3a \u0111a d\u1ea1ng. B\u00fat Gel J-POP &#8211; \u0110\u1ed3ng h\u00e0nh c\u00f9ng b\u1ea1n tr\u00ean h\u00e0nh tr\u00ecnh chinh ph\u1ee5c \u0111am m\u00ea!<\/p>\n<p>&nbsp;<\/p>\n","protected":false},"excerpt":{"rendered":"<p>M\u00e3 H\u00e0ng : EGB-S260<br \/>\nNg\u00f2i b\u00fat: 0.5mm<br \/>\nD\u00f2ng m\u1ef1c: s\u1eed d\u1ee5ng m\u1ef1c GEL<br \/>\n\u0110\u00f3ng g\u00f3i: h\u1ed9p 12 c\u00e2y<br \/>\nM\u00e0u s\u1eafc: 24 m\u00e0u<br \/>\nXu\u1ea5t x\u1ee9: Nh\u1eadt B\u1ea3n<br \/>\nS\u1ea3n xu\u1ea5t: Nh\u00e0 m\u00e1y Shachihata Japan t\u1ea1i China<\/p>\n","protected":false},"featured_media":8266,"template":"","meta":{"_acf_changed":false},"product_brand":[212],"product_cat":[714,731,689,733,698,711,738,737,729,723],"product_tag":[1020,1021,1022,1025,1024,1026,1023,1027,486,485],"class_list":{"0":"post-71436","1":"product","2":"type-product","3":"status-publish","4":"has-post-thumbnail","6":"product_brand-artline","7":"product_cat-dong-san-pham-artline-japan","8":"product_cat-dong-but-bi","9":"product_cat-dong-but-gel","10":"product_cat-dong-but-mau-ve","11":"product_cat-dong-muc-goc-nuoc","12":"product_cat-dung-tren-giay","13":"product_cat-dung-trong-truong-hoc","14":"product_cat-dung-trong-van-phong","15":"product_cat-hien-ro-tren-nen-sang","16":"product_cat-ngoi-bi","17":"product_tag-but-bi","18":"product_tag-but-bi-muc-gel","19":"product_tag-but-gel","20":"product_tag-but-gel-artline","21":"product_tag-but-gel-mau","22":"product_tag-but-gel-mau-sieu-sang","23":"product_tag-but-gel-nhieu-mau","24":"product_tag-but-gel-viet-thiep-cuoi","25":"product_tag-egb-s260","26":"product_tag-egbs260","28":"first","29":"outofstock","30":"taxable","31":"shipping-taxable","32":"purchasable","33":"product-type-variable"},"acf":[],"yoast_head":"<!-- This site is optimized with the Yoast SEO Premium plugin v24.4 (Yoast SEO v26.4) - https:\/\/yoast.com\/wordpress\/plugins\/seo\/ -->\n<title>B\u00fat gel Artline J-POP EGB-S260 m\u00e0u nh\u1ea1t - C\u00f4ng Ty TNHH Th\u01b0\u01a1ng M\u1ea1i PH\u00daC M\u00c3<\/title>\n<meta name=\"robots\" content=\"index, follow, max-snippet:-1, max-image-preview:large, max-video-preview:-1\" \/>\n<link rel=\"canonical\" href=\"https:\/\/phucma.com.vn\/congnghiep\/product\/but-gel-artline-j-pop-egb-s260-fo\/\" \/>\n<meta property=\"og:locale\" content=\"vi_VN\" \/>\n<meta property=\"og:type\" content=\"article\" \/>\n<meta property=\"og:title\" content=\"B\u00fat gel Artline J-POP EGB-S260 m\u00e0u nh\u1ea1t\" \/>\n<meta property=\"og:description\" content=\"M\u00e3 H\u00e0ng : EGB-S260 Ng\u00f2i b\u00fat: 0.5mm D\u00f2ng m\u1ef1c: s\u1eed d\u1ee5ng m\u1ef1c GEL \u0110\u00f3ng g\u00f3i: h\u1ed9p 12 c\u00e2y M\u00e0u s\u1eafc: 24 m\u00e0u Xu\u1ea5t x\u1ee9: Nh\u1eadt B\u1ea3n S\u1ea3n xu\u1ea5t: Nh\u00e0 m\u00e1y Shachihata Japan t\u1ea1i China\" \/>\n<meta property=\"og:url\" content=\"https:\/\/phucma.com.vn\/congnghiep\/product\/but-gel-artline-j-pop-egb-s260-fo\/\" \/>\n<meta property=\"og:site_name\" content=\"C\u00f4ng Ty TNHH Th\u01b0\u01a1ng M\u1ea1i PH\u00daC M\u00c3\" \/>\n<meta property=\"article:publisher\" content=\"https:\/\/www.facebook.com\/artline.vn\" \/>\n<meta property=\"article:modified_time\" content=\"2025-11-10T08:31:46+00:00\" \/>\n<meta property=\"og:image\" content=\"https:\/\/phucma.com.vn\/congnghiep\/wp-content\/uploads\/2025\/02\/EGB-S260.jpg\" \/>\n\t<meta property=\"og:image:width\" content=\"599\" \/>\n\t<meta property=\"og:image:height\" content=\"600\" \/>\n\t<meta property=\"og:image:type\" content=\"image\/jpeg\" \/>\n<meta name=\"twitter:card\" content=\"summary_large_image\" \/>\n<meta name=\"twitter:label1\" content=\"Kh\u1ea3 d\u1ee5ng\" \/>\n\t<meta name=\"twitter:data1\" content=\"H\u1ebft h\u00e0ng\" \/>\n<script type=\"application\/ld+json\" class=\"yoast-schema-graph\">{\"@context\":\"https:\/\/schema.org\",\"@graph\":[{\"@type\":\"WebPage\",\"@id\":\"https:\/\/phucma.com.vn\/congnghiep\/product\/but-gel-artline-j-pop-egb-s260-fo\/\",\"url\":\"https:\/\/phucma.com.vn\/congnghiep\/product\/but-gel-artline-j-pop-egb-s260-fo\/\",\"name\":\"B\u00fat gel Artline J-POP EGB-S260 m\u00e0u nh\u1ea1t - C\u00f4ng Ty TNHH Th\u01b0\u01a1ng M\u1ea1i PH\u00daC M\u00c3\",\"isPartOf\":{\"@id\":\"https:\/\/phucma.com.vn\/congnghiep\/#website\"},\"primaryImageOfPage\":{\"@id\":\"https:\/\/phucma.com.vn\/congnghiep\/product\/but-gel-artline-j-pop-egb-s260-fo\/#primaryimage\"},\"image\":{\"@id\":\"https:\/\/phucma.com.vn\/congnghiep\/product\/but-gel-artline-j-pop-egb-s260-fo\/#primaryimage\"},\"thumbnailUrl\":\"https:\/\/phucma.com.vn\/congnghiep\/wp-content\/uploads\/2025\/02\/EGB-S260.jpg\",\"datePublished\":\"2025-03-25T01:47:58+00:00\",\"dateModified\":\"2025-11-10T08:31:46+00:00\",\"breadcrumb\":{\"@id\":\"https:\/\/phucma.com.vn\/congnghiep\/product\/but-gel-artline-j-pop-egb-s260-fo\/#breadcrumb\"},\"inLanguage\":\"vi\",\"potentialAction\":[{\"@type\":\"ReadAction\",\"target\":[\"https:\/\/phucma.com.vn\/congnghiep\/product\/but-gel-artline-j-pop-egb-s260-fo\/\"]}]},{\"@type\":\"ImageObject\",\"inLanguage\":\"vi\",\"@id\":\"https:\/\/phucma.com.vn\/congnghiep\/product\/but-gel-artline-j-pop-egb-s260-fo\/#primaryimage\",\"url\":\"https:\/\/phucma.com.vn\/congnghiep\/wp-content\/uploads\/2025\/02\/EGB-S260.jpg\",\"contentUrl\":\"https:\/\/phucma.com.vn\/congnghiep\/wp-content\/uploads\/2025\/02\/EGB-S260.jpg\",\"width\":599,\"height\":600},{\"@type\":\"BreadcrumbList\",\"@id\":\"https:\/\/phucma.com.vn\/congnghiep\/product\/but-gel-artline-j-pop-egb-s260-fo\/#breadcrumb\",\"itemListElement\":[{\"@type\":\"ListItem\",\"position\":1,\"name\":\"Home\",\"item\":\"https:\/\/phucma.com.vn\/congnghiep\/\"},{\"@type\":\"ListItem\",\"position\":2,\"name\":\"C\u1eeda h\u00e0ng\",\"item\":\"https:\/\/phucma.com.vn\/congnghiep\/shop\/\"},{\"@type\":\"ListItem\",\"position\":3,\"name\":\"B\u00fat gel Artline J-POP EGB-S260 m\u00e0u nh\u1ea1t\"}]},{\"@type\":\"WebSite\",\"@id\":\"https:\/\/phucma.com.vn\/congnghiep\/#website\",\"url\":\"https:\/\/phucma.com.vn\/congnghiep\/\",\"name\":\"C\u00f4ng ty Ph\u00fac M\u00e3\",\"description\":\"S\u1ea3n ph\u1ea9m c\u00f4ng nghi\u1ec7p d\u00e0nh cho nh\u00e0 m\u00e1y\",\"publisher\":{\"@id\":\"https:\/\/phucma.com.vn\/congnghiep\/#organization\"},\"alternateName\":\"CTy Ph\u00fac M\u00e3\",\"potentialAction\":[{\"@type\":\"SearchAction\",\"target\":{\"@type\":\"EntryPoint\",\"urlTemplate\":\"https:\/\/phucma.com.vn\/congnghiep\/?s={search_term_string}\"},\"query-input\":{\"@type\":\"PropertyValueSpecification\",\"valueRequired\":true,\"valueName\":\"search_term_string\"}}],\"inLanguage\":\"vi\"},{\"@type\":\"Organization\",\"@id\":\"https:\/\/phucma.com.vn\/congnghiep\/#organization\",\"name\":\"CTY PH\u00daC M\u00c3\",\"alternateName\":\"C\u00f4ng ty TNHH TM Ph\u00fac M\u00e3\",\"url\":\"https:\/\/phucma.com.vn\/congnghiep\/\",\"logo\":{\"@type\":\"ImageObject\",\"inLanguage\":\"vi\",\"@id\":\"https:\/\/phucma.com.vn\/congnghiep\/#\/schema\/logo\/image\/\",\"url\":\"https:\/\/phucma.com.vn\/congnghiep\/wp-content\/uploads\/2025\/01\/cropped-cropped-logo-cty-phuc-ma-11.png\",\"contentUrl\":\"https:\/\/phucma.com.vn\/congnghiep\/wp-content\/uploads\/2025\/01\/cropped-cropped-logo-cty-phuc-ma-11.png\",\"width\":256,\"height\":191,\"caption\":\"CTY PH\u00daC M\u00c3\"},\"image\":{\"@id\":\"https:\/\/phucma.com.vn\/congnghiep\/#\/schema\/logo\/image\/\"},\"sameAs\":[\"https:\/\/www.facebook.com\/artline.vn\"],\"description\":\"CTY PHUC MA - 20 n\u0103m chuy\u00ean cung c\u1ea5p c\u00e1c s\u1ea3n ph\u1ea9m b\u00fat, m\u1ef1c, d\u1ea5u c\u00f4ng nghi\u1ec7p cho h\u01a1n 1000 nh\u00e0 m\u00e1y kh\u1eafp c\u00e1c khu c\u00f4ng nghi\u1ec7p tr\u00ean c\u1ea3 n\u01b0\u1edbc\",\"email\":\"info@phucma.com.vn\",\"telephone\":\"02835140805\",\"legalName\":\"C\u00f4ng ty TNHH Th\u01b0\u01a1ng M\u1ea1i Ph\u00fac M\u00e3\",\"vatID\":\"0303490755\",\"numberOfEmployees\":{\"@type\":\"QuantitativeValue\",\"minValue\":\"51\",\"maxValue\":\"200\"}}]}<\/script>\n<meta property=\"product:brand\" content=\"Artline\" \/>\n<meta property=\"og:availability\" content=\"out of stock\" \/>\n<meta property=\"product:availability\" content=\"out of stock\" \/>\n<meta property=\"product:retailer_item_id\" content=\"EGB-S260-FO\" \/>\n<meta property=\"product:condition\" content=\"new\" \/>\n<!-- \/ Yoast SEO Premium plugin. -->","yoast_head_json":{"title":"B\u00fat gel Artline J-POP EGB-S260 m\u00e0u nh\u1ea1t - C\u00f4ng Ty TNHH Th\u01b0\u01a1ng M\u1ea1i PH\u00daC M\u00c3","robots":{"index":"index","follow":"follow","max-snippet":"max-snippet:-1","max-image-preview":"max-image-preview:large","max-video-preview":"max-video-preview:-1"},"canonical":"https:\/\/phucma.com.vn\/congnghiep\/product\/but-gel-artline-j-pop-egb-s260-fo\/","og_locale":"vi_VN","og_type":"article","og_title":"B\u00fat gel Artline J-POP EGB-S260 m\u00e0u nh\u1ea1t","og_description":"M\u00e3 H\u00e0ng : EGB-S260 Ng\u00f2i b\u00fat: 0.5mm D\u00f2ng m\u1ef1c: s\u1eed d\u1ee5ng m\u1ef1c GEL \u0110\u00f3ng g\u00f3i: h\u1ed9p 12 c\u00e2y M\u00e0u s\u1eafc: 24 m\u00e0u Xu\u1ea5t x\u1ee9: Nh\u1eadt B\u1ea3n S\u1ea3n xu\u1ea5t: Nh\u00e0 m\u00e1y Shachihata Japan t\u1ea1i China","og_url":"https:\/\/phucma.com.vn\/congnghiep\/product\/but-gel-artline-j-pop-egb-s260-fo\/","og_site_name":"C\u00f4ng Ty TNHH Th\u01b0\u01a1ng M\u1ea1i PH\u00daC M\u00c3","article_publisher":"https:\/\/www.facebook.com\/artline.vn","article_modified_time":"2025-11-10T08:31:46+00:00","og_image":[{"width":599,"height":600,"url":"https:\/\/phucma.com.vn\/congnghiep\/wp-content\/uploads\/2025\/02\/EGB-S260.jpg","type":"image\/jpeg"}],"twitter_card":"summary_large_image","twitter_misc":{"Kh\u1ea3 d\u1ee5ng":"H\u1ebft h\u00e0ng"},"schema":{"@context":"https:\/\/schema.org","@graph":[{"@type":"WebPage","@id":"https:\/\/phucma.com.vn\/congnghiep\/product\/but-gel-artline-j-pop-egb-s260-fo\/","url":"https:\/\/phucma.com.vn\/congnghiep\/product\/but-gel-artline-j-pop-egb-s260-fo\/","name":"B\u00fat gel Artline J-POP EGB-S260 m\u00e0u nh\u1ea1t - C\u00f4ng Ty TNHH Th\u01b0\u01a1ng M\u1ea1i PH\u00daC M\u00c3","isPartOf":{"@id":"https:\/\/phucma.com.vn\/congnghiep\/#website"},"primaryImageOfPage":{"@id":"https:\/\/phucma.com.vn\/congnghiep\/product\/but-gel-artline-j-pop-egb-s260-fo\/#primaryimage"},"image":{"@id":"https:\/\/phucma.com.vn\/congnghiep\/product\/but-gel-artline-j-pop-egb-s260-fo\/#primaryimage"},"thumbnailUrl":"https:\/\/phucma.com.vn\/congnghiep\/wp-content\/uploads\/2025\/02\/EGB-S260.jpg","datePublished":"2025-03-25T01:47:58+00:00","dateModified":"2025-11-10T08:31:46+00:00","breadcrumb":{"@id":"https:\/\/phucma.com.vn\/congnghiep\/product\/but-gel-artline-j-pop-egb-s260-fo\/#breadcrumb"},"inLanguage":"vi","potentialAction":[{"@type":"ReadAction","target":["https:\/\/phucma.com.vn\/congnghiep\/product\/but-gel-artline-j-pop-egb-s260-fo\/"]}]},{"@type":"ImageObject","inLanguage":"vi","@id":"https:\/\/phucma.com.vn\/congnghiep\/product\/but-gel-artline-j-pop-egb-s260-fo\/#primaryimage","url":"https:\/\/phucma.com.vn\/congnghiep\/wp-content\/uploads\/2025\/02\/EGB-S260.jpg","contentUrl":"https:\/\/phucma.com.vn\/congnghiep\/wp-content\/uploads\/2025\/02\/EGB-S260.jpg","width":599,"height":600},{"@type":"BreadcrumbList","@id":"https:\/\/phucma.com.vn\/congnghiep\/product\/but-gel-artline-j-pop-egb-s260-fo\/#breadcrumb","itemListElement":[{"@type":"ListItem","position":1,"name":"Home","item":"https:\/\/phucma.com.vn\/congnghiep\/"},{"@type":"ListItem","position":2,"name":"C\u1eeda h\u00e0ng","item":"https:\/\/phucma.com.vn\/congnghiep\/shop\/"},{"@type":"ListItem","position":3,"name":"B\u00fat gel Artline J-POP EGB-S260 m\u00e0u nh\u1ea1t"}]},{"@type":"WebSite","@id":"https:\/\/phucma.com.vn\/congnghiep\/#website","url":"https:\/\/phucma.com.vn\/congnghiep\/","name":"C\u00f4ng ty Ph\u00fac M\u00e3","description":"S\u1ea3n ph\u1ea9m c\u00f4ng nghi\u1ec7p d\u00e0nh cho nh\u00e0 m\u00e1y","publisher":{"@id":"https:\/\/phucma.com.vn\/congnghiep\/#organization"},"alternateName":"CTy Ph\u00fac M\u00e3","potentialAction":[{"@type":"SearchAction","target":{"@type":"EntryPoint","urlTemplate":"https:\/\/phucma.com.vn\/congnghiep\/?s={search_term_string}"},"query-input":{"@type":"PropertyValueSpecification","valueRequired":true,"valueName":"search_term_string"}}],"inLanguage":"vi"},{"@type":"Organization","@id":"https:\/\/phucma.com.vn\/congnghiep\/#organization","name":"CTY PH\u00daC M\u00c3","alternateName":"C\u00f4ng ty TNHH TM Ph\u00fac M\u00e3","url":"https:\/\/phucma.com.vn\/congnghiep\/","logo":{"@type":"ImageObject","inLanguage":"vi","@id":"https:\/\/phucma.com.vn\/congnghiep\/#\/schema\/logo\/image\/","url":"https:\/\/phucma.com.vn\/congnghiep\/wp-content\/uploads\/2025\/01\/cropped-cropped-logo-cty-phuc-ma-11.png","contentUrl":"https:\/\/phucma.com.vn\/congnghiep\/wp-content\/uploads\/2025\/01\/cropped-cropped-logo-cty-phuc-ma-11.png","width":256,"height":191,"caption":"CTY PH\u00daC M\u00c3"},"image":{"@id":"https:\/\/phucma.com.vn\/congnghiep\/#\/schema\/logo\/image\/"},"sameAs":["https:\/\/www.facebook.com\/artline.vn"],"description":"CTY PHUC MA - 20 n\u0103m chuy\u00ean cung c\u1ea5p c\u00e1c s\u1ea3n ph\u1ea9m b\u00fat, m\u1ef1c, d\u1ea5u c\u00f4ng nghi\u1ec7p cho h\u01a1n 1000 nh\u00e0 m\u00e1y kh\u1eafp c\u00e1c khu c\u00f4ng nghi\u1ec7p tr\u00ean c\u1ea3 n\u01b0\u1edbc","email":"info@phucma.com.vn","telephone":"02835140805","legalName":"C\u00f4ng ty TNHH Th\u01b0\u01a1ng M\u1ea1i Ph\u00fac M\u00e3","vatID":"0303490755","numberOfEmployees":{"@type":"QuantitativeValue","minValue":"51","maxValue":"200"}}]},"product_brand":"Artline","og_availability":"out of stock","product_availability":"out of stock","product_retailer_item_id":"EGB-S260-FO","product_condition":"new"},"_links":{"self":[{"href":"https:\/\/phucma.com.vn\/congnghiep\/wp-json\/wp\/v2\/product\/71436","targetHints":{"allow":["GET"]}}],"collection":[{"href":"https:\/\/phucma.com.vn\/congnghiep\/wp-json\/wp\/v2\/product"}],"about":[{"href":"https:\/\/phucma.com.vn\/congnghiep\/wp-json\/wp\/v2\/types\/product"}],"wp:featuredmedia":[{"embeddable":true,"href":"https:\/\/phucma.com.vn\/congnghiep\/wp-json\/wp\/v2\/media\/8266"}],"wp:attachment":[{"href":"https:\/\/phucma.com.vn\/congnghiep\/wp-json\/wp\/v2\/media?parent=71436"}],"wp:term":[{"taxonomy":"product_brand","embeddable":true,"href":"https:\/\/phucma.com.vn\/congnghiep\/wp-json\/wp\/v2\/product_brand?post=71436"},{"taxonomy":"product_cat","embeddable":true,"href":"https:\/\/phucma.com.vn\/congnghiep\/wp-json\/wp\/v2\/product_cat?post=71436"},{"taxonomy":"product_tag","embeddable":true,"href":"https:\/\/phucma.com.vn\/congnghiep\/wp-json\/wp\/v2\/product_tag?post=71436"}],"curies":[{"name":"wp","href":"https:\/\/api.w.org\/{rel}","templated":true}]}}