
{"id":7102,"date":"2025-02-18T14:00:17","date_gmt":"2025-02-18T07:00:17","guid":{"rendered":"https:\/\/phucma.com.vn\/congnghiep\/?post_type=product&#038;p=7102"},"modified":"2025-11-09T14:50:38","modified_gmt":"2025-11-09T07:50:38","slug":"muc-dong-bao-mat-tat-fxqr-6","status":"publish","type":"product","link":"https:\/\/phucma.com.vn\/congnghiep\/product\/muc-dong-bao-mat-tat-fxqr-6\/","title":{"rendered":"M\u1ef1c \u0111\u00f3ng b\u1ea3o m\u1eadt TAT FXQR-6"},"content":{"rendered":"","protected":false},"excerpt":{"rendered":"<p>M\u1ef1c \u0111\u00f3ng b\u1ea3o m\u1eadt TAT FXQR-6 l\u00e0 m\u1ef1c trong su\u1ed1t, kh\u00f4ng m\u00e0u. D\u00f9ng \u0111\u1ec3 \u0111\u00f3ng l\u00ean nhi\u1ec1u b\u1ec1 m\u1eb7t kh\u00e1c nhau, khi \u0111\u00f3ng th\u00ec s\u1ebd kh\u00f4ng th\u1ea5y. Khi d\u00f9ng \u0111\u00e8n pin UV tia c\u1ef1c t\u00edm soi v\u00e0o th\u00ec s\u1ebd nh\u00ecn th\u1ea5y.<\/p>\n<ul>\n<li>M\u00e3 s\u1ea3n ph\u1ea9m: FXQR-6<\/li>\n<li>Dung t\u00edch: 60ml<\/li>\n<li>M\u00e0u m\u1ef1c: Trong su\u1ed1t<\/li>\n<li>Xu\u1ea5t x\u1ee9: S\u1ea3n xu\u1ea5t t\u1ea1i nh\u00e0 m\u00e1y Shachihata Nh\u1eadt B\u1ea3n<\/li>\n<\/ul>\n","protected":false},"featured_media":7753,"template":"","meta":{"_acf_changed":false},"product_brand":[213],"product_cat":[712,736,735,701,699,702,713,741,719,718],"product_tag":[449,448,1091,1175,1178,1183,1177,1176,1181,1179,1182,1180],"class_list":{"0":"post-7102","1":"product","2":"type-product","3":"status-publish","4":"has-post-thumbnail","6":"product_brand-tat","7":"product_cat-chong-lem-nuoc","8":"product_cat-dong-dau-dong","9":"product_cat-dong-muc","10":"product_cat-dong-muc-dye-stuff","11":"product_cat-dong-muc-goc-dau","12":"product_cat-dong-muc-tat","13":"product_cat-dung-moi-vat-lieu","14":"product_cat-dung-trong-nha-may","15":"product_cat-muc","16":"product_cat-tat","17":"product_tag-fxqr-6","18":"product_tag-fxqr6","19":"product_tag-muc-an-toan","20":"product_tag-muc-bao-mat","21":"product_tag-muc-bi-mat","22":"product_tag-muc-chong-gia","23":"product_tag-muc-khong-mau","24":"product_tag-muc-security","25":"product_tag-muc-tan-hinh","26":"product_tag-muc-uv","27":"product_tag-muc-uv-vo-hinh","28":"product_tag-muc-voi-hinh","30":"first","31":"instock","32":"taxable","33":"shipping-taxable","34":"purchasable","35":"product-type-variable"},"acf":[],"yoast_head":"<!-- This site is optimized with the Yoast SEO Premium plugin v24.4 (Yoast SEO v26.4) - https:\/\/yoast.com\/wordpress\/plugins\/seo\/ -->\n<title>M\u1ef1c \u0111\u00f3ng b\u1ea3o m\u1eadt TAT FXQR-6 - C\u00f4ng Ty TNHH Th\u01b0\u01a1ng M\u1ea1i PH\u00daC M\u00c3<\/title>\n<meta name=\"robots\" content=\"index, follow, max-snippet:-1, max-image-preview:large, max-video-preview:-1\" \/>\n<link rel=\"canonical\" href=\"https:\/\/phucma.com.vn\/congnghiep\/product\/muc-dong-bao-mat-tat-fxqr-6\/\" \/>\n<meta property=\"og:locale\" content=\"vi_VN\" \/>\n<meta property=\"og:type\" content=\"article\" \/>\n<meta property=\"og:title\" content=\"M\u1ef1c \u0111\u00f3ng b\u1ea3o m\u1eadt TAT FXQR-6\" \/>\n<meta property=\"og:description\" content=\"M\u1ef1c \u0111\u00f3ng b\u1ea3o m\u1eadt TAT FXQR-6 l\u00e0 m\u1ef1c trong su\u1ed1t, kh\u00f4ng m\u00e0u. D\u00f9ng \u0111\u1ec3 \u0111\u00f3ng l\u00ean nhi\u1ec1u b\u1ec1 m\u1eb7t kh\u00e1c nhau, khi \u0111\u00f3ng th\u00ec s\u1ebd kh\u00f4ng th\u1ea5y. Khi d\u00f9ng \u0111\u00e8n pin UV tia c\u1ef1c t\u00edm soi v\u00e0o th\u00ec s\u1ebd nh\u00ecn th\u1ea5y.   M\u00e3 s\u1ea3n ph\u1ea9m: FXQR-6  Dung t\u00edch: 60ml  M\u00e0u m\u1ef1c: Trong su\u1ed1t  Xu\u1ea5t x\u1ee9: S\u1ea3n xu\u1ea5t t\u1ea1i nh\u00e0 m\u00e1y Shachihata Nh\u1eadt B\u1ea3n\" \/>\n<meta property=\"og:url\" content=\"https:\/\/phucma.com.vn\/congnghiep\/product\/muc-dong-bao-mat-tat-fxqr-6\/\" \/>\n<meta property=\"og:site_name\" content=\"C\u00f4ng Ty TNHH Th\u01b0\u01a1ng M\u1ea1i PH\u00daC M\u00c3\" \/>\n<meta property=\"article:publisher\" content=\"https:\/\/www.facebook.com\/artline.vn\" \/>\n<meta property=\"article:modified_time\" content=\"2025-11-09T07:50:38+00:00\" \/>\n<meta property=\"og:image\" content=\"https:\/\/phucma.com.vn\/congnghiep\/wp-content\/uploads\/2025\/02\/Muc-an-ninh-trong-suot-FX-QR-1-min.webp\" \/>\n\t<meta property=\"og:image:width\" content=\"800\" \/>\n\t<meta property=\"og:image:height\" content=\"800\" \/>\n\t<meta property=\"og:image:type\" content=\"image\/webp\" \/>\n<meta name=\"twitter:card\" content=\"summary_large_image\" \/>\n<meta name=\"twitter:label1\" content=\"Kh\u1ea3 d\u1ee5ng\" \/>\n\t<meta name=\"twitter:data1\" content=\"Trong kho\" \/>\n<script type=\"application\/ld+json\" class=\"yoast-schema-graph\">{\"@context\":\"https:\/\/schema.org\",\"@graph\":[{\"@type\":\"WebPage\",\"@id\":\"https:\/\/phucma.com.vn\/congnghiep\/product\/muc-dong-bao-mat-tat-fxqr-6\/\",\"url\":\"https:\/\/phucma.com.vn\/congnghiep\/product\/muc-dong-bao-mat-tat-fxqr-6\/\",\"name\":\"M\u1ef1c \u0111\u00f3ng b\u1ea3o m\u1eadt TAT FXQR-6 - C\u00f4ng Ty TNHH Th\u01b0\u01a1ng M\u1ea1i PH\u00daC M\u00c3\",\"isPartOf\":{\"@id\":\"https:\/\/phucma.com.vn\/congnghiep\/#website\"},\"primaryImageOfPage\":{\"@id\":\"https:\/\/phucma.com.vn\/congnghiep\/product\/muc-dong-bao-mat-tat-fxqr-6\/#primaryimage\"},\"image\":{\"@id\":\"https:\/\/phucma.com.vn\/congnghiep\/product\/muc-dong-bao-mat-tat-fxqr-6\/#primaryimage\"},\"thumbnailUrl\":\"https:\/\/phucma.com.vn\/congnghiep\/wp-content\/uploads\/2025\/02\/Muc-an-ninh-trong-suot-FX-QR-1-min.webp\",\"datePublished\":\"2025-02-18T07:00:17+00:00\",\"dateModified\":\"2025-11-09T07:50:38+00:00\",\"breadcrumb\":{\"@id\":\"https:\/\/phucma.com.vn\/congnghiep\/product\/muc-dong-bao-mat-tat-fxqr-6\/#breadcrumb\"},\"inLanguage\":\"vi\",\"potentialAction\":[{\"@type\":\"ReadAction\",\"target\":[\"https:\/\/phucma.com.vn\/congnghiep\/product\/muc-dong-bao-mat-tat-fxqr-6\/\"]}]},{\"@type\":\"ImageObject\",\"inLanguage\":\"vi\",\"@id\":\"https:\/\/phucma.com.vn\/congnghiep\/product\/muc-dong-bao-mat-tat-fxqr-6\/#primaryimage\",\"url\":\"https:\/\/phucma.com.vn\/congnghiep\/wp-content\/uploads\/2025\/02\/Muc-an-ninh-trong-suot-FX-QR-1-min.webp\",\"contentUrl\":\"https:\/\/phucma.com.vn\/congnghiep\/wp-content\/uploads\/2025\/02\/Muc-an-ninh-trong-suot-FX-QR-1-min.webp\",\"width\":800,\"height\":800},{\"@type\":\"BreadcrumbList\",\"@id\":\"https:\/\/phucma.com.vn\/congnghiep\/product\/muc-dong-bao-mat-tat-fxqr-6\/#breadcrumb\",\"itemListElement\":[{\"@type\":\"ListItem\",\"position\":1,\"name\":\"Home\",\"item\":\"https:\/\/phucma.com.vn\/congnghiep\/\"},{\"@type\":\"ListItem\",\"position\":2,\"name\":\"C\u1eeda h\u00e0ng\",\"item\":\"https:\/\/phucma.com.vn\/congnghiep\/shop\/\"},{\"@type\":\"ListItem\",\"position\":3,\"name\":\"M\u1ef1c \u0111\u00f3ng b\u1ea3o m\u1eadt TAT FXQR-6\"}]},{\"@type\":\"WebSite\",\"@id\":\"https:\/\/phucma.com.vn\/congnghiep\/#website\",\"url\":\"https:\/\/phucma.com.vn\/congnghiep\/\",\"name\":\"C\u00f4ng ty Ph\u00fac M\u00e3\",\"description\":\"S\u1ea3n ph\u1ea9m c\u00f4ng nghi\u1ec7p d\u00e0nh cho nh\u00e0 m\u00e1y\",\"publisher\":{\"@id\":\"https:\/\/phucma.com.vn\/congnghiep\/#organization\"},\"alternateName\":\"CTy Ph\u00fac M\u00e3\",\"potentialAction\":[{\"@type\":\"SearchAction\",\"target\":{\"@type\":\"EntryPoint\",\"urlTemplate\":\"https:\/\/phucma.com.vn\/congnghiep\/?s={search_term_string}\"},\"query-input\":{\"@type\":\"PropertyValueSpecification\",\"valueRequired\":true,\"valueName\":\"search_term_string\"}}],\"inLanguage\":\"vi\"},{\"@type\":\"Organization\",\"@id\":\"https:\/\/phucma.com.vn\/congnghiep\/#organization\",\"name\":\"CTY PH\u00daC M\u00c3\",\"alternateName\":\"C\u00f4ng ty TNHH TM Ph\u00fac M\u00e3\",\"url\":\"https:\/\/phucma.com.vn\/congnghiep\/\",\"logo\":{\"@type\":\"ImageObject\",\"inLanguage\":\"vi\",\"@id\":\"https:\/\/phucma.com.vn\/congnghiep\/#\/schema\/logo\/image\/\",\"url\":\"https:\/\/phucma.com.vn\/congnghiep\/wp-content\/uploads\/2025\/01\/cropped-cropped-logo-cty-phuc-ma-11.png\",\"contentUrl\":\"https:\/\/phucma.com.vn\/congnghiep\/wp-content\/uploads\/2025\/01\/cropped-cropped-logo-cty-phuc-ma-11.png\",\"width\":256,\"height\":191,\"caption\":\"CTY PH\u00daC M\u00c3\"},\"image\":{\"@id\":\"https:\/\/phucma.com.vn\/congnghiep\/#\/schema\/logo\/image\/\"},\"sameAs\":[\"https:\/\/www.facebook.com\/artline.vn\"],\"description\":\"CTY PHUC MA - 20 n\u0103m chuy\u00ean cung c\u1ea5p c\u00e1c s\u1ea3n ph\u1ea9m b\u00fat, m\u1ef1c, d\u1ea5u c\u00f4ng nghi\u1ec7p cho h\u01a1n 1000 nh\u00e0 m\u00e1y kh\u1eafp c\u00e1c khu c\u00f4ng nghi\u1ec7p tr\u00ean c\u1ea3 n\u01b0\u1edbc\",\"email\":\"info@phucma.com.vn\",\"telephone\":\"02835140805\",\"legalName\":\"C\u00f4ng ty TNHH Th\u01b0\u01a1ng M\u1ea1i Ph\u00fac M\u00e3\",\"vatID\":\"0303490755\",\"numberOfEmployees\":{\"@type\":\"QuantitativeValue\",\"minValue\":\"51\",\"maxValue\":\"200\"}}]}<\/script>\n<meta property=\"product:brand\" content=\"TAT\" \/>\n<meta property=\"og:availability\" content=\"instock\" \/>\n<meta property=\"product:availability\" content=\"instock\" \/>\n<meta property=\"product:retailer_item_id\" content=\"FXQR-6\" \/>\n<meta property=\"product:condition\" content=\"new\" \/>\n<!-- \/ Yoast SEO Premium plugin. -->","yoast_head_json":{"title":"M\u1ef1c \u0111\u00f3ng b\u1ea3o m\u1eadt TAT FXQR-6 - C\u00f4ng Ty TNHH Th\u01b0\u01a1ng M\u1ea1i PH\u00daC M\u00c3","robots":{"index":"index","follow":"follow","max-snippet":"max-snippet:-1","max-image-preview":"max-image-preview:large","max-video-preview":"max-video-preview:-1"},"canonical":"https:\/\/phucma.com.vn\/congnghiep\/product\/muc-dong-bao-mat-tat-fxqr-6\/","og_locale":"vi_VN","og_type":"article","og_title":"M\u1ef1c \u0111\u00f3ng b\u1ea3o m\u1eadt TAT FXQR-6","og_description":"M\u1ef1c \u0111\u00f3ng b\u1ea3o m\u1eadt TAT FXQR-6 l\u00e0 m\u1ef1c trong su\u1ed1t, kh\u00f4ng m\u00e0u. D\u00f9ng \u0111\u1ec3 \u0111\u00f3ng l\u00ean nhi\u1ec1u b\u1ec1 m\u1eb7t kh\u00e1c nhau, khi \u0111\u00f3ng th\u00ec s\u1ebd kh\u00f4ng th\u1ea5y. Khi d\u00f9ng \u0111\u00e8n pin UV tia c\u1ef1c t\u00edm soi v\u00e0o th\u00ec s\u1ebd nh\u00ecn th\u1ea5y.   M\u00e3 s\u1ea3n ph\u1ea9m: FXQR-6  Dung t\u00edch: 60ml  M\u00e0u m\u1ef1c: Trong su\u1ed1t  Xu\u1ea5t x\u1ee9: S\u1ea3n xu\u1ea5t t\u1ea1i nh\u00e0 m\u00e1y Shachihata Nh\u1eadt B\u1ea3n","og_url":"https:\/\/phucma.com.vn\/congnghiep\/product\/muc-dong-bao-mat-tat-fxqr-6\/","og_site_name":"C\u00f4ng Ty TNHH Th\u01b0\u01a1ng M\u1ea1i PH\u00daC M\u00c3","article_publisher":"https:\/\/www.facebook.com\/artline.vn","article_modified_time":"2025-11-09T07:50:38+00:00","og_image":[{"width":800,"height":800,"url":"https:\/\/phucma.com.vn\/congnghiep\/wp-content\/uploads\/2025\/02\/Muc-an-ninh-trong-suot-FX-QR-1-min.webp","type":"image\/webp"}],"twitter_card":"summary_large_image","twitter_misc":{"Kh\u1ea3 d\u1ee5ng":"Trong kho"},"schema":{"@context":"https:\/\/schema.org","@graph":[{"@type":"WebPage","@id":"https:\/\/phucma.com.vn\/congnghiep\/product\/muc-dong-bao-mat-tat-fxqr-6\/","url":"https:\/\/phucma.com.vn\/congnghiep\/product\/muc-dong-bao-mat-tat-fxqr-6\/","name":"M\u1ef1c \u0111\u00f3ng b\u1ea3o m\u1eadt TAT FXQR-6 - C\u00f4ng Ty TNHH Th\u01b0\u01a1ng M\u1ea1i PH\u00daC M\u00c3","isPartOf":{"@id":"https:\/\/phucma.com.vn\/congnghiep\/#website"},"primaryImageOfPage":{"@id":"https:\/\/phucma.com.vn\/congnghiep\/product\/muc-dong-bao-mat-tat-fxqr-6\/#primaryimage"},"image":{"@id":"https:\/\/phucma.com.vn\/congnghiep\/product\/muc-dong-bao-mat-tat-fxqr-6\/#primaryimage"},"thumbnailUrl":"https:\/\/phucma.com.vn\/congnghiep\/wp-content\/uploads\/2025\/02\/Muc-an-ninh-trong-suot-FX-QR-1-min.webp","datePublished":"2025-02-18T07:00:17+00:00","dateModified":"2025-11-09T07:50:38+00:00","breadcrumb":{"@id":"https:\/\/phucma.com.vn\/congnghiep\/product\/muc-dong-bao-mat-tat-fxqr-6\/#breadcrumb"},"inLanguage":"vi","potentialAction":[{"@type":"ReadAction","target":["https:\/\/phucma.com.vn\/congnghiep\/product\/muc-dong-bao-mat-tat-fxqr-6\/"]}]},{"@type":"ImageObject","inLanguage":"vi","@id":"https:\/\/phucma.com.vn\/congnghiep\/product\/muc-dong-bao-mat-tat-fxqr-6\/#primaryimage","url":"https:\/\/phucma.com.vn\/congnghiep\/wp-content\/uploads\/2025\/02\/Muc-an-ninh-trong-suot-FX-QR-1-min.webp","contentUrl":"https:\/\/phucma.com.vn\/congnghiep\/wp-content\/uploads\/2025\/02\/Muc-an-ninh-trong-suot-FX-QR-1-min.webp","width":800,"height":800},{"@type":"BreadcrumbList","@id":"https:\/\/phucma.com.vn\/congnghiep\/product\/muc-dong-bao-mat-tat-fxqr-6\/#breadcrumb","itemListElement":[{"@type":"ListItem","position":1,"name":"Home","item":"https:\/\/phucma.com.vn\/congnghiep\/"},{"@type":"ListItem","position":2,"name":"C\u1eeda h\u00e0ng","item":"https:\/\/phucma.com.vn\/congnghiep\/shop\/"},{"@type":"ListItem","position":3,"name":"M\u1ef1c \u0111\u00f3ng b\u1ea3o m\u1eadt TAT FXQR-6"}]},{"@type":"WebSite","@id":"https:\/\/phucma.com.vn\/congnghiep\/#website","url":"https:\/\/phucma.com.vn\/congnghiep\/","name":"C\u00f4ng ty Ph\u00fac M\u00e3","description":"S\u1ea3n ph\u1ea9m c\u00f4ng nghi\u1ec7p d\u00e0nh cho nh\u00e0 m\u00e1y","publisher":{"@id":"https:\/\/phucma.com.vn\/congnghiep\/#organization"},"alternateName":"CTy Ph\u00fac M\u00e3","potentialAction":[{"@type":"SearchAction","target":{"@type":"EntryPoint","urlTemplate":"https:\/\/phucma.com.vn\/congnghiep\/?s={search_term_string}"},"query-input":{"@type":"PropertyValueSpecification","valueRequired":true,"valueName":"search_term_string"}}],"inLanguage":"vi"},{"@type":"Organization","@id":"https:\/\/phucma.com.vn\/congnghiep\/#organization","name":"CTY PH\u00daC M\u00c3","alternateName":"C\u00f4ng ty TNHH TM Ph\u00fac M\u00e3","url":"https:\/\/phucma.com.vn\/congnghiep\/","logo":{"@type":"ImageObject","inLanguage":"vi","@id":"https:\/\/phucma.com.vn\/congnghiep\/#\/schema\/logo\/image\/","url":"https:\/\/phucma.com.vn\/congnghiep\/wp-content\/uploads\/2025\/01\/cropped-cropped-logo-cty-phuc-ma-11.png","contentUrl":"https:\/\/phucma.com.vn\/congnghiep\/wp-content\/uploads\/2025\/01\/cropped-cropped-logo-cty-phuc-ma-11.png","width":256,"height":191,"caption":"CTY PH\u00daC M\u00c3"},"image":{"@id":"https:\/\/phucma.com.vn\/congnghiep\/#\/schema\/logo\/image\/"},"sameAs":["https:\/\/www.facebook.com\/artline.vn"],"description":"CTY PHUC MA - 20 n\u0103m chuy\u00ean cung c\u1ea5p c\u00e1c s\u1ea3n ph\u1ea9m b\u00fat, m\u1ef1c, d\u1ea5u c\u00f4ng nghi\u1ec7p cho h\u01a1n 1000 nh\u00e0 m\u00e1y kh\u1eafp c\u00e1c khu c\u00f4ng nghi\u1ec7p tr\u00ean c\u1ea3 n\u01b0\u1edbc","email":"info@phucma.com.vn","telephone":"02835140805","legalName":"C\u00f4ng ty TNHH Th\u01b0\u01a1ng M\u1ea1i Ph\u00fac M\u00e3","vatID":"0303490755","numberOfEmployees":{"@type":"QuantitativeValue","minValue":"51","maxValue":"200"}}]},"product_brand":"TAT","og_availability":"instock","product_availability":"instock","product_retailer_item_id":"FXQR-6","product_condition":"new"},"_links":{"self":[{"href":"https:\/\/phucma.com.vn\/congnghiep\/wp-json\/wp\/v2\/product\/7102","targetHints":{"allow":["GET"]}}],"collection":[{"href":"https:\/\/phucma.com.vn\/congnghiep\/wp-json\/wp\/v2\/product"}],"about":[{"href":"https:\/\/phucma.com.vn\/congnghiep\/wp-json\/wp\/v2\/types\/product"}],"wp:featuredmedia":[{"embeddable":true,"href":"https:\/\/phucma.com.vn\/congnghiep\/wp-json\/wp\/v2\/media\/7753"}],"wp:attachment":[{"href":"https:\/\/phucma.com.vn\/congnghiep\/wp-json\/wp\/v2\/media?parent=7102"}],"wp:term":[{"taxonomy":"product_brand","embeddable":true,"href":"https:\/\/phucma.com.vn\/congnghiep\/wp-json\/wp\/v2\/product_brand?post=7102"},{"taxonomy":"product_cat","embeddable":true,"href":"https:\/\/phucma.com.vn\/congnghiep\/wp-json\/wp\/v2\/product_cat?post=7102"},{"taxonomy":"product_tag","embeddable":true,"href":"https:\/\/phucma.com.vn\/congnghiep\/wp-json\/wp\/v2\/product_tag?post=7102"}],"curies":[{"name":"wp","href":"https:\/\/api.w.org\/{rel}","templated":true}]}}