
{"id":6943,"date":"2025-02-17T13:53:11","date_gmt":"2025-02-17T06:53:11","guid":{"rendered":"https:\/\/phucma.com.vn\/congnghiep\/?post_type=product&#038;p=6943"},"modified":"2026-04-13T07:56:32","modified_gmt":"2026-04-13T00:56:32","slug":"khay-muc-dau-cong-nghiep-atu-3","status":"publish","type":"product","link":"https:\/\/phucma.com.vn\/congnghiep\/product\/khay-muc-dau-cong-nghiep-atu-3\/","title":{"rendered":"Khay m\u1ef1c d\u1ea5u TAT ATU-3"},"content":{"rendered":"","protected":false},"excerpt":{"rendered":"<p>T\u0103m b\u00f4ng \u0111\u01b0\u1ee3c ch\u1ebf t\u1ea1o t\u1eeb v\u1eadt li\u1ec7u cao c\u1ea5p, ch\u1ed1ng \u0103n m\u00f2n v\u00e0 va ch\u1ea1m m\u1ea1nh c\u00f3 th\u1ec3 s\u1eed d\u1ee5ng th\u1eddi gian d\u00e0i trong m\u00f4i tr\u01b0\u1eddng kh\u1eafc nghi\u1ec7t c\u1ee7a s\u1ea3n xu\u1ea5t. K\u1ebft c\u1ea5u t\u0103m b\u00f4ng r\u1ea5t k\u00edn, gi\u00fap gi\u1eef m\u1ef1c ch\u1ed1ng bay h\u01a1i l\u00e0m hao ph\u00ed. B\u1ec1 m\u1eb7t t\u0103m b\u00f4ng \u0111\u01b0\u1ee3c d\u00f9ng l\u1edbp v\u1ea3i \u0111\u1eb7c bi\u1ec7t ri\u00eang m\u1ee5c \u0111\u00edch gi\u1eef m\u1ef1c v\u00e0 h\u00fat l\u1ea1i l\u01b0\u1ee3ng m\u1ef1c th\u1eeba tr\u00ean con d\u1ea5u gi\u00fap \u0111\u00f3ng d\u1ea5u s\u1eaft n\u00e9t h\u01a1n.<\/p>\n<ul>\n<li>K\u00edch th\u01b0\u1edbc: 67x106mm<\/li>\n<li>Ch\u01b0a c\u00f3 s\u1eb5n m\u1ef1c, c\u00f3 th\u1ec3 b\u01a1m th\u00eam d\u00f2ng m\u1ef1c theo nhu c\u1ea7u s\u1eed d\u1ee5ng ri\u00eang<\/li>\n<li>S\u1ea3n xu\u1ea5t: nh\u00e0 m\u00e1y Shachihata t\u1ea1i Nh\u1eadt B\u1ea3n<\/li>\n<\/ul>\n","protected":false},"featured_media":7637,"template":"","meta":{"_acf_changed":false},"product_brand":[213],"product_cat":[727,712,702,708,734,713,741,720,718],"product_tag":[386,385,1120,1121,1113,1112,1106,1105,1104,1108,1118,1119,1115,1117,1116,1114,1109,1107,1110,1111],"class_list":{"0":"post-6943","1":"product","2":"type-product","3":"status-publish","4":"has-post-thumbnail","6":"product_brand-tat","7":"product_cat-bom-them-muc-duoc","8":"product_cat-chong-lem-nuoc","9":"product_cat-dong-muc-tat","10":"product_cat-dong-san-pham-un-ink","11":"product_cat-dong-tam-bong","12":"product_cat-dung-moi-vat-lieu","13":"product_cat-dung-trong-nha-may","14":"product_cat-tam-bong","15":"product_cat-tat","16":"product_tag-atu-3","17":"product_tag-atu3","18":"product_tag-chemsherpa","19":"product_tag-japia","20":"product_tag-khay-chong-kho-muc","21":"product_tag-khay-chua-muc-chong-kho","22":"product_tag-khay-chua-muc-dau","23":"product_tag-khay-muc-cong-nghiep","24":"product_tag-khay-muc-dau-cong-nghiep","25":"product_tag-khay-do-muc-dau","26":"product_tag-muc-dau-co-imds","27":"product_tag-muc-dau-co-reach","28":"product_tag-muc-dau-rohs","29":"product_tag-muc-dau-sds","30":"product_tag-muc-dau-tat","31":"product_tag-tam-bong-con-nghiep","32":"product_tag-tam-bong-cong-nghiep","33":"product_tag-tam-bong-muc-dau","34":"product_tag-tam-bong-muc-tat","35":"product_tag-tat-stampad","37":"first","38":"instock","39":"taxable","40":"shipping-taxable","41":"purchasable","42":"product-type-variable"},"acf":[],"yoast_head":"<!-- This site is optimized with the Yoast SEO Premium plugin v24.4 (Yoast SEO v26.4) - https:\/\/yoast.com\/wordpress\/plugins\/seo\/ -->\n<title>Khay m\u1ef1c d\u1ea5u TAT ATU-3 - C\u00f4ng Ty TNHH Th\u01b0\u01a1ng M\u1ea1i PH\u00daC M\u00c3<\/title>\n<meta name=\"robots\" content=\"index, follow, max-snippet:-1, max-image-preview:large, max-video-preview:-1\" \/>\n<link rel=\"canonical\" href=\"https:\/\/phucma.com.vn\/congnghiep\/product\/khay-muc-dau-cong-nghiep-atu-3\/\" \/>\n<meta property=\"og:locale\" content=\"vi_VN\" \/>\n<meta property=\"og:type\" content=\"article\" \/>\n<meta property=\"og:title\" content=\"Khay m\u1ef1c d\u1ea5u TAT ATU-3\" \/>\n<meta property=\"og:description\" content=\"T\u0103m b\u00f4ng \u0111\u01b0\u1ee3c ch\u1ebf t\u1ea1o t\u1eeb v\u1eadt li\u1ec7u cao c\u1ea5p, ch\u1ed1ng \u0103n m\u00f2n v\u00e0 va ch\u1ea1m m\u1ea1nh c\u00f3 th\u1ec3 s\u1eed d\u1ee5ng th\u1eddi gian d\u00e0i trong m\u00f4i tr\u01b0\u1eddng kh\u1eafc nghi\u1ec7t c\u1ee7a s\u1ea3n xu\u1ea5t. K\u1ebft c\u1ea5u t\u0103m b\u00f4ng r\u1ea5t k\u00edn, gi\u00fap gi\u1eef m\u1ef1c ch\u1ed1ng bay h\u01a1i l\u00e0m hao ph\u00ed. B\u1ec1 m\u1eb7t t\u0103m b\u00f4ng \u0111\u01b0\u1ee3c d\u00f9ng l\u1edbp v\u1ea3i \u0111\u1eb7c bi\u1ec7t ri\u00eang m\u1ee5c \u0111\u00edch gi\u1eef m\u1ef1c v\u00e0 h\u00fat l\u1ea1i l\u01b0\u1ee3ng m\u1ef1c th\u1eeba tr\u00ean con d\u1ea5u gi\u00fap \u0111\u00f3ng d\u1ea5u s\u1eaft n\u00e9t h\u01a1n.   K\u00edch th\u01b0\u1edbc: 67x106mm  Ch\u01b0a c\u00f3 s\u1eb5n m\u1ef1c, c\u00f3 th\u1ec3 b\u01a1m th\u00eam d\u00f2ng m\u1ef1c theo nhu c\u1ea7u s\u1eed d\u1ee5ng ri\u00eang  S\u1ea3n xu\u1ea5t: nh\u00e0 m\u00e1y Shachihata t\u1ea1i Nh\u1eadt B\u1ea3n\" \/>\n<meta property=\"og:url\" content=\"https:\/\/phucma.com.vn\/congnghiep\/product\/khay-muc-dau-cong-nghiep-atu-3\/\" \/>\n<meta property=\"og:site_name\" content=\"C\u00f4ng Ty TNHH Th\u01b0\u01a1ng M\u1ea1i PH\u00daC M\u00c3\" \/>\n<meta property=\"article:publisher\" content=\"https:\/\/www.facebook.com\/artline.vn\" \/>\n<meta property=\"article:modified_time\" content=\"2026-04-13T00:56:32+00:00\" \/>\n<meta property=\"og:image\" content=\"https:\/\/phucma.com.vn\/congnghiep\/wp-content\/uploads\/2025\/02\/9f8dc9b16bcdadfb8bca9ad4a88e5157.webp\" \/>\n\t<meta property=\"og:image:width\" content=\"736\" \/>\n\t<meta property=\"og:image:height\" content=\"736\" \/>\n\t<meta property=\"og:image:type\" content=\"image\/webp\" \/>\n<meta name=\"twitter:card\" content=\"summary_large_image\" \/>\n<meta name=\"twitter:label1\" content=\"Kh\u1ea3 d\u1ee5ng\" \/>\n\t<meta name=\"twitter:data1\" content=\"Trong kho\" \/>\n<script type=\"application\/ld+json\" class=\"yoast-schema-graph\">{\"@context\":\"https:\/\/schema.org\",\"@graph\":[{\"@type\":\"WebPage\",\"@id\":\"https:\/\/phucma.com.vn\/congnghiep\/product\/khay-muc-dau-cong-nghiep-atu-3\/\",\"url\":\"https:\/\/phucma.com.vn\/congnghiep\/product\/khay-muc-dau-cong-nghiep-atu-3\/\",\"name\":\"Khay m\u1ef1c d\u1ea5u TAT ATU-3 - C\u00f4ng Ty TNHH Th\u01b0\u01a1ng M\u1ea1i PH\u00daC M\u00c3\",\"isPartOf\":{\"@id\":\"https:\/\/phucma.com.vn\/congnghiep\/#website\"},\"primaryImageOfPage\":{\"@id\":\"https:\/\/phucma.com.vn\/congnghiep\/product\/khay-muc-dau-cong-nghiep-atu-3\/#primaryimage\"},\"image\":{\"@id\":\"https:\/\/phucma.com.vn\/congnghiep\/product\/khay-muc-dau-cong-nghiep-atu-3\/#primaryimage\"},\"thumbnailUrl\":\"https:\/\/phucma.com.vn\/congnghiep\/wp-content\/uploads\/2025\/02\/9f8dc9b16bcdadfb8bca9ad4a88e5157.webp\",\"datePublished\":\"2025-02-17T06:53:11+00:00\",\"dateModified\":\"2026-04-13T00:56:32+00:00\",\"breadcrumb\":{\"@id\":\"https:\/\/phucma.com.vn\/congnghiep\/product\/khay-muc-dau-cong-nghiep-atu-3\/#breadcrumb\"},\"inLanguage\":\"vi\",\"potentialAction\":[{\"@type\":\"ReadAction\",\"target\":[\"https:\/\/phucma.com.vn\/congnghiep\/product\/khay-muc-dau-cong-nghiep-atu-3\/\"]}]},{\"@type\":\"ImageObject\",\"inLanguage\":\"vi\",\"@id\":\"https:\/\/phucma.com.vn\/congnghiep\/product\/khay-muc-dau-cong-nghiep-atu-3\/#primaryimage\",\"url\":\"https:\/\/phucma.com.vn\/congnghiep\/wp-content\/uploads\/2025\/02\/9f8dc9b16bcdadfb8bca9ad4a88e5157.webp\",\"contentUrl\":\"https:\/\/phucma.com.vn\/congnghiep\/wp-content\/uploads\/2025\/02\/9f8dc9b16bcdadfb8bca9ad4a88e5157.webp\",\"width\":736,\"height\":736},{\"@type\":\"BreadcrumbList\",\"@id\":\"https:\/\/phucma.com.vn\/congnghiep\/product\/khay-muc-dau-cong-nghiep-atu-3\/#breadcrumb\",\"itemListElement\":[{\"@type\":\"ListItem\",\"position\":1,\"name\":\"Home\",\"item\":\"https:\/\/phucma.com.vn\/congnghiep\/\"},{\"@type\":\"ListItem\",\"position\":2,\"name\":\"C\u1eeda h\u00e0ng\",\"item\":\"https:\/\/phucma.com.vn\/congnghiep\/shop\/\"},{\"@type\":\"ListItem\",\"position\":3,\"name\":\"Khay m\u1ef1c d\u1ea5u TAT ATU-3\"}]},{\"@type\":\"WebSite\",\"@id\":\"https:\/\/phucma.com.vn\/congnghiep\/#website\",\"url\":\"https:\/\/phucma.com.vn\/congnghiep\/\",\"name\":\"C\u00f4ng ty Ph\u00fac M\u00e3\",\"description\":\"S\u1ea3n ph\u1ea9m c\u00f4ng nghi\u1ec7p d\u00e0nh cho nh\u00e0 m\u00e1y\",\"publisher\":{\"@id\":\"https:\/\/phucma.com.vn\/congnghiep\/#organization\"},\"alternateName\":\"CTy Ph\u00fac M\u00e3\",\"potentialAction\":[{\"@type\":\"SearchAction\",\"target\":{\"@type\":\"EntryPoint\",\"urlTemplate\":\"https:\/\/phucma.com.vn\/congnghiep\/?s={search_term_string}\"},\"query-input\":{\"@type\":\"PropertyValueSpecification\",\"valueRequired\":true,\"valueName\":\"search_term_string\"}}],\"inLanguage\":\"vi\"},{\"@type\":\"Organization\",\"@id\":\"https:\/\/phucma.com.vn\/congnghiep\/#organization\",\"name\":\"CTY PH\u00daC M\u00c3\",\"alternateName\":\"C\u00f4ng ty TNHH TM Ph\u00fac M\u00e3\",\"url\":\"https:\/\/phucma.com.vn\/congnghiep\/\",\"logo\":{\"@type\":\"ImageObject\",\"inLanguage\":\"vi\",\"@id\":\"https:\/\/phucma.com.vn\/congnghiep\/#\/schema\/logo\/image\/\",\"url\":\"https:\/\/phucma.com.vn\/congnghiep\/wp-content\/uploads\/2025\/01\/cropped-cropped-logo-cty-phuc-ma-11.png\",\"contentUrl\":\"https:\/\/phucma.com.vn\/congnghiep\/wp-content\/uploads\/2025\/01\/cropped-cropped-logo-cty-phuc-ma-11.png\",\"width\":256,\"height\":191,\"caption\":\"CTY PH\u00daC M\u00c3\"},\"image\":{\"@id\":\"https:\/\/phucma.com.vn\/congnghiep\/#\/schema\/logo\/image\/\"},\"sameAs\":[\"https:\/\/www.facebook.com\/artline.vn\"],\"description\":\"CTY PHUC MA - 20 n\u0103m chuy\u00ean cung c\u1ea5p c\u00e1c s\u1ea3n ph\u1ea9m b\u00fat, m\u1ef1c, d\u1ea5u c\u00f4ng nghi\u1ec7p cho h\u01a1n 1000 nh\u00e0 m\u00e1y kh\u1eafp c\u00e1c khu c\u00f4ng nghi\u1ec7p tr\u00ean c\u1ea3 n\u01b0\u1edbc\",\"email\":\"info@phucma.com.vn\",\"telephone\":\"02835140805\",\"legalName\":\"C\u00f4ng ty TNHH Th\u01b0\u01a1ng M\u1ea1i Ph\u00fac M\u00e3\",\"vatID\":\"0303490755\",\"numberOfEmployees\":{\"@type\":\"QuantitativeValue\",\"minValue\":\"51\",\"maxValue\":\"200\"}}]}<\/script>\n<meta property=\"product:brand\" content=\"TAT\" \/>\n<meta property=\"og:availability\" content=\"instock\" \/>\n<meta property=\"product:availability\" content=\"instock\" \/>\n<meta property=\"product:retailer_item_id\" content=\"STAMPAD ATU-3\" \/>\n<meta property=\"product:condition\" content=\"new\" \/>\n<!-- \/ Yoast SEO Premium plugin. -->","yoast_head_json":{"title":"Khay m\u1ef1c d\u1ea5u TAT ATU-3 - C\u00f4ng Ty TNHH Th\u01b0\u01a1ng M\u1ea1i PH\u00daC M\u00c3","robots":{"index":"index","follow":"follow","max-snippet":"max-snippet:-1","max-image-preview":"max-image-preview:large","max-video-preview":"max-video-preview:-1"},"canonical":"https:\/\/phucma.com.vn\/congnghiep\/product\/khay-muc-dau-cong-nghiep-atu-3\/","og_locale":"vi_VN","og_type":"article","og_title":"Khay m\u1ef1c d\u1ea5u TAT ATU-3","og_description":"T\u0103m b\u00f4ng \u0111\u01b0\u1ee3c ch\u1ebf t\u1ea1o t\u1eeb v\u1eadt li\u1ec7u cao c\u1ea5p, ch\u1ed1ng \u0103n m\u00f2n v\u00e0 va ch\u1ea1m m\u1ea1nh c\u00f3 th\u1ec3 s\u1eed d\u1ee5ng th\u1eddi gian d\u00e0i trong m\u00f4i tr\u01b0\u1eddng kh\u1eafc nghi\u1ec7t c\u1ee7a s\u1ea3n xu\u1ea5t. K\u1ebft c\u1ea5u t\u0103m b\u00f4ng r\u1ea5t k\u00edn, gi\u00fap gi\u1eef m\u1ef1c ch\u1ed1ng bay h\u01a1i l\u00e0m hao ph\u00ed. B\u1ec1 m\u1eb7t t\u0103m b\u00f4ng \u0111\u01b0\u1ee3c d\u00f9ng l\u1edbp v\u1ea3i \u0111\u1eb7c bi\u1ec7t ri\u00eang m\u1ee5c \u0111\u00edch gi\u1eef m\u1ef1c v\u00e0 h\u00fat l\u1ea1i l\u01b0\u1ee3ng m\u1ef1c th\u1eeba tr\u00ean con d\u1ea5u gi\u00fap \u0111\u00f3ng d\u1ea5u s\u1eaft n\u00e9t h\u01a1n.   K\u00edch th\u01b0\u1edbc: 67x106mm  Ch\u01b0a c\u00f3 s\u1eb5n m\u1ef1c, c\u00f3 th\u1ec3 b\u01a1m th\u00eam d\u00f2ng m\u1ef1c theo nhu c\u1ea7u s\u1eed d\u1ee5ng ri\u00eang  S\u1ea3n xu\u1ea5t: nh\u00e0 m\u00e1y Shachihata t\u1ea1i Nh\u1eadt B\u1ea3n","og_url":"https:\/\/phucma.com.vn\/congnghiep\/product\/khay-muc-dau-cong-nghiep-atu-3\/","og_site_name":"C\u00f4ng Ty TNHH Th\u01b0\u01a1ng M\u1ea1i PH\u00daC M\u00c3","article_publisher":"https:\/\/www.facebook.com\/artline.vn","article_modified_time":"2026-04-13T00:56:32+00:00","og_image":[{"width":736,"height":736,"url":"https:\/\/phucma.com.vn\/congnghiep\/wp-content\/uploads\/2025\/02\/9f8dc9b16bcdadfb8bca9ad4a88e5157.webp","type":"image\/webp"}],"twitter_card":"summary_large_image","twitter_misc":{"Kh\u1ea3 d\u1ee5ng":"Trong kho"},"schema":{"@context":"https:\/\/schema.org","@graph":[{"@type":"WebPage","@id":"https:\/\/phucma.com.vn\/congnghiep\/product\/khay-muc-dau-cong-nghiep-atu-3\/","url":"https:\/\/phucma.com.vn\/congnghiep\/product\/khay-muc-dau-cong-nghiep-atu-3\/","name":"Khay m\u1ef1c d\u1ea5u TAT ATU-3 - C\u00f4ng Ty TNHH Th\u01b0\u01a1ng M\u1ea1i PH\u00daC M\u00c3","isPartOf":{"@id":"https:\/\/phucma.com.vn\/congnghiep\/#website"},"primaryImageOfPage":{"@id":"https:\/\/phucma.com.vn\/congnghiep\/product\/khay-muc-dau-cong-nghiep-atu-3\/#primaryimage"},"image":{"@id":"https:\/\/phucma.com.vn\/congnghiep\/product\/khay-muc-dau-cong-nghiep-atu-3\/#primaryimage"},"thumbnailUrl":"https:\/\/phucma.com.vn\/congnghiep\/wp-content\/uploads\/2025\/02\/9f8dc9b16bcdadfb8bca9ad4a88e5157.webp","datePublished":"2025-02-17T06:53:11+00:00","dateModified":"2026-04-13T00:56:32+00:00","breadcrumb":{"@id":"https:\/\/phucma.com.vn\/congnghiep\/product\/khay-muc-dau-cong-nghiep-atu-3\/#breadcrumb"},"inLanguage":"vi","potentialAction":[{"@type":"ReadAction","target":["https:\/\/phucma.com.vn\/congnghiep\/product\/khay-muc-dau-cong-nghiep-atu-3\/"]}]},{"@type":"ImageObject","inLanguage":"vi","@id":"https:\/\/phucma.com.vn\/congnghiep\/product\/khay-muc-dau-cong-nghiep-atu-3\/#primaryimage","url":"https:\/\/phucma.com.vn\/congnghiep\/wp-content\/uploads\/2025\/02\/9f8dc9b16bcdadfb8bca9ad4a88e5157.webp","contentUrl":"https:\/\/phucma.com.vn\/congnghiep\/wp-content\/uploads\/2025\/02\/9f8dc9b16bcdadfb8bca9ad4a88e5157.webp","width":736,"height":736},{"@type":"BreadcrumbList","@id":"https:\/\/phucma.com.vn\/congnghiep\/product\/khay-muc-dau-cong-nghiep-atu-3\/#breadcrumb","itemListElement":[{"@type":"ListItem","position":1,"name":"Home","item":"https:\/\/phucma.com.vn\/congnghiep\/"},{"@type":"ListItem","position":2,"name":"C\u1eeda h\u00e0ng","item":"https:\/\/phucma.com.vn\/congnghiep\/shop\/"},{"@type":"ListItem","position":3,"name":"Khay m\u1ef1c d\u1ea5u TAT ATU-3"}]},{"@type":"WebSite","@id":"https:\/\/phucma.com.vn\/congnghiep\/#website","url":"https:\/\/phucma.com.vn\/congnghiep\/","name":"C\u00f4ng ty Ph\u00fac M\u00e3","description":"S\u1ea3n ph\u1ea9m c\u00f4ng nghi\u1ec7p d\u00e0nh cho nh\u00e0 m\u00e1y","publisher":{"@id":"https:\/\/phucma.com.vn\/congnghiep\/#organization"},"alternateName":"CTy Ph\u00fac M\u00e3","potentialAction":[{"@type":"SearchAction","target":{"@type":"EntryPoint","urlTemplate":"https:\/\/phucma.com.vn\/congnghiep\/?s={search_term_string}"},"query-input":{"@type":"PropertyValueSpecification","valueRequired":true,"valueName":"search_term_string"}}],"inLanguage":"vi"},{"@type":"Organization","@id":"https:\/\/phucma.com.vn\/congnghiep\/#organization","name":"CTY PH\u00daC M\u00c3","alternateName":"C\u00f4ng ty TNHH TM Ph\u00fac M\u00e3","url":"https:\/\/phucma.com.vn\/congnghiep\/","logo":{"@type":"ImageObject","inLanguage":"vi","@id":"https:\/\/phucma.com.vn\/congnghiep\/#\/schema\/logo\/image\/","url":"https:\/\/phucma.com.vn\/congnghiep\/wp-content\/uploads\/2025\/01\/cropped-cropped-logo-cty-phuc-ma-11.png","contentUrl":"https:\/\/phucma.com.vn\/congnghiep\/wp-content\/uploads\/2025\/01\/cropped-cropped-logo-cty-phuc-ma-11.png","width":256,"height":191,"caption":"CTY PH\u00daC M\u00c3"},"image":{"@id":"https:\/\/phucma.com.vn\/congnghiep\/#\/schema\/logo\/image\/"},"sameAs":["https:\/\/www.facebook.com\/artline.vn"],"description":"CTY PHUC MA - 20 n\u0103m chuy\u00ean cung c\u1ea5p c\u00e1c s\u1ea3n ph\u1ea9m b\u00fat, m\u1ef1c, d\u1ea5u c\u00f4ng nghi\u1ec7p cho h\u01a1n 1000 nh\u00e0 m\u00e1y kh\u1eafp c\u00e1c khu c\u00f4ng nghi\u1ec7p tr\u00ean c\u1ea3 n\u01b0\u1edbc","email":"info@phucma.com.vn","telephone":"02835140805","legalName":"C\u00f4ng ty TNHH Th\u01b0\u01a1ng M\u1ea1i Ph\u00fac M\u00e3","vatID":"0303490755","numberOfEmployees":{"@type":"QuantitativeValue","minValue":"51","maxValue":"200"}}]},"product_brand":"TAT","og_availability":"instock","product_availability":"instock","product_retailer_item_id":"STAMPAD ATU-3","product_condition":"new"},"_links":{"self":[{"href":"https:\/\/phucma.com.vn\/congnghiep\/wp-json\/wp\/v2\/product\/6943","targetHints":{"allow":["GET"]}}],"collection":[{"href":"https:\/\/phucma.com.vn\/congnghiep\/wp-json\/wp\/v2\/product"}],"about":[{"href":"https:\/\/phucma.com.vn\/congnghiep\/wp-json\/wp\/v2\/types\/product"}],"wp:featuredmedia":[{"embeddable":true,"href":"https:\/\/phucma.com.vn\/congnghiep\/wp-json\/wp\/v2\/media\/7637"}],"wp:attachment":[{"href":"https:\/\/phucma.com.vn\/congnghiep\/wp-json\/wp\/v2\/media?parent=6943"}],"wp:term":[{"taxonomy":"product_brand","embeddable":true,"href":"https:\/\/phucma.com.vn\/congnghiep\/wp-json\/wp\/v2\/product_brand?post=6943"},{"taxonomy":"product_cat","embeddable":true,"href":"https:\/\/phucma.com.vn\/congnghiep\/wp-json\/wp\/v2\/product_cat?post=6943"},{"taxonomy":"product_tag","embeddable":true,"href":"https:\/\/phucma.com.vn\/congnghiep\/wp-json\/wp\/v2\/product_tag?post=6943"}],"curies":[{"name":"wp","href":"https:\/\/api.w.org\/{rel}","templated":true}]}}