
{"id":6924,"date":"2025-02-14T15:07:43","date_gmt":"2025-02-14T08:07:43","guid":{"rendered":"https:\/\/phucma.com.vn\/congnghiep\/?post_type=product&#038;p=6924"},"modified":"2026-03-12T16:21:43","modified_gmt":"2026-03-12T09:21:43","slug":"muc-but-long-dau-kr-nd","status":"publish","type":"product","link":"https:\/\/phucma.com.vn\/congnghiep\/product\/muc-but-long-dau-kr-nd\/","title":{"rendered":"M\u1ef1c l\u00f4ng d\u1ea7u KR-ND"},"content":{"rendered":"<h3>C\u00e1c s\u1ea3n ph\u1ea9m c\u00f9ng nh\u00f3m:<\/h3>\n<div class=\"woocommerce\"><\/div><table id=\"wcpt_2cbaa260df2986b7_1\" class=\"wc-product-table woocommerce sticky-header   multicart-enabled theme-default\" width=\"100%\" data-config=\"{&quot;pageLength&quot;:25,&quot;pagingType&quot;:&quot;numbers&quot;,&quot;serverSide&quot;:false,&quot;autoWidth&quot;:true,&quot;clickFilter&quot;:&quot;false&quot;,&quot;scrollOffset&quot;:15,&quot;resetButton&quot;:true,&quot;multiAddToCart&quot;:false,&quot;multiCartLocation&quot;:&quot;bottom&quot;,&quot;variations&quot;:&quot;dropdown&quot;,&quot;ajaxCart&quot;:true,&quot;numOrder&quot;:false,&quot;stickyHeader&quot;:true,&quot;lengthMenu&quot;:[[10,25,50,100,-1],[10,25,50,100,&quot;All&quot;]],&quot;columnDefs&quot;:[{&quot;className&quot;:&quot;col-image&quot;,&quot;targets&quot;:0,&quot;type&quot;:&quot;html&quot;},{&quot;className&quot;:&quot;col-sku&quot;,&quot;targets&quot;:1,&quot;type&quot;:&quot;html&quot;},{&quot;className&quot;:&quot;col-color&quot;,&quot;targets&quot;:2,&quot;type&quot;:&quot;html&quot;},{&quot;className&quot;:&quot;col-summary col-short-description&quot;,&quot;targets&quot;:3,&quot;type&quot;:&quot;html&quot;},{&quot;className&quot;:&quot;col-price&quot;,&quot;targets&quot;:4,&quot;type&quot;:&quot;html-num&quot;}],&quot;responsive&quot;:{&quot;details&quot;:{&quot;display&quot;:&quot;child_row_visible&quot;}},&quot;search&quot;:{&quot;search&quot;:&quot;&quot;},&quot;dom&quot;:&quot;&lt;\\&quot;wc-product-table-wrapper factory\\&quot;&lt;\\&quot;wc-product-table-controls wc-product-table-above\\&quot;f&gt;t&lt;\\&quot;wc-product-table-controls wc-product-table-below\\&quot;lip&gt;&gt;&quot;}\" data-filters=\"false\" data-order='[[4, \"asc\"]]'><thead><tr><th class=\"all\" data-name=\"image\" data-orderable=\"false\" data-searchable=\"false\" data-width=\"15%\" data-priority=\"4\">Image<\/th><th data-name=\"sku\" data-orderable=\"true\" data-searchable=\"true\" data-width=\"10%\" data-priority=\"6\">SKU<\/th><th data-name=\"tax_pa_color\" data-orderable=\"true\" data-searchable=\"true\" data-width=\"15%\">Color<\/th><th data-name=\"summary\" data-orderable=\"true\" data-searchable=\"true\" data-width=\"50%\" data-priority=\"11\">Summary<\/th><th data-name=\"price\" data-orderable=\"true\" data-searchable=\"true\" data-width=\"10%\" data-priority=\"3\">Price<\/th><\/tr><\/thead><tbody><tr id=\"product-row-6931\" class=\"product product-row product-6931 instock product-type-variable purchasable\"><td><div data-thumb=\"https:\/\/phucma.com.vn\/congnghiep\/wp-content\/uploads\/2025\/02\/Ngoi-but-K-177P-150x150.webp\" class=\"product-thumbnail-wrapper woocommerce-product-gallery__image\"><a href=\"https:\/\/phucma.com.vn\/congnghiep\/wp-content\/uploads\/2025\/02\/Ngoi-but-K-177P.webp\"><img decoding=\"async\" width=\"150\" height=\"150\" src=\"https:\/\/phucma.com.vn\/congnghiep\/wp-content\/uploads\/2025\/02\/Ngoi-but-K-177P-150x150.webp\" class=\"product-thumbnail product-table-image\" alt=\"Ng\u00f2i b\u00fat l\u00f4ng d\u1ea7u Artline K-177P\" title=\"Ngoi-but-K-177P\" data-caption=\"Ng\u00f2i b\u00fat l\u00f4ng d\u1ea7u Artline K-177P\" data-src=\"https:\/\/phucma.com.vn\/congnghiep\/wp-content\/uploads\/2025\/02\/Ngoi-but-K-177P.webp\" data-large_image=\"https:\/\/phucma.com.vn\/congnghiep\/wp-content\/uploads\/2025\/02\/Ngoi-but-K-177P.webp\" data-large_image_width=\"785\" data-large_image_height=\"786\" \/><\/a><\/div><\/td><td><a href=\"https:\/\/phucma.com.vn\/congnghiep\/product\/ngoi-but-long-dau-artline-k-177p\/?hilite=ek-400\" class=\"single-product-link\" data-product_id=\"6931\">NGOI BUT K-177P<\/a><\/td><td><span data-slug=\"un-ink\">Un-ink<\/span><\/td><td><p>Ng\u00f2i b\u00fat l\u00f4ng d\u1ea7u K-177P d\u00f9ng \u0111\u1ec3 thay th\u1ebf ng\u00f2i cho B\u00fat l\u00f4ng d\u1ea7u K-177N.<\/p>\n<ul>\n<li>Ng\u00f2i b\u00fat 1.5mm<\/li>\n<li>V\u0129: 2 c\u00e1i ng\u00f2i<\/li>\n<li>S\u1ea3n xu\u1ea5t: Nh\u00e0 m\u00e1y Shachihata Japan t\u1ea1\u1ecb Malaysia<\/li>\n<\/ul>\n<\/td><td data-sort=\"18700\"><span class=\"woocommerce-Price-amount amount\"><bdi>18.700&nbsp;<span class=\"woocommerce-Price-currencySymbol\">&#8363;<\/span><\/bdi><\/span><\/td><\/tr><tr id=\"product-row-5600\" class=\"product product-row product-5600 instock product-type-variable purchasable\"><td><div data-thumb=\"https:\/\/phucma.com.vn\/congnghiep\/wp-content\/uploads\/2025\/01\/But-long-dau-Artline-K-177N-min-150x150.jpg\" class=\"product-thumbnail-wrapper woocommerce-product-gallery__image\"><a href=\"https:\/\/phucma.com.vn\/congnghiep\/wp-content\/uploads\/2025\/01\/But-long-dau-Artline-K-177N-min.jpg\"><img decoding=\"async\" width=\"150\" height=\"150\" src=\"https:\/\/phucma.com.vn\/congnghiep\/wp-content\/uploads\/2025\/01\/But-long-dau-Artline-K-177N-min-150x150.jpg\" class=\"product-thumbnail product-table-image\" alt=\"B\u00fat l\u00f4ng d\u1ea7u Artline K-177N\" title=\"But-long-dau-Artline-K-177N-min\" data-caption=\"B\u00fat l\u00f4ng d\u1ea7u Artline K-177N\" data-src=\"https:\/\/phucma.com.vn\/congnghiep\/wp-content\/uploads\/2025\/01\/But-long-dau-Artline-K-177N-min.jpg\" data-large_image=\"https:\/\/phucma.com.vn\/congnghiep\/wp-content\/uploads\/2025\/01\/But-long-dau-Artline-K-177N-min.jpg\" data-large_image_width=\"785\" data-large_image_height=\"786\" \/><\/a><\/div><\/td><td><a href=\"https:\/\/phucma.com.vn\/congnghiep\/product\/but-long-dau-artline-k-177n\/?hilite=ek-400\" class=\"single-product-link\" data-product_id=\"5600\">K-177N<\/a><\/td><td><span data-slug=\"black\">Black<\/span>, <span data-slug=\"blue\">Blue<\/span>, <span data-slug=\"brown\">Brown<\/span>, <span data-slug=\"green\">Green<\/span>, <span data-slug=\"pink\">Pink<\/span>, <span data-slug=\"purple\">Purple<\/span>, <span data-slug=\"red\">Red<\/span><\/td><td><p>B\u00fat l\u00f4ng d\u1ea7u K-177N m\u1ef1c c\u00f3 ch\u1ee9a xylene n\u00ean c\u00f3 kh\u1ea3 n\u0103ng b\u00e1m d\u00ednh t\u1ed1t h\u01a1n n\u00ean th\u01b0\u1eddng \u0111\u01b0\u1ee3c s\u1eed d\u1ee5ng trong c\u00f4ng nghi\u1ec7p. M\u1ef1c nhanh kh\u00f4 v\u00e0 kh\u00f4ng phai.\u00a0Ng\u00f2i b\u00fat 1.5mm<\/p>\n<ul>\n<li>H\u1ed9p c\u00f3 10 c\u00e2y<\/li>\n<li>S\u1ea3n xu\u1ea5t: Nh\u00e0 m\u00e1y Shachihata Japan t\u1ea1i Malaysia<\/li>\n<\/ul>\n<\/td><td data-sort=\"38500\"><span class=\"woocommerce-Price-amount amount\"><bdi>38.500&nbsp;<span class=\"woocommerce-Price-currencySymbol\">&#8363;<\/span><\/bdi><\/span><\/td><\/tr><tr id=\"product-row-6924\" class=\"product product-row product-6924 instock product-type-variable purchasable\"><td><div data-thumb=\"https:\/\/phucma.com.vn\/congnghiep\/wp-content\/uploads\/2025\/02\/Muc-but-long-dau-Artline-KR-ND-Black-min-150x150.jpg\" class=\"product-thumbnail-wrapper woocommerce-product-gallery__image\"><a href=\"https:\/\/phucma.com.vn\/congnghiep\/wp-content\/uploads\/2025\/02\/Muc-but-long-dau-Artline-KR-ND-Black-min.jpg\"><img decoding=\"async\" width=\"150\" height=\"150\" src=\"https:\/\/phucma.com.vn\/congnghiep\/wp-content\/uploads\/2025\/02\/Muc-but-long-dau-Artline-KR-ND-Black-min-150x150.jpg\" class=\"product-thumbnail product-table-image\" alt=\"M\u1ef1c l\u00f4ng d\u1ea7u KR-ND\" title=\"Muc-but-long-dau-Artline-KR-ND-Black-min\" data-caption=\"M\u1ef1c l\u00f4ng d\u1ea7u KR-ND\" data-src=\"https:\/\/phucma.com.vn\/congnghiep\/wp-content\/uploads\/2025\/02\/Muc-but-long-dau-Artline-KR-ND-Black-min.jpg\" data-large_image=\"https:\/\/phucma.com.vn\/congnghiep\/wp-content\/uploads\/2025\/02\/Muc-but-long-dau-Artline-KR-ND-Black-min.jpg\" data-large_image_width=\"785\" data-large_image_height=\"786\" \/><\/a><\/div><\/td><td><a href=\"https:\/\/phucma.com.vn\/congnghiep\/product\/muc-but-long-dau-kr-nd\/?hilite=ek-400\" class=\"single-product-link\" data-product_id=\"6924\">KR-ND<\/a><\/td><td><span data-slug=\"black\">Black<\/span>, <span data-slug=\"blue\">Blue<\/span>, <span data-slug=\"brown\">Brown<\/span>, <span data-slug=\"green\">Green<\/span>, <span data-slug=\"pink\">Pink<\/span>, <span data-slug=\"red\">Red<\/span><\/td><td><p>M\u1ef1c b\u00fat l\u00f4ng d\u1ea7u KR-ND d\u00f9ng \u0111\u1ec3 th\u00eam m\u1ef1c v\u00e0o b\u00fat l\u00f4ng d\u1ea7u K-177N. M\u1ed9t v\u0129 g\u1ed3m 3 tu\u00fdt, m\u1ed7i \u1ed1ng c\u00f3 3ml m\u1ef1c.<\/p>\n<ul>\n<li>Dung t\u00edch 1 tu\u00fdt: 3ml<\/li>\n<li>V\u0129: 3 tu\u00fdt<\/li>\n<li>S\u1ea3n xu\u1ea5t: Nh\u00e0 m\u00e1y Shachihata Japan t\u1ea1\u1ecb Nh\u1eadt B\u1ea3n<\/li>\n<\/ul>\n<\/td><td data-sort=\"59400\"><span class=\"woocommerce-Price-amount amount\"><bdi>59.400&nbsp;<span class=\"woocommerce-Price-currencySymbol\">&#8363;<\/span><\/bdi><\/span><\/td><\/tr><\/tbody><\/table>\n","protected":false},"excerpt":{"rendered":"<p>M\u1ef1c b\u00fat l\u00f4ng d\u1ea7u KR-ND d\u00f9ng \u0111\u1ec3 th\u00eam m\u1ef1c v\u00e0o b\u00fat l\u00f4ng d\u1ea7u K-177N. M\u1ed9t v\u0129 g\u1ed3m 3 tu\u00fdt, m\u1ed7i \u1ed1ng c\u00f3 3ml m\u1ef1c.<\/p>\n<ul>\n<li>Dung t\u00edch 1 tu\u00fdt: 3ml<\/li>\n<li>V\u0129: 3 tu\u00fdt<\/li>\n<li>S\u1ea3n xu\u1ea5t: Nh\u00e0 m\u00e1y Shachihata Japan t\u1ea1\u1ecb Nh\u1eadt B\u1ea3n<\/li>\n<\/ul>\n","protected":false},"featured_media":8258,"template":"","meta":{"_acf_changed":false},"product_brand":[212],"product_cat":[714,727,712,687,699,713,741,740,729,725],"product_tag":[1120,1137,1121,380,379,1127,1129,1128,1131,1134,1132,1133,1138,1130,1136,1135],"class_list":{"0":"post-6924","1":"product","2":"type-product","3":"status-publish","4":"has-post-thumbnail","6":"product_brand-artline","7":"product_cat-dong-san-pham-artline-japan","8":"product_cat-bom-them-muc-duoc","9":"product_cat-chong-lem-nuoc","10":"product_cat-dong-but-long-dau","11":"product_cat-dong-muc-goc-dau","12":"product_cat-dung-moi-vat-lieu","13":"product_cat-dung-trong-nha-may","14":"product_cat-dung-trong-nha-xuong","15":"product_cat-hien-ro-tren-nen-sang","16":"product_cat-ngoi-tron","17":"product_tag-chemsherpa","18":"product_tag-imds","19":"product_tag-japia","20":"product_tag-kr-nd","21":"product_tag-krnd","22":"product_tag-muc-bom-but-long-dau","23":"product_tag-muc-khong-phai","24":"product_tag-muc-long-dau","25":"product_tag-muc-long-dau-an-toan","26":"product_tag-muc-long-dau-co-khai-bao-imds","27":"product_tag-muc-long-dau-co-rohs","28":"product_tag-muc-long-dau-co-sds","29":"product_tag-muc-long-dau-khong-chua-xylene","30":"product_tag-muc-long-dau-nhanh-kho","31":"product_tag-reach","32":"product_tag-rohs","34":"first","35":"instock","36":"taxable","37":"shipping-taxable","38":"purchasable","39":"product-type-variable"},"acf":[],"yoast_head":"<!-- This site is optimized with the Yoast SEO Premium plugin v24.4 (Yoast SEO v26.4) - https:\/\/yoast.com\/wordpress\/plugins\/seo\/ -->\n<title>M\u1ef1c l\u00f4ng d\u1ea7u KR-ND - C\u00f4ng Ty TNHH Th\u01b0\u01a1ng M\u1ea1i PH\u00daC M\u00c3<\/title>\n<meta name=\"robots\" content=\"index, follow, max-snippet:-1, max-image-preview:large, max-video-preview:-1\" \/>\n<link rel=\"canonical\" href=\"https:\/\/phucma.com.vn\/congnghiep\/product\/muc-but-long-dau-kr-nd\/\" \/>\n<meta property=\"og:locale\" content=\"vi_VN\" \/>\n<meta property=\"og:type\" content=\"article\" \/>\n<meta property=\"og:title\" content=\"M\u1ef1c l\u00f4ng d\u1ea7u KR-ND\" \/>\n<meta property=\"og:description\" content=\"M\u1ef1c b\u00fat l\u00f4ng d\u1ea7u KR-ND d\u00f9ng \u0111\u1ec3 th\u00eam m\u1ef1c v\u00e0o b\u00fat l\u00f4ng d\u1ea7u K-177N. M\u1ed9t v\u0129 g\u1ed3m 3 tu\u00fdt, m\u1ed7i \u1ed1ng c\u00f3 3ml m\u1ef1c.   Dung t\u00edch 1 tu\u00fdt: 3ml  V\u0129: 3 tu\u00fdt  S\u1ea3n xu\u1ea5t: Nh\u00e0 m\u00e1y Shachihata Japan t\u1ea1\u1ecb Nh\u1eadt B\u1ea3n\" \/>\n<meta property=\"og:url\" content=\"https:\/\/phucma.com.vn\/congnghiep\/product\/muc-but-long-dau-kr-nd\/\" \/>\n<meta property=\"og:site_name\" content=\"C\u00f4ng Ty TNHH Th\u01b0\u01a1ng M\u1ea1i PH\u00daC M\u00c3\" \/>\n<meta property=\"article:publisher\" content=\"https:\/\/www.facebook.com\/artline.vn\" \/>\n<meta property=\"article:modified_time\" content=\"2026-03-12T09:21:43+00:00\" \/>\n<meta property=\"og:image\" content=\"https:\/\/phucma.com.vn\/congnghiep\/wp-content\/uploads\/2025\/02\/Muc-but-long-dau-Artline-KR-ND-Black-min.jpg\" \/>\n\t<meta property=\"og:image:width\" content=\"785\" \/>\n\t<meta property=\"og:image:height\" content=\"786\" \/>\n\t<meta property=\"og:image:type\" content=\"image\/jpeg\" \/>\n<meta name=\"twitter:card\" content=\"summary_large_image\" \/>\n<meta name=\"twitter:label1\" content=\"Kh\u1ea3 d\u1ee5ng\" \/>\n\t<meta name=\"twitter:data1\" content=\"Trong kho\" \/>\n<script type=\"application\/ld+json\" class=\"yoast-schema-graph\">{\"@context\":\"https:\/\/schema.org\",\"@graph\":[{\"@type\":\"WebPage\",\"@id\":\"https:\/\/phucma.com.vn\/congnghiep\/product\/muc-but-long-dau-kr-nd\/\",\"url\":\"https:\/\/phucma.com.vn\/congnghiep\/product\/muc-but-long-dau-kr-nd\/\",\"name\":\"M\u1ef1c l\u00f4ng d\u1ea7u KR-ND - C\u00f4ng Ty TNHH Th\u01b0\u01a1ng M\u1ea1i PH\u00daC M\u00c3\",\"isPartOf\":{\"@id\":\"https:\/\/phucma.com.vn\/congnghiep\/#website\"},\"primaryImageOfPage\":{\"@id\":\"https:\/\/phucma.com.vn\/congnghiep\/product\/muc-but-long-dau-kr-nd\/#primaryimage\"},\"image\":{\"@id\":\"https:\/\/phucma.com.vn\/congnghiep\/product\/muc-but-long-dau-kr-nd\/#primaryimage\"},\"thumbnailUrl\":\"https:\/\/phucma.com.vn\/congnghiep\/wp-content\/uploads\/2025\/02\/Muc-but-long-dau-Artline-KR-ND-Black-min.jpg\",\"datePublished\":\"2025-02-14T08:07:43+00:00\",\"dateModified\":\"2026-03-12T09:21:43+00:00\",\"breadcrumb\":{\"@id\":\"https:\/\/phucma.com.vn\/congnghiep\/product\/muc-but-long-dau-kr-nd\/#breadcrumb\"},\"inLanguage\":\"vi\",\"potentialAction\":[{\"@type\":\"ReadAction\",\"target\":[\"https:\/\/phucma.com.vn\/congnghiep\/product\/muc-but-long-dau-kr-nd\/\"]}]},{\"@type\":\"ImageObject\",\"inLanguage\":\"vi\",\"@id\":\"https:\/\/phucma.com.vn\/congnghiep\/product\/muc-but-long-dau-kr-nd\/#primaryimage\",\"url\":\"https:\/\/phucma.com.vn\/congnghiep\/wp-content\/uploads\/2025\/02\/Muc-but-long-dau-Artline-KR-ND-Black-min.jpg\",\"contentUrl\":\"https:\/\/phucma.com.vn\/congnghiep\/wp-content\/uploads\/2025\/02\/Muc-but-long-dau-Artline-KR-ND-Black-min.jpg\",\"width\":785,\"height\":786},{\"@type\":\"BreadcrumbList\",\"@id\":\"https:\/\/phucma.com.vn\/congnghiep\/product\/muc-but-long-dau-kr-nd\/#breadcrumb\",\"itemListElement\":[{\"@type\":\"ListItem\",\"position\":1,\"name\":\"Home\",\"item\":\"https:\/\/phucma.com.vn\/congnghiep\/\"},{\"@type\":\"ListItem\",\"position\":2,\"name\":\"C\u1eeda h\u00e0ng\",\"item\":\"https:\/\/phucma.com.vn\/congnghiep\/shop\/\"},{\"@type\":\"ListItem\",\"position\":3,\"name\":\"M\u1ef1c l\u00f4ng d\u1ea7u KR-ND\"}]},{\"@type\":\"WebSite\",\"@id\":\"https:\/\/phucma.com.vn\/congnghiep\/#website\",\"url\":\"https:\/\/phucma.com.vn\/congnghiep\/\",\"name\":\"C\u00f4ng ty Ph\u00fac M\u00e3\",\"description\":\"S\u1ea3n ph\u1ea9m c\u00f4ng nghi\u1ec7p d\u00e0nh cho nh\u00e0 m\u00e1y\",\"publisher\":{\"@id\":\"https:\/\/phucma.com.vn\/congnghiep\/#organization\"},\"alternateName\":\"CTy Ph\u00fac M\u00e3\",\"potentialAction\":[{\"@type\":\"SearchAction\",\"target\":{\"@type\":\"EntryPoint\",\"urlTemplate\":\"https:\/\/phucma.com.vn\/congnghiep\/?s={search_term_string}\"},\"query-input\":{\"@type\":\"PropertyValueSpecification\",\"valueRequired\":true,\"valueName\":\"search_term_string\"}}],\"inLanguage\":\"vi\"},{\"@type\":\"Organization\",\"@id\":\"https:\/\/phucma.com.vn\/congnghiep\/#organization\",\"name\":\"CTY PH\u00daC M\u00c3\",\"alternateName\":\"C\u00f4ng ty TNHH TM Ph\u00fac M\u00e3\",\"url\":\"https:\/\/phucma.com.vn\/congnghiep\/\",\"logo\":{\"@type\":\"ImageObject\",\"inLanguage\":\"vi\",\"@id\":\"https:\/\/phucma.com.vn\/congnghiep\/#\/schema\/logo\/image\/\",\"url\":\"https:\/\/phucma.com.vn\/congnghiep\/wp-content\/uploads\/2025\/01\/cropped-cropped-logo-cty-phuc-ma-11.png\",\"contentUrl\":\"https:\/\/phucma.com.vn\/congnghiep\/wp-content\/uploads\/2025\/01\/cropped-cropped-logo-cty-phuc-ma-11.png\",\"width\":256,\"height\":191,\"caption\":\"CTY PH\u00daC M\u00c3\"},\"image\":{\"@id\":\"https:\/\/phucma.com.vn\/congnghiep\/#\/schema\/logo\/image\/\"},\"sameAs\":[\"https:\/\/www.facebook.com\/artline.vn\"],\"description\":\"CTY PHUC MA - 20 n\u0103m chuy\u00ean cung c\u1ea5p c\u00e1c s\u1ea3n ph\u1ea9m b\u00fat, m\u1ef1c, d\u1ea5u c\u00f4ng nghi\u1ec7p cho h\u01a1n 1000 nh\u00e0 m\u00e1y kh\u1eafp c\u00e1c khu c\u00f4ng nghi\u1ec7p tr\u00ean c\u1ea3 n\u01b0\u1edbc\",\"email\":\"info@phucma.com.vn\",\"telephone\":\"02835140805\",\"legalName\":\"C\u00f4ng ty TNHH Th\u01b0\u01a1ng M\u1ea1i Ph\u00fac M\u00e3\",\"vatID\":\"0303490755\",\"numberOfEmployees\":{\"@type\":\"QuantitativeValue\",\"minValue\":\"51\",\"maxValue\":\"200\"}}]}<\/script>\n<meta property=\"product:brand\" content=\"Artline\" \/>\n<meta property=\"og:availability\" content=\"instock\" \/>\n<meta property=\"product:availability\" content=\"instock\" \/>\n<meta property=\"product:retailer_item_id\" content=\"KR-ND\" \/>\n<meta property=\"product:condition\" content=\"new\" \/>\n<!-- \/ Yoast SEO Premium plugin. -->","yoast_head_json":{"title":"M\u1ef1c l\u00f4ng d\u1ea7u KR-ND - C\u00f4ng Ty TNHH Th\u01b0\u01a1ng M\u1ea1i PH\u00daC M\u00c3","robots":{"index":"index","follow":"follow","max-snippet":"max-snippet:-1","max-image-preview":"max-image-preview:large","max-video-preview":"max-video-preview:-1"},"canonical":"https:\/\/phucma.com.vn\/congnghiep\/product\/muc-but-long-dau-kr-nd\/","og_locale":"vi_VN","og_type":"article","og_title":"M\u1ef1c l\u00f4ng d\u1ea7u KR-ND","og_description":"M\u1ef1c b\u00fat l\u00f4ng d\u1ea7u KR-ND d\u00f9ng \u0111\u1ec3 th\u00eam m\u1ef1c v\u00e0o b\u00fat l\u00f4ng d\u1ea7u K-177N. M\u1ed9t v\u0129 g\u1ed3m 3 tu\u00fdt, m\u1ed7i \u1ed1ng c\u00f3 3ml m\u1ef1c.   Dung t\u00edch 1 tu\u00fdt: 3ml  V\u0129: 3 tu\u00fdt  S\u1ea3n xu\u1ea5t: Nh\u00e0 m\u00e1y Shachihata Japan t\u1ea1\u1ecb Nh\u1eadt B\u1ea3n","og_url":"https:\/\/phucma.com.vn\/congnghiep\/product\/muc-but-long-dau-kr-nd\/","og_site_name":"C\u00f4ng Ty TNHH Th\u01b0\u01a1ng M\u1ea1i PH\u00daC M\u00c3","article_publisher":"https:\/\/www.facebook.com\/artline.vn","article_modified_time":"2026-03-12T09:21:43+00:00","og_image":[{"width":785,"height":786,"url":"https:\/\/phucma.com.vn\/congnghiep\/wp-content\/uploads\/2025\/02\/Muc-but-long-dau-Artline-KR-ND-Black-min.jpg","type":"image\/jpeg"}],"twitter_card":"summary_large_image","twitter_misc":{"Kh\u1ea3 d\u1ee5ng":"Trong kho"},"schema":{"@context":"https:\/\/schema.org","@graph":[{"@type":"WebPage","@id":"https:\/\/phucma.com.vn\/congnghiep\/product\/muc-but-long-dau-kr-nd\/","url":"https:\/\/phucma.com.vn\/congnghiep\/product\/muc-but-long-dau-kr-nd\/","name":"M\u1ef1c l\u00f4ng d\u1ea7u KR-ND - C\u00f4ng Ty TNHH Th\u01b0\u01a1ng M\u1ea1i PH\u00daC M\u00c3","isPartOf":{"@id":"https:\/\/phucma.com.vn\/congnghiep\/#website"},"primaryImageOfPage":{"@id":"https:\/\/phucma.com.vn\/congnghiep\/product\/muc-but-long-dau-kr-nd\/#primaryimage"},"image":{"@id":"https:\/\/phucma.com.vn\/congnghiep\/product\/muc-but-long-dau-kr-nd\/#primaryimage"},"thumbnailUrl":"https:\/\/phucma.com.vn\/congnghiep\/wp-content\/uploads\/2025\/02\/Muc-but-long-dau-Artline-KR-ND-Black-min.jpg","datePublished":"2025-02-14T08:07:43+00:00","dateModified":"2026-03-12T09:21:43+00:00","breadcrumb":{"@id":"https:\/\/phucma.com.vn\/congnghiep\/product\/muc-but-long-dau-kr-nd\/#breadcrumb"},"inLanguage":"vi","potentialAction":[{"@type":"ReadAction","target":["https:\/\/phucma.com.vn\/congnghiep\/product\/muc-but-long-dau-kr-nd\/"]}]},{"@type":"ImageObject","inLanguage":"vi","@id":"https:\/\/phucma.com.vn\/congnghiep\/product\/muc-but-long-dau-kr-nd\/#primaryimage","url":"https:\/\/phucma.com.vn\/congnghiep\/wp-content\/uploads\/2025\/02\/Muc-but-long-dau-Artline-KR-ND-Black-min.jpg","contentUrl":"https:\/\/phucma.com.vn\/congnghiep\/wp-content\/uploads\/2025\/02\/Muc-but-long-dau-Artline-KR-ND-Black-min.jpg","width":785,"height":786},{"@type":"BreadcrumbList","@id":"https:\/\/phucma.com.vn\/congnghiep\/product\/muc-but-long-dau-kr-nd\/#breadcrumb","itemListElement":[{"@type":"ListItem","position":1,"name":"Home","item":"https:\/\/phucma.com.vn\/congnghiep\/"},{"@type":"ListItem","position":2,"name":"C\u1eeda h\u00e0ng","item":"https:\/\/phucma.com.vn\/congnghiep\/shop\/"},{"@type":"ListItem","position":3,"name":"M\u1ef1c l\u00f4ng d\u1ea7u KR-ND"}]},{"@type":"WebSite","@id":"https:\/\/phucma.com.vn\/congnghiep\/#website","url":"https:\/\/phucma.com.vn\/congnghiep\/","name":"C\u00f4ng ty Ph\u00fac M\u00e3","description":"S\u1ea3n ph\u1ea9m c\u00f4ng nghi\u1ec7p d\u00e0nh cho nh\u00e0 m\u00e1y","publisher":{"@id":"https:\/\/phucma.com.vn\/congnghiep\/#organization"},"alternateName":"CTy Ph\u00fac M\u00e3","potentialAction":[{"@type":"SearchAction","target":{"@type":"EntryPoint","urlTemplate":"https:\/\/phucma.com.vn\/congnghiep\/?s={search_term_string}"},"query-input":{"@type":"PropertyValueSpecification","valueRequired":true,"valueName":"search_term_string"}}],"inLanguage":"vi"},{"@type":"Organization","@id":"https:\/\/phucma.com.vn\/congnghiep\/#organization","name":"CTY PH\u00daC M\u00c3","alternateName":"C\u00f4ng ty TNHH TM Ph\u00fac M\u00e3","url":"https:\/\/phucma.com.vn\/congnghiep\/","logo":{"@type":"ImageObject","inLanguage":"vi","@id":"https:\/\/phucma.com.vn\/congnghiep\/#\/schema\/logo\/image\/","url":"https:\/\/phucma.com.vn\/congnghiep\/wp-content\/uploads\/2025\/01\/cropped-cropped-logo-cty-phuc-ma-11.png","contentUrl":"https:\/\/phucma.com.vn\/congnghiep\/wp-content\/uploads\/2025\/01\/cropped-cropped-logo-cty-phuc-ma-11.png","width":256,"height":191,"caption":"CTY PH\u00daC M\u00c3"},"image":{"@id":"https:\/\/phucma.com.vn\/congnghiep\/#\/schema\/logo\/image\/"},"sameAs":["https:\/\/www.facebook.com\/artline.vn"],"description":"CTY PHUC MA - 20 n\u0103m chuy\u00ean cung c\u1ea5p c\u00e1c s\u1ea3n ph\u1ea9m b\u00fat, m\u1ef1c, d\u1ea5u c\u00f4ng nghi\u1ec7p cho h\u01a1n 1000 nh\u00e0 m\u00e1y kh\u1eafp c\u00e1c khu c\u00f4ng nghi\u1ec7p tr\u00ean c\u1ea3 n\u01b0\u1edbc","email":"info@phucma.com.vn","telephone":"02835140805","legalName":"C\u00f4ng ty TNHH Th\u01b0\u01a1ng M\u1ea1i Ph\u00fac M\u00e3","vatID":"0303490755","numberOfEmployees":{"@type":"QuantitativeValue","minValue":"51","maxValue":"200"}}]},"product_brand":"Artline","og_availability":"instock","product_availability":"instock","product_retailer_item_id":"KR-ND","product_condition":"new"},"_links":{"self":[{"href":"https:\/\/phucma.com.vn\/congnghiep\/wp-json\/wp\/v2\/product\/6924","targetHints":{"allow":["GET"]}}],"collection":[{"href":"https:\/\/phucma.com.vn\/congnghiep\/wp-json\/wp\/v2\/product"}],"about":[{"href":"https:\/\/phucma.com.vn\/congnghiep\/wp-json\/wp\/v2\/types\/product"}],"wp:featuredmedia":[{"embeddable":true,"href":"https:\/\/phucma.com.vn\/congnghiep\/wp-json\/wp\/v2\/media\/8258"}],"wp:attachment":[{"href":"https:\/\/phucma.com.vn\/congnghiep\/wp-json\/wp\/v2\/media?parent=6924"}],"wp:term":[{"taxonomy":"product_brand","embeddable":true,"href":"https:\/\/phucma.com.vn\/congnghiep\/wp-json\/wp\/v2\/product_brand?post=6924"},{"taxonomy":"product_cat","embeddable":true,"href":"https:\/\/phucma.com.vn\/congnghiep\/wp-json\/wp\/v2\/product_cat?post=6924"},{"taxonomy":"product_tag","embeddable":true,"href":"https:\/\/phucma.com.vn\/congnghiep\/wp-json\/wp\/v2\/product_tag?post=6924"}],"curies":[{"name":"wp","href":"https:\/\/api.w.org\/{rel}","templated":true}]}}