
{"id":6597,"date":"2025-02-11T13:30:10","date_gmt":"2025-02-11T06:30:10","guid":{"rendered":"https:\/\/phucma.com.vn\/congnghiep\/?post_type=product&#038;p=6597"},"modified":"2025-11-20T15:27:56","modified_gmt":"2025-11-20T08:27:56","slug":"but-thu-phap-artline-calligraphy-ek-243","status":"publish","type":"product","link":"https:\/\/phucma.com.vn\/congnghiep\/product\/but-thu-phap-artline-calligraphy-ek-243\/","title":{"rendered":"B\u00fat vi\u1ebft th\u01b0 ph\u00e1p Artline EK-243"},"content":{"rendered":"<p>B\u00fat th\u01b0 ph\u00e1p Calligraphy EK-243, ng\u00f2i b\u00fat c\u00f3 c\u1ea5u tr\u00fac \u0111\u1eb7c bi\u1ec7t, ng\u00f2i b\u00fat d\u1eb9t 3mm gi\u00fap t\u1ea1o ra \u0111\u01b0\u1eddng n\u00e9t thanh n\u00e9t \u0111\u1eadm m\u1ec1m m\u1ea1i<\/p>\n<p>M\u1ef1c b\u00fat c\u00f3 m\u00e0u r\u1ea5t \u0111\u1eb9p v\u00e0 kh\u00f4ng lem nh\u00f2e khi th\u1ea5m n\u01b0\u1edbc. B\u00fat c\u00f3 th\u1ec3 vi\u1ebft th\u01b0 ph\u00e1p, n\u00e9t thanh n\u00e9t \u0111\u1eadm gi\u00fap truy\u1ec1n \u0111\u1ea1t n\u1ed9i dung tr\u00ean t\u1eebng n\u00e9t ch\u1eef.<\/p>\n","protected":false},"excerpt":{"rendered":"<p>M\u00e3 h\u00e0ng EK-243<br \/>\nNg\u00f2i b\u00fat 3.0 mm<br \/>\nH\u1ed9p c\u00f3 12 c\u00e2y<br \/>\nG\u1ed3m 4 m\u00e0u: \u0111en, xanh, \u0111\u1ecf, sepia<br \/>\nXu\u1ea5t x\u1ee9: Nh\u1eadt B\u1ea3n<br \/>\nS\u1ea3n xu\u1ea5t: Nh\u00e0 m\u00e1y Shachihata Japan t\u1ea1i Malaysia<\/p>\n","protected":false},"featured_media":8196,"template":"","meta":{"_acf_changed":false},"product_brand":[212],"product_cat":[714,712,695,701,699,711,738,729,719,724],"product_tag":[1332,1333,1341,1342,1328,1336,1337,1343,285,284],"class_list":{"0":"post-6597","1":"product","2":"type-product","3":"status-publish","4":"has-post-thumbnail","6":"product_brand-artline","7":"product_cat-dong-san-pham-artline-japan","8":"product_cat-chong-lem-nuoc","9":"product_cat-dong-but-thu-phap","10":"product_cat-dong-muc-dye-stuff","11":"product_cat-dong-muc-goc-dau","12":"product_cat-dung-tren-giay","13":"product_cat-dung-trong-truong-hoc","14":"product_cat-hien-ro-tren-nen-sang","15":"product_cat-muc","16":"product_cat-ngoi-det","17":"product_tag-but-calligraphy","18":"product_tag-but-calligraphy-artline","19":"product_tag-but-calligraphy-ek-243","20":"product_tag-but-ek-243","21":"product_tag-but-thu-phap","22":"product_tag-but-thu-phap-artline","23":"product_tag-but-thu-phap-artline-calligraphy","24":"product_tag-but-thu-phap-artline-calligraphy-ek-243","25":"product_tag-ek-243","26":"product_tag-ek243","28":"first","29":"instock","30":"taxable","31":"shipping-taxable","32":"purchasable","33":"product-type-variable"},"acf":[],"yoast_head":"<!-- This site is optimized with the Yoast SEO Premium plugin v24.4 (Yoast SEO v26.4) - https:\/\/yoast.com\/wordpress\/plugins\/seo\/ -->\n<title>B\u00fat vi\u1ebft th\u01b0 ph\u00e1p Artline EK-243 - C\u00f4ng Ty TNHH Th\u01b0\u01a1ng M\u1ea1i PH\u00daC M\u00c3<\/title>\n<meta name=\"robots\" content=\"index, follow, max-snippet:-1, max-image-preview:large, max-video-preview:-1\" \/>\n<link rel=\"canonical\" href=\"https:\/\/phucma.com.vn\/congnghiep\/product\/but-thu-phap-artline-calligraphy-ek-243\/\" \/>\n<meta property=\"og:locale\" content=\"vi_VN\" \/>\n<meta property=\"og:type\" content=\"article\" \/>\n<meta property=\"og:title\" content=\"B\u00fat vi\u1ebft th\u01b0 ph\u00e1p Artline EK-243\" \/>\n<meta property=\"og:description\" content=\"M\u00e3 h\u00e0ng EK-243 Ng\u00f2i b\u00fat 3.0 mm H\u1ed9p c\u00f3 12 c\u00e2y G\u1ed3m 4 m\u00e0u: \u0111en, xanh, \u0111\u1ecf, sepia Xu\u1ea5t x\u1ee9: Nh\u1eadt B\u1ea3n S\u1ea3n xu\u1ea5t: Nh\u00e0 m\u00e1y Shachihata Japan t\u1ea1i Malaysia\" \/>\n<meta property=\"og:url\" content=\"https:\/\/phucma.com.vn\/congnghiep\/product\/but-thu-phap-artline-calligraphy-ek-243\/\" \/>\n<meta property=\"og:site_name\" content=\"C\u00f4ng Ty TNHH Th\u01b0\u01a1ng M\u1ea1i PH\u00daC M\u00c3\" \/>\n<meta property=\"article:publisher\" content=\"https:\/\/www.facebook.com\/artline.vn\" \/>\n<meta property=\"article:modified_time\" content=\"2025-11-20T08:27:56+00:00\" \/>\n<meta property=\"og:image\" content=\"https:\/\/phucma.com.vn\/congnghiep\/wp-content\/uploads\/2025\/02\/but-viet-chu-thu-phap-Calligraphy.jpg\" \/>\n\t<meta property=\"og:image:width\" content=\"960\" \/>\n\t<meta property=\"og:image:height\" content=\"960\" \/>\n\t<meta property=\"og:image:type\" content=\"image\/jpeg\" \/>\n<meta name=\"twitter:card\" content=\"summary_large_image\" \/>\n<meta name=\"twitter:label1\" content=\"Kh\u1ea3 d\u1ee5ng\" \/>\n\t<meta name=\"twitter:data1\" content=\"Trong kho\" \/>\n<script type=\"application\/ld+json\" class=\"yoast-schema-graph\">{\"@context\":\"https:\/\/schema.org\",\"@graph\":[{\"@type\":\"WebPage\",\"@id\":\"https:\/\/phucma.com.vn\/congnghiep\/product\/but-thu-phap-artline-calligraphy-ek-243\/\",\"url\":\"https:\/\/phucma.com.vn\/congnghiep\/product\/but-thu-phap-artline-calligraphy-ek-243\/\",\"name\":\"B\u00fat vi\u1ebft th\u01b0 ph\u00e1p Artline EK-243 - C\u00f4ng Ty TNHH Th\u01b0\u01a1ng M\u1ea1i PH\u00daC M\u00c3\",\"isPartOf\":{\"@id\":\"https:\/\/phucma.com.vn\/congnghiep\/#website\"},\"primaryImageOfPage\":{\"@id\":\"https:\/\/phucma.com.vn\/congnghiep\/product\/but-thu-phap-artline-calligraphy-ek-243\/#primaryimage\"},\"image\":{\"@id\":\"https:\/\/phucma.com.vn\/congnghiep\/product\/but-thu-phap-artline-calligraphy-ek-243\/#primaryimage\"},\"thumbnailUrl\":\"https:\/\/phucma.com.vn\/congnghiep\/wp-content\/uploads\/2025\/02\/but-viet-chu-thu-phap-Calligraphy.jpg\",\"datePublished\":\"2025-02-11T06:30:10+00:00\",\"dateModified\":\"2025-11-20T08:27:56+00:00\",\"breadcrumb\":{\"@id\":\"https:\/\/phucma.com.vn\/congnghiep\/product\/but-thu-phap-artline-calligraphy-ek-243\/#breadcrumb\"},\"inLanguage\":\"vi\",\"potentialAction\":[{\"@type\":\"ReadAction\",\"target\":[\"https:\/\/phucma.com.vn\/congnghiep\/product\/but-thu-phap-artline-calligraphy-ek-243\/\"]}]},{\"@type\":\"ImageObject\",\"inLanguage\":\"vi\",\"@id\":\"https:\/\/phucma.com.vn\/congnghiep\/product\/but-thu-phap-artline-calligraphy-ek-243\/#primaryimage\",\"url\":\"https:\/\/phucma.com.vn\/congnghiep\/wp-content\/uploads\/2025\/02\/but-viet-chu-thu-phap-Calligraphy.jpg\",\"contentUrl\":\"https:\/\/phucma.com.vn\/congnghiep\/wp-content\/uploads\/2025\/02\/but-viet-chu-thu-phap-Calligraphy.jpg\",\"width\":960,\"height\":960},{\"@type\":\"BreadcrumbList\",\"@id\":\"https:\/\/phucma.com.vn\/congnghiep\/product\/but-thu-phap-artline-calligraphy-ek-243\/#breadcrumb\",\"itemListElement\":[{\"@type\":\"ListItem\",\"position\":1,\"name\":\"Home\",\"item\":\"https:\/\/phucma.com.vn\/congnghiep\/\"},{\"@type\":\"ListItem\",\"position\":2,\"name\":\"C\u1eeda h\u00e0ng\",\"item\":\"https:\/\/phucma.com.vn\/congnghiep\/shop\/\"},{\"@type\":\"ListItem\",\"position\":3,\"name\":\"B\u00fat vi\u1ebft th\u01b0 ph\u00e1p Artline EK-243\"}]},{\"@type\":\"WebSite\",\"@id\":\"https:\/\/phucma.com.vn\/congnghiep\/#website\",\"url\":\"https:\/\/phucma.com.vn\/congnghiep\/\",\"name\":\"C\u00f4ng ty Ph\u00fac M\u00e3\",\"description\":\"S\u1ea3n ph\u1ea9m c\u00f4ng nghi\u1ec7p d\u00e0nh cho nh\u00e0 m\u00e1y\",\"publisher\":{\"@id\":\"https:\/\/phucma.com.vn\/congnghiep\/#organization\"},\"alternateName\":\"CTy Ph\u00fac M\u00e3\",\"potentialAction\":[{\"@type\":\"SearchAction\",\"target\":{\"@type\":\"EntryPoint\",\"urlTemplate\":\"https:\/\/phucma.com.vn\/congnghiep\/?s={search_term_string}\"},\"query-input\":{\"@type\":\"PropertyValueSpecification\",\"valueRequired\":true,\"valueName\":\"search_term_string\"}}],\"inLanguage\":\"vi\"},{\"@type\":\"Organization\",\"@id\":\"https:\/\/phucma.com.vn\/congnghiep\/#organization\",\"name\":\"CTY PH\u00daC M\u00c3\",\"alternateName\":\"C\u00f4ng ty TNHH TM Ph\u00fac M\u00e3\",\"url\":\"https:\/\/phucma.com.vn\/congnghiep\/\",\"logo\":{\"@type\":\"ImageObject\",\"inLanguage\":\"vi\",\"@id\":\"https:\/\/phucma.com.vn\/congnghiep\/#\/schema\/logo\/image\/\",\"url\":\"https:\/\/phucma.com.vn\/congnghiep\/wp-content\/uploads\/2025\/01\/cropped-cropped-logo-cty-phuc-ma-11.png\",\"contentUrl\":\"https:\/\/phucma.com.vn\/congnghiep\/wp-content\/uploads\/2025\/01\/cropped-cropped-logo-cty-phuc-ma-11.png\",\"width\":256,\"height\":191,\"caption\":\"CTY PH\u00daC M\u00c3\"},\"image\":{\"@id\":\"https:\/\/phucma.com.vn\/congnghiep\/#\/schema\/logo\/image\/\"},\"sameAs\":[\"https:\/\/www.facebook.com\/artline.vn\"],\"description\":\"CTY PHUC MA - 20 n\u0103m chuy\u00ean cung c\u1ea5p c\u00e1c s\u1ea3n ph\u1ea9m b\u00fat, m\u1ef1c, d\u1ea5u c\u00f4ng nghi\u1ec7p cho h\u01a1n 1000 nh\u00e0 m\u00e1y kh\u1eafp c\u00e1c khu c\u00f4ng nghi\u1ec7p tr\u00ean c\u1ea3 n\u01b0\u1edbc\",\"email\":\"info@phucma.com.vn\",\"telephone\":\"02835140805\",\"legalName\":\"C\u00f4ng ty TNHH Th\u01b0\u01a1ng M\u1ea1i Ph\u00fac M\u00e3\",\"vatID\":\"0303490755\",\"numberOfEmployees\":{\"@type\":\"QuantitativeValue\",\"minValue\":\"51\",\"maxValue\":\"200\"}}]}<\/script>\n<meta property=\"product:brand\" content=\"Artline\" \/>\n<meta property=\"og:availability\" content=\"instock\" \/>\n<meta property=\"product:availability\" content=\"instock\" \/>\n<meta property=\"product:retailer_item_id\" content=\"EK-243\" \/>\n<meta property=\"product:condition\" content=\"new\" \/>\n<!-- \/ Yoast SEO Premium plugin. -->","yoast_head_json":{"title":"B\u00fat vi\u1ebft th\u01b0 ph\u00e1p Artline EK-243 - C\u00f4ng Ty TNHH Th\u01b0\u01a1ng M\u1ea1i PH\u00daC M\u00c3","robots":{"index":"index","follow":"follow","max-snippet":"max-snippet:-1","max-image-preview":"max-image-preview:large","max-video-preview":"max-video-preview:-1"},"canonical":"https:\/\/phucma.com.vn\/congnghiep\/product\/but-thu-phap-artline-calligraphy-ek-243\/","og_locale":"vi_VN","og_type":"article","og_title":"B\u00fat vi\u1ebft th\u01b0 ph\u00e1p Artline EK-243","og_description":"M\u00e3 h\u00e0ng EK-243 Ng\u00f2i b\u00fat 3.0 mm H\u1ed9p c\u00f3 12 c\u00e2y G\u1ed3m 4 m\u00e0u: \u0111en, xanh, \u0111\u1ecf, sepia Xu\u1ea5t x\u1ee9: Nh\u1eadt B\u1ea3n S\u1ea3n xu\u1ea5t: Nh\u00e0 m\u00e1y Shachihata Japan t\u1ea1i Malaysia","og_url":"https:\/\/phucma.com.vn\/congnghiep\/product\/but-thu-phap-artline-calligraphy-ek-243\/","og_site_name":"C\u00f4ng Ty TNHH Th\u01b0\u01a1ng M\u1ea1i PH\u00daC M\u00c3","article_publisher":"https:\/\/www.facebook.com\/artline.vn","article_modified_time":"2025-11-20T08:27:56+00:00","og_image":[{"width":960,"height":960,"url":"https:\/\/phucma.com.vn\/congnghiep\/wp-content\/uploads\/2025\/02\/but-viet-chu-thu-phap-Calligraphy.jpg","type":"image\/jpeg"}],"twitter_card":"summary_large_image","twitter_misc":{"Kh\u1ea3 d\u1ee5ng":"Trong kho"},"schema":{"@context":"https:\/\/schema.org","@graph":[{"@type":"WebPage","@id":"https:\/\/phucma.com.vn\/congnghiep\/product\/but-thu-phap-artline-calligraphy-ek-243\/","url":"https:\/\/phucma.com.vn\/congnghiep\/product\/but-thu-phap-artline-calligraphy-ek-243\/","name":"B\u00fat vi\u1ebft th\u01b0 ph\u00e1p Artline EK-243 - C\u00f4ng Ty TNHH Th\u01b0\u01a1ng M\u1ea1i PH\u00daC M\u00c3","isPartOf":{"@id":"https:\/\/phucma.com.vn\/congnghiep\/#website"},"primaryImageOfPage":{"@id":"https:\/\/phucma.com.vn\/congnghiep\/product\/but-thu-phap-artline-calligraphy-ek-243\/#primaryimage"},"image":{"@id":"https:\/\/phucma.com.vn\/congnghiep\/product\/but-thu-phap-artline-calligraphy-ek-243\/#primaryimage"},"thumbnailUrl":"https:\/\/phucma.com.vn\/congnghiep\/wp-content\/uploads\/2025\/02\/but-viet-chu-thu-phap-Calligraphy.jpg","datePublished":"2025-02-11T06:30:10+00:00","dateModified":"2025-11-20T08:27:56+00:00","breadcrumb":{"@id":"https:\/\/phucma.com.vn\/congnghiep\/product\/but-thu-phap-artline-calligraphy-ek-243\/#breadcrumb"},"inLanguage":"vi","potentialAction":[{"@type":"ReadAction","target":["https:\/\/phucma.com.vn\/congnghiep\/product\/but-thu-phap-artline-calligraphy-ek-243\/"]}]},{"@type":"ImageObject","inLanguage":"vi","@id":"https:\/\/phucma.com.vn\/congnghiep\/product\/but-thu-phap-artline-calligraphy-ek-243\/#primaryimage","url":"https:\/\/phucma.com.vn\/congnghiep\/wp-content\/uploads\/2025\/02\/but-viet-chu-thu-phap-Calligraphy.jpg","contentUrl":"https:\/\/phucma.com.vn\/congnghiep\/wp-content\/uploads\/2025\/02\/but-viet-chu-thu-phap-Calligraphy.jpg","width":960,"height":960},{"@type":"BreadcrumbList","@id":"https:\/\/phucma.com.vn\/congnghiep\/product\/but-thu-phap-artline-calligraphy-ek-243\/#breadcrumb","itemListElement":[{"@type":"ListItem","position":1,"name":"Home","item":"https:\/\/phucma.com.vn\/congnghiep\/"},{"@type":"ListItem","position":2,"name":"C\u1eeda h\u00e0ng","item":"https:\/\/phucma.com.vn\/congnghiep\/shop\/"},{"@type":"ListItem","position":3,"name":"B\u00fat vi\u1ebft th\u01b0 ph\u00e1p Artline EK-243"}]},{"@type":"WebSite","@id":"https:\/\/phucma.com.vn\/congnghiep\/#website","url":"https:\/\/phucma.com.vn\/congnghiep\/","name":"C\u00f4ng ty Ph\u00fac M\u00e3","description":"S\u1ea3n ph\u1ea9m c\u00f4ng nghi\u1ec7p d\u00e0nh cho nh\u00e0 m\u00e1y","publisher":{"@id":"https:\/\/phucma.com.vn\/congnghiep\/#organization"},"alternateName":"CTy Ph\u00fac M\u00e3","potentialAction":[{"@type":"SearchAction","target":{"@type":"EntryPoint","urlTemplate":"https:\/\/phucma.com.vn\/congnghiep\/?s={search_term_string}"},"query-input":{"@type":"PropertyValueSpecification","valueRequired":true,"valueName":"search_term_string"}}],"inLanguage":"vi"},{"@type":"Organization","@id":"https:\/\/phucma.com.vn\/congnghiep\/#organization","name":"CTY PH\u00daC M\u00c3","alternateName":"C\u00f4ng ty TNHH TM Ph\u00fac M\u00e3","url":"https:\/\/phucma.com.vn\/congnghiep\/","logo":{"@type":"ImageObject","inLanguage":"vi","@id":"https:\/\/phucma.com.vn\/congnghiep\/#\/schema\/logo\/image\/","url":"https:\/\/phucma.com.vn\/congnghiep\/wp-content\/uploads\/2025\/01\/cropped-cropped-logo-cty-phuc-ma-11.png","contentUrl":"https:\/\/phucma.com.vn\/congnghiep\/wp-content\/uploads\/2025\/01\/cropped-cropped-logo-cty-phuc-ma-11.png","width":256,"height":191,"caption":"CTY PH\u00daC M\u00c3"},"image":{"@id":"https:\/\/phucma.com.vn\/congnghiep\/#\/schema\/logo\/image\/"},"sameAs":["https:\/\/www.facebook.com\/artline.vn"],"description":"CTY PHUC MA - 20 n\u0103m chuy\u00ean cung c\u1ea5p c\u00e1c s\u1ea3n ph\u1ea9m b\u00fat, m\u1ef1c, d\u1ea5u c\u00f4ng nghi\u1ec7p cho h\u01a1n 1000 nh\u00e0 m\u00e1y kh\u1eafp c\u00e1c khu c\u00f4ng nghi\u1ec7p tr\u00ean c\u1ea3 n\u01b0\u1edbc","email":"info@phucma.com.vn","telephone":"02835140805","legalName":"C\u00f4ng ty TNHH Th\u01b0\u01a1ng M\u1ea1i Ph\u00fac M\u00e3","vatID":"0303490755","numberOfEmployees":{"@type":"QuantitativeValue","minValue":"51","maxValue":"200"}}]},"product_brand":"Artline","og_availability":"instock","product_availability":"instock","product_retailer_item_id":"EK-243","product_condition":"new"},"_links":{"self":[{"href":"https:\/\/phucma.com.vn\/congnghiep\/wp-json\/wp\/v2\/product\/6597","targetHints":{"allow":["GET"]}}],"collection":[{"href":"https:\/\/phucma.com.vn\/congnghiep\/wp-json\/wp\/v2\/product"}],"about":[{"href":"https:\/\/phucma.com.vn\/congnghiep\/wp-json\/wp\/v2\/types\/product"}],"wp:featuredmedia":[{"embeddable":true,"href":"https:\/\/phucma.com.vn\/congnghiep\/wp-json\/wp\/v2\/media\/8196"}],"wp:attachment":[{"href":"https:\/\/phucma.com.vn\/congnghiep\/wp-json\/wp\/v2\/media?parent=6597"}],"wp:term":[{"taxonomy":"product_brand","embeddable":true,"href":"https:\/\/phucma.com.vn\/congnghiep\/wp-json\/wp\/v2\/product_brand?post=6597"},{"taxonomy":"product_cat","embeddable":true,"href":"https:\/\/phucma.com.vn\/congnghiep\/wp-json\/wp\/v2\/product_cat?post=6597"},{"taxonomy":"product_tag","embeddable":true,"href":"https:\/\/phucma.com.vn\/congnghiep\/wp-json\/wp\/v2\/product_tag?post=6597"}],"curies":[{"name":"wp","href":"https:\/\/api.w.org\/{rel}","templated":true}]}}