
{"id":6544,"date":"2025-02-10T15:57:24","date_gmt":"2025-02-10T08:57:24","guid":{"rendered":"https:\/\/phucma.com.vn\/congnghiep\/?post_type=product&#038;p=6544"},"modified":"2025-11-19T09:05:12","modified_gmt":"2025-11-19T02:05:12","slug":"but-ve-ky-thuat-artline-ek-231","status":"publish","type":"product","link":"https:\/\/phucma.com.vn\/congnghiep\/product\/but-ve-ky-thuat-artline-ek-231\/","title":{"rendered":"B\u00fat v\u1ebd k\u1ef9 thu\u1eadt Artline EK-231"},"content":{"rendered":"<p>B\u00fat v\u1ebd k\u1ef9 thu\u1eadt Artline EK-231, ng\u00f2i b\u00fat \u0111\u01b0\u1ee3c thi\u1ebft k\u1ebf v\u1edbi \u0111\u1ed9 ch\u00ednh x\u00e1c cao 0.1mm. B\u00fat k\u1ef9 thu\u1eadt s\u1eed d\u1ee5ng d\u00f2ng m\u1ef1c pigment cao c\u1ea5p kh\u00f4ng lem nh\u00f2e khi th\u1ea5m n\u01b0\u1edbc.<\/p>\n<p>Ng\u00f2i b\u00fat \u0111\u01b0\u1ee3c b\u1ecdc kim lo\u1ea1i c\u1ee9ng t\u1ea1o s\u1ef1 c\u1ee9ng v\u1eefng v\u00e0 n\u00e2ng cao tr\u1ea3i nghi\u1ec7m s\u1eed d\u1ee5ng b\u00fat. Ngo\u00e0i ra nh\u1edd b\u1ecdc kim lo\u1ea1i cho ng\u00f2i l\u00f4ng kim n\u00ean ph\u1ed1i h\u1ee3p v\u1edbi th\u01b0\u1edbc k\u1ebb r\u1ea5t ch\u00ednh x\u00e1c. M\u1ef1c kh\u00f4ng lem khi th\u1ea5m n\u01b0\u1edbc.<\/p>\n","protected":false},"excerpt":{"rendered":"<p>M\u00e3 h\u00e0ng EK-231<br \/>\nNg\u00f2i b\u00fat 0.1 mm<br \/>\nH\u1ed9p c\u00f3 12 c\u00e2y<br \/>\nM\u00e0u s\u1eafc \u0111\u1eadm, g\u1ed3m 4 m\u00e0u: \u0111en, xanh, \u0111\u1ecf, l\u1ee5c.<br \/>\nXu\u1ea5t x\u1ee9: Nh\u1eadt B\u1ea3n<br \/>\nS\u1ea3n xu\u1ea5t: Nh\u00e0 m\u00e1y Shachihata Japan t\u1ea1i Malaysia<\/p>\n","protected":false},"featured_media":8178,"template":"","meta":{"_acf_changed":false},"product_brand":[212],"product_cat":[714,712,694,693,701,699,711,729,719,722],"product_tag":[1015,999,1005,1002,1001,1012,973,1000,988,1007,1014,1018,1006,1004,1003,1013,262,261],"class_list":{"0":"post-6544","1":"product","2":"type-product","3":"status-publish","4":"has-post-thumbnail","6":"product_brand-artline","7":"product_cat-dong-san-pham-artline-japan","8":"product_cat-chong-lem-nuoc","9":"product_cat-dong-but-ky-thuat","10":"product_cat-dong-but-long-kim","11":"product_cat-dong-muc-dye-stuff","12":"product_cat-dong-muc-goc-dau","13":"product_cat-dung-tren-giay","14":"product_cat-hien-ro-tren-nen-sang","15":"product_cat-muc","16":"product_cat-ngoi-kim","17":"product_tag-but-kim-artline","18":"product_tag-but-kim-nhieu-muc","19":"product_tag-but-ky-thuat","20":"product_tag-but-line-khang-nuoc","21":"product_tag-but-line-khong-lem","22":"product_tag-but-line-ngoi-lon","23":"product_tag-but-long-kim","24":"product_tag-but-long-kim-khong-lem","25":"product_tag-but-ngoi-kim","26":"product_tag-but-so","27":"product_tag-but-so-artline","28":"product_tag-but-so-ngoi-nho","29":"product_tag-but-ve-ky-thuat","30":"product_tag-but-ve-line","31":"product_tag-but-di-line","32":"product_tag-but-di-line-artline","33":"product_tag-ek-231","34":"product_tag-ek231","36":"first","37":"instock","38":"taxable","39":"shipping-taxable","40":"purchasable","41":"product-type-variable"},"acf":[],"yoast_head":"<!-- This site is optimized with the Yoast SEO Premium plugin v24.4 (Yoast SEO v26.4) - https:\/\/yoast.com\/wordpress\/plugins\/seo\/ -->\n<title>B\u00fat v\u1ebd k\u1ef9 thu\u1eadt Artline EK-231 - C\u00f4ng Ty TNHH Th\u01b0\u01a1ng M\u1ea1i PH\u00daC M\u00c3<\/title>\n<meta name=\"robots\" content=\"index, follow, max-snippet:-1, max-image-preview:large, max-video-preview:-1\" \/>\n<link rel=\"canonical\" href=\"https:\/\/phucma.com.vn\/congnghiep\/product\/but-ve-ky-thuat-artline-ek-231\/\" \/>\n<meta property=\"og:locale\" content=\"vi_VN\" \/>\n<meta property=\"og:type\" content=\"article\" \/>\n<meta property=\"og:title\" content=\"B\u00fat v\u1ebd k\u1ef9 thu\u1eadt Artline EK-231\" \/>\n<meta property=\"og:description\" content=\"M\u00e3 h\u00e0ng EK-231 Ng\u00f2i b\u00fat 0.1 mm H\u1ed9p c\u00f3 12 c\u00e2y M\u00e0u s\u1eafc \u0111\u1eadm, g\u1ed3m 4 m\u00e0u: \u0111en, xanh, \u0111\u1ecf, l\u1ee5c. Xu\u1ea5t x\u1ee9: Nh\u1eadt B\u1ea3n S\u1ea3n xu\u1ea5t: Nh\u00e0 m\u00e1y Shachihata Japan t\u1ea1i Malaysia\" \/>\n<meta property=\"og:url\" content=\"https:\/\/phucma.com.vn\/congnghiep\/product\/but-ve-ky-thuat-artline-ek-231\/\" \/>\n<meta property=\"og:site_name\" content=\"C\u00f4ng Ty TNHH Th\u01b0\u01a1ng M\u1ea1i PH\u00daC M\u00c3\" \/>\n<meta property=\"article:publisher\" content=\"https:\/\/www.facebook.com\/artline.vn\" \/>\n<meta property=\"article:modified_time\" content=\"2025-11-19T02:05:12+00:00\" \/>\n<meta property=\"og:image\" content=\"https:\/\/phucma.com.vn\/congnghiep\/wp-content\/uploads\/2025\/02\/But-Line-di-net-Artline-Japan-4.jpg\" \/>\n\t<meta property=\"og:image:width\" content=\"720\" \/>\n\t<meta property=\"og:image:height\" content=\"720\" \/>\n\t<meta property=\"og:image:type\" content=\"image\/jpeg\" \/>\n<meta name=\"twitter:card\" content=\"summary_large_image\" \/>\n<meta name=\"twitter:label1\" content=\"Kh\u1ea3 d\u1ee5ng\" \/>\n\t<meta name=\"twitter:data1\" content=\"Trong kho\" \/>\n<script type=\"application\/ld+json\" class=\"yoast-schema-graph\">{\"@context\":\"https:\/\/schema.org\",\"@graph\":[{\"@type\":\"WebPage\",\"@id\":\"https:\/\/phucma.com.vn\/congnghiep\/product\/but-ve-ky-thuat-artline-ek-231\/\",\"url\":\"https:\/\/phucma.com.vn\/congnghiep\/product\/but-ve-ky-thuat-artline-ek-231\/\",\"name\":\"B\u00fat v\u1ebd k\u1ef9 thu\u1eadt Artline EK-231 - C\u00f4ng Ty TNHH Th\u01b0\u01a1ng M\u1ea1i PH\u00daC M\u00c3\",\"isPartOf\":{\"@id\":\"https:\/\/phucma.com.vn\/congnghiep\/#website\"},\"primaryImageOfPage\":{\"@id\":\"https:\/\/phucma.com.vn\/congnghiep\/product\/but-ve-ky-thuat-artline-ek-231\/#primaryimage\"},\"image\":{\"@id\":\"https:\/\/phucma.com.vn\/congnghiep\/product\/but-ve-ky-thuat-artline-ek-231\/#primaryimage\"},\"thumbnailUrl\":\"https:\/\/phucma.com.vn\/congnghiep\/wp-content\/uploads\/2025\/02\/But-Line-di-net-Artline-Japan-4.jpg\",\"datePublished\":\"2025-02-10T08:57:24+00:00\",\"dateModified\":\"2025-11-19T02:05:12+00:00\",\"breadcrumb\":{\"@id\":\"https:\/\/phucma.com.vn\/congnghiep\/product\/but-ve-ky-thuat-artline-ek-231\/#breadcrumb\"},\"inLanguage\":\"vi\",\"potentialAction\":[{\"@type\":\"ReadAction\",\"target\":[\"https:\/\/phucma.com.vn\/congnghiep\/product\/but-ve-ky-thuat-artline-ek-231\/\"]}]},{\"@type\":\"ImageObject\",\"inLanguage\":\"vi\",\"@id\":\"https:\/\/phucma.com.vn\/congnghiep\/product\/but-ve-ky-thuat-artline-ek-231\/#primaryimage\",\"url\":\"https:\/\/phucma.com.vn\/congnghiep\/wp-content\/uploads\/2025\/02\/But-Line-di-net-Artline-Japan-4.jpg\",\"contentUrl\":\"https:\/\/phucma.com.vn\/congnghiep\/wp-content\/uploads\/2025\/02\/But-Line-di-net-Artline-Japan-4.jpg\",\"width\":720,\"height\":720},{\"@type\":\"BreadcrumbList\",\"@id\":\"https:\/\/phucma.com.vn\/congnghiep\/product\/but-ve-ky-thuat-artline-ek-231\/#breadcrumb\",\"itemListElement\":[{\"@type\":\"ListItem\",\"position\":1,\"name\":\"Home\",\"item\":\"https:\/\/phucma.com.vn\/congnghiep\/\"},{\"@type\":\"ListItem\",\"position\":2,\"name\":\"C\u1eeda h\u00e0ng\",\"item\":\"https:\/\/phucma.com.vn\/congnghiep\/shop\/\"},{\"@type\":\"ListItem\",\"position\":3,\"name\":\"B\u00fat v\u1ebd k\u1ef9 thu\u1eadt Artline EK-231\"}]},{\"@type\":\"WebSite\",\"@id\":\"https:\/\/phucma.com.vn\/congnghiep\/#website\",\"url\":\"https:\/\/phucma.com.vn\/congnghiep\/\",\"name\":\"C\u00f4ng ty Ph\u00fac M\u00e3\",\"description\":\"S\u1ea3n ph\u1ea9m c\u00f4ng nghi\u1ec7p d\u00e0nh cho nh\u00e0 m\u00e1y\",\"publisher\":{\"@id\":\"https:\/\/phucma.com.vn\/congnghiep\/#organization\"},\"alternateName\":\"CTy Ph\u00fac M\u00e3\",\"potentialAction\":[{\"@type\":\"SearchAction\",\"target\":{\"@type\":\"EntryPoint\",\"urlTemplate\":\"https:\/\/phucma.com.vn\/congnghiep\/?s={search_term_string}\"},\"query-input\":{\"@type\":\"PropertyValueSpecification\",\"valueRequired\":true,\"valueName\":\"search_term_string\"}}],\"inLanguage\":\"vi\"},{\"@type\":\"Organization\",\"@id\":\"https:\/\/phucma.com.vn\/congnghiep\/#organization\",\"name\":\"CTY PH\u00daC M\u00c3\",\"alternateName\":\"C\u00f4ng ty TNHH TM Ph\u00fac M\u00e3\",\"url\":\"https:\/\/phucma.com.vn\/congnghiep\/\",\"logo\":{\"@type\":\"ImageObject\",\"inLanguage\":\"vi\",\"@id\":\"https:\/\/phucma.com.vn\/congnghiep\/#\/schema\/logo\/image\/\",\"url\":\"https:\/\/phucma.com.vn\/congnghiep\/wp-content\/uploads\/2025\/01\/cropped-cropped-logo-cty-phuc-ma-11.png\",\"contentUrl\":\"https:\/\/phucma.com.vn\/congnghiep\/wp-content\/uploads\/2025\/01\/cropped-cropped-logo-cty-phuc-ma-11.png\",\"width\":256,\"height\":191,\"caption\":\"CTY PH\u00daC M\u00c3\"},\"image\":{\"@id\":\"https:\/\/phucma.com.vn\/congnghiep\/#\/schema\/logo\/image\/\"},\"sameAs\":[\"https:\/\/www.facebook.com\/artline.vn\"],\"description\":\"CTY PHUC MA - 20 n\u0103m chuy\u00ean cung c\u1ea5p c\u00e1c s\u1ea3n ph\u1ea9m b\u00fat, m\u1ef1c, d\u1ea5u c\u00f4ng nghi\u1ec7p cho h\u01a1n 1000 nh\u00e0 m\u00e1y kh\u1eafp c\u00e1c khu c\u00f4ng nghi\u1ec7p tr\u00ean c\u1ea3 n\u01b0\u1edbc\",\"email\":\"info@phucma.com.vn\",\"telephone\":\"02835140805\",\"legalName\":\"C\u00f4ng ty TNHH Th\u01b0\u01a1ng M\u1ea1i Ph\u00fac M\u00e3\",\"vatID\":\"0303490755\",\"numberOfEmployees\":{\"@type\":\"QuantitativeValue\",\"minValue\":\"51\",\"maxValue\":\"200\"}}]}<\/script>\n<meta property=\"product:brand\" content=\"Artline\" \/>\n<meta property=\"og:availability\" content=\"instock\" \/>\n<meta property=\"product:availability\" content=\"instock\" \/>\n<meta property=\"product:retailer_item_id\" content=\"EK-231\" \/>\n<meta property=\"product:condition\" content=\"new\" \/>\n<!-- \/ Yoast SEO Premium plugin. -->","yoast_head_json":{"title":"B\u00fat v\u1ebd k\u1ef9 thu\u1eadt Artline EK-231 - C\u00f4ng Ty TNHH Th\u01b0\u01a1ng M\u1ea1i PH\u00daC M\u00c3","robots":{"index":"index","follow":"follow","max-snippet":"max-snippet:-1","max-image-preview":"max-image-preview:large","max-video-preview":"max-video-preview:-1"},"canonical":"https:\/\/phucma.com.vn\/congnghiep\/product\/but-ve-ky-thuat-artline-ek-231\/","og_locale":"vi_VN","og_type":"article","og_title":"B\u00fat v\u1ebd k\u1ef9 thu\u1eadt Artline EK-231","og_description":"M\u00e3 h\u00e0ng EK-231 Ng\u00f2i b\u00fat 0.1 mm H\u1ed9p c\u00f3 12 c\u00e2y M\u00e0u s\u1eafc \u0111\u1eadm, g\u1ed3m 4 m\u00e0u: \u0111en, xanh, \u0111\u1ecf, l\u1ee5c. Xu\u1ea5t x\u1ee9: Nh\u1eadt B\u1ea3n S\u1ea3n xu\u1ea5t: Nh\u00e0 m\u00e1y Shachihata Japan t\u1ea1i Malaysia","og_url":"https:\/\/phucma.com.vn\/congnghiep\/product\/but-ve-ky-thuat-artline-ek-231\/","og_site_name":"C\u00f4ng Ty TNHH Th\u01b0\u01a1ng M\u1ea1i PH\u00daC M\u00c3","article_publisher":"https:\/\/www.facebook.com\/artline.vn","article_modified_time":"2025-11-19T02:05:12+00:00","og_image":[{"width":720,"height":720,"url":"https:\/\/phucma.com.vn\/congnghiep\/wp-content\/uploads\/2025\/02\/But-Line-di-net-Artline-Japan-4.jpg","type":"image\/jpeg"}],"twitter_card":"summary_large_image","twitter_misc":{"Kh\u1ea3 d\u1ee5ng":"Trong kho"},"schema":{"@context":"https:\/\/schema.org","@graph":[{"@type":"WebPage","@id":"https:\/\/phucma.com.vn\/congnghiep\/product\/but-ve-ky-thuat-artline-ek-231\/","url":"https:\/\/phucma.com.vn\/congnghiep\/product\/but-ve-ky-thuat-artline-ek-231\/","name":"B\u00fat v\u1ebd k\u1ef9 thu\u1eadt Artline EK-231 - C\u00f4ng Ty TNHH Th\u01b0\u01a1ng M\u1ea1i PH\u00daC M\u00c3","isPartOf":{"@id":"https:\/\/phucma.com.vn\/congnghiep\/#website"},"primaryImageOfPage":{"@id":"https:\/\/phucma.com.vn\/congnghiep\/product\/but-ve-ky-thuat-artline-ek-231\/#primaryimage"},"image":{"@id":"https:\/\/phucma.com.vn\/congnghiep\/product\/but-ve-ky-thuat-artline-ek-231\/#primaryimage"},"thumbnailUrl":"https:\/\/phucma.com.vn\/congnghiep\/wp-content\/uploads\/2025\/02\/But-Line-di-net-Artline-Japan-4.jpg","datePublished":"2025-02-10T08:57:24+00:00","dateModified":"2025-11-19T02:05:12+00:00","breadcrumb":{"@id":"https:\/\/phucma.com.vn\/congnghiep\/product\/but-ve-ky-thuat-artline-ek-231\/#breadcrumb"},"inLanguage":"vi","potentialAction":[{"@type":"ReadAction","target":["https:\/\/phucma.com.vn\/congnghiep\/product\/but-ve-ky-thuat-artline-ek-231\/"]}]},{"@type":"ImageObject","inLanguage":"vi","@id":"https:\/\/phucma.com.vn\/congnghiep\/product\/but-ve-ky-thuat-artline-ek-231\/#primaryimage","url":"https:\/\/phucma.com.vn\/congnghiep\/wp-content\/uploads\/2025\/02\/But-Line-di-net-Artline-Japan-4.jpg","contentUrl":"https:\/\/phucma.com.vn\/congnghiep\/wp-content\/uploads\/2025\/02\/But-Line-di-net-Artline-Japan-4.jpg","width":720,"height":720},{"@type":"BreadcrumbList","@id":"https:\/\/phucma.com.vn\/congnghiep\/product\/but-ve-ky-thuat-artline-ek-231\/#breadcrumb","itemListElement":[{"@type":"ListItem","position":1,"name":"Home","item":"https:\/\/phucma.com.vn\/congnghiep\/"},{"@type":"ListItem","position":2,"name":"C\u1eeda h\u00e0ng","item":"https:\/\/phucma.com.vn\/congnghiep\/shop\/"},{"@type":"ListItem","position":3,"name":"B\u00fat v\u1ebd k\u1ef9 thu\u1eadt Artline EK-231"}]},{"@type":"WebSite","@id":"https:\/\/phucma.com.vn\/congnghiep\/#website","url":"https:\/\/phucma.com.vn\/congnghiep\/","name":"C\u00f4ng ty Ph\u00fac M\u00e3","description":"S\u1ea3n ph\u1ea9m c\u00f4ng nghi\u1ec7p d\u00e0nh cho nh\u00e0 m\u00e1y","publisher":{"@id":"https:\/\/phucma.com.vn\/congnghiep\/#organization"},"alternateName":"CTy Ph\u00fac M\u00e3","potentialAction":[{"@type":"SearchAction","target":{"@type":"EntryPoint","urlTemplate":"https:\/\/phucma.com.vn\/congnghiep\/?s={search_term_string}"},"query-input":{"@type":"PropertyValueSpecification","valueRequired":true,"valueName":"search_term_string"}}],"inLanguage":"vi"},{"@type":"Organization","@id":"https:\/\/phucma.com.vn\/congnghiep\/#organization","name":"CTY PH\u00daC M\u00c3","alternateName":"C\u00f4ng ty TNHH TM Ph\u00fac M\u00e3","url":"https:\/\/phucma.com.vn\/congnghiep\/","logo":{"@type":"ImageObject","inLanguage":"vi","@id":"https:\/\/phucma.com.vn\/congnghiep\/#\/schema\/logo\/image\/","url":"https:\/\/phucma.com.vn\/congnghiep\/wp-content\/uploads\/2025\/01\/cropped-cropped-logo-cty-phuc-ma-11.png","contentUrl":"https:\/\/phucma.com.vn\/congnghiep\/wp-content\/uploads\/2025\/01\/cropped-cropped-logo-cty-phuc-ma-11.png","width":256,"height":191,"caption":"CTY PH\u00daC M\u00c3"},"image":{"@id":"https:\/\/phucma.com.vn\/congnghiep\/#\/schema\/logo\/image\/"},"sameAs":["https:\/\/www.facebook.com\/artline.vn"],"description":"CTY PHUC MA - 20 n\u0103m chuy\u00ean cung c\u1ea5p c\u00e1c s\u1ea3n ph\u1ea9m b\u00fat, m\u1ef1c, d\u1ea5u c\u00f4ng nghi\u1ec7p cho h\u01a1n 1000 nh\u00e0 m\u00e1y kh\u1eafp c\u00e1c khu c\u00f4ng nghi\u1ec7p tr\u00ean c\u1ea3 n\u01b0\u1edbc","email":"info@phucma.com.vn","telephone":"02835140805","legalName":"C\u00f4ng ty TNHH Th\u01b0\u01a1ng M\u1ea1i Ph\u00fac M\u00e3","vatID":"0303490755","numberOfEmployees":{"@type":"QuantitativeValue","minValue":"51","maxValue":"200"}}]},"product_brand":"Artline","og_availability":"instock","product_availability":"instock","product_retailer_item_id":"EK-231","product_condition":"new"},"_links":{"self":[{"href":"https:\/\/phucma.com.vn\/congnghiep\/wp-json\/wp\/v2\/product\/6544","targetHints":{"allow":["GET"]}}],"collection":[{"href":"https:\/\/phucma.com.vn\/congnghiep\/wp-json\/wp\/v2\/product"}],"about":[{"href":"https:\/\/phucma.com.vn\/congnghiep\/wp-json\/wp\/v2\/types\/product"}],"wp:featuredmedia":[{"embeddable":true,"href":"https:\/\/phucma.com.vn\/congnghiep\/wp-json\/wp\/v2\/media\/8178"}],"wp:attachment":[{"href":"https:\/\/phucma.com.vn\/congnghiep\/wp-json\/wp\/v2\/media?parent=6544"}],"wp:term":[{"taxonomy":"product_brand","embeddable":true,"href":"https:\/\/phucma.com.vn\/congnghiep\/wp-json\/wp\/v2\/product_brand?post=6544"},{"taxonomy":"product_cat","embeddable":true,"href":"https:\/\/phucma.com.vn\/congnghiep\/wp-json\/wp\/v2\/product_cat?post=6544"},{"taxonomy":"product_tag","embeddable":true,"href":"https:\/\/phucma.com.vn\/congnghiep\/wp-json\/wp\/v2\/product_tag?post=6544"}],"curies":[{"name":"wp","href":"https:\/\/api.w.org\/{rel}","templated":true}]}}