
{"id":5935,"date":"2025-02-05T16:55:11","date_gmt":"2025-02-05T09:55:11","guid":{"rendered":"https:\/\/phucma.com.vn\/congnghiep\/?post_type=product&#038;p=5935"},"modified":"2025-11-21T14:13:02","modified_gmt":"2025-11-21T07:13:02","slug":"but-long-kim-artline-ek-200","status":"publish","type":"product","link":"https:\/\/phucma.com.vn\/congnghiep\/product\/but-long-kim-artline-ek-200\/","title":{"rendered":"B\u00fat l\u00f4ng kim Artline EK-200"},"content":{"rendered":"<p>B\u00fat l\u00f4ng kim Artline EK-200 l\u00e0 d\u00f2ng vi\u1ebft kim thu\u1ed9c lo\u1ea1i l\u00e2u \u0111\u1eddi nh\u1ea5t c\u1ee7a Artline Japan. Ki\u1ec3u d\u00e1ng b\u00fat r\u1ea5t g\u1ecdn v\u00e0 tinh t\u1ebf. Ng\u00f2i b\u00fat vi\u1ebft r\u1ea5t \u00eam t\u1ea1o h\u1ee9ng th\u00fa cho b\u1ea1n khi s\u1eed d\u1ee5ng.<\/p>\n<p>M\u1ef1c b\u00fat r\u1ea5t \u0111\u1eb9p v\u00e0 c\u1ef1c k\u1ef3 nhi\u1ec1u, vi\u1ebft m\u00f2n ng\u00f2i b\u00fat v\u1eabn ch\u01b0a h\u1ebft m\u1ef1c. \u0110\u00e2y l\u00e0 d\u00f2ng b\u00fat l\u00f4ng kim si\u00eau ti\u1ebft ki\u1ec7m cho nh\u00e2n vi\u00ean v\u0103n ph\u00f2ng v\u00e0 h\u1ecdc sinh sinh vi\u00ean.<\/p>\n","protected":false},"excerpt":{"rendered":"<p>M\u00e3 h\u00e0ng EK-200<br \/>\nNg\u00f2i b\u00fat 0.4 mm<br \/>\nH\u1ed9p c\u00f3 12 c\u00e2y<br \/>\nG\u1ed3m 4 m\u00e0u: \u0111en, xanh, \u0111\u1ecf, t\u00edm<br \/>\nXu\u1ea5t x\u1ee9: Nh\u1eadt B\u1ea3n<br \/>\nS\u1ea3n xu\u1ea5t: Nh\u00e0 m\u00e1y Shachihata Japan t\u1ea1i Malaysia<\/p>\n","protected":false},"featured_media":71174,"template":"","meta":{"_acf_changed":false},"product_brand":[212],"product_cat":[714,693,733,701,698,711,738,737,729,722],"product_tag":[996,997,973,993,991,995,988,994,992,998,235,234],"class_list":{"0":"post-5935","1":"product","2":"type-product","3":"status-publish","4":"has-post-thumbnail","6":"product_brand-artline","7":"product_cat-dong-san-pham-artline-japan","8":"product_cat-dong-but-long-kim","9":"product_cat-dong-but-mau-ve","10":"product_cat-dong-muc-dye-stuff","11":"product_cat-dong-muc-goc-nuoc","12":"product_cat-dung-tren-giay","13":"product_cat-dung-trong-truong-hoc","14":"product_cat-dung-trong-van-phong","15":"product_cat-hien-ro-tren-nen-sang","16":"product_cat-ngoi-kim","17":"product_tag-but-kim-di-net","18":"product_tag-but-line","19":"product_tag-but-long-kim","20":"product_tag-but-mau-kim","21":"product_tag-but-mau-long-kim","22":"product_tag-but-mau-ngoi-nho","23":"product_tag-but-ngoi-kim","24":"product_tag-but-ngoi-nho","25":"product_tag-but-viet-kim","26":"product_tag-but-di-line-mau","27":"product_tag-ek-200","28":"product_tag-ek200","30":"first","31":"instock","32":"taxable","33":"shipping-taxable","34":"purchasable","35":"product-type-variable"},"acf":[],"yoast_head":"<!-- This site is optimized with the Yoast SEO Premium plugin v24.4 (Yoast SEO v26.4) - https:\/\/yoast.com\/wordpress\/plugins\/seo\/ -->\n<title>B\u00fat l\u00f4ng kim Artline EK-200 - C\u00f4ng Ty TNHH Th\u01b0\u01a1ng M\u1ea1i PH\u00daC M\u00c3<\/title>\n<meta name=\"robots\" content=\"index, follow, max-snippet:-1, max-image-preview:large, max-video-preview:-1\" \/>\n<link rel=\"canonical\" href=\"https:\/\/phucma.com.vn\/congnghiep\/product\/but-long-kim-artline-ek-200\/\" \/>\n<meta property=\"og:locale\" content=\"vi_VN\" \/>\n<meta property=\"og:type\" content=\"article\" \/>\n<meta property=\"og:title\" content=\"B\u00fat l\u00f4ng kim Artline EK-200\" \/>\n<meta property=\"og:description\" content=\"M\u00e3 h\u00e0ng EK-200 Ng\u00f2i b\u00fat 0.4 mm H\u1ed9p c\u00f3 12 c\u00e2y G\u1ed3m 4 m\u00e0u: \u0111en, xanh, \u0111\u1ecf, t\u00edm Xu\u1ea5t x\u1ee9: Nh\u1eadt B\u1ea3n S\u1ea3n xu\u1ea5t: Nh\u00e0 m\u00e1y Shachihata Japan t\u1ea1i Malaysia\" \/>\n<meta property=\"og:url\" content=\"https:\/\/phucma.com.vn\/congnghiep\/product\/but-long-kim-artline-ek-200\/\" \/>\n<meta property=\"og:site_name\" content=\"C\u00f4ng Ty TNHH Th\u01b0\u01a1ng M\u1ea1i PH\u00daC M\u00c3\" \/>\n<meta property=\"article:publisher\" content=\"https:\/\/www.facebook.com\/artline.vn\" \/>\n<meta property=\"article:modified_time\" content=\"2025-11-21T07:13:02+00:00\" \/>\n<meta property=\"og:image\" content=\"https:\/\/phucma.com.vn\/congnghiep\/wp-content\/uploads\/2025\/02\/feec10a5bc0ad831dde361ff994ca533.jpg\" \/>\n\t<meta property=\"og:image:width\" content=\"564\" \/>\n\t<meta property=\"og:image:height\" content=\"564\" \/>\n\t<meta property=\"og:image:type\" content=\"image\/jpeg\" \/>\n<meta name=\"twitter:card\" content=\"summary_large_image\" \/>\n<meta name=\"twitter:label1\" content=\"Kh\u1ea3 d\u1ee5ng\" \/>\n\t<meta name=\"twitter:data1\" content=\"Trong kho\" \/>\n<script type=\"application\/ld+json\" class=\"yoast-schema-graph\">{\"@context\":\"https:\/\/schema.org\",\"@graph\":[{\"@type\":\"WebPage\",\"@id\":\"https:\/\/phucma.com.vn\/congnghiep\/product\/but-long-kim-artline-ek-200\/\",\"url\":\"https:\/\/phucma.com.vn\/congnghiep\/product\/but-long-kim-artline-ek-200\/\",\"name\":\"B\u00fat l\u00f4ng kim Artline EK-200 - C\u00f4ng Ty TNHH Th\u01b0\u01a1ng M\u1ea1i PH\u00daC M\u00c3\",\"isPartOf\":{\"@id\":\"https:\/\/phucma.com.vn\/congnghiep\/#website\"},\"primaryImageOfPage\":{\"@id\":\"https:\/\/phucma.com.vn\/congnghiep\/product\/but-long-kim-artline-ek-200\/#primaryimage\"},\"image\":{\"@id\":\"https:\/\/phucma.com.vn\/congnghiep\/product\/but-long-kim-artline-ek-200\/#primaryimage\"},\"thumbnailUrl\":\"https:\/\/phucma.com.vn\/congnghiep\/wp-content\/uploads\/2025\/02\/feec10a5bc0ad831dde361ff994ca533.jpg\",\"datePublished\":\"2025-02-05T09:55:11+00:00\",\"dateModified\":\"2025-11-21T07:13:02+00:00\",\"breadcrumb\":{\"@id\":\"https:\/\/phucma.com.vn\/congnghiep\/product\/but-long-kim-artline-ek-200\/#breadcrumb\"},\"inLanguage\":\"vi\",\"potentialAction\":[{\"@type\":\"ReadAction\",\"target\":[\"https:\/\/phucma.com.vn\/congnghiep\/product\/but-long-kim-artline-ek-200\/\"]}]},{\"@type\":\"ImageObject\",\"inLanguage\":\"vi\",\"@id\":\"https:\/\/phucma.com.vn\/congnghiep\/product\/but-long-kim-artline-ek-200\/#primaryimage\",\"url\":\"https:\/\/phucma.com.vn\/congnghiep\/wp-content\/uploads\/2025\/02\/feec10a5bc0ad831dde361ff994ca533.jpg\",\"contentUrl\":\"https:\/\/phucma.com.vn\/congnghiep\/wp-content\/uploads\/2025\/02\/feec10a5bc0ad831dde361ff994ca533.jpg\",\"width\":564,\"height\":564},{\"@type\":\"BreadcrumbList\",\"@id\":\"https:\/\/phucma.com.vn\/congnghiep\/product\/but-long-kim-artline-ek-200\/#breadcrumb\",\"itemListElement\":[{\"@type\":\"ListItem\",\"position\":1,\"name\":\"Home\",\"item\":\"https:\/\/phucma.com.vn\/congnghiep\/\"},{\"@type\":\"ListItem\",\"position\":2,\"name\":\"C\u1eeda h\u00e0ng\",\"item\":\"https:\/\/phucma.com.vn\/congnghiep\/shop\/\"},{\"@type\":\"ListItem\",\"position\":3,\"name\":\"B\u00fat l\u00f4ng kim Artline EK-200\"}]},{\"@type\":\"WebSite\",\"@id\":\"https:\/\/phucma.com.vn\/congnghiep\/#website\",\"url\":\"https:\/\/phucma.com.vn\/congnghiep\/\",\"name\":\"C\u00f4ng ty Ph\u00fac M\u00e3\",\"description\":\"S\u1ea3n ph\u1ea9m c\u00f4ng nghi\u1ec7p d\u00e0nh cho nh\u00e0 m\u00e1y\",\"publisher\":{\"@id\":\"https:\/\/phucma.com.vn\/congnghiep\/#organization\"},\"alternateName\":\"CTy Ph\u00fac M\u00e3\",\"potentialAction\":[{\"@type\":\"SearchAction\",\"target\":{\"@type\":\"EntryPoint\",\"urlTemplate\":\"https:\/\/phucma.com.vn\/congnghiep\/?s={search_term_string}\"},\"query-input\":{\"@type\":\"PropertyValueSpecification\",\"valueRequired\":true,\"valueName\":\"search_term_string\"}}],\"inLanguage\":\"vi\"},{\"@type\":\"Organization\",\"@id\":\"https:\/\/phucma.com.vn\/congnghiep\/#organization\",\"name\":\"CTY PH\u00daC M\u00c3\",\"alternateName\":\"C\u00f4ng ty TNHH TM Ph\u00fac M\u00e3\",\"url\":\"https:\/\/phucma.com.vn\/congnghiep\/\",\"logo\":{\"@type\":\"ImageObject\",\"inLanguage\":\"vi\",\"@id\":\"https:\/\/phucma.com.vn\/congnghiep\/#\/schema\/logo\/image\/\",\"url\":\"https:\/\/phucma.com.vn\/congnghiep\/wp-content\/uploads\/2025\/01\/cropped-cropped-logo-cty-phuc-ma-11.png\",\"contentUrl\":\"https:\/\/phucma.com.vn\/congnghiep\/wp-content\/uploads\/2025\/01\/cropped-cropped-logo-cty-phuc-ma-11.png\",\"width\":256,\"height\":191,\"caption\":\"CTY PH\u00daC M\u00c3\"},\"image\":{\"@id\":\"https:\/\/phucma.com.vn\/congnghiep\/#\/schema\/logo\/image\/\"},\"sameAs\":[\"https:\/\/www.facebook.com\/artline.vn\"],\"description\":\"CTY PHUC MA - 20 n\u0103m chuy\u00ean cung c\u1ea5p c\u00e1c s\u1ea3n ph\u1ea9m b\u00fat, m\u1ef1c, d\u1ea5u c\u00f4ng nghi\u1ec7p cho h\u01a1n 1000 nh\u00e0 m\u00e1y kh\u1eafp c\u00e1c khu c\u00f4ng nghi\u1ec7p tr\u00ean c\u1ea3 n\u01b0\u1edbc\",\"email\":\"info@phucma.com.vn\",\"telephone\":\"02835140805\",\"legalName\":\"C\u00f4ng ty TNHH Th\u01b0\u01a1ng M\u1ea1i Ph\u00fac M\u00e3\",\"vatID\":\"0303490755\",\"numberOfEmployees\":{\"@type\":\"QuantitativeValue\",\"minValue\":\"51\",\"maxValue\":\"200\"}}]}<\/script>\n<meta property=\"product:brand\" content=\"Artline\" \/>\n<meta property=\"og:availability\" content=\"instock\" \/>\n<meta property=\"product:availability\" content=\"instock\" \/>\n<meta property=\"product:retailer_item_id\" content=\"EK-200\" \/>\n<meta property=\"product:condition\" content=\"new\" \/>\n<!-- \/ Yoast SEO Premium plugin. -->","yoast_head_json":{"title":"B\u00fat l\u00f4ng kim Artline EK-200 - C\u00f4ng Ty TNHH Th\u01b0\u01a1ng M\u1ea1i PH\u00daC M\u00c3","robots":{"index":"index","follow":"follow","max-snippet":"max-snippet:-1","max-image-preview":"max-image-preview:large","max-video-preview":"max-video-preview:-1"},"canonical":"https:\/\/phucma.com.vn\/congnghiep\/product\/but-long-kim-artline-ek-200\/","og_locale":"vi_VN","og_type":"article","og_title":"B\u00fat l\u00f4ng kim Artline EK-200","og_description":"M\u00e3 h\u00e0ng EK-200 Ng\u00f2i b\u00fat 0.4 mm H\u1ed9p c\u00f3 12 c\u00e2y G\u1ed3m 4 m\u00e0u: \u0111en, xanh, \u0111\u1ecf, t\u00edm Xu\u1ea5t x\u1ee9: Nh\u1eadt B\u1ea3n S\u1ea3n xu\u1ea5t: Nh\u00e0 m\u00e1y Shachihata Japan t\u1ea1i Malaysia","og_url":"https:\/\/phucma.com.vn\/congnghiep\/product\/but-long-kim-artline-ek-200\/","og_site_name":"C\u00f4ng Ty TNHH Th\u01b0\u01a1ng M\u1ea1i PH\u00daC M\u00c3","article_publisher":"https:\/\/www.facebook.com\/artline.vn","article_modified_time":"2025-11-21T07:13:02+00:00","og_image":[{"width":564,"height":564,"url":"https:\/\/phucma.com.vn\/congnghiep\/wp-content\/uploads\/2025\/02\/feec10a5bc0ad831dde361ff994ca533.jpg","type":"image\/jpeg"}],"twitter_card":"summary_large_image","twitter_misc":{"Kh\u1ea3 d\u1ee5ng":"Trong kho"},"schema":{"@context":"https:\/\/schema.org","@graph":[{"@type":"WebPage","@id":"https:\/\/phucma.com.vn\/congnghiep\/product\/but-long-kim-artline-ek-200\/","url":"https:\/\/phucma.com.vn\/congnghiep\/product\/but-long-kim-artline-ek-200\/","name":"B\u00fat l\u00f4ng kim Artline EK-200 - C\u00f4ng Ty TNHH Th\u01b0\u01a1ng M\u1ea1i PH\u00daC M\u00c3","isPartOf":{"@id":"https:\/\/phucma.com.vn\/congnghiep\/#website"},"primaryImageOfPage":{"@id":"https:\/\/phucma.com.vn\/congnghiep\/product\/but-long-kim-artline-ek-200\/#primaryimage"},"image":{"@id":"https:\/\/phucma.com.vn\/congnghiep\/product\/but-long-kim-artline-ek-200\/#primaryimage"},"thumbnailUrl":"https:\/\/phucma.com.vn\/congnghiep\/wp-content\/uploads\/2025\/02\/feec10a5bc0ad831dde361ff994ca533.jpg","datePublished":"2025-02-05T09:55:11+00:00","dateModified":"2025-11-21T07:13:02+00:00","breadcrumb":{"@id":"https:\/\/phucma.com.vn\/congnghiep\/product\/but-long-kim-artline-ek-200\/#breadcrumb"},"inLanguage":"vi","potentialAction":[{"@type":"ReadAction","target":["https:\/\/phucma.com.vn\/congnghiep\/product\/but-long-kim-artline-ek-200\/"]}]},{"@type":"ImageObject","inLanguage":"vi","@id":"https:\/\/phucma.com.vn\/congnghiep\/product\/but-long-kim-artline-ek-200\/#primaryimage","url":"https:\/\/phucma.com.vn\/congnghiep\/wp-content\/uploads\/2025\/02\/feec10a5bc0ad831dde361ff994ca533.jpg","contentUrl":"https:\/\/phucma.com.vn\/congnghiep\/wp-content\/uploads\/2025\/02\/feec10a5bc0ad831dde361ff994ca533.jpg","width":564,"height":564},{"@type":"BreadcrumbList","@id":"https:\/\/phucma.com.vn\/congnghiep\/product\/but-long-kim-artline-ek-200\/#breadcrumb","itemListElement":[{"@type":"ListItem","position":1,"name":"Home","item":"https:\/\/phucma.com.vn\/congnghiep\/"},{"@type":"ListItem","position":2,"name":"C\u1eeda h\u00e0ng","item":"https:\/\/phucma.com.vn\/congnghiep\/shop\/"},{"@type":"ListItem","position":3,"name":"B\u00fat l\u00f4ng kim Artline EK-200"}]},{"@type":"WebSite","@id":"https:\/\/phucma.com.vn\/congnghiep\/#website","url":"https:\/\/phucma.com.vn\/congnghiep\/","name":"C\u00f4ng ty Ph\u00fac M\u00e3","description":"S\u1ea3n ph\u1ea9m c\u00f4ng nghi\u1ec7p d\u00e0nh cho nh\u00e0 m\u00e1y","publisher":{"@id":"https:\/\/phucma.com.vn\/congnghiep\/#organization"},"alternateName":"CTy Ph\u00fac M\u00e3","potentialAction":[{"@type":"SearchAction","target":{"@type":"EntryPoint","urlTemplate":"https:\/\/phucma.com.vn\/congnghiep\/?s={search_term_string}"},"query-input":{"@type":"PropertyValueSpecification","valueRequired":true,"valueName":"search_term_string"}}],"inLanguage":"vi"},{"@type":"Organization","@id":"https:\/\/phucma.com.vn\/congnghiep\/#organization","name":"CTY PH\u00daC M\u00c3","alternateName":"C\u00f4ng ty TNHH TM Ph\u00fac M\u00e3","url":"https:\/\/phucma.com.vn\/congnghiep\/","logo":{"@type":"ImageObject","inLanguage":"vi","@id":"https:\/\/phucma.com.vn\/congnghiep\/#\/schema\/logo\/image\/","url":"https:\/\/phucma.com.vn\/congnghiep\/wp-content\/uploads\/2025\/01\/cropped-cropped-logo-cty-phuc-ma-11.png","contentUrl":"https:\/\/phucma.com.vn\/congnghiep\/wp-content\/uploads\/2025\/01\/cropped-cropped-logo-cty-phuc-ma-11.png","width":256,"height":191,"caption":"CTY PH\u00daC M\u00c3"},"image":{"@id":"https:\/\/phucma.com.vn\/congnghiep\/#\/schema\/logo\/image\/"},"sameAs":["https:\/\/www.facebook.com\/artline.vn"],"description":"CTY PHUC MA - 20 n\u0103m chuy\u00ean cung c\u1ea5p c\u00e1c s\u1ea3n ph\u1ea9m b\u00fat, m\u1ef1c, d\u1ea5u c\u00f4ng nghi\u1ec7p cho h\u01a1n 1000 nh\u00e0 m\u00e1y kh\u1eafp c\u00e1c khu c\u00f4ng nghi\u1ec7p tr\u00ean c\u1ea3 n\u01b0\u1edbc","email":"info@phucma.com.vn","telephone":"02835140805","legalName":"C\u00f4ng ty TNHH Th\u01b0\u01a1ng M\u1ea1i Ph\u00fac M\u00e3","vatID":"0303490755","numberOfEmployees":{"@type":"QuantitativeValue","minValue":"51","maxValue":"200"}}]},"product_brand":"Artline","og_availability":"instock","product_availability":"instock","product_retailer_item_id":"EK-200","product_condition":"new"},"_links":{"self":[{"href":"https:\/\/phucma.com.vn\/congnghiep\/wp-json\/wp\/v2\/product\/5935","targetHints":{"allow":["GET"]}}],"collection":[{"href":"https:\/\/phucma.com.vn\/congnghiep\/wp-json\/wp\/v2\/product"}],"about":[{"href":"https:\/\/phucma.com.vn\/congnghiep\/wp-json\/wp\/v2\/types\/product"}],"wp:featuredmedia":[{"embeddable":true,"href":"https:\/\/phucma.com.vn\/congnghiep\/wp-json\/wp\/v2\/media\/71174"}],"wp:attachment":[{"href":"https:\/\/phucma.com.vn\/congnghiep\/wp-json\/wp\/v2\/media?parent=5935"}],"wp:term":[{"taxonomy":"product_brand","embeddable":true,"href":"https:\/\/phucma.com.vn\/congnghiep\/wp-json\/wp\/v2\/product_brand?post=5935"},{"taxonomy":"product_cat","embeddable":true,"href":"https:\/\/phucma.com.vn\/congnghiep\/wp-json\/wp\/v2\/product_cat?post=5935"},{"taxonomy":"product_tag","embeddable":true,"href":"https:\/\/phucma.com.vn\/congnghiep\/wp-json\/wp\/v2\/product_tag?post=5935"}],"curies":[{"name":"wp","href":"https:\/\/api.w.org\/{rel}","templated":true}]}}