
{"id":5608,"date":"2025-01-23T16:55:30","date_gmt":"2025-01-23T09:55:30","guid":{"rendered":"https:\/\/phucma.com.vn\/congnghiep\/?post_type=product&#038;p=5608"},"modified":"2025-11-09T14:50:59","modified_gmt":"2025-11-09T07:50:59","slug":"but-chong-nuoc-artline-ekpr-plm","status":"publish","type":"product","link":"https:\/\/phucma.com.vn\/congnghiep\/product\/but-chong-nuoc-artline-ekpr-plm\/","title":{"rendered":"B\u00fat ch\u1ed1ng n\u01b0\u1edbc Artline EKPR-PLM"},"content":{"rendered":"<p>RoHS, MSDS, ChemSHERPA, REACH, Japia, SVHC\u2026 l\u00e0 m\u1ed9t trong nh\u1eefng ch\u1ee9ng nh\u1eadn quan tr\u1ecdng \u0111\u00f3ng vai tr\u00f2 then ch\u1ed1t trong vi\u1ec7c ki\u1ec3m so\u00e1t c\u00e1c ch\u1ea5t \u0111\u1ed9c h\u1ea1i trong s\u1ea3n ph\u1ea9m. Ng\u01b0\u1eddi d\u00f9ng c\u00f3 th\u1ec3 y\u00ean t\u00e2m r\u1eb1ng s\u1ea3n ph\u1ea9m c\u1ee7a Artline kh\u00f4ng ch\u1ee9a h\u00f3a ch\u1ea5t \u0111\u1ed9c h\u1ea1i, an to\u00e0n cho s\u1ee9c kh\u1ecfe con ng\u01b0\u1eddi v\u00e0 th\u00e2n thi\u1ec7n h\u01a1n v\u1edbi m\u00f4i tr\u01b0\u1eddng m\u00e0 nhi\u1ec1u s\u1ea3n ph\u1ea9m c\u00f4ng nghi\u1ec7p c\u1ee7a Artline \u0111\u00e3 \u0111\u1ea1t \u0111\u01b0\u1ee3c.<\/p>\n","protected":false},"excerpt":{"rendered":"<p>B\u00fat ch\u1ed1ng n\u01b0\u1edbc Artline EKPR-PLM \u0111\u01b0\u1ee3c thi\u1ebft k\u1ebf \u0111\u1eb7c bi\u1ec7t vi\u1ebft tr\u1ef1c ti\u1ebfp l\u00ean h\u1ea7u h\u1ebft c\u00e1c b\u1ec1 m\u1eb7t \u1ea9m \u01b0\u1edbt, m\u1ef1c kh\u00f4 ngay l\u1eb7p t\u1ee9c m\u00e0 kh\u00f4ng b\u1ecb lem nh\u00f2e. Th\u01b0\u1eddng \u0111\u01b0\u1ee3c s\u1eed \u0111\u1ec3 vi\u1ebft \u0111\u00e1nh d\u1ea5u l\u00ean \u0111\u01b0\u1eddng \u1ed1ng, kim lo\u1ea1i, nh\u1ef1a, c\u00e1c b\u1ec1 m\u1eb7t \u1ea9m \u01b0\u1edbt,..<\/p>\n<p>M\u00e3 h\u00e0ng EKPR-PLM<br \/>\nNg\u00f2i b\u00fat 1.5 mm<br \/>\nH\u1ed9p c\u00f3 12 c\u00e2y<br \/>\nM\u00e0u s\u1eafc: \u0111en, \u0111\u1ecf<br \/>\nXu\u1ea5t x\u1ee9: Nh\u1eadt B\u1ea3n<br \/>\nS\u1ea3n xu\u1ea5t: Nh\u00e0 m\u00e1y Shachihata Japan t\u1ea1i Malaysia<\/p>\n","protected":false},"featured_media":8099,"template":"","meta":{"_acf_changed":false},"product_brand":[212],"product_cat":[714,712,687,701,699,713,711,709,710,741,740,729,725],"product_tag":[937,943,944,939,155,154],"class_list":{"0":"post-5608","1":"product","2":"type-product","3":"status-publish","4":"has-post-thumbnail","6":"product_brand-artline","7":"product_cat-dong-san-pham-artline-japan","8":"product_cat-chong-lem-nuoc","9":"product_cat-dong-but-long-dau","10":"product_cat-dong-muc-dye-stuff","11":"product_cat-dong-muc-goc-dau","12":"product_cat-dung-moi-vat-lieu","13":"product_cat-dung-tren-giay","14":"product_cat-dung-tren-kim-loai","15":"product_cat-dung-tren-nhua","16":"product_cat-dung-trong-nha-may","17":"product_cat-dung-trong-nha-xuong","18":"product_cat-hien-ro-tren-nen-sang","19":"product_cat-ngoi-tron","20":"product_tag-but-diy","21":"product_tag-but-viet-am-uot","22":"product_tag-but-viet-duoi-nuoc","23":"product_tag-but-danh-dau-khong-phai","24":"product_tag-ekpr-plm","25":"product_tag-ekprplm","27":"first","28":"instock","29":"taxable","30":"shipping-taxable","31":"purchasable","32":"product-type-variable"},"acf":[],"yoast_head":"<!-- This site is optimized with the Yoast SEO Premium plugin v24.4 (Yoast SEO v26.4) - https:\/\/yoast.com\/wordpress\/plugins\/seo\/ -->\n<title>B\u00fat ch\u1ed1ng n\u01b0\u1edbc Artline EKPR-PLM - C\u00f4ng Ty TNHH Th\u01b0\u01a1ng M\u1ea1i PH\u00daC M\u00c3<\/title>\n<meta name=\"robots\" content=\"index, follow, max-snippet:-1, max-image-preview:large, max-video-preview:-1\" \/>\n<link rel=\"canonical\" href=\"https:\/\/phucma.com.vn\/congnghiep\/product\/but-chong-nuoc-artline-ekpr-plm\/\" \/>\n<meta property=\"og:locale\" content=\"vi_VN\" \/>\n<meta property=\"og:type\" content=\"article\" \/>\n<meta property=\"og:title\" content=\"B\u00fat ch\u1ed1ng n\u01b0\u1edbc Artline EKPR-PLM\" \/>\n<meta property=\"og:description\" content=\"B\u00fat ch\u1ed1ng n\u01b0\u1edbc Artline EKPR-PLM \u0111\u01b0\u1ee3c thi\u1ebft k\u1ebf \u0111\u1eb7c bi\u1ec7t vi\u1ebft tr\u1ef1c ti\u1ebfp l\u00ean h\u1ea7u h\u1ebft c\u00e1c b\u1ec1 m\u1eb7t \u1ea9m \u01b0\u1edbt, m\u1ef1c kh\u00f4 ngay l\u1eb7p t\u1ee9c m\u00e0 kh\u00f4ng b\u1ecb lem nh\u00f2e. Th\u01b0\u1eddng \u0111\u01b0\u1ee3c s\u1eed \u0111\u1ec3 vi\u1ebft \u0111\u00e1nh d\u1ea5u l\u00ean \u0111\u01b0\u1eddng \u1ed1ng, kim lo\u1ea1i, nh\u1ef1a, c\u00e1c b\u1ec1 m\u1eb7t \u1ea9m \u01b0\u1edbt,..  M\u00e3 h\u00e0ng EKPR-PLM Ng\u00f2i b\u00fat 1.5 mm H\u1ed9p c\u00f3 12 c\u00e2y M\u00e0u s\u1eafc: \u0111en, \u0111\u1ecf Xu\u1ea5t x\u1ee9: Nh\u1eadt B\u1ea3n S\u1ea3n xu\u1ea5t: Nh\u00e0 m\u00e1y Shachihata Japan t\u1ea1i Malaysia\" \/>\n<meta property=\"og:url\" content=\"https:\/\/phucma.com.vn\/congnghiep\/product\/but-chong-nuoc-artline-ekpr-plm\/\" \/>\n<meta property=\"og:site_name\" content=\"C\u00f4ng Ty TNHH Th\u01b0\u01a1ng M\u1ea1i PH\u00daC M\u00c3\" \/>\n<meta property=\"article:publisher\" content=\"https:\/\/www.facebook.com\/artline.vn\" \/>\n<meta property=\"article:modified_time\" content=\"2025-11-09T07:50:59+00:00\" \/>\n<meta property=\"og:image\" content=\"https:\/\/phucma.com.vn\/congnghiep\/wp-content\/uploads\/2025\/01\/but-viet-tren-nuoc-min.jpg\" \/>\n\t<meta property=\"og:image:width\" content=\"453\" \/>\n\t<meta property=\"og:image:height\" content=\"453\" \/>\n\t<meta property=\"og:image:type\" content=\"image\/jpeg\" \/>\n<meta name=\"twitter:card\" content=\"summary_large_image\" \/>\n<meta name=\"twitter:label1\" content=\"Kh\u1ea3 d\u1ee5ng\" \/>\n\t<meta name=\"twitter:data1\" content=\"Trong kho\" \/>\n<script type=\"application\/ld+json\" class=\"yoast-schema-graph\">{\"@context\":\"https:\/\/schema.org\",\"@graph\":[{\"@type\":\"WebPage\",\"@id\":\"https:\/\/phucma.com.vn\/congnghiep\/product\/but-chong-nuoc-artline-ekpr-plm\/\",\"url\":\"https:\/\/phucma.com.vn\/congnghiep\/product\/but-chong-nuoc-artline-ekpr-plm\/\",\"name\":\"B\u00fat ch\u1ed1ng n\u01b0\u1edbc Artline EKPR-PLM - C\u00f4ng Ty TNHH Th\u01b0\u01a1ng M\u1ea1i PH\u00daC M\u00c3\",\"isPartOf\":{\"@id\":\"https:\/\/phucma.com.vn\/congnghiep\/#website\"},\"primaryImageOfPage\":{\"@id\":\"https:\/\/phucma.com.vn\/congnghiep\/product\/but-chong-nuoc-artline-ekpr-plm\/#primaryimage\"},\"image\":{\"@id\":\"https:\/\/phucma.com.vn\/congnghiep\/product\/but-chong-nuoc-artline-ekpr-plm\/#primaryimage\"},\"thumbnailUrl\":\"https:\/\/phucma.com.vn\/congnghiep\/wp-content\/uploads\/2025\/01\/but-viet-tren-nuoc-min.jpg\",\"datePublished\":\"2025-01-23T09:55:30+00:00\",\"dateModified\":\"2025-11-09T07:50:59+00:00\",\"breadcrumb\":{\"@id\":\"https:\/\/phucma.com.vn\/congnghiep\/product\/but-chong-nuoc-artline-ekpr-plm\/#breadcrumb\"},\"inLanguage\":\"vi\",\"potentialAction\":[{\"@type\":\"ReadAction\",\"target\":[\"https:\/\/phucma.com.vn\/congnghiep\/product\/but-chong-nuoc-artline-ekpr-plm\/\"]}]},{\"@type\":\"ImageObject\",\"inLanguage\":\"vi\",\"@id\":\"https:\/\/phucma.com.vn\/congnghiep\/product\/but-chong-nuoc-artline-ekpr-plm\/#primaryimage\",\"url\":\"https:\/\/phucma.com.vn\/congnghiep\/wp-content\/uploads\/2025\/01\/but-viet-tren-nuoc-min.jpg\",\"contentUrl\":\"https:\/\/phucma.com.vn\/congnghiep\/wp-content\/uploads\/2025\/01\/but-viet-tren-nuoc-min.jpg\",\"width\":453,\"height\":453},{\"@type\":\"BreadcrumbList\",\"@id\":\"https:\/\/phucma.com.vn\/congnghiep\/product\/but-chong-nuoc-artline-ekpr-plm\/#breadcrumb\",\"itemListElement\":[{\"@type\":\"ListItem\",\"position\":1,\"name\":\"Home\",\"item\":\"https:\/\/phucma.com.vn\/congnghiep\/\"},{\"@type\":\"ListItem\",\"position\":2,\"name\":\"C\u1eeda h\u00e0ng\",\"item\":\"https:\/\/phucma.com.vn\/congnghiep\/shop\/\"},{\"@type\":\"ListItem\",\"position\":3,\"name\":\"B\u00fat ch\u1ed1ng n\u01b0\u1edbc Artline EKPR-PLM\"}]},{\"@type\":\"WebSite\",\"@id\":\"https:\/\/phucma.com.vn\/congnghiep\/#website\",\"url\":\"https:\/\/phucma.com.vn\/congnghiep\/\",\"name\":\"C\u00f4ng ty Ph\u00fac M\u00e3\",\"description\":\"S\u1ea3n ph\u1ea9m c\u00f4ng nghi\u1ec7p d\u00e0nh cho nh\u00e0 m\u00e1y\",\"publisher\":{\"@id\":\"https:\/\/phucma.com.vn\/congnghiep\/#organization\"},\"alternateName\":\"CTy Ph\u00fac M\u00e3\",\"potentialAction\":[{\"@type\":\"SearchAction\",\"target\":{\"@type\":\"EntryPoint\",\"urlTemplate\":\"https:\/\/phucma.com.vn\/congnghiep\/?s={search_term_string}\"},\"query-input\":{\"@type\":\"PropertyValueSpecification\",\"valueRequired\":true,\"valueName\":\"search_term_string\"}}],\"inLanguage\":\"vi\"},{\"@type\":\"Organization\",\"@id\":\"https:\/\/phucma.com.vn\/congnghiep\/#organization\",\"name\":\"CTY PH\u00daC M\u00c3\",\"alternateName\":\"C\u00f4ng ty TNHH TM Ph\u00fac M\u00e3\",\"url\":\"https:\/\/phucma.com.vn\/congnghiep\/\",\"logo\":{\"@type\":\"ImageObject\",\"inLanguage\":\"vi\",\"@id\":\"https:\/\/phucma.com.vn\/congnghiep\/#\/schema\/logo\/image\/\",\"url\":\"https:\/\/phucma.com.vn\/congnghiep\/wp-content\/uploads\/2025\/01\/cropped-cropped-logo-cty-phuc-ma-11.png\",\"contentUrl\":\"https:\/\/phucma.com.vn\/congnghiep\/wp-content\/uploads\/2025\/01\/cropped-cropped-logo-cty-phuc-ma-11.png\",\"width\":256,\"height\":191,\"caption\":\"CTY PH\u00daC M\u00c3\"},\"image\":{\"@id\":\"https:\/\/phucma.com.vn\/congnghiep\/#\/schema\/logo\/image\/\"},\"sameAs\":[\"https:\/\/www.facebook.com\/artline.vn\"],\"description\":\"CTY PHUC MA - 20 n\u0103m chuy\u00ean cung c\u1ea5p c\u00e1c s\u1ea3n ph\u1ea9m b\u00fat, m\u1ef1c, d\u1ea5u c\u00f4ng nghi\u1ec7p cho h\u01a1n 1000 nh\u00e0 m\u00e1y kh\u1eafp c\u00e1c khu c\u00f4ng nghi\u1ec7p tr\u00ean c\u1ea3 n\u01b0\u1edbc\",\"email\":\"info@phucma.com.vn\",\"telephone\":\"02835140805\",\"legalName\":\"C\u00f4ng ty TNHH Th\u01b0\u01a1ng M\u1ea1i Ph\u00fac M\u00e3\",\"vatID\":\"0303490755\",\"numberOfEmployees\":{\"@type\":\"QuantitativeValue\",\"minValue\":\"51\",\"maxValue\":\"200\"}}]}<\/script>\n<meta property=\"product:brand\" content=\"Artline\" \/>\n<meta property=\"og:availability\" content=\"instock\" \/>\n<meta property=\"product:availability\" content=\"instock\" \/>\n<meta property=\"product:retailer_item_id\" content=\"EKPR-PLM\" \/>\n<meta property=\"product:condition\" content=\"new\" \/>\n<!-- \/ Yoast SEO Premium plugin. -->","yoast_head_json":{"title":"B\u00fat ch\u1ed1ng n\u01b0\u1edbc Artline EKPR-PLM - C\u00f4ng Ty TNHH Th\u01b0\u01a1ng M\u1ea1i PH\u00daC M\u00c3","robots":{"index":"index","follow":"follow","max-snippet":"max-snippet:-1","max-image-preview":"max-image-preview:large","max-video-preview":"max-video-preview:-1"},"canonical":"https:\/\/phucma.com.vn\/congnghiep\/product\/but-chong-nuoc-artline-ekpr-plm\/","og_locale":"vi_VN","og_type":"article","og_title":"B\u00fat ch\u1ed1ng n\u01b0\u1edbc Artline EKPR-PLM","og_description":"B\u00fat ch\u1ed1ng n\u01b0\u1edbc Artline EKPR-PLM \u0111\u01b0\u1ee3c thi\u1ebft k\u1ebf \u0111\u1eb7c bi\u1ec7t vi\u1ebft tr\u1ef1c ti\u1ebfp l\u00ean h\u1ea7u h\u1ebft c\u00e1c b\u1ec1 m\u1eb7t \u1ea9m \u01b0\u1edbt, m\u1ef1c kh\u00f4 ngay l\u1eb7p t\u1ee9c m\u00e0 kh\u00f4ng b\u1ecb lem nh\u00f2e. Th\u01b0\u1eddng \u0111\u01b0\u1ee3c s\u1eed \u0111\u1ec3 vi\u1ebft \u0111\u00e1nh d\u1ea5u l\u00ean \u0111\u01b0\u1eddng \u1ed1ng, kim lo\u1ea1i, nh\u1ef1a, c\u00e1c b\u1ec1 m\u1eb7t \u1ea9m \u01b0\u1edbt,..  M\u00e3 h\u00e0ng EKPR-PLM Ng\u00f2i b\u00fat 1.5 mm H\u1ed9p c\u00f3 12 c\u00e2y M\u00e0u s\u1eafc: \u0111en, \u0111\u1ecf Xu\u1ea5t x\u1ee9: Nh\u1eadt B\u1ea3n S\u1ea3n xu\u1ea5t: Nh\u00e0 m\u00e1y Shachihata Japan t\u1ea1i Malaysia","og_url":"https:\/\/phucma.com.vn\/congnghiep\/product\/but-chong-nuoc-artline-ekpr-plm\/","og_site_name":"C\u00f4ng Ty TNHH Th\u01b0\u01a1ng M\u1ea1i PH\u00daC M\u00c3","article_publisher":"https:\/\/www.facebook.com\/artline.vn","article_modified_time":"2025-11-09T07:50:59+00:00","og_image":[{"width":453,"height":453,"url":"https:\/\/phucma.com.vn\/congnghiep\/wp-content\/uploads\/2025\/01\/but-viet-tren-nuoc-min.jpg","type":"image\/jpeg"}],"twitter_card":"summary_large_image","twitter_misc":{"Kh\u1ea3 d\u1ee5ng":"Trong kho"},"schema":{"@context":"https:\/\/schema.org","@graph":[{"@type":"WebPage","@id":"https:\/\/phucma.com.vn\/congnghiep\/product\/but-chong-nuoc-artline-ekpr-plm\/","url":"https:\/\/phucma.com.vn\/congnghiep\/product\/but-chong-nuoc-artline-ekpr-plm\/","name":"B\u00fat ch\u1ed1ng n\u01b0\u1edbc Artline EKPR-PLM - C\u00f4ng Ty TNHH Th\u01b0\u01a1ng M\u1ea1i PH\u00daC M\u00c3","isPartOf":{"@id":"https:\/\/phucma.com.vn\/congnghiep\/#website"},"primaryImageOfPage":{"@id":"https:\/\/phucma.com.vn\/congnghiep\/product\/but-chong-nuoc-artline-ekpr-plm\/#primaryimage"},"image":{"@id":"https:\/\/phucma.com.vn\/congnghiep\/product\/but-chong-nuoc-artline-ekpr-plm\/#primaryimage"},"thumbnailUrl":"https:\/\/phucma.com.vn\/congnghiep\/wp-content\/uploads\/2025\/01\/but-viet-tren-nuoc-min.jpg","datePublished":"2025-01-23T09:55:30+00:00","dateModified":"2025-11-09T07:50:59+00:00","breadcrumb":{"@id":"https:\/\/phucma.com.vn\/congnghiep\/product\/but-chong-nuoc-artline-ekpr-plm\/#breadcrumb"},"inLanguage":"vi","potentialAction":[{"@type":"ReadAction","target":["https:\/\/phucma.com.vn\/congnghiep\/product\/but-chong-nuoc-artline-ekpr-plm\/"]}]},{"@type":"ImageObject","inLanguage":"vi","@id":"https:\/\/phucma.com.vn\/congnghiep\/product\/but-chong-nuoc-artline-ekpr-plm\/#primaryimage","url":"https:\/\/phucma.com.vn\/congnghiep\/wp-content\/uploads\/2025\/01\/but-viet-tren-nuoc-min.jpg","contentUrl":"https:\/\/phucma.com.vn\/congnghiep\/wp-content\/uploads\/2025\/01\/but-viet-tren-nuoc-min.jpg","width":453,"height":453},{"@type":"BreadcrumbList","@id":"https:\/\/phucma.com.vn\/congnghiep\/product\/but-chong-nuoc-artline-ekpr-plm\/#breadcrumb","itemListElement":[{"@type":"ListItem","position":1,"name":"Home","item":"https:\/\/phucma.com.vn\/congnghiep\/"},{"@type":"ListItem","position":2,"name":"C\u1eeda h\u00e0ng","item":"https:\/\/phucma.com.vn\/congnghiep\/shop\/"},{"@type":"ListItem","position":3,"name":"B\u00fat ch\u1ed1ng n\u01b0\u1edbc Artline EKPR-PLM"}]},{"@type":"WebSite","@id":"https:\/\/phucma.com.vn\/congnghiep\/#website","url":"https:\/\/phucma.com.vn\/congnghiep\/","name":"C\u00f4ng ty Ph\u00fac M\u00e3","description":"S\u1ea3n ph\u1ea9m c\u00f4ng nghi\u1ec7p d\u00e0nh cho nh\u00e0 m\u00e1y","publisher":{"@id":"https:\/\/phucma.com.vn\/congnghiep\/#organization"},"alternateName":"CTy Ph\u00fac M\u00e3","potentialAction":[{"@type":"SearchAction","target":{"@type":"EntryPoint","urlTemplate":"https:\/\/phucma.com.vn\/congnghiep\/?s={search_term_string}"},"query-input":{"@type":"PropertyValueSpecification","valueRequired":true,"valueName":"search_term_string"}}],"inLanguage":"vi"},{"@type":"Organization","@id":"https:\/\/phucma.com.vn\/congnghiep\/#organization","name":"CTY PH\u00daC M\u00c3","alternateName":"C\u00f4ng ty TNHH TM Ph\u00fac M\u00e3","url":"https:\/\/phucma.com.vn\/congnghiep\/","logo":{"@type":"ImageObject","inLanguage":"vi","@id":"https:\/\/phucma.com.vn\/congnghiep\/#\/schema\/logo\/image\/","url":"https:\/\/phucma.com.vn\/congnghiep\/wp-content\/uploads\/2025\/01\/cropped-cropped-logo-cty-phuc-ma-11.png","contentUrl":"https:\/\/phucma.com.vn\/congnghiep\/wp-content\/uploads\/2025\/01\/cropped-cropped-logo-cty-phuc-ma-11.png","width":256,"height":191,"caption":"CTY PH\u00daC M\u00c3"},"image":{"@id":"https:\/\/phucma.com.vn\/congnghiep\/#\/schema\/logo\/image\/"},"sameAs":["https:\/\/www.facebook.com\/artline.vn"],"description":"CTY PHUC MA - 20 n\u0103m chuy\u00ean cung c\u1ea5p c\u00e1c s\u1ea3n ph\u1ea9m b\u00fat, m\u1ef1c, d\u1ea5u c\u00f4ng nghi\u1ec7p cho h\u01a1n 1000 nh\u00e0 m\u00e1y kh\u1eafp c\u00e1c khu c\u00f4ng nghi\u1ec7p tr\u00ean c\u1ea3 n\u01b0\u1edbc","email":"info@phucma.com.vn","telephone":"02835140805","legalName":"C\u00f4ng ty TNHH Th\u01b0\u01a1ng M\u1ea1i Ph\u00fac M\u00e3","vatID":"0303490755","numberOfEmployees":{"@type":"QuantitativeValue","minValue":"51","maxValue":"200"}}]},"product_brand":"Artline","og_availability":"instock","product_availability":"instock","product_retailer_item_id":"EKPR-PLM","product_condition":"new"},"_links":{"self":[{"href":"https:\/\/phucma.com.vn\/congnghiep\/wp-json\/wp\/v2\/product\/5608","targetHints":{"allow":["GET"]}}],"collection":[{"href":"https:\/\/phucma.com.vn\/congnghiep\/wp-json\/wp\/v2\/product"}],"about":[{"href":"https:\/\/phucma.com.vn\/congnghiep\/wp-json\/wp\/v2\/types\/product"}],"wp:featuredmedia":[{"embeddable":true,"href":"https:\/\/phucma.com.vn\/congnghiep\/wp-json\/wp\/v2\/media\/8099"}],"wp:attachment":[{"href":"https:\/\/phucma.com.vn\/congnghiep\/wp-json\/wp\/v2\/media?parent=5608"}],"wp:term":[{"taxonomy":"product_brand","embeddable":true,"href":"https:\/\/phucma.com.vn\/congnghiep\/wp-json\/wp\/v2\/product_brand?post=5608"},{"taxonomy":"product_cat","embeddable":true,"href":"https:\/\/phucma.com.vn\/congnghiep\/wp-json\/wp\/v2\/product_cat?post=5608"},{"taxonomy":"product_tag","embeddable":true,"href":"https:\/\/phucma.com.vn\/congnghiep\/wp-json\/wp\/v2\/product_tag?post=5608"}],"curies":[{"name":"wp","href":"https:\/\/api.w.org\/{rel}","templated":true}]}}