
{"id":5212,"date":"2025-01-20T04:09:40","date_gmt":"2025-01-20T04:09:40","guid":{"rendered":"https:\/\/phucma.com.vn\/congnghiep\/?post_type=product&#038;p=5212"},"modified":"2025-11-09T14:50:56","modified_gmt":"2025-11-09T07:50:56","slug":"but-da-quang-artline-ek-660-gam-mau-pastel","status":"publish","type":"product","link":"https:\/\/phucma.com.vn\/congnghiep\/product\/but-da-quang-artline-ek-660-gam-mau-pastel\/","title":{"rendered":"B\u00fat d\u1ea1 quang Pastel Artline EK-660P"},"content":{"rendered":"","protected":false},"excerpt":{"rendered":"<p>B\u00fat d\u1ea1 quang Artline EK-660 gam m\u00e0u Pastel n\u1ed5i b\u1eadt, t\u01b0\u01a1i s\u00e1ng vi\u1ebft nh\u1eb9 nh\u00e0ng tr\u00ean gi\u1ea5y, kh\u00f4ng g\u00e2y hi\u1ec7n t\u01b0\u1ee3ng m\u1ecfi m\u1eaft. M\u1ef1c b\u00fat d\u1ea1 quang \u0111\u1eb9p v\u00e0 nhi\u1ec1u m\u00e0u, nhanh kh\u00f4, \u0111\u1eb7c bi\u1ec7t kh\u00f4ng l\u00e0m nh\u00f2e n\u1ed9i dung g\u1ed1c<\/p>\n","protected":false},"featured_media":7994,"template":"","meta":{"_acf_changed":false},"product_brand":[212],"product_cat":[714,690,733,697,701,698,711,738,737,729,724],"product_tag":[881,877,872,875,876,879,878,880,873,874],"class_list":{"0":"post-5212","1":"product","2":"type-product","3":"status-publish","4":"has-post-thumbnail","6":"product_brand-artline","7":"product_cat-dong-san-pham-artline-japan","8":"product_cat-dong-but-da-quang","9":"product_cat-dong-but-mau-ve","10":"product_cat-dong-but-to-mau","11":"product_cat-dong-muc-dye-stuff","12":"product_cat-dong-muc-goc-nuoc","13":"product_cat-dung-tren-giay","14":"product_cat-dung-trong-truong-hoc","15":"product_cat-dung-trong-van-phong","16":"product_cat-hien-ro-tren-nen-sang","17":"product_cat-ngoi-det","18":"product_tag-but-da-quang-12-cay","19":"product_tag-but-da-quang-hoc-sinh","20":"product_tag-but-da-quang-mau-pastel","21":"product_tag-but-da-quang-mau-sang","22":"product_tag-but-da-quang-nhieu-mau","23":"product_tag-but-da-quang-to-mau","24":"product_tag-but-da-quang-van-phong","25":"product_tag-but-da-quang-danh-dau","26":"product_tag-but-highlight-pastel","27":"product_tag-but-nho-dong-pastel","29":"first","30":"instock","31":"featured","32":"taxable","33":"shipping-taxable","34":"purchasable","35":"product-type-variable"},"acf":[],"yoast_head":"<!-- This site is optimized with the Yoast SEO Premium plugin v24.4 (Yoast SEO v26.4) - https:\/\/yoast.com\/wordpress\/plugins\/seo\/ -->\n<title>B\u00fat d\u1ea1 quang Pastel Artline EK-660P - C\u00f4ng Ty TNHH Th\u01b0\u01a1ng M\u1ea1i PH\u00daC M\u00c3<\/title>\n<meta name=\"robots\" content=\"index, follow, max-snippet:-1, max-image-preview:large, max-video-preview:-1\" \/>\n<link rel=\"canonical\" href=\"https:\/\/phucma.com.vn\/congnghiep\/product\/but-da-quang-artline-ek-660-gam-mau-pastel\/\" \/>\n<meta property=\"og:locale\" content=\"vi_VN\" \/>\n<meta property=\"og:type\" content=\"article\" \/>\n<meta property=\"og:title\" content=\"B\u00fat d\u1ea1 quang Pastel Artline EK-660P\" \/>\n<meta property=\"og:description\" content=\"B\u00fat d\u1ea1 quang Artline EK-660 gam m\u00e0u Pastel n\u1ed5i b\u1eadt, t\u01b0\u01a1i s\u00e1ng vi\u1ebft nh\u1eb9 nh\u00e0ng tr\u00ean gi\u1ea5y, kh\u00f4ng g\u00e2y hi\u1ec7n t\u01b0\u1ee3ng m\u1ecfi m\u1eaft. M\u1ef1c b\u00fat d\u1ea1 quang \u0111\u1eb9p v\u00e0 nhi\u1ec1u m\u00e0u, nhanh kh\u00f4, \u0111\u1eb7c bi\u1ec7t kh\u00f4ng l\u00e0m nh\u00f2e n\u1ed9i dung g\u1ed1c\" \/>\n<meta property=\"og:url\" content=\"https:\/\/phucma.com.vn\/congnghiep\/product\/but-da-quang-artline-ek-660-gam-mau-pastel\/\" \/>\n<meta property=\"og:site_name\" content=\"C\u00f4ng Ty TNHH Th\u01b0\u01a1ng M\u1ea1i PH\u00daC M\u00c3\" \/>\n<meta property=\"article:publisher\" content=\"https:\/\/www.facebook.com\/artline.vn\" \/>\n<meta property=\"article:modified_time\" content=\"2025-11-09T07:50:56+00:00\" \/>\n<meta property=\"og:image\" content=\"https:\/\/phucma.com.vn\/congnghiep\/wp-content\/uploads\/2025\/01\/ek-660-pastel-but-da-quang-artline-2-min.jpg\" \/>\n\t<meta property=\"og:image:width\" content=\"720\" \/>\n\t<meta property=\"og:image:height\" content=\"720\" \/>\n\t<meta property=\"og:image:type\" content=\"image\/jpeg\" \/>\n<meta name=\"twitter:card\" content=\"summary_large_image\" \/>\n<meta name=\"twitter:label1\" content=\"Kh\u1ea3 d\u1ee5ng\" \/>\n\t<meta name=\"twitter:data1\" content=\"Trong kho\" \/>\n<script type=\"application\/ld+json\" class=\"yoast-schema-graph\">{\"@context\":\"https:\/\/schema.org\",\"@graph\":[{\"@type\":\"WebPage\",\"@id\":\"https:\/\/phucma.com.vn\/congnghiep\/product\/but-da-quang-artline-ek-660-gam-mau-pastel\/\",\"url\":\"https:\/\/phucma.com.vn\/congnghiep\/product\/but-da-quang-artline-ek-660-gam-mau-pastel\/\",\"name\":\"B\u00fat d\u1ea1 quang Pastel Artline EK-660P - C\u00f4ng Ty TNHH Th\u01b0\u01a1ng M\u1ea1i PH\u00daC M\u00c3\",\"isPartOf\":{\"@id\":\"https:\/\/phucma.com.vn\/congnghiep\/#website\"},\"primaryImageOfPage\":{\"@id\":\"https:\/\/phucma.com.vn\/congnghiep\/product\/but-da-quang-artline-ek-660-gam-mau-pastel\/#primaryimage\"},\"image\":{\"@id\":\"https:\/\/phucma.com.vn\/congnghiep\/product\/but-da-quang-artline-ek-660-gam-mau-pastel\/#primaryimage\"},\"thumbnailUrl\":\"https:\/\/phucma.com.vn\/congnghiep\/wp-content\/uploads\/2025\/01\/ek-660-pastel-but-da-quang-artline-2-min.jpg\",\"datePublished\":\"2025-01-20T04:09:40+00:00\",\"dateModified\":\"2025-11-09T07:50:56+00:00\",\"breadcrumb\":{\"@id\":\"https:\/\/phucma.com.vn\/congnghiep\/product\/but-da-quang-artline-ek-660-gam-mau-pastel\/#breadcrumb\"},\"inLanguage\":\"vi\",\"potentialAction\":[{\"@type\":\"ReadAction\",\"target\":[\"https:\/\/phucma.com.vn\/congnghiep\/product\/but-da-quang-artline-ek-660-gam-mau-pastel\/\"]}]},{\"@type\":\"ImageObject\",\"inLanguage\":\"vi\",\"@id\":\"https:\/\/phucma.com.vn\/congnghiep\/product\/but-da-quang-artline-ek-660-gam-mau-pastel\/#primaryimage\",\"url\":\"https:\/\/phucma.com.vn\/congnghiep\/wp-content\/uploads\/2025\/01\/ek-660-pastel-but-da-quang-artline-2-min.jpg\",\"contentUrl\":\"https:\/\/phucma.com.vn\/congnghiep\/wp-content\/uploads\/2025\/01\/ek-660-pastel-but-da-quang-artline-2-min.jpg\",\"width\":720,\"height\":720},{\"@type\":\"BreadcrumbList\",\"@id\":\"https:\/\/phucma.com.vn\/congnghiep\/product\/but-da-quang-artline-ek-660-gam-mau-pastel\/#breadcrumb\",\"itemListElement\":[{\"@type\":\"ListItem\",\"position\":1,\"name\":\"Home\",\"item\":\"https:\/\/phucma.com.vn\/congnghiep\/\"},{\"@type\":\"ListItem\",\"position\":2,\"name\":\"C\u1eeda h\u00e0ng\",\"item\":\"https:\/\/phucma.com.vn\/congnghiep\/shop\/\"},{\"@type\":\"ListItem\",\"position\":3,\"name\":\"B\u00fat d\u1ea1 quang Pastel Artline EK-660P\"}]},{\"@type\":\"WebSite\",\"@id\":\"https:\/\/phucma.com.vn\/congnghiep\/#website\",\"url\":\"https:\/\/phucma.com.vn\/congnghiep\/\",\"name\":\"C\u00f4ng ty Ph\u00fac M\u00e3\",\"description\":\"S\u1ea3n ph\u1ea9m c\u00f4ng nghi\u1ec7p d\u00e0nh cho nh\u00e0 m\u00e1y\",\"publisher\":{\"@id\":\"https:\/\/phucma.com.vn\/congnghiep\/#organization\"},\"alternateName\":\"CTy Ph\u00fac M\u00e3\",\"potentialAction\":[{\"@type\":\"SearchAction\",\"target\":{\"@type\":\"EntryPoint\",\"urlTemplate\":\"https:\/\/phucma.com.vn\/congnghiep\/?s={search_term_string}\"},\"query-input\":{\"@type\":\"PropertyValueSpecification\",\"valueRequired\":true,\"valueName\":\"search_term_string\"}}],\"inLanguage\":\"vi\"},{\"@type\":\"Organization\",\"@id\":\"https:\/\/phucma.com.vn\/congnghiep\/#organization\",\"name\":\"CTY PH\u00daC M\u00c3\",\"alternateName\":\"C\u00f4ng ty TNHH TM Ph\u00fac M\u00e3\",\"url\":\"https:\/\/phucma.com.vn\/congnghiep\/\",\"logo\":{\"@type\":\"ImageObject\",\"inLanguage\":\"vi\",\"@id\":\"https:\/\/phucma.com.vn\/congnghiep\/#\/schema\/logo\/image\/\",\"url\":\"https:\/\/phucma.com.vn\/congnghiep\/wp-content\/uploads\/2025\/01\/cropped-cropped-logo-cty-phuc-ma-11.png\",\"contentUrl\":\"https:\/\/phucma.com.vn\/congnghiep\/wp-content\/uploads\/2025\/01\/cropped-cropped-logo-cty-phuc-ma-11.png\",\"width\":256,\"height\":191,\"caption\":\"CTY PH\u00daC M\u00c3\"},\"image\":{\"@id\":\"https:\/\/phucma.com.vn\/congnghiep\/#\/schema\/logo\/image\/\"},\"sameAs\":[\"https:\/\/www.facebook.com\/artline.vn\"],\"description\":\"CTY PHUC MA - 20 n\u0103m chuy\u00ean cung c\u1ea5p c\u00e1c s\u1ea3n ph\u1ea9m b\u00fat, m\u1ef1c, d\u1ea5u c\u00f4ng nghi\u1ec7p cho h\u01a1n 1000 nh\u00e0 m\u00e1y kh\u1eafp c\u00e1c khu c\u00f4ng nghi\u1ec7p tr\u00ean c\u1ea3 n\u01b0\u1edbc\",\"email\":\"info@phucma.com.vn\",\"telephone\":\"02835140805\",\"legalName\":\"C\u00f4ng ty TNHH Th\u01b0\u01a1ng M\u1ea1i Ph\u00fac M\u00e3\",\"vatID\":\"0303490755\",\"numberOfEmployees\":{\"@type\":\"QuantitativeValue\",\"minValue\":\"51\",\"maxValue\":\"200\"}}]}<\/script>\n<meta property=\"product:brand\" content=\"Artline\" \/>\n<meta property=\"og:availability\" content=\"instock\" \/>\n<meta property=\"product:availability\" content=\"instock\" \/>\n<meta property=\"product:condition\" content=\"new\" \/>\n<!-- \/ Yoast SEO Premium plugin. -->","yoast_head_json":{"title":"B\u00fat d\u1ea1 quang Pastel Artline EK-660P - C\u00f4ng Ty TNHH Th\u01b0\u01a1ng M\u1ea1i PH\u00daC M\u00c3","robots":{"index":"index","follow":"follow","max-snippet":"max-snippet:-1","max-image-preview":"max-image-preview:large","max-video-preview":"max-video-preview:-1"},"canonical":"https:\/\/phucma.com.vn\/congnghiep\/product\/but-da-quang-artline-ek-660-gam-mau-pastel\/","og_locale":"vi_VN","og_type":"article","og_title":"B\u00fat d\u1ea1 quang Pastel Artline EK-660P","og_description":"B\u00fat d\u1ea1 quang Artline EK-660 gam m\u00e0u Pastel n\u1ed5i b\u1eadt, t\u01b0\u01a1i s\u00e1ng vi\u1ebft nh\u1eb9 nh\u00e0ng tr\u00ean gi\u1ea5y, kh\u00f4ng g\u00e2y hi\u1ec7n t\u01b0\u1ee3ng m\u1ecfi m\u1eaft. M\u1ef1c b\u00fat d\u1ea1 quang \u0111\u1eb9p v\u00e0 nhi\u1ec1u m\u00e0u, nhanh kh\u00f4, \u0111\u1eb7c bi\u1ec7t kh\u00f4ng l\u00e0m nh\u00f2e n\u1ed9i dung g\u1ed1c","og_url":"https:\/\/phucma.com.vn\/congnghiep\/product\/but-da-quang-artline-ek-660-gam-mau-pastel\/","og_site_name":"C\u00f4ng Ty TNHH Th\u01b0\u01a1ng M\u1ea1i PH\u00daC M\u00c3","article_publisher":"https:\/\/www.facebook.com\/artline.vn","article_modified_time":"2025-11-09T07:50:56+00:00","og_image":[{"width":720,"height":720,"url":"https:\/\/phucma.com.vn\/congnghiep\/wp-content\/uploads\/2025\/01\/ek-660-pastel-but-da-quang-artline-2-min.jpg","type":"image\/jpeg"}],"twitter_card":"summary_large_image","twitter_misc":{"Kh\u1ea3 d\u1ee5ng":"Trong kho"},"schema":{"@context":"https:\/\/schema.org","@graph":[{"@type":"WebPage","@id":"https:\/\/phucma.com.vn\/congnghiep\/product\/but-da-quang-artline-ek-660-gam-mau-pastel\/","url":"https:\/\/phucma.com.vn\/congnghiep\/product\/but-da-quang-artline-ek-660-gam-mau-pastel\/","name":"B\u00fat d\u1ea1 quang Pastel Artline EK-660P - C\u00f4ng Ty TNHH Th\u01b0\u01a1ng M\u1ea1i PH\u00daC M\u00c3","isPartOf":{"@id":"https:\/\/phucma.com.vn\/congnghiep\/#website"},"primaryImageOfPage":{"@id":"https:\/\/phucma.com.vn\/congnghiep\/product\/but-da-quang-artline-ek-660-gam-mau-pastel\/#primaryimage"},"image":{"@id":"https:\/\/phucma.com.vn\/congnghiep\/product\/but-da-quang-artline-ek-660-gam-mau-pastel\/#primaryimage"},"thumbnailUrl":"https:\/\/phucma.com.vn\/congnghiep\/wp-content\/uploads\/2025\/01\/ek-660-pastel-but-da-quang-artline-2-min.jpg","datePublished":"2025-01-20T04:09:40+00:00","dateModified":"2025-11-09T07:50:56+00:00","breadcrumb":{"@id":"https:\/\/phucma.com.vn\/congnghiep\/product\/but-da-quang-artline-ek-660-gam-mau-pastel\/#breadcrumb"},"inLanguage":"vi","potentialAction":[{"@type":"ReadAction","target":["https:\/\/phucma.com.vn\/congnghiep\/product\/but-da-quang-artline-ek-660-gam-mau-pastel\/"]}]},{"@type":"ImageObject","inLanguage":"vi","@id":"https:\/\/phucma.com.vn\/congnghiep\/product\/but-da-quang-artline-ek-660-gam-mau-pastel\/#primaryimage","url":"https:\/\/phucma.com.vn\/congnghiep\/wp-content\/uploads\/2025\/01\/ek-660-pastel-but-da-quang-artline-2-min.jpg","contentUrl":"https:\/\/phucma.com.vn\/congnghiep\/wp-content\/uploads\/2025\/01\/ek-660-pastel-but-da-quang-artline-2-min.jpg","width":720,"height":720},{"@type":"BreadcrumbList","@id":"https:\/\/phucma.com.vn\/congnghiep\/product\/but-da-quang-artline-ek-660-gam-mau-pastel\/#breadcrumb","itemListElement":[{"@type":"ListItem","position":1,"name":"Home","item":"https:\/\/phucma.com.vn\/congnghiep\/"},{"@type":"ListItem","position":2,"name":"C\u1eeda h\u00e0ng","item":"https:\/\/phucma.com.vn\/congnghiep\/shop\/"},{"@type":"ListItem","position":3,"name":"B\u00fat d\u1ea1 quang Pastel Artline EK-660P"}]},{"@type":"WebSite","@id":"https:\/\/phucma.com.vn\/congnghiep\/#website","url":"https:\/\/phucma.com.vn\/congnghiep\/","name":"C\u00f4ng ty Ph\u00fac M\u00e3","description":"S\u1ea3n ph\u1ea9m c\u00f4ng nghi\u1ec7p d\u00e0nh cho nh\u00e0 m\u00e1y","publisher":{"@id":"https:\/\/phucma.com.vn\/congnghiep\/#organization"},"alternateName":"CTy Ph\u00fac M\u00e3","potentialAction":[{"@type":"SearchAction","target":{"@type":"EntryPoint","urlTemplate":"https:\/\/phucma.com.vn\/congnghiep\/?s={search_term_string}"},"query-input":{"@type":"PropertyValueSpecification","valueRequired":true,"valueName":"search_term_string"}}],"inLanguage":"vi"},{"@type":"Organization","@id":"https:\/\/phucma.com.vn\/congnghiep\/#organization","name":"CTY PH\u00daC M\u00c3","alternateName":"C\u00f4ng ty TNHH TM Ph\u00fac M\u00e3","url":"https:\/\/phucma.com.vn\/congnghiep\/","logo":{"@type":"ImageObject","inLanguage":"vi","@id":"https:\/\/phucma.com.vn\/congnghiep\/#\/schema\/logo\/image\/","url":"https:\/\/phucma.com.vn\/congnghiep\/wp-content\/uploads\/2025\/01\/cropped-cropped-logo-cty-phuc-ma-11.png","contentUrl":"https:\/\/phucma.com.vn\/congnghiep\/wp-content\/uploads\/2025\/01\/cropped-cropped-logo-cty-phuc-ma-11.png","width":256,"height":191,"caption":"CTY PH\u00daC M\u00c3"},"image":{"@id":"https:\/\/phucma.com.vn\/congnghiep\/#\/schema\/logo\/image\/"},"sameAs":["https:\/\/www.facebook.com\/artline.vn"],"description":"CTY PHUC MA - 20 n\u0103m chuy\u00ean cung c\u1ea5p c\u00e1c s\u1ea3n ph\u1ea9m b\u00fat, m\u1ef1c, d\u1ea5u c\u00f4ng nghi\u1ec7p cho h\u01a1n 1000 nh\u00e0 m\u00e1y kh\u1eafp c\u00e1c khu c\u00f4ng nghi\u1ec7p tr\u00ean c\u1ea3 n\u01b0\u1edbc","email":"info@phucma.com.vn","telephone":"02835140805","legalName":"C\u00f4ng ty TNHH Th\u01b0\u01a1ng M\u1ea1i Ph\u00fac M\u00e3","vatID":"0303490755","numberOfEmployees":{"@type":"QuantitativeValue","minValue":"51","maxValue":"200"}}]},"product_brand":"Artline","og_availability":"instock","product_availability":"instock","product_condition":"new"},"_links":{"self":[{"href":"https:\/\/phucma.com.vn\/congnghiep\/wp-json\/wp\/v2\/product\/5212","targetHints":{"allow":["GET"]}}],"collection":[{"href":"https:\/\/phucma.com.vn\/congnghiep\/wp-json\/wp\/v2\/product"}],"about":[{"href":"https:\/\/phucma.com.vn\/congnghiep\/wp-json\/wp\/v2\/types\/product"}],"wp:featuredmedia":[{"embeddable":true,"href":"https:\/\/phucma.com.vn\/congnghiep\/wp-json\/wp\/v2\/media\/7994"}],"wp:attachment":[{"href":"https:\/\/phucma.com.vn\/congnghiep\/wp-json\/wp\/v2\/media?parent=5212"}],"wp:term":[{"taxonomy":"product_brand","embeddable":true,"href":"https:\/\/phucma.com.vn\/congnghiep\/wp-json\/wp\/v2\/product_brand?post=5212"},{"taxonomy":"product_cat","embeddable":true,"href":"https:\/\/phucma.com.vn\/congnghiep\/wp-json\/wp\/v2\/product_cat?post=5212"},{"taxonomy":"product_tag","embeddable":true,"href":"https:\/\/phucma.com.vn\/congnghiep\/wp-json\/wp\/v2\/product_tag?post=5212"}],"curies":[{"name":"wp","href":"https:\/\/api.w.org\/{rel}","templated":true}]}}