
{"id":72168,"date":"2025-04-01T08:19:18","date_gmt":"2025-04-01T01:19:18","guid":{"rendered":"https:\/\/phucma.com.vn\/congnghiep\/?page_id=72168"},"modified":"2025-04-01T08:19:19","modified_gmt":"2025-04-01T01:19:19","slug":"cac-chinh-sach","status":"publish","type":"page","link":"https:\/\/phucma.com.vn\/congnghiep\/cac-chinh-sach\/","title":{"rendered":"C\u00e1c ch\u00ednh s\u00e1ch"},"content":{"rendered":"\n<h2 class=\"wp-block-heading\">Ch\u00ednh s\u00e1ch giao h\u00e0ng<\/h2>\n\n\n\n<p>C\u00e1c \u0111\u01a1n h\u00e0ng d\u01b0\u1edbi m\u1ed9t \u0111\u1ecbnh m\u1ee9c l\u00e0 300.000VND s\u1ebd \u0111\u01b0\u1ee3c tr\u1ee3 gi\u00e1 giao h\u00e0ng to\u00e0n qu\u1ed1c l\u00e0 20.000VND. C\u00e1c \u0111\u01a1n h\u00e0ng tr\u1ecb gi\u00e1 tr\u00ean m\u1ee9c n\u00e0y s\u1ebd \u0111\u01b0\u1ee3c mi\u1ec5n ph\u00ed giao h\u00e0ng to\u00e0n qu\u1ed1c.<\/p>\n\n\n\n<p>H\u00e0ng h\u00f3a s\u1ebd giao \u0111\u1ebfn \u0111\u1ecba ch\u1ec9 c\u1ee7a qu\u00fd kh\u00e1ch<\/p>\n\n\n\n<h2 class=\"wp-block-heading\">Ch\u00ednh s\u00e1ch \u0111\u1ed5i tr\u1ea3 h\u00e0ng h\u00f3a<\/h2>\n\n\n\n<p>H\u00e0ng h\u00f3a ch\u00fang t\u00f4i xu\u1ea5t ra kh\u1ecfi kho c\u00f3 \u0111\u1ea7y \u0111\u1ee7 c\u00e1c ch\u1ee9ng t\u1eeb h\u00f3a \u0111\u01a1n, nguy\u00ean seal. <\/p>\n\n\n\n<p><strong>Nh\u1eefng tr\u01b0\u1eddng h\u1ee3p sau s\u1ebd \u0111\u01b0\u1ee3c \u0111\u1ed5i h\u00e0ng:<\/strong><\/p>\n\n\n\n<p>H\u00e0ng h\u00f3a h\u01b0 do qu\u00e1 tr\u00ecnh v\u1eadn chuy\u1ec3n giao h\u00e0ng<\/p>\n\n\n\n<p>H\u00e0ng h\u00f3a sai so v\u1edbi \u0111\u01a1n h\u00e0ng<\/p>\n\n\n\n<p>H\u00e0ng h\u00f3a b\u1ecb l\u1ed7i k\u1ef9 thu\u1eadt t\u1eeb nh\u00e0 m\u00e1y<\/p>\n\n\n\n<p><strong>Nh\u1eefng tr\u01b0\u1eddng h\u1ee3p s\u1ebd \u0111\u01b0\u1ee3c ho\u00e0n ti\u1ec1n:<\/strong><\/p>\n\n\n\n<p>H\u00e0ng h\u00f3a kh\u00f4ng \u0111\u00fang y\u00eau c\u1ea7u v\u00e0 kh\u00f4ng c\u00f3 h\u00e0ng thay th\u1ebf<\/p>\n\n\n\n<p><\/p>\n","protected":false},"excerpt":{"rendered":"<p>Ch\u00ednh s\u00e1ch giao h\u00e0ng C\u00e1c \u0111\u01a1n h\u00e0ng d\u01b0\u1edbi m\u1ed9t \u0111\u1ecbnh m\u1ee9c l\u00e0 300.000VND s\u1ebd \u0111\u01b0\u1ee3c tr\u1ee3 gi\u00e1 giao h\u00e0ng to\u00e0n qu\u1ed1c l\u00e0 20.000VND. C\u00e1c \u0111\u01a1n h\u00e0ng tr\u1ecb gi\u00e1 tr\u00ean m\u1ee9c n\u00e0y s\u1ebd \u0111\u01b0\u1ee3c mi\u1ec5n ph\u00ed giao h\u00e0ng to\u00e0n qu\u1ed1c. H\u00e0ng h\u00f3a s\u1ebd giao \u0111\u1ebfn \u0111\u1ecba ch\u1ec9 c\u1ee7a qu\u00fd kh\u00e1ch Ch\u00ednh s\u00e1ch \u0111\u1ed5i tr\u1ea3 h\u00e0ng h\u00f3a [&hellip;]<\/p>\n","protected":false},"author":52,"featured_media":0,"parent":0,"menu_order":0,"comment_status":"closed","ping_status":"closed","template":"","meta":{"_acf_changed":false,"footnotes":""},"class_list":["post-72168","page","type-page","status-publish","hentry"],"acf":[],"yoast_head":"<!-- This site is optimized with the Yoast SEO Premium plugin v24.4 (Yoast SEO v26.4) - https:\/\/yoast.com\/wordpress\/plugins\/seo\/ -->\n<title>C\u00e1c ch\u00ednh s\u00e1ch - C\u00f4ng Ty TNHH Th\u01b0\u01a1ng M\u1ea1i PH\u00daC M\u00c3<\/title>\n<meta name=\"robots\" content=\"index, follow, max-snippet:-1, max-image-preview:large, max-video-preview:-1\" \/>\n<link rel=\"canonical\" href=\"https:\/\/phucma.com.vn\/congnghiep\/cac-chinh-sach\/\" \/>\n<meta property=\"og:locale\" content=\"vi_VN\" \/>\n<meta property=\"og:type\" content=\"article\" \/>\n<meta property=\"og:title\" content=\"C\u00e1c ch\u00ednh s\u00e1ch\" \/>\n<meta property=\"og:description\" content=\"Ch\u00ednh s\u00e1ch giao h\u00e0ng C\u00e1c \u0111\u01a1n h\u00e0ng d\u01b0\u1edbi m\u1ed9t \u0111\u1ecbnh m\u1ee9c l\u00e0 300.000VND s\u1ebd \u0111\u01b0\u1ee3c tr\u1ee3 gi\u00e1 giao h\u00e0ng to\u00e0n qu\u1ed1c l\u00e0 20.000VND. C\u00e1c \u0111\u01a1n h\u00e0ng tr\u1ecb gi\u00e1 tr\u00ean m\u1ee9c n\u00e0y s\u1ebd \u0111\u01b0\u1ee3c mi\u1ec5n ph\u00ed giao h\u00e0ng to\u00e0n qu\u1ed1c. H\u00e0ng h\u00f3a s\u1ebd giao \u0111\u1ebfn \u0111\u1ecba ch\u1ec9 c\u1ee7a qu\u00fd kh\u00e1ch Ch\u00ednh s\u00e1ch \u0111\u1ed5i tr\u1ea3 h\u00e0ng h\u00f3a [&hellip;]\" \/>\n<meta property=\"og:url\" content=\"https:\/\/phucma.com.vn\/congnghiep\/cac-chinh-sach\/\" \/>\n<meta property=\"og:site_name\" content=\"C\u00f4ng Ty TNHH Th\u01b0\u01a1ng M\u1ea1i PH\u00daC M\u00c3\" \/>\n<meta property=\"article:publisher\" content=\"https:\/\/www.facebook.com\/artline.vn\" \/>\n<meta property=\"article:modified_time\" content=\"2025-04-01T01:19:19+00:00\" \/>\n<meta property=\"og:image\" content=\"https:\/\/phucma.com.vn\/congnghiep\/wp-content\/uploads\/2025\/03\/main_01_pc.webp\" \/>\n\t<meta property=\"og:image:width\" content=\"1450\" \/>\n\t<meta property=\"og:image:height\" content=\"1070\" \/>\n\t<meta property=\"og:image:type\" content=\"image\/webp\" \/>\n<meta name=\"twitter:card\" content=\"summary_large_image\" \/>\n<meta name=\"twitter:label1\" content=\"\u01af\u1edbc t\u00ednh th\u1eddi gian \u0111\u1ecdc\" \/>\n\t<meta name=\"twitter:data1\" content=\"1 ph\u00fat\" \/>\n<script type=\"application\/ld+json\" class=\"yoast-schema-graph\">{\"@context\":\"https:\/\/schema.org\",\"@graph\":[{\"@type\":\"WebPage\",\"@id\":\"https:\/\/phucma.com.vn\/congnghiep\/cac-chinh-sach\/\",\"url\":\"https:\/\/phucma.com.vn\/congnghiep\/cac-chinh-sach\/\",\"name\":\"C\u00e1c ch\u00ednh s\u00e1ch - C\u00f4ng Ty TNHH Th\u01b0\u01a1ng M\u1ea1i PH\u00daC M\u00c3\",\"isPartOf\":{\"@id\":\"https:\/\/phucma.com.vn\/congnghiep\/#website\"},\"datePublished\":\"2025-04-01T01:19:18+00:00\",\"dateModified\":\"2025-04-01T01:19:19+00:00\",\"breadcrumb\":{\"@id\":\"https:\/\/phucma.com.vn\/congnghiep\/cac-chinh-sach\/#breadcrumb\"},\"inLanguage\":\"vi\",\"potentialAction\":[{\"@type\":\"ReadAction\",\"target\":[\"https:\/\/phucma.com.vn\/congnghiep\/cac-chinh-sach\/\"]}]},{\"@type\":\"BreadcrumbList\",\"@id\":\"https:\/\/phucma.com.vn\/congnghiep\/cac-chinh-sach\/#breadcrumb\",\"itemListElement\":[{\"@type\":\"ListItem\",\"position\":1,\"name\":\"Home\",\"item\":\"https:\/\/phucma.com.vn\/congnghiep\/\"},{\"@type\":\"ListItem\",\"position\":2,\"name\":\"C\u00e1c ch\u00ednh s\u00e1ch\"}]},{\"@type\":\"WebSite\",\"@id\":\"https:\/\/phucma.com.vn\/congnghiep\/#website\",\"url\":\"https:\/\/phucma.com.vn\/congnghiep\/\",\"name\":\"C\u00f4ng ty Ph\u00fac M\u00e3\",\"description\":\"S\u1ea3n ph\u1ea9m c\u00f4ng nghi\u1ec7p d\u00e0nh cho nh\u00e0 m\u00e1y\",\"publisher\":{\"@id\":\"https:\/\/phucma.com.vn\/congnghiep\/#organization\"},\"alternateName\":\"CTy Ph\u00fac M\u00e3\",\"potentialAction\":[{\"@type\":\"SearchAction\",\"target\":{\"@type\":\"EntryPoint\",\"urlTemplate\":\"https:\/\/phucma.com.vn\/congnghiep\/?s={search_term_string}\"},\"query-input\":{\"@type\":\"PropertyValueSpecification\",\"valueRequired\":true,\"valueName\":\"search_term_string\"}}],\"inLanguage\":\"vi\"},{\"@type\":\"Organization\",\"@id\":\"https:\/\/phucma.com.vn\/congnghiep\/#organization\",\"name\":\"CTY PH\u00daC M\u00c3\",\"alternateName\":\"C\u00f4ng ty TNHH TM Ph\u00fac M\u00e3\",\"url\":\"https:\/\/phucma.com.vn\/congnghiep\/\",\"logo\":{\"@type\":\"ImageObject\",\"inLanguage\":\"vi\",\"@id\":\"https:\/\/phucma.com.vn\/congnghiep\/#\/schema\/logo\/image\/\",\"url\":\"https:\/\/phucma.com.vn\/congnghiep\/wp-content\/uploads\/2025\/01\/cropped-cropped-logo-cty-phuc-ma-11.png\",\"contentUrl\":\"https:\/\/phucma.com.vn\/congnghiep\/wp-content\/uploads\/2025\/01\/cropped-cropped-logo-cty-phuc-ma-11.png\",\"width\":256,\"height\":191,\"caption\":\"CTY PH\u00daC M\u00c3\"},\"image\":{\"@id\":\"https:\/\/phucma.com.vn\/congnghiep\/#\/schema\/logo\/image\/\"},\"sameAs\":[\"https:\/\/www.facebook.com\/artline.vn\"],\"description\":\"CTY PHUC MA - 20 n\u0103m chuy\u00ean cung c\u1ea5p c\u00e1c s\u1ea3n ph\u1ea9m b\u00fat, m\u1ef1c, d\u1ea5u c\u00f4ng nghi\u1ec7p cho h\u01a1n 1000 nh\u00e0 m\u00e1y kh\u1eafp c\u00e1c khu c\u00f4ng nghi\u1ec7p tr\u00ean c\u1ea3 n\u01b0\u1edbc\",\"email\":\"info@phucma.com.vn\",\"telephone\":\"02835140805\",\"legalName\":\"C\u00f4ng ty TNHH Th\u01b0\u01a1ng M\u1ea1i Ph\u00fac M\u00e3\",\"vatID\":\"0303490755\",\"numberOfEmployees\":{\"@type\":\"QuantitativeValue\",\"minValue\":\"51\",\"maxValue\":\"200\"}}]}<\/script>\n<!-- \/ Yoast SEO Premium plugin. -->","yoast_head_json":{"title":"C\u00e1c ch\u00ednh s\u00e1ch - C\u00f4ng Ty TNHH Th\u01b0\u01a1ng M\u1ea1i PH\u00daC M\u00c3","robots":{"index":"index","follow":"follow","max-snippet":"max-snippet:-1","max-image-preview":"max-image-preview:large","max-video-preview":"max-video-preview:-1"},"canonical":"https:\/\/phucma.com.vn\/congnghiep\/cac-chinh-sach\/","og_locale":"vi_VN","og_type":"article","og_title":"C\u00e1c ch\u00ednh s\u00e1ch","og_description":"Ch\u00ednh s\u00e1ch giao h\u00e0ng C\u00e1c \u0111\u01a1n h\u00e0ng d\u01b0\u1edbi m\u1ed9t \u0111\u1ecbnh m\u1ee9c l\u00e0 300.000VND s\u1ebd \u0111\u01b0\u1ee3c tr\u1ee3 gi\u00e1 giao h\u00e0ng to\u00e0n qu\u1ed1c l\u00e0 20.000VND. C\u00e1c \u0111\u01a1n h\u00e0ng tr\u1ecb gi\u00e1 tr\u00ean m\u1ee9c n\u00e0y s\u1ebd \u0111\u01b0\u1ee3c mi\u1ec5n ph\u00ed giao h\u00e0ng to\u00e0n qu\u1ed1c. H\u00e0ng h\u00f3a s\u1ebd giao \u0111\u1ebfn \u0111\u1ecba ch\u1ec9 c\u1ee7a qu\u00fd kh\u00e1ch Ch\u00ednh s\u00e1ch \u0111\u1ed5i tr\u1ea3 h\u00e0ng h\u00f3a [&hellip;]","og_url":"https:\/\/phucma.com.vn\/congnghiep\/cac-chinh-sach\/","og_site_name":"C\u00f4ng Ty TNHH Th\u01b0\u01a1ng M\u1ea1i PH\u00daC M\u00c3","article_publisher":"https:\/\/www.facebook.com\/artline.vn","article_modified_time":"2025-04-01T01:19:19+00:00","og_image":[{"width":1450,"height":1070,"url":"https:\/\/phucma.com.vn\/congnghiep\/wp-content\/uploads\/2025\/03\/main_01_pc.webp","type":"image\/webp"}],"twitter_card":"summary_large_image","twitter_misc":{"\u01af\u1edbc t\u00ednh th\u1eddi gian \u0111\u1ecdc":"1 ph\u00fat"},"schema":{"@context":"https:\/\/schema.org","@graph":[{"@type":"WebPage","@id":"https:\/\/phucma.com.vn\/congnghiep\/cac-chinh-sach\/","url":"https:\/\/phucma.com.vn\/congnghiep\/cac-chinh-sach\/","name":"C\u00e1c ch\u00ednh s\u00e1ch - C\u00f4ng Ty TNHH Th\u01b0\u01a1ng M\u1ea1i PH\u00daC M\u00c3","isPartOf":{"@id":"https:\/\/phucma.com.vn\/congnghiep\/#website"},"datePublished":"2025-04-01T01:19:18+00:00","dateModified":"2025-04-01T01:19:19+00:00","breadcrumb":{"@id":"https:\/\/phucma.com.vn\/congnghiep\/cac-chinh-sach\/#breadcrumb"},"inLanguage":"vi","potentialAction":[{"@type":"ReadAction","target":["https:\/\/phucma.com.vn\/congnghiep\/cac-chinh-sach\/"]}]},{"@type":"BreadcrumbList","@id":"https:\/\/phucma.com.vn\/congnghiep\/cac-chinh-sach\/#breadcrumb","itemListElement":[{"@type":"ListItem","position":1,"name":"Home","item":"https:\/\/phucma.com.vn\/congnghiep\/"},{"@type":"ListItem","position":2,"name":"C\u00e1c ch\u00ednh s\u00e1ch"}]},{"@type":"WebSite","@id":"https:\/\/phucma.com.vn\/congnghiep\/#website","url":"https:\/\/phucma.com.vn\/congnghiep\/","name":"C\u00f4ng ty Ph\u00fac M\u00e3","description":"S\u1ea3n ph\u1ea9m c\u00f4ng nghi\u1ec7p d\u00e0nh cho nh\u00e0 m\u00e1y","publisher":{"@id":"https:\/\/phucma.com.vn\/congnghiep\/#organization"},"alternateName":"CTy Ph\u00fac M\u00e3","potentialAction":[{"@type":"SearchAction","target":{"@type":"EntryPoint","urlTemplate":"https:\/\/phucma.com.vn\/congnghiep\/?s={search_term_string}"},"query-input":{"@type":"PropertyValueSpecification","valueRequired":true,"valueName":"search_term_string"}}],"inLanguage":"vi"},{"@type":"Organization","@id":"https:\/\/phucma.com.vn\/congnghiep\/#organization","name":"CTY PH\u00daC M\u00c3","alternateName":"C\u00f4ng ty TNHH TM Ph\u00fac M\u00e3","url":"https:\/\/phucma.com.vn\/congnghiep\/","logo":{"@type":"ImageObject","inLanguage":"vi","@id":"https:\/\/phucma.com.vn\/congnghiep\/#\/schema\/logo\/image\/","url":"https:\/\/phucma.com.vn\/congnghiep\/wp-content\/uploads\/2025\/01\/cropped-cropped-logo-cty-phuc-ma-11.png","contentUrl":"https:\/\/phucma.com.vn\/congnghiep\/wp-content\/uploads\/2025\/01\/cropped-cropped-logo-cty-phuc-ma-11.png","width":256,"height":191,"caption":"CTY PH\u00daC M\u00c3"},"image":{"@id":"https:\/\/phucma.com.vn\/congnghiep\/#\/schema\/logo\/image\/"},"sameAs":["https:\/\/www.facebook.com\/artline.vn"],"description":"CTY PHUC MA - 20 n\u0103m chuy\u00ean cung c\u1ea5p c\u00e1c s\u1ea3n ph\u1ea9m b\u00fat, m\u1ef1c, d\u1ea5u c\u00f4ng nghi\u1ec7p cho h\u01a1n 1000 nh\u00e0 m\u00e1y kh\u1eafp c\u00e1c khu c\u00f4ng nghi\u1ec7p tr\u00ean c\u1ea3 n\u01b0\u1edbc","email":"info@phucma.com.vn","telephone":"02835140805","legalName":"C\u00f4ng ty TNHH Th\u01b0\u01a1ng M\u1ea1i Ph\u00fac M\u00e3","vatID":"0303490755","numberOfEmployees":{"@type":"QuantitativeValue","minValue":"51","maxValue":"200"}}]}},"_links":{"self":[{"href":"https:\/\/phucma.com.vn\/congnghiep\/wp-json\/wp\/v2\/pages\/72168","targetHints":{"allow":["GET"]}}],"collection":[{"href":"https:\/\/phucma.com.vn\/congnghiep\/wp-json\/wp\/v2\/pages"}],"about":[{"href":"https:\/\/phucma.com.vn\/congnghiep\/wp-json\/wp\/v2\/types\/page"}],"author":[{"embeddable":true,"href":"https:\/\/phucma.com.vn\/congnghiep\/wp-json\/wp\/v2\/users\/52"}],"replies":[{"embeddable":true,"href":"https:\/\/phucma.com.vn\/congnghiep\/wp-json\/wp\/v2\/comments?post=72168"}],"version-history":[{"count":1,"href":"https:\/\/phucma.com.vn\/congnghiep\/wp-json\/wp\/v2\/pages\/72168\/revisions"}],"predecessor-version":[{"id":72169,"href":"https:\/\/phucma.com.vn\/congnghiep\/wp-json\/wp\/v2\/pages\/72168\/revisions\/72169"}],"wp:attachment":[{"href":"https:\/\/phucma.com.vn\/congnghiep\/wp-json\/wp\/v2\/media?parent=72168"}],"curies":[{"name":"wp","href":"https:\/\/api.w.org\/{rel}","templated":true}]}}