
{"id":71086,"date":"2025-03-24T10:14:39","date_gmt":"2025-03-24T03:14:39","guid":{"rendered":"https:\/\/phucma.com.vn\/congnghiep\/?page_id=71086"},"modified":"2025-06-14T07:54:02","modified_gmt":"2025-06-14T00:54:02","slug":"hoi-dap","status":"publish","type":"page","link":"https:\/\/phucma.com.vn\/congnghiep\/hoi-dap\/","title":{"rendered":"H\u1ecfi &#8211; \u0110\u00e1p"},"content":{"rendered":"<h4 class=\"aagb__accordion_title\" style=\"margin: 0;\">Th\u00f4ng tin li\u00ean h\u1ec7<\/h4>\n<p>M\u1ecdi th\u00f4ng tin ph\u1ea3n h\u1ed3i v\u1ec1 ch\u00ednh s\u00e1ch b\u1ea3o m\u1eadt th\u00f4ng tin, qu\u00fd kh\u00e1ch vui l\u00f2ng l\u00ean h\u1ec7 v\u1edbi ch\u00fang t\u00f4i theo th\u00f4ng tin: T\u00ean: Cty TNHH TM Ph\u00fac M\u00e3. \u0110\u1ecba ch\u1ec9: 220\/38 X\u00f4 Vi\u1ebft Ngh\u1ec7 T\u1ec9nh, P 19, Q B\u00ecnh Th\u1ea1nh, Tp HCM MSDN: 0303490755. S\u1ed1 \u0111i\u1ec7n tho\u1ea1i: 028.3514.0805. Email: info@phucma.com.vn<\/p>\n<h4 class=\"aagb__accordion_title\" style=\"margin: 0;\">Th\u1eddi gian l\u00e0m vi\u1ec7c<\/h4>\n<p>Th\u1eddi gian l\u00e0m vi\u1ec7c c\u1ee7a ch\u00fang t\u00f4i theo gi\u1edd h\u00e0nh ch\u00e1nh. Ngh\u1ec9 v\u00e0o ch\u1ee7 nh\u1eadt v\u00e0 c\u00e1c ng\u00e0y l\u1ec5 theo quy \u0111\u1ecbnh nh\u00e0 n\u01b0\u1edbc. Tuy nhi\u00ean, website v\u1eabn ho\u1ea1t \u0111\u1ed9ng xuy\u00ean su\u1ed1t. V\u00ec v\u1eady qu\u00fd kh\u00e1ch c\u00f3 th\u1ec3 \u0111\u1eb7t h\u00e0ng b\u1ea5t c\u1ee9 l\u00fac n\u00e0o<\/p>\n<h4 class=\"aagb__accordion_title\" style=\"margin: 0;\">Th\u1eddi gian v\u00e0 chi ph\u00ed giao h\u00e0ng<\/h4>\n<p>\u0110\u1ed1i v\u1edbi qu\u00fd kh\u00e1ch l\u00e0 kh\u00e1ch h\u00e0ng nh\u00e0 m\u00e1y, ch\u00fang t\u00f4i h\u1ed7 tr\u1ee3 giao h\u00e0ng mi\u1ec5n ph\u00ed \u0111\u1ebfn kho qu\u00fd kh\u00e1ch v\u00e0o gi\u1edd h\u00e0nh ch\u00e1nh c\u00e1c ng\u00e0y trong tu\u1ea7n.<br \/>T\u00f9y v\u00e0o m\u1eb7t h\u00e0ng v\u00e0 th\u1eddi \u0111i\u1ec3m \u0111\u1eb7t h\u00e0ng c\u1ee7a qu\u00fd kh\u00e1ch, n\u1ebfu kh\u00f4ng c\u00f3 g\u00ec \u0111\u1eb7c bi\u1ec7t (h\u00e0ng kh\u00f4ng c\u00f3 s\u1eb5n) th\u00ec ch\u00fang t\u00f4i s\u1ebd giao trong 2-3 ng\u00e0y<\/p>\n<h4 class=\"aagb__accordion_title\" style=\"margin: 0;\">Chi\u1ebft kh\u1ea5u, khuy\u1ebfn m\u00e3i<\/h4>\n<p>T\u1ea1i m\u1ed9t s\u1ed1 th\u1eddi \u0111i\u1ec3m nh\u1ea5t \u0111\u1ecbnh ch\u00fang t\u00f4i c\u00f3 c\u00e1c ch\u01b0\u01a1ng tr\u00ecnh khuy\u1ebfn m\u00e3i chi\u1ebft kh\u1ea5u, gi\u1ea3m gi\u00e1. C\u00e1c th\u00f4ng tin KM n\u00e0y s\u1ebd \u0111\u01b0\u1ee3c t\u1ef1 \u0111\u1ed9ng th\u00eam v\u00e0o gi\u1ecf h\u00e0ng c\u1ee7a qu\u00fd kh\u00e1ch<\/p>\n<h4 class=\"aagb__accordion_title\" style=\"margin: 0;\">H\u00f3a \u0111\u01a1n VAT<\/h4>\n<p>T\u1ea5t c\u1ea3 c\u00e1c s\u1ea3n ph\u1ea9m c\u1ee7a ch\u00fang t\u00f4i cung c\u1ea5p \u0111\u1ec1u c\u00f3 h\u00f3a \u0111\u01a1n VAT. Ch\u00fang t\u00f4i s\u1ebd g\u1eedi h\u00f3a \u0111\u01a1n cho qu\u00fd kh\u00e1ch theo h\u1ee3p \u0111\u1ed3ng ho\u1eb7c y\u00eau c\u1ea7u ri\u00eang c\u1ee7a qu\u00fd kh\u00e1ch<\/p>\n<h4 class=\"aagb__accordion_title\" style=\"margin: 0;\">Gi\u1ea5y t\u1edd v\u1ec1 m\u00f4i tr\u01b0\u1eddng MSDS, Rohs, ChemSHERPA, Japia, IMDS&#8230;<\/h4>\n<p>T\u1ea5t c\u1ea3 c\u00e1c s\u1ea3n ph\u1ea9m c\u1ee7a ch\u00fang t\u00f4i lu\u00f4n c\u00f3 \u0111\u1ea7y \u0111\u1ee7 c\u00e1c gi\u1ea5y t\u1edd li\u00ean quan \u0111\u1ebfn m\u00f4i tr\u01b0\u1eddng nh\u01b0 MDSD, Rohs, ChemSHERPA, Japia v\u00e0 h\u1ed7 tr\u1ee3 k\u00ea khai tr\u00ean h\u1ec7 th\u1ed1ng IMDS cho qu\u00fd kh\u00e1ch s\u1ea3n xu\u1ea5t s\u1ea3n ph\u1ea9m li\u00ean quan \u0111\u1ebfn ng\u00e0nh \u00d4 t\u00f4<\/p>\n<h4 class=\"aagb__accordion_title\" style=\"margin: 0;\">\u0110\u1ed5i tr\u1ea3 h\u00e0ng h\u00f3a.<\/h4>\n<p>Nh\u1eefng s\u1ea3n ph\u1ea9m ch\u00fang t\u00f4i cung c\u1ea5p b\u1ecb l\u1ed7i v\u1ec1 k\u1ef9 thu\u1eadt, l\u1ed7i s\u1ea3n xu\u1ea5t ch\u00fang t\u00f4i s\u1ebd ti\u1ebfn h\u00e0nh \u0111\u1ed5i ho\u1eb7c ho\u00e0n tr\u1ea3 h\u00e0ng<\/p>\n<h4 class=\"aagb__accordion_title\" style=\"margin: 0;\">D\u1ef1 tr\u1eef kho v\u00e0 cung \u1ee9ng<\/h4>\n<p>\u0110\u1eb7c th\u00f9 trong nh\u00e0 m\u00e1y l\u00e0 c\u1ea7n h\u00e0ng cung \u1ee9ng k\u1ecbp th\u1eddi tr\u00e1nh gi\u00e1n \u0111o\u1ea1n trong qu\u00e1 tr\u00ecnh s\u1ea3n xu\u1ea5t v\u00ec v\u1eady mong qu\u00fd kh\u00e1ch h\u00e3y l\u00ean d\u1ef1 ki\u1ebfn s\u1eed d\u1ee5ng h\u00e0ng. Ch\u00fang t\u00f4i s\u1ebd tr\u1eef s\u1eb5n h\u00e0ng h\u00f3a trong kho v\u00e0 v\u1eadn chuy\u1ec3n \u0111\u1ebfn qu\u00fd kh\u00e1ch theo chu k\u1ef3<\/p>\n<p>&nbsp;<\/p>\n","protected":false},"excerpt":{"rendered":"<p>Th\u00f4ng tin li\u00ean h\u1ec7 M\u1ecdi th\u00f4ng tin ph\u1ea3n h\u1ed3i v\u1ec1 ch\u00ednh s\u00e1ch b\u1ea3o m\u1eadt th\u00f4ng tin, qu\u00fd kh\u00e1ch vui l\u00f2ng l\u00ean h\u1ec7 v\u1edbi ch\u00fang t\u00f4i theo th\u00f4ng tin: T\u00ean: Cty TNHH TM Ph\u00fac M\u00e3. \u0110\u1ecba ch\u1ec9: 220\/38 X\u00f4 Vi\u1ebft Ngh\u1ec7 T\u1ec9nh, P 19, Q B\u00ecnh Th\u1ea1nh, Tp HCM MSDN: 0303490755. S\u1ed1 \u0111i\u1ec7n tho\u1ea1i: 028.3514.0805. Email: [&hellip;]<\/p>\n","protected":false},"author":1,"featured_media":0,"parent":0,"menu_order":0,"comment_status":"closed","ping_status":"closed","template":"","meta":{"_acf_changed":false,"footnotes":""},"class_list":["post-71086","page","type-page","status-publish","hentry"],"acf":[],"yoast_head":"<!-- This site is optimized with the Yoast SEO Premium plugin v24.4 (Yoast SEO v26.4) - https:\/\/yoast.com\/wordpress\/plugins\/seo\/ -->\n<title>H\u1ecfi - \u0110\u00e1p - C\u00f4ng Ty TNHH Th\u01b0\u01a1ng M\u1ea1i PH\u00daC M\u00c3<\/title>\n<meta name=\"robots\" content=\"index, follow, max-snippet:-1, max-image-preview:large, max-video-preview:-1\" \/>\n<link rel=\"canonical\" href=\"https:\/\/phucma.com.vn\/congnghiep\/hoi-dap\/\" \/>\n<meta property=\"og:locale\" content=\"vi_VN\" \/>\n<meta property=\"og:type\" content=\"article\" \/>\n<meta property=\"og:title\" content=\"H\u1ecfi - \u0110\u00e1p\" \/>\n<meta property=\"og:description\" content=\"Th\u00f4ng tin li\u00ean h\u1ec7 M\u1ecdi th\u00f4ng tin ph\u1ea3n h\u1ed3i v\u1ec1 ch\u00ednh s\u00e1ch b\u1ea3o m\u1eadt th\u00f4ng tin, qu\u00fd kh\u00e1ch vui l\u00f2ng l\u00ean h\u1ec7 v\u1edbi ch\u00fang t\u00f4i theo th\u00f4ng tin: T\u00ean: Cty TNHH TM Ph\u00fac M\u00e3. \u0110\u1ecba ch\u1ec9: 220\/38 X\u00f4 Vi\u1ebft Ngh\u1ec7 T\u1ec9nh, P 19, Q B\u00ecnh Th\u1ea1nh, Tp HCM MSDN: 0303490755. S\u1ed1 \u0111i\u1ec7n tho\u1ea1i: 028.3514.0805. Email: [&hellip;]\" \/>\n<meta property=\"og:url\" content=\"https:\/\/phucma.com.vn\/congnghiep\/hoi-dap\/\" \/>\n<meta property=\"og:site_name\" content=\"C\u00f4ng Ty TNHH Th\u01b0\u01a1ng M\u1ea1i PH\u00daC M\u00c3\" \/>\n<meta property=\"article:publisher\" content=\"https:\/\/www.facebook.com\/artline.vn\" \/>\n<meta property=\"article:modified_time\" content=\"2025-06-14T00:54:02+00:00\" \/>\n<meta property=\"og:image\" content=\"https:\/\/phucma.com.vn\/congnghiep\/wp-content\/uploads\/2025\/03\/main_01_pc.webp\" \/>\n\t<meta property=\"og:image:width\" content=\"1450\" \/>\n\t<meta property=\"og:image:height\" content=\"1070\" \/>\n\t<meta property=\"og:image:type\" content=\"image\/webp\" \/>\n<meta name=\"twitter:card\" content=\"summary_large_image\" \/>\n<meta name=\"twitter:label1\" content=\"\u01af\u1edbc t\u00ednh th\u1eddi gian \u0111\u1ecdc\" \/>\n\t<meta name=\"twitter:data1\" content=\"3 ph\u00fat\" \/>\n<script type=\"application\/ld+json\" class=\"yoast-schema-graph\">{\"@context\":\"https:\/\/schema.org\",\"@graph\":[{\"@type\":\"WebPage\",\"@id\":\"https:\/\/phucma.com.vn\/congnghiep\/hoi-dap\/\",\"url\":\"https:\/\/phucma.com.vn\/congnghiep\/hoi-dap\/\",\"name\":\"H\u1ecfi - \u0110\u00e1p - C\u00f4ng Ty TNHH Th\u01b0\u01a1ng M\u1ea1i PH\u00daC M\u00c3\",\"isPartOf\":{\"@id\":\"https:\/\/phucma.com.vn\/congnghiep\/#website\"},\"datePublished\":\"2025-03-24T03:14:39+00:00\",\"dateModified\":\"2025-06-14T00:54:02+00:00\",\"breadcrumb\":{\"@id\":\"https:\/\/phucma.com.vn\/congnghiep\/hoi-dap\/#breadcrumb\"},\"inLanguage\":\"vi\",\"potentialAction\":[{\"@type\":\"ReadAction\",\"target\":[\"https:\/\/phucma.com.vn\/congnghiep\/hoi-dap\/\"]}]},{\"@type\":\"BreadcrumbList\",\"@id\":\"https:\/\/phucma.com.vn\/congnghiep\/hoi-dap\/#breadcrumb\",\"itemListElement\":[{\"@type\":\"ListItem\",\"position\":1,\"name\":\"Home\",\"item\":\"https:\/\/phucma.com.vn\/congnghiep\/\"},{\"@type\":\"ListItem\",\"position\":2,\"name\":\"H\u1ecfi &#8211; \u0110\u00e1p\"}]},{\"@type\":\"WebSite\",\"@id\":\"https:\/\/phucma.com.vn\/congnghiep\/#website\",\"url\":\"https:\/\/phucma.com.vn\/congnghiep\/\",\"name\":\"C\u00f4ng ty Ph\u00fac M\u00e3\",\"description\":\"S\u1ea3n ph\u1ea9m c\u00f4ng nghi\u1ec7p d\u00e0nh cho nh\u00e0 m\u00e1y\",\"publisher\":{\"@id\":\"https:\/\/phucma.com.vn\/congnghiep\/#organization\"},\"alternateName\":\"CTy Ph\u00fac M\u00e3\",\"potentialAction\":[{\"@type\":\"SearchAction\",\"target\":{\"@type\":\"EntryPoint\",\"urlTemplate\":\"https:\/\/phucma.com.vn\/congnghiep\/?s={search_term_string}\"},\"query-input\":{\"@type\":\"PropertyValueSpecification\",\"valueRequired\":true,\"valueName\":\"search_term_string\"}}],\"inLanguage\":\"vi\"},{\"@type\":\"Organization\",\"@id\":\"https:\/\/phucma.com.vn\/congnghiep\/#organization\",\"name\":\"CTY PH\u00daC M\u00c3\",\"alternateName\":\"C\u00f4ng ty TNHH TM Ph\u00fac M\u00e3\",\"url\":\"https:\/\/phucma.com.vn\/congnghiep\/\",\"logo\":{\"@type\":\"ImageObject\",\"inLanguage\":\"vi\",\"@id\":\"https:\/\/phucma.com.vn\/congnghiep\/#\/schema\/logo\/image\/\",\"url\":\"https:\/\/phucma.com.vn\/congnghiep\/wp-content\/uploads\/2025\/01\/cropped-cropped-logo-cty-phuc-ma-11.png\",\"contentUrl\":\"https:\/\/phucma.com.vn\/congnghiep\/wp-content\/uploads\/2025\/01\/cropped-cropped-logo-cty-phuc-ma-11.png\",\"width\":256,\"height\":191,\"caption\":\"CTY PH\u00daC M\u00c3\"},\"image\":{\"@id\":\"https:\/\/phucma.com.vn\/congnghiep\/#\/schema\/logo\/image\/\"},\"sameAs\":[\"https:\/\/www.facebook.com\/artline.vn\"],\"description\":\"CTY PHUC MA - 20 n\u0103m chuy\u00ean cung c\u1ea5p c\u00e1c s\u1ea3n ph\u1ea9m b\u00fat, m\u1ef1c, d\u1ea5u c\u00f4ng nghi\u1ec7p cho h\u01a1n 1000 nh\u00e0 m\u00e1y kh\u1eafp c\u00e1c khu c\u00f4ng nghi\u1ec7p tr\u00ean c\u1ea3 n\u01b0\u1edbc\",\"email\":\"info@phucma.com.vn\",\"telephone\":\"02835140805\",\"legalName\":\"C\u00f4ng ty TNHH Th\u01b0\u01a1ng M\u1ea1i Ph\u00fac M\u00e3\",\"vatID\":\"0303490755\",\"numberOfEmployees\":{\"@type\":\"QuantitativeValue\",\"minValue\":\"51\",\"maxValue\":\"200\"}}]}<\/script>\n<!-- \/ Yoast SEO Premium plugin. -->","yoast_head_json":{"title":"H\u1ecfi - \u0110\u00e1p - C\u00f4ng Ty TNHH Th\u01b0\u01a1ng M\u1ea1i PH\u00daC M\u00c3","robots":{"index":"index","follow":"follow","max-snippet":"max-snippet:-1","max-image-preview":"max-image-preview:large","max-video-preview":"max-video-preview:-1"},"canonical":"https:\/\/phucma.com.vn\/congnghiep\/hoi-dap\/","og_locale":"vi_VN","og_type":"article","og_title":"H\u1ecfi - \u0110\u00e1p","og_description":"Th\u00f4ng tin li\u00ean h\u1ec7 M\u1ecdi th\u00f4ng tin ph\u1ea3n h\u1ed3i v\u1ec1 ch\u00ednh s\u00e1ch b\u1ea3o m\u1eadt th\u00f4ng tin, qu\u00fd kh\u00e1ch vui l\u00f2ng l\u00ean h\u1ec7 v\u1edbi ch\u00fang t\u00f4i theo th\u00f4ng tin: T\u00ean: Cty TNHH TM Ph\u00fac M\u00e3. \u0110\u1ecba ch\u1ec9: 220\/38 X\u00f4 Vi\u1ebft Ngh\u1ec7 T\u1ec9nh, P 19, Q B\u00ecnh Th\u1ea1nh, Tp HCM MSDN: 0303490755. S\u1ed1 \u0111i\u1ec7n tho\u1ea1i: 028.3514.0805. Email: [&hellip;]","og_url":"https:\/\/phucma.com.vn\/congnghiep\/hoi-dap\/","og_site_name":"C\u00f4ng Ty TNHH Th\u01b0\u01a1ng M\u1ea1i PH\u00daC M\u00c3","article_publisher":"https:\/\/www.facebook.com\/artline.vn","article_modified_time":"2025-06-14T00:54:02+00:00","og_image":[{"width":1450,"height":1070,"url":"https:\/\/phucma.com.vn\/congnghiep\/wp-content\/uploads\/2025\/03\/main_01_pc.webp","type":"image\/webp"}],"twitter_card":"summary_large_image","twitter_misc":{"\u01af\u1edbc t\u00ednh th\u1eddi gian \u0111\u1ecdc":"3 ph\u00fat"},"schema":{"@context":"https:\/\/schema.org","@graph":[{"@type":"WebPage","@id":"https:\/\/phucma.com.vn\/congnghiep\/hoi-dap\/","url":"https:\/\/phucma.com.vn\/congnghiep\/hoi-dap\/","name":"H\u1ecfi - \u0110\u00e1p - C\u00f4ng Ty TNHH Th\u01b0\u01a1ng M\u1ea1i PH\u00daC M\u00c3","isPartOf":{"@id":"https:\/\/phucma.com.vn\/congnghiep\/#website"},"datePublished":"2025-03-24T03:14:39+00:00","dateModified":"2025-06-14T00:54:02+00:00","breadcrumb":{"@id":"https:\/\/phucma.com.vn\/congnghiep\/hoi-dap\/#breadcrumb"},"inLanguage":"vi","potentialAction":[{"@type":"ReadAction","target":["https:\/\/phucma.com.vn\/congnghiep\/hoi-dap\/"]}]},{"@type":"BreadcrumbList","@id":"https:\/\/phucma.com.vn\/congnghiep\/hoi-dap\/#breadcrumb","itemListElement":[{"@type":"ListItem","position":1,"name":"Home","item":"https:\/\/phucma.com.vn\/congnghiep\/"},{"@type":"ListItem","position":2,"name":"H\u1ecfi &#8211; \u0110\u00e1p"}]},{"@type":"WebSite","@id":"https:\/\/phucma.com.vn\/congnghiep\/#website","url":"https:\/\/phucma.com.vn\/congnghiep\/","name":"C\u00f4ng ty Ph\u00fac M\u00e3","description":"S\u1ea3n ph\u1ea9m c\u00f4ng nghi\u1ec7p d\u00e0nh cho nh\u00e0 m\u00e1y","publisher":{"@id":"https:\/\/phucma.com.vn\/congnghiep\/#organization"},"alternateName":"CTy Ph\u00fac M\u00e3","potentialAction":[{"@type":"SearchAction","target":{"@type":"EntryPoint","urlTemplate":"https:\/\/phucma.com.vn\/congnghiep\/?s={search_term_string}"},"query-input":{"@type":"PropertyValueSpecification","valueRequired":true,"valueName":"search_term_string"}}],"inLanguage":"vi"},{"@type":"Organization","@id":"https:\/\/phucma.com.vn\/congnghiep\/#organization","name":"CTY PH\u00daC M\u00c3","alternateName":"C\u00f4ng ty TNHH TM Ph\u00fac M\u00e3","url":"https:\/\/phucma.com.vn\/congnghiep\/","logo":{"@type":"ImageObject","inLanguage":"vi","@id":"https:\/\/phucma.com.vn\/congnghiep\/#\/schema\/logo\/image\/","url":"https:\/\/phucma.com.vn\/congnghiep\/wp-content\/uploads\/2025\/01\/cropped-cropped-logo-cty-phuc-ma-11.png","contentUrl":"https:\/\/phucma.com.vn\/congnghiep\/wp-content\/uploads\/2025\/01\/cropped-cropped-logo-cty-phuc-ma-11.png","width":256,"height":191,"caption":"CTY PH\u00daC M\u00c3"},"image":{"@id":"https:\/\/phucma.com.vn\/congnghiep\/#\/schema\/logo\/image\/"},"sameAs":["https:\/\/www.facebook.com\/artline.vn"],"description":"CTY PHUC MA - 20 n\u0103m chuy\u00ean cung c\u1ea5p c\u00e1c s\u1ea3n ph\u1ea9m b\u00fat, m\u1ef1c, d\u1ea5u c\u00f4ng nghi\u1ec7p cho h\u01a1n 1000 nh\u00e0 m\u00e1y kh\u1eafp c\u00e1c khu c\u00f4ng nghi\u1ec7p tr\u00ean c\u1ea3 n\u01b0\u1edbc","email":"info@phucma.com.vn","telephone":"02835140805","legalName":"C\u00f4ng ty TNHH Th\u01b0\u01a1ng M\u1ea1i Ph\u00fac M\u00e3","vatID":"0303490755","numberOfEmployees":{"@type":"QuantitativeValue","minValue":"51","maxValue":"200"}}]}},"_links":{"self":[{"href":"https:\/\/phucma.com.vn\/congnghiep\/wp-json\/wp\/v2\/pages\/71086","targetHints":{"allow":["GET"]}}],"collection":[{"href":"https:\/\/phucma.com.vn\/congnghiep\/wp-json\/wp\/v2\/pages"}],"about":[{"href":"https:\/\/phucma.com.vn\/congnghiep\/wp-json\/wp\/v2\/types\/page"}],"author":[{"embeddable":true,"href":"https:\/\/phucma.com.vn\/congnghiep\/wp-json\/wp\/v2\/users\/1"}],"replies":[{"embeddable":true,"href":"https:\/\/phucma.com.vn\/congnghiep\/wp-json\/wp\/v2\/comments?post=71086"}],"version-history":[{"count":2,"href":"https:\/\/phucma.com.vn\/congnghiep\/wp-json\/wp\/v2\/pages\/71086\/revisions"}],"predecessor-version":[{"id":73215,"href":"https:\/\/phucma.com.vn\/congnghiep\/wp-json\/wp\/v2\/pages\/71086\/revisions\/73215"}],"wp:attachment":[{"href":"https:\/\/phucma.com.vn\/congnghiep\/wp-json\/wp\/v2\/media?parent=71086"}],"curies":[{"name":"wp","href":"https:\/\/api.w.org\/{rel}","templated":true}]}}